{"id":288811,"date":"2023-07-07T13:21:46","date_gmt":"2023-07-07T13:21:47","guid":{"rendered":"https:\/\/www.erresse-shop.it\/?post_type=product&#038;p=288811"},"modified":"2025-01-17T07:54:55","modified_gmt":"2025-01-17T07:54:55","slug":"kitchenaid-planetenmischer-classic-43-l-weis","status":"publish","type":"product","link":"https:\/\/www.erresse-shop.it\/de\/shop\/kleine-elektrogeraete\/knetmaschinen\/kitchenaid-planetenmischer-classic-43-l-weis\/","title":{"rendered":"KITCHENAID Planetenmischer Classic 4,3 L Wei\u00df"},"content":{"rendered":"<p><strong>Mini-Planetenmixer f\u00fcr k\u00f6stliche hausgemachte Gerichte<\/strong><\/p>\n<p>Hinter der 4,3-Liter-K\u00fcchenmaschine KitchenAid Classic stehen 100 Jahre Erfahrung. Er verf\u00fcgt \u00fcber dasselbe kultige, abgerundete Design, die Langlebigkeit und Vielseitigkeit, die KitchenAid zur NUMMER 1 unter den PLANETENMARKEN DER WELT gemacht haben. Ob Sie nun Kekse, Kartoffelp\u00fcree, Hackbraten oder Brot zubereiten, sie wird Sie nie im Stich lassen.<\/p>\n<p>Sie ist vielseitig und langlebig und kann kleine und gro\u00dfe Mengen verarbeiten: bis zu 1,7 kg Teig und Brot oder bis zu 12 geschlagene Eiwei\u00dfe in einem Arbeitsgang. Schlagen, r\u00fchren, mixen, hacken, kneten oder p\u00fcrieren: Die 4,3-Liter-KitchenAid kann all das und noch mehr.<\/p>\n<p><strong>Planetenbewegung und Pr\u00e4zisionsgeschwindigkeit<\/strong><\/p>\n<p>Der KitchenAid-Planetenmixer war die erste K\u00fcchenmaschine mit &#8220;Planetenbewegung&#8221;. Was bedeutet das? Das bedeutet, dass sich die Quirlwelle in eine Richtung und die Aufs\u00e4tze in die andere Richtung drehen und dabei mindestens 69 Kontaktpunkte in der Sch\u00fcssel erreichen. Die hohe Anzahl an Ber\u00fchrungspunkten bedeutet, dass die \u00fcberlappende Bewegung der Schneebesenwelle die Zutaten in die Mitte dr\u00fcckt, ohne Zutaten auszulassen.<\/p>\n<p>Dieser KitchenAid-Planetenmixer verf\u00fcgt \u00fcber 10 Geschwindigkeitsstufen, um Ihnen die Pr\u00e4zision zu bieten, die Sie f\u00fcr die jeweilige Aufgabe ben\u00f6tigen. Bewegen Sie einfach den Geschwindigkeitsregler und lassen Sie den Planetenr\u00fchrer alles erledigen. Egal, ob Sie Pfannkuchenteig mixen, Brot kneten, Sahne schlagen oder H\u00e4hnchen zerkleinern. W\u00e4hlen Sie die Stufe 1 zum sanften Mixen, die Stufen bis 6 zum Schlagen und Mixen und die Stufe 10 zum schnellen Aufschlagen.<\/p>\n<p><strong>Genie\u00dfen Sie die leichteren Seiten des Lebens<\/strong><\/p>\n<p>Dank des schwenkbaren Kopfes l\u00e4sst sich dieser Planetenmixer noch leichter einrichten. Rasten Sie einfach die Sch\u00fcssel ein, setzen Sie den Schneebesen Ihrer Wahl ein und senken Sie den Kopf ab. Dann schieben Sie den Geschwindigkeitshebel zum Starten.<br \/>\nAuch die Reinigung ist einfach. Wenn Sie fertig sind, k\u00f6nnen Sie die Sch\u00fcssel, den flachen Schneebesen und den Knethaken in den Geschirrsp\u00fcler stellen und den Schneebesen mit warmem Seifenwasser waschen. Nichts k\u00f6nnte einfacher sein.<\/p>\n<p>Der Direktantriebsmotor im Kopf der K\u00fcchenmaschine liefert die n\u00f6tige Kraft direkt an das angeschlossene Zubeh\u00f6r. Die K\u00fcchenmaschine ist effizient, zuverl\u00e4ssig und langlebig.<\/p>\n<p><strong>Technische Daten:<\/strong><\/p>\n<ul>\n<li>Spannung: 220-240 V<\/li>\n<li>Leistung: 275 W<\/li>\n<li>Frequenz: 50\/60 Hz<\/li>\n<li>Kabell\u00e4nge: 120 cm<\/li>\n<\/ul>\n<p>Ausf\u00fchrung mit verstellbarem Kopf<br \/>\nPlanetengetriebe und 10 Geschwindigkeiten<br \/>\n3 Mischzubeh\u00f6rteile<br \/>\nRobustes Geh\u00e4use aus Metalldruckguss<br \/>\n5 Jahre Garantie<\/p>\n","protected":false},"excerpt":{"rendered":"<p>Mini-Planetenmixer f\u00fcr k\u00f6stliche hausgemachte Gerichte Hinter der 4,3-Liter-K\u00fcchenmaschine KitchenAid Classic stehen 100 Jahre Erfahrung. Er verf\u00fcgt \u00fcber dasselbe kultige, abgerundete<\/p>\n","protected":false},"featured_media":288850,"template":"","meta":{"_acf_changed":false,"inline_featured_image":false},"product_cat":[6703,14475],"product_tag":[17933,12327,12328,15614,21163,12358,23262,14837,13008],"acf":[],"yoast_head":"<!-- This site is optimized with the Yoast SEO Premium plugin v18.6 (Yoast SEO v19.13) - https:\/\/yoast.com\/wordpress\/plugins\/seo\/ -->\n<title>KITCHENAID Planetenmischer Classic 4,3 L Wei\u00df<\/title>\n<meta name=\"description\" content=\"Entdecken Sie KITCHENAID Planetenmischer Classic 4,3 L Wei\u00df bei ErresseShop. Qualit\u00e4t, Stil und Funktionalit\u00e4t \u2013 jetzt online bestellen!\" \/>\n<meta name=\"robots\" content=\"index, follow, max-snippet:-1, max-image-preview:large, max-video-preview:-1\" \/>\n<link rel=\"canonical\" href=\"https:\/\/www.erresse-shop.it\/de\/shop\/kleine-elektrogeraete\/knetmaschinen\/kitchenaid-planetenmischer-classic-43-l-weis\/\" \/>\n<meta property=\"og:locale\" content=\"de_DE\" \/>\n<meta property=\"og:type\" content=\"article\" \/>\n<meta property=\"og:title\" content=\"KITCHENAID Planetenmischer Classic 4,3 L Wei\u00df\" \/>\n<meta property=\"og:description\" content=\"Entdecken Sie KITCHENAID Planetenmischer Classic 4,3 L Wei\u00df bei ErresseShop. Qualit\u00e4t, Stil und Funktionalit\u00e4t \u2013 jetzt online bestellen!\" \/>\n<meta property=\"og:url\" content=\"https:\/\/www.erresse-shop.it\/de\/shop\/kleine-elektrogeraete\/knetmaschinen\/kitchenaid-planetenmischer-classic-43-l-weis\/\" \/>\n<meta property=\"og:site_name\" content=\"Erresse Shop\" \/>\n<meta property=\"article:modified_time\" content=\"2025-01-17T07:54:55+00:00\" \/>\n<meta property=\"og:image\" content=\"https:\/\/www.erresse-shop.it\/wp-content\/uploads\/2023\/07\/KITCHENAID-Planetaria-Classic-43-L-Bianco.jpg\" \/>\n\t<meta property=\"og:image:width\" content=\"800\" \/>\n\t<meta property=\"og:image:height\" content=\"800\" \/>\n\t<meta property=\"og:image:type\" content=\"image\/jpeg\" \/>\n<meta name=\"twitter:card\" content=\"summary_large_image\" \/>\n<script type=\"application\/ld+json\" class=\"yoast-schema-graph\">{\"@context\":\"https:\/\/schema.org\",\"@graph\":[{\"@type\":\"WebPage\",\"@id\":\"https:\/\/www.erresse-shop.it\/de\/shop\/kleine-elektrogeraete\/knetmaschinen\/kitchenaid-planetenmischer-classic-43-l-weis\/\",\"url\":\"https:\/\/www.erresse-shop.it\/de\/shop\/kleine-elektrogeraete\/knetmaschinen\/kitchenaid-planetenmischer-classic-43-l-weis\/\",\"name\":\"KITCHENAID Planetenmischer Classic 4,3 L Wei\u00df\",\"isPartOf\":{\"@id\":\"https:\/\/www.erresse-shop.it\/de\/#website\"},\"datePublished\":\"2023-07-07T13:21:47+00:00\",\"dateModified\":\"2025-01-17T07:54:55+00:00\",\"description\":\"Entdecken Sie KITCHENAID Planetenmischer Classic 4,3 L Wei\u00df bei ErresseShop. Qualit\u00e4t, Stil und Funktionalit\u00e4t \u2013 jetzt online bestellen!\",\"breadcrumb\":{\"@id\":\"https:\/\/www.erresse-shop.it\/de\/shop\/kleine-elektrogeraete\/knetmaschinen\/kitchenaid-planetenmischer-classic-43-l-weis\/#breadcrumb\"},\"inLanguage\":\"de-DE\",\"potentialAction\":[{\"@type\":\"ReadAction\",\"target\":[\"https:\/\/www.erresse-shop.it\/de\/shop\/kleine-elektrogeraete\/knetmaschinen\/kitchenaid-planetenmischer-classic-43-l-weis\/\"]}]},{\"@type\":\"BreadcrumbList\",\"@id\":\"https:\/\/www.erresse-shop.it\/de\/shop\/kleine-elektrogeraete\/knetmaschinen\/kitchenaid-planetenmischer-classic-43-l-weis\/#breadcrumb\",\"itemListElement\":[{\"@type\":\"ListItem\",\"position\":1,\"name\":\"Home\",\"item\":\"https:\/\/www.erresse-shop.it\/de\/\"},{\"@type\":\"ListItem\",\"position\":2,\"name\":\"Shop\",\"item\":\"https:\/\/www.erresse-shop.it\/de\/shop\/\"},{\"@type\":\"ListItem\",\"position\":3,\"name\":\"KITCHENAID Planetenmischer Classic 4,3 L Wei\u00df\"}]},{\"@type\":\"WebSite\",\"@id\":\"https:\/\/www.erresse-shop.it\/de\/#website\",\"url\":\"https:\/\/www.erresse-shop.it\/de\/\",\"name\":\"Erresse Shop\",\"description\":\"Articoli di qualit\u00e0 per la casa\",\"potentialAction\":[{\"@type\":\"SearchAction\",\"target\":{\"@type\":\"EntryPoint\",\"urlTemplate\":\"https:\/\/www.erresse-shop.it\/de\/?s={search_term_string}\"},\"query-input\":\"required name=search_term_string\"}],\"inLanguage\":\"de-DE\"}]}<\/script>\n<!-- \/ Yoast SEO Premium plugin. -->","yoast_head_json":{"title":"KITCHENAID Planetenmischer Classic 4,3 L Wei\u00df","description":"Entdecken Sie KITCHENAID Planetenmischer Classic 4,3 L Wei\u00df bei ErresseShop. Qualit\u00e4t, Stil und Funktionalit\u00e4t \u2013 jetzt online bestellen!","robots":{"index":"index","follow":"follow","max-snippet":"max-snippet:-1","max-image-preview":"max-image-preview:large","max-video-preview":"max-video-preview:-1"},"canonical":"https:\/\/www.erresse-shop.it\/de\/shop\/kleine-elektrogeraete\/knetmaschinen\/kitchenaid-planetenmischer-classic-43-l-weis\/","og_locale":"de_DE","og_type":"article","og_title":"KITCHENAID Planetenmischer Classic 4,3 L Wei\u00df","og_description":"Entdecken Sie KITCHENAID Planetenmischer Classic 4,3 L Wei\u00df bei ErresseShop. Qualit\u00e4t, Stil und Funktionalit\u00e4t \u2013 jetzt online bestellen!","og_url":"https:\/\/www.erresse-shop.it\/de\/shop\/kleine-elektrogeraete\/knetmaschinen\/kitchenaid-planetenmischer-classic-43-l-weis\/","og_site_name":"Erresse Shop","article_modified_time":"2025-01-17T07:54:55+00:00","og_image":[{"width":800,"height":800,"url":"https:\/\/www.erresse-shop.it\/wp-content\/uploads\/2023\/07\/KITCHENAID-Planetaria-Classic-43-L-Bianco.jpg","type":"image\/jpeg"}],"twitter_card":"summary_large_image","schema":{"@context":"https:\/\/schema.org","@graph":[{"@type":"WebPage","@id":"https:\/\/www.erresse-shop.it\/de\/shop\/kleine-elektrogeraete\/knetmaschinen\/kitchenaid-planetenmischer-classic-43-l-weis\/","url":"https:\/\/www.erresse-shop.it\/de\/shop\/kleine-elektrogeraete\/knetmaschinen\/kitchenaid-planetenmischer-classic-43-l-weis\/","name":"KITCHENAID Planetenmischer Classic 4,3 L Wei\u00df","isPartOf":{"@id":"https:\/\/www.erresse-shop.it\/de\/#website"},"datePublished":"2023-07-07T13:21:47+00:00","dateModified":"2025-01-17T07:54:55+00:00","description":"Entdecken Sie KITCHENAID Planetenmischer Classic 4,3 L Wei\u00df bei ErresseShop. Qualit\u00e4t, Stil und Funktionalit\u00e4t \u2013 jetzt online bestellen!","breadcrumb":{"@id":"https:\/\/www.erresse-shop.it\/de\/shop\/kleine-elektrogeraete\/knetmaschinen\/kitchenaid-planetenmischer-classic-43-l-weis\/#breadcrumb"},"inLanguage":"de-DE","potentialAction":[{"@type":"ReadAction","target":["https:\/\/www.erresse-shop.it\/de\/shop\/kleine-elektrogeraete\/knetmaschinen\/kitchenaid-planetenmischer-classic-43-l-weis\/"]}]},{"@type":"BreadcrumbList","@id":"https:\/\/www.erresse-shop.it\/de\/shop\/kleine-elektrogeraete\/knetmaschinen\/kitchenaid-planetenmischer-classic-43-l-weis\/#breadcrumb","itemListElement":[{"@type":"ListItem","position":1,"name":"Home","item":"https:\/\/www.erresse-shop.it\/de\/"},{"@type":"ListItem","position":2,"name":"Shop","item":"https:\/\/www.erresse-shop.it\/de\/shop\/"},{"@type":"ListItem","position":3,"name":"KITCHENAID Planetenmischer Classic 4,3 L Wei\u00df"}]},{"@type":"WebSite","@id":"https:\/\/www.erresse-shop.it\/de\/#website","url":"https:\/\/www.erresse-shop.it\/de\/","name":"Erresse Shop","description":"Articoli di qualit\u00e0 per la casa","potentialAction":[{"@type":"SearchAction","target":{"@type":"EntryPoint","urlTemplate":"https:\/\/www.erresse-shop.it\/de\/?s={search_term_string}"},"query-input":"required name=search_term_string"}],"inLanguage":"de-DE"}]}},"df_price":359.25,"df_sale_price":359.25,"df_regular_price":479,"df_image_link":"https:\/\/www.erresse-shop.it\/wp-content\/uploads\/2023\/07\/KITCHENAID-Planetaria-Classic-43-L-Bianco-300x300.jpg","_links":{"self":[{"href":"https:\/\/www.erresse-shop.it\/de\/wp-json\/wp\/v2\/product\/288811"}],"collection":[{"href":"https:\/\/www.erresse-shop.it\/de\/wp-json\/wp\/v2\/product"}],"about":[{"href":"https:\/\/www.erresse-shop.it\/de\/wp-json\/wp\/v2\/types\/product"}],"wp:featuredmedia":[{"embeddable":true,"href":"https:\/\/www.erresse-shop.it\/de\/wp-json\/wp\/v2\/media\/288850"}],"wp:attachment":[{"href":"https:\/\/www.erresse-shop.it\/de\/wp-json\/wp\/v2\/media?parent=288811"}],"wp:term":[{"taxonomy":"product_cat","embeddable":true,"href":"https:\/\/www.erresse-shop.it\/de\/wp-json\/wp\/v2\/product_cat?post=288811"},{"taxonomy":"product_tag","embeddable":true,"href":"https:\/\/www.erresse-shop.it\/de\/wp-json\/wp\/v2\/product_tag?post=288811"}],"curies":[{"name":"wp","href":"https:\/\/api.w.org\/{rel}","templated":true}]}}