{"id":28826,"date":"2018-09-19T17:27:39","date_gmt":"2018-09-19T17:27:39","guid":{"rendered":"https:\/\/www.erresse-shop.it\/?post_type=product&#038;p=28826"},"modified":"2025-01-17T13:21:07","modified_gmt":"2025-01-17T13:21:07","slug":"smeg-espresso-kaffeemaschine-weiss","status":"publish","type":"product","link":"https:\/\/www.erresse-shop.it\/de\/shop\/kleine-elektrogeraete\/kaffeemaschinen-espresso\/handbuecher\/smeg-espresso-kaffeemaschine-weiss\/","title":{"rendered":"SMEG Espresso Kaffeemaschine Wei\u00df Serie 50 Jahre"},"content":{"rendered":"<p><strong>SMEG<\/strong> Serie 50 Jahre<\/p>\n<p>Ein symbolisches Treffen, Symbole, die den Raum, den sie einnehmen, die neue kleine Linie von 50 Jahren drehen, die in Zusammenarbeit mit Matthew Bazzicalupo und Raffaella Mangiarotti von deepdesign, die Vergangenheit evozieren und die Orte, an jedem Tag zu gestalten, auf eine neue Weise zu investieren, was bereits existiert oder existiert hat, wie es in der Kunst und Ged\u00e4chtnis geschieht.<br \/>\nProduziert von abgerundeten und kompakten Formen, sind die Protagonisten der K\u00fcche, f\u00fcr diejenigen, die eine Erfahrung Koch leben wollen aber nicht nur. F\u00fcr diejenigen, die sich mit Objekten mit einer starken \u00e4sthetischen Charakter zu umgeben, wie ohne den Blick f\u00fcr die qualitativ hochwertige Leistung zu verlieren.<\/p>\n<p><strong>\u00c4STHETIK<\/strong><br \/>\n50&#8217;s Retro Style<br \/>\nMetall-\/Kunststoffgeh\u00e4use<br \/>\n3D Smeg-Logo<br \/>\nSchmales Design<\/p>\n<p><strong>AUSSTATTUNG\/BEDIENUNG<\/strong><br \/>\nEdelstahl-Siebtr\u00e4ger mit Griffeinlage aus Kunststoff<br \/>\nBr\u00fcheinheit, Tassentr\u00e4ger und R\u00fcckwand aus Edelstahl<br \/>\nBodengruppe verchromt<br \/>\nMetall-Bedienhebel f\u00fcr Cappuccino-Dampffunktion<br \/>\nThermoblock-Heizsystem<br \/>\n15 bar Pumpendruck<br \/>\nAnti-Tropf-System<br \/>\nTastenfunktionen beleuchtet<br \/>\n3 Filtereins\u00e4tze: Espresseo einfach, doppelt, Kaffee-Pads<br \/>\nEntkalkungsanzeige<br \/>\n1 Portionierer\/Presser<br \/>\nRestwasserschale mit F\u00fcllstandsanzeige herausnehmbar<br \/>\nSeparater Tr\u00e4ger f\u00fcr Latte Macchiato-Gl\u00e4ser<br \/>\n1 Liter Wassertank r\u00fcckseitig, herausnehmbar<br \/>\n3 Bedientasten: Espresso einfach, Espresso doppelt, Dampffunktion<br \/>\nGrundeinstellungen: Kaffeemenge, Kaffeetemperaturen (3 Stufen), Wasserh\u00e4rte (3 Stufen), Abschaltautomatik (nach 9 Minuten, 30 Minuten oder 3 Stunden)<\/p>\n<p><strong>ALLGEMEINE DATEN<\/strong><br \/>\nAbmessungen HxBxT: 149 x 330 x 303 mm<br \/>\nNettogewicht: 5,0 kg<br \/>\nKabell\u00e4nge: 1,0 m<\/p>\n<p><strong>TECHNISCHE DATEN<\/strong><br \/>\nSpannung: 220-240 V 1N<br \/>\nFrequenz: 50 Hz<br \/>\nLeistungsaufnahme: 1.350 Watt<br \/>\nTyp Netzstecker: Schuko<\/p>\n<p><u style=\"font-size: 13px;line-height: 20.8px\"><strong>Not for sale outside from Europe<\/strong><\/u><\/p>\n","protected":false},"excerpt":{"rendered":"<p>SMEG Serie 50 Jahre Ein symbolisches Treffen, Symbole, die den Raum, den sie einnehmen, die neue kleine Linie von 50<\/p>\n","protected":false},"featured_media":489280,"template":"","meta":{"_acf_changed":false,"inline_featured_image":false},"product_cat":[6733,6703,25366],"product_tag":[23911,23564,13966,11718,23582,12357],"acf":[],"yoast_head":"<!-- This site is optimized with the Yoast SEO Premium plugin v18.6 (Yoast SEO v19.13) - https:\/\/yoast.com\/wordpress\/plugins\/seo\/ -->\n<title>SMEG Espresso Kaffeemaschine Wei\u00df Serie 50 Jahre<\/title>\n<meta name=\"description\" content=\"Entdecken Sie SMEG Espresso Kaffeemaschine Wei\u00df Serie 50 Jahre bei ErresseShop. Qualit\u00e4t, Stil und Funktionalit\u00e4t \u2013 jetzt online bestellen!\" \/>\n<meta name=\"robots\" content=\"index, follow, max-snippet:-1, max-image-preview:large, max-video-preview:-1\" \/>\n<link rel=\"canonical\" href=\"https:\/\/www.erresse-shop.it\/de\/shop\/kleine-elektrogeraete\/kaffeemaschinen-espresso\/handbuecher\/smeg-espresso-kaffeemaschine-weiss\/\" \/>\n<meta property=\"og:locale\" content=\"de_DE\" \/>\n<meta property=\"og:type\" content=\"article\" \/>\n<meta property=\"og:title\" content=\"SMEG Espresso Kaffeemaschine Wei\u00df Serie 50 Jahre\" \/>\n<meta property=\"og:description\" content=\"Entdecken Sie SMEG Espresso Kaffeemaschine Wei\u00df Serie 50 Jahre bei ErresseShop. Qualit\u00e4t, Stil und Funktionalit\u00e4t \u2013 jetzt online bestellen!\" \/>\n<meta property=\"og:url\" content=\"https:\/\/www.erresse-shop.it\/de\/shop\/kleine-elektrogeraete\/kaffeemaschinen-espresso\/handbuecher\/smeg-espresso-kaffeemaschine-weiss\/\" \/>\n<meta property=\"og:site_name\" content=\"Erresse Shop\" \/>\n<meta property=\"article:modified_time\" content=\"2025-01-17T13:21:07+00:00\" \/>\n<meta property=\"og:image\" content=\"https:\/\/www.erresse-shop.it\/wp-content\/uploads\/2018\/09\/SMEG-Estetica-Anni-50-Macchina-da-Caffe-Bianco.png\" \/>\n\t<meta property=\"og:image:width\" content=\"800\" \/>\n\t<meta property=\"og:image:height\" content=\"800\" \/>\n\t<meta property=\"og:image:type\" content=\"image\/png\" \/>\n<meta name=\"twitter:card\" content=\"summary_large_image\" \/>\n<script type=\"application\/ld+json\" class=\"yoast-schema-graph\">{\"@context\":\"https:\/\/schema.org\",\"@graph\":[{\"@type\":\"WebPage\",\"@id\":\"https:\/\/www.erresse-shop.it\/de\/shop\/kleine-elektrogeraete\/kaffeemaschinen-espresso\/handbuecher\/smeg-espresso-kaffeemaschine-weiss\/\",\"url\":\"https:\/\/www.erresse-shop.it\/de\/shop\/kleine-elektrogeraete\/kaffeemaschinen-espresso\/handbuecher\/smeg-espresso-kaffeemaschine-weiss\/\",\"name\":\"SMEG Espresso Kaffeemaschine Wei\u00df Serie 50 Jahre\",\"isPartOf\":{\"@id\":\"https:\/\/www.erresse-shop.it\/de\/#website\"},\"datePublished\":\"2018-09-19T17:27:39+00:00\",\"dateModified\":\"2025-01-17T13:21:07+00:00\",\"description\":\"Entdecken Sie SMEG Espresso Kaffeemaschine Wei\u00df Serie 50 Jahre bei ErresseShop. Qualit\u00e4t, Stil und Funktionalit\u00e4t \u2013 jetzt online bestellen!\",\"breadcrumb\":{\"@id\":\"https:\/\/www.erresse-shop.it\/de\/shop\/kleine-elektrogeraete\/kaffeemaschinen-espresso\/handbuecher\/smeg-espresso-kaffeemaschine-weiss\/#breadcrumb\"},\"inLanguage\":\"de-DE\",\"potentialAction\":[{\"@type\":\"ReadAction\",\"target\":[\"https:\/\/www.erresse-shop.it\/de\/shop\/kleine-elektrogeraete\/kaffeemaschinen-espresso\/handbuecher\/smeg-espresso-kaffeemaschine-weiss\/\"]}]},{\"@type\":\"BreadcrumbList\",\"@id\":\"https:\/\/www.erresse-shop.it\/de\/shop\/kleine-elektrogeraete\/kaffeemaschinen-espresso\/handbuecher\/smeg-espresso-kaffeemaschine-weiss\/#breadcrumb\",\"itemListElement\":[{\"@type\":\"ListItem\",\"position\":1,\"name\":\"Home\",\"item\":\"https:\/\/www.erresse-shop.it\/de\/\"},{\"@type\":\"ListItem\",\"position\":2,\"name\":\"Shop\",\"item\":\"https:\/\/www.erresse-shop.it\/de\/shop\/\"},{\"@type\":\"ListItem\",\"position\":3,\"name\":\"SMEG Espresso Kaffeemaschine Wei\u00df Serie 50 Jahre\"}]},{\"@type\":\"WebSite\",\"@id\":\"https:\/\/www.erresse-shop.it\/de\/#website\",\"url\":\"https:\/\/www.erresse-shop.it\/de\/\",\"name\":\"Erresse Shop\",\"description\":\"Articoli di qualit\u00e0 per la casa\",\"potentialAction\":[{\"@type\":\"SearchAction\",\"target\":{\"@type\":\"EntryPoint\",\"urlTemplate\":\"https:\/\/www.erresse-shop.it\/de\/?s={search_term_string}\"},\"query-input\":\"required name=search_term_string\"}],\"inLanguage\":\"de-DE\"}]}<\/script>\n<!-- \/ Yoast SEO Premium plugin. -->","yoast_head_json":{"title":"SMEG Espresso Kaffeemaschine Wei\u00df Serie 50 Jahre","description":"Entdecken Sie SMEG Espresso Kaffeemaschine Wei\u00df Serie 50 Jahre bei ErresseShop. Qualit\u00e4t, Stil und Funktionalit\u00e4t \u2013 jetzt online bestellen!","robots":{"index":"index","follow":"follow","max-snippet":"max-snippet:-1","max-image-preview":"max-image-preview:large","max-video-preview":"max-video-preview:-1"},"canonical":"https:\/\/www.erresse-shop.it\/de\/shop\/kleine-elektrogeraete\/kaffeemaschinen-espresso\/handbuecher\/smeg-espresso-kaffeemaschine-weiss\/","og_locale":"de_DE","og_type":"article","og_title":"SMEG Espresso Kaffeemaschine Wei\u00df Serie 50 Jahre","og_description":"Entdecken Sie SMEG Espresso Kaffeemaschine Wei\u00df Serie 50 Jahre bei ErresseShop. Qualit\u00e4t, Stil und Funktionalit\u00e4t \u2013 jetzt online bestellen!","og_url":"https:\/\/www.erresse-shop.it\/de\/shop\/kleine-elektrogeraete\/kaffeemaschinen-espresso\/handbuecher\/smeg-espresso-kaffeemaschine-weiss\/","og_site_name":"Erresse Shop","article_modified_time":"2025-01-17T13:21:07+00:00","og_image":[{"width":800,"height":800,"url":"https:\/\/www.erresse-shop.it\/wp-content\/uploads\/2018\/09\/SMEG-Estetica-Anni-50-Macchina-da-Caffe-Bianco.png","type":"image\/png"}],"twitter_card":"summary_large_image","schema":{"@context":"https:\/\/schema.org","@graph":[{"@type":"WebPage","@id":"https:\/\/www.erresse-shop.it\/de\/shop\/kleine-elektrogeraete\/kaffeemaschinen-espresso\/handbuecher\/smeg-espresso-kaffeemaschine-weiss\/","url":"https:\/\/www.erresse-shop.it\/de\/shop\/kleine-elektrogeraete\/kaffeemaschinen-espresso\/handbuecher\/smeg-espresso-kaffeemaschine-weiss\/","name":"SMEG Espresso Kaffeemaschine Wei\u00df Serie 50 Jahre","isPartOf":{"@id":"https:\/\/www.erresse-shop.it\/de\/#website"},"datePublished":"2018-09-19T17:27:39+00:00","dateModified":"2025-01-17T13:21:07+00:00","description":"Entdecken Sie SMEG Espresso Kaffeemaschine Wei\u00df Serie 50 Jahre bei ErresseShop. Qualit\u00e4t, Stil und Funktionalit\u00e4t \u2013 jetzt online bestellen!","breadcrumb":{"@id":"https:\/\/www.erresse-shop.it\/de\/shop\/kleine-elektrogeraete\/kaffeemaschinen-espresso\/handbuecher\/smeg-espresso-kaffeemaschine-weiss\/#breadcrumb"},"inLanguage":"de-DE","potentialAction":[{"@type":"ReadAction","target":["https:\/\/www.erresse-shop.it\/de\/shop\/kleine-elektrogeraete\/kaffeemaschinen-espresso\/handbuecher\/smeg-espresso-kaffeemaschine-weiss\/"]}]},{"@type":"BreadcrumbList","@id":"https:\/\/www.erresse-shop.it\/de\/shop\/kleine-elektrogeraete\/kaffeemaschinen-espresso\/handbuecher\/smeg-espresso-kaffeemaschine-weiss\/#breadcrumb","itemListElement":[{"@type":"ListItem","position":1,"name":"Home","item":"https:\/\/www.erresse-shop.it\/de\/"},{"@type":"ListItem","position":2,"name":"Shop","item":"https:\/\/www.erresse-shop.it\/de\/shop\/"},{"@type":"ListItem","position":3,"name":"SMEG Espresso Kaffeemaschine Wei\u00df Serie 50 Jahre"}]},{"@type":"WebSite","@id":"https:\/\/www.erresse-shop.it\/de\/#website","url":"https:\/\/www.erresse-shop.it\/de\/","name":"Erresse Shop","description":"Articoli di qualit\u00e0 per la casa","potentialAction":[{"@type":"SearchAction","target":{"@type":"EntryPoint","urlTemplate":"https:\/\/www.erresse-shop.it\/de\/?s={search_term_string}"},"query-input":"required name=search_term_string"}],"inLanguage":"de-DE"}]}},"df_price":258.3,"df_sale_price":258.3,"df_regular_price":369,"df_image_link":"https:\/\/www.erresse-shop.it\/wp-content\/uploads\/2018\/09\/SMEG-Estetica-Anni-50-Macchina-da-Caffe-Bianco-300x300.jpg","_links":{"self":[{"href":"https:\/\/www.erresse-shop.it\/de\/wp-json\/wp\/v2\/product\/28826"}],"collection":[{"href":"https:\/\/www.erresse-shop.it\/de\/wp-json\/wp\/v2\/product"}],"about":[{"href":"https:\/\/www.erresse-shop.it\/de\/wp-json\/wp\/v2\/types\/product"}],"wp:featuredmedia":[{"embeddable":true,"href":"https:\/\/www.erresse-shop.it\/de\/wp-json\/wp\/v2\/media\/489280"}],"wp:attachment":[{"href":"https:\/\/www.erresse-shop.it\/de\/wp-json\/wp\/v2\/media?parent=28826"}],"wp:term":[{"taxonomy":"product_cat","embeddable":true,"href":"https:\/\/www.erresse-shop.it\/de\/wp-json\/wp\/v2\/product_cat?post=28826"},{"taxonomy":"product_tag","embeddable":true,"href":"https:\/\/www.erresse-shop.it\/de\/wp-json\/wp\/v2\/product_tag?post=28826"}],"curies":[{"name":"wp","href":"https:\/\/api.w.org\/{rel}","templated":true}]}}