{"id":287885,"date":"2023-07-05T09:32:51","date_gmt":"2023-07-05T09:32:52","guid":{"rendered":"https:\/\/www.erresse-shop.it\/?post_type=product&#038;p=287885"},"modified":"2025-01-17T09:08:09","modified_gmt":"2025-01-17T09:08:09","slug":"le-creuset-set-3-antihaft-aluminium-kasserollen","status":"publish","type":"product","link":"https:\/\/www.erresse-shop.it\/de\/shop\/toepfe-pfannen\/pfannen\/le-creuset-set-3-antihaft-aluminium-kasserollen\/","title":{"rendered":"LE CREUSET Set 3 Antihaft-Aluminium-Kasserollen"},"content":{"rendered":"<p>Das Set enth\u00e4lt 3 antihaftbeschichtete Aluminiumkasserollen, Durchmesser \u00d8 16 &#8211; 18 &#8211; 20 cm.<\/p>\n<p><strong>Eigenschaften:<\/strong><\/p>\n<ul>\n<li>Perfektes Zubeh\u00f6r: Erzielen Sie au\u00dfergew\u00f6hnliche Geschmacksrichtungen und Aromen, indem Sie Ihre Lieblingspfannen mit separat erh\u00e4ltlichen Glasdeckeln versehen.<\/li>\n<li>Tadellose Reinigung: Unsere Antihaftprodukte verhindern das Anhaften von Lebensmitteln und erleichtern die Reinigung.<\/li>\n<li>Unsere beste Antihaftbeschichtung aller Zeiten: getestet, zuverl\u00e4ssig, lebenslang garantiert und viermal st\u00e4rker. (unabh\u00e4ngig im Labor auf Abriebfestigkeit gegen\u00fcber Metallutensilien getestet).<\/li>\n<li>Extreme Festigkeit: Die eloxierte Struktur bietet eine effiziente W\u00e4rmeleitung und -verteilung f\u00fcr gleichm\u00e4\u00dfiges Kochen.<\/li>\n<li>L\u00e4ngere Haltbarkeit: Unsere abriebfesten Pfannen sind daf\u00fcr gemacht, Ihnen jahrelang in der K\u00fcche Gesellschaft zu leisten.<\/li>\n<li>Ges\u00fcnderes Kochen: Unsere Antihaftbeschichtung ist PFOA-frei und eignet sich f\u00fcr alle Arten des Bratens, auch ohne \u00d6l oder Fett.<\/li>\n<li>Unsere Produkte werden aus den besten Materialien in Fabriken auf der ganzen Welt hergestellt, um die Qualit\u00e4t zu garantieren, die Sie von Le Creuset erwarten.<\/li>\n<\/ul>\n<p><strong>Material:<\/strong> Aluminium mit Antihaftbeschichtung<br \/>\n<strong>Garantie:<\/strong> lebenslang<\/p>\n<p><strong>Zul\u00e4ssige W\u00e4rmequellen<\/strong><\/p>\n<ul>\n<li>Backofen: Grillmodus<\/li>\n<li>Backofen<\/li>\n<li>Elektrokochfeld<\/li>\n<li>Glaskeramik<\/li>\n<li>Gas-Kochfeld<\/li>\n<li>Induktionskochfeld<\/li>\n<\/ul>\n<p><strong>Reinigung:<\/strong><\/p>\n<ul>\n<li>Lassen Sie das Produkt vor dem Waschen einige Minuten lang vollst\u00e4ndig abk\u00fchlen. Tauchen Sie es nicht in kaltes Wasser ein, wenn es hei\u00df ist: Pl\u00f6tzliche Temperaturschwankungen auf der Oberfl\u00e4che k\u00f6nnen das Produkt besch\u00e4digen.<\/li>\n<li>Um die Lebensdauer der Antihaftbeschichtung zu verl\u00e4ngern, empfehlen wir, sie von Hand in lauwarmem Seifenwasser zu waschen und nicht in der Sp\u00fclmaschine.<\/li>\n<li>Verwenden Sie keine Scheuermittel oder Metall, keine Scheuerschw\u00e4mme oder sehr harte, steife B\u00fcrsten zur Reinigung der Oberfl\u00e4chen.<\/li>\n<\/ul>\n","protected":false},"excerpt":{"rendered":"<p>Das Set enth\u00e4lt 3 antihaftbeschichtete Aluminiumkasserollen, Durchmesser \u00d8 16 &#8211; 18 &#8211; 20 cm. Eigenschaften: Perfektes Zubeh\u00f6r: Erzielen Sie au\u00dfergew\u00f6hnliche<\/p>\n","protected":false},"featured_media":287908,"template":"","meta":{"_acf_changed":false,"inline_featured_image":false},"product_cat":[6709,14801],"product_tag":[25088,11593,11433,11387,23661,24404,25022],"acf":[],"yoast_head":"<!-- This site is optimized with the Yoast SEO Premium plugin v18.6 (Yoast SEO v19.13) - https:\/\/yoast.com\/wordpress\/plugins\/seo\/ -->\n<title>LE CREUSET Set 3 Antihaft-Aluminium-Kasserollen<\/title>\n<meta name=\"description\" content=\"Entdecken Sie LE CREUSET Set 3 Antihaft-Aluminium-Kasserollen bei ErresseShop. Qualit\u00e4t, Stil und Funktionalit\u00e4t \u2013 jetzt online bestellen!\" \/>\n<meta name=\"robots\" content=\"index, follow, max-snippet:-1, max-image-preview:large, max-video-preview:-1\" \/>\n<link rel=\"canonical\" href=\"https:\/\/www.erresse-shop.it\/de\/shop\/toepfe-pfannen\/pfannen\/le-creuset-set-3-antihaft-aluminium-kasserollen\/\" \/>\n<meta property=\"og:locale\" content=\"de_DE\" \/>\n<meta property=\"og:type\" content=\"article\" \/>\n<meta property=\"og:title\" content=\"LE CREUSET Set 3 Antihaft-Aluminium-Kasserollen\" \/>\n<meta property=\"og:description\" content=\"Entdecken Sie LE CREUSET Set 3 Antihaft-Aluminium-Kasserollen bei ErresseShop. Qualit\u00e4t, Stil und Funktionalit\u00e4t \u2013 jetzt online bestellen!\" \/>\n<meta property=\"og:url\" content=\"https:\/\/www.erresse-shop.it\/de\/shop\/toepfe-pfannen\/pfannen\/le-creuset-set-3-antihaft-aluminium-kasserollen\/\" \/>\n<meta property=\"og:site_name\" content=\"Erresse Shop\" \/>\n<meta property=\"article:modified_time\" content=\"2025-01-17T09:08:09+00:00\" \/>\n<meta property=\"og:image\" content=\"https:\/\/www.erresse-shop.it\/wp-content\/uploads\/2023\/07\/LE-CREUSET-Set-3-Casseruole-in-Alluminio-Antiaderente.jpg\" \/>\n\t<meta property=\"og:image:width\" content=\"800\" \/>\n\t<meta property=\"og:image:height\" content=\"800\" \/>\n\t<meta property=\"og:image:type\" content=\"image\/jpeg\" \/>\n<meta name=\"twitter:card\" content=\"summary_large_image\" \/>\n<script type=\"application\/ld+json\" class=\"yoast-schema-graph\">{\"@context\":\"https:\/\/schema.org\",\"@graph\":[{\"@type\":\"WebPage\",\"@id\":\"https:\/\/www.erresse-shop.it\/de\/shop\/toepfe-pfannen\/pfannen\/le-creuset-set-3-antihaft-aluminium-kasserollen\/\",\"url\":\"https:\/\/www.erresse-shop.it\/de\/shop\/toepfe-pfannen\/pfannen\/le-creuset-set-3-antihaft-aluminium-kasserollen\/\",\"name\":\"LE CREUSET Set 3 Antihaft-Aluminium-Kasserollen\",\"isPartOf\":{\"@id\":\"https:\/\/www.erresse-shop.it\/de\/#website\"},\"datePublished\":\"2023-07-05T09:32:52+00:00\",\"dateModified\":\"2025-01-17T09:08:09+00:00\",\"description\":\"Entdecken Sie LE CREUSET Set 3 Antihaft-Aluminium-Kasserollen bei ErresseShop. Qualit\u00e4t, Stil und Funktionalit\u00e4t \u2013 jetzt online bestellen!\",\"breadcrumb\":{\"@id\":\"https:\/\/www.erresse-shop.it\/de\/shop\/toepfe-pfannen\/pfannen\/le-creuset-set-3-antihaft-aluminium-kasserollen\/#breadcrumb\"},\"inLanguage\":\"de-DE\",\"potentialAction\":[{\"@type\":\"ReadAction\",\"target\":[\"https:\/\/www.erresse-shop.it\/de\/shop\/toepfe-pfannen\/pfannen\/le-creuset-set-3-antihaft-aluminium-kasserollen\/\"]}]},{\"@type\":\"BreadcrumbList\",\"@id\":\"https:\/\/www.erresse-shop.it\/de\/shop\/toepfe-pfannen\/pfannen\/le-creuset-set-3-antihaft-aluminium-kasserollen\/#breadcrumb\",\"itemListElement\":[{\"@type\":\"ListItem\",\"position\":1,\"name\":\"Home\",\"item\":\"https:\/\/www.erresse-shop.it\/de\/\"},{\"@type\":\"ListItem\",\"position\":2,\"name\":\"Shop\",\"item\":\"https:\/\/www.erresse-shop.it\/de\/shop\/\"},{\"@type\":\"ListItem\",\"position\":3,\"name\":\"LE CREUSET Set 3 Antihaft-Aluminium-Kasserollen\"}]},{\"@type\":\"WebSite\",\"@id\":\"https:\/\/www.erresse-shop.it\/de\/#website\",\"url\":\"https:\/\/www.erresse-shop.it\/de\/\",\"name\":\"Erresse Shop\",\"description\":\"Articoli di qualit\u00e0 per la casa\",\"potentialAction\":[{\"@type\":\"SearchAction\",\"target\":{\"@type\":\"EntryPoint\",\"urlTemplate\":\"https:\/\/www.erresse-shop.it\/de\/?s={search_term_string}\"},\"query-input\":\"required name=search_term_string\"}],\"inLanguage\":\"de-DE\"}]}<\/script>\n<!-- \/ Yoast SEO Premium plugin. -->","yoast_head_json":{"title":"LE CREUSET Set 3 Antihaft-Aluminium-Kasserollen","description":"Entdecken Sie LE CREUSET Set 3 Antihaft-Aluminium-Kasserollen bei ErresseShop. Qualit\u00e4t, Stil und Funktionalit\u00e4t \u2013 jetzt online bestellen!","robots":{"index":"index","follow":"follow","max-snippet":"max-snippet:-1","max-image-preview":"max-image-preview:large","max-video-preview":"max-video-preview:-1"},"canonical":"https:\/\/www.erresse-shop.it\/de\/shop\/toepfe-pfannen\/pfannen\/le-creuset-set-3-antihaft-aluminium-kasserollen\/","og_locale":"de_DE","og_type":"article","og_title":"LE CREUSET Set 3 Antihaft-Aluminium-Kasserollen","og_description":"Entdecken Sie LE CREUSET Set 3 Antihaft-Aluminium-Kasserollen bei ErresseShop. Qualit\u00e4t, Stil und Funktionalit\u00e4t \u2013 jetzt online bestellen!","og_url":"https:\/\/www.erresse-shop.it\/de\/shop\/toepfe-pfannen\/pfannen\/le-creuset-set-3-antihaft-aluminium-kasserollen\/","og_site_name":"Erresse Shop","article_modified_time":"2025-01-17T09:08:09+00:00","og_image":[{"width":800,"height":800,"url":"https:\/\/www.erresse-shop.it\/wp-content\/uploads\/2023\/07\/LE-CREUSET-Set-3-Casseruole-in-Alluminio-Antiaderente.jpg","type":"image\/jpeg"}],"twitter_card":"summary_large_image","schema":{"@context":"https:\/\/schema.org","@graph":[{"@type":"WebPage","@id":"https:\/\/www.erresse-shop.it\/de\/shop\/toepfe-pfannen\/pfannen\/le-creuset-set-3-antihaft-aluminium-kasserollen\/","url":"https:\/\/www.erresse-shop.it\/de\/shop\/toepfe-pfannen\/pfannen\/le-creuset-set-3-antihaft-aluminium-kasserollen\/","name":"LE CREUSET Set 3 Antihaft-Aluminium-Kasserollen","isPartOf":{"@id":"https:\/\/www.erresse-shop.it\/de\/#website"},"datePublished":"2023-07-05T09:32:52+00:00","dateModified":"2025-01-17T09:08:09+00:00","description":"Entdecken Sie LE CREUSET Set 3 Antihaft-Aluminium-Kasserollen bei ErresseShop. Qualit\u00e4t, Stil und Funktionalit\u00e4t \u2013 jetzt online bestellen!","breadcrumb":{"@id":"https:\/\/www.erresse-shop.it\/de\/shop\/toepfe-pfannen\/pfannen\/le-creuset-set-3-antihaft-aluminium-kasserollen\/#breadcrumb"},"inLanguage":"de-DE","potentialAction":[{"@type":"ReadAction","target":["https:\/\/www.erresse-shop.it\/de\/shop\/toepfe-pfannen\/pfannen\/le-creuset-set-3-antihaft-aluminium-kasserollen\/"]}]},{"@type":"BreadcrumbList","@id":"https:\/\/www.erresse-shop.it\/de\/shop\/toepfe-pfannen\/pfannen\/le-creuset-set-3-antihaft-aluminium-kasserollen\/#breadcrumb","itemListElement":[{"@type":"ListItem","position":1,"name":"Home","item":"https:\/\/www.erresse-shop.it\/de\/"},{"@type":"ListItem","position":2,"name":"Shop","item":"https:\/\/www.erresse-shop.it\/de\/shop\/"},{"@type":"ListItem","position":3,"name":"LE CREUSET Set 3 Antihaft-Aluminium-Kasserollen"}]},{"@type":"WebSite","@id":"https:\/\/www.erresse-shop.it\/de\/#website","url":"https:\/\/www.erresse-shop.it\/de\/","name":"Erresse Shop","description":"Articoli di qualit\u00e0 per la casa","potentialAction":[{"@type":"SearchAction","target":{"@type":"EntryPoint","urlTemplate":"https:\/\/www.erresse-shop.it\/de\/?s={search_term_string}"},"query-input":"required name=search_term_string"}],"inLanguage":"de-DE"}]}},"df_price":329.95,"df_sale_price":329.95,"df_regular_price":515,"df_image_link":"https:\/\/www.erresse-shop.it\/wp-content\/uploads\/2023\/07\/LE-CREUSET-Set-3-Casseruole-in-Alluminio-Antiaderente-300x300.jpg","_links":{"self":[{"href":"https:\/\/www.erresse-shop.it\/de\/wp-json\/wp\/v2\/product\/287885"}],"collection":[{"href":"https:\/\/www.erresse-shop.it\/de\/wp-json\/wp\/v2\/product"}],"about":[{"href":"https:\/\/www.erresse-shop.it\/de\/wp-json\/wp\/v2\/types\/product"}],"wp:featuredmedia":[{"embeddable":true,"href":"https:\/\/www.erresse-shop.it\/de\/wp-json\/wp\/v2\/media\/287908"}],"wp:attachment":[{"href":"https:\/\/www.erresse-shop.it\/de\/wp-json\/wp\/v2\/media?parent=287885"}],"wp:term":[{"taxonomy":"product_cat","embeddable":true,"href":"https:\/\/www.erresse-shop.it\/de\/wp-json\/wp\/v2\/product_cat?post=287885"},{"taxonomy":"product_tag","embeddable":true,"href":"https:\/\/www.erresse-shop.it\/de\/wp-json\/wp\/v2\/product_tag?post=287885"}],"curies":[{"name":"wp","href":"https:\/\/api.w.org\/{rel}","templated":true}]}}