{"id":284951,"date":"2023-06-27T14:46:29","date_gmt":"2023-06-27T14:46:32","guid":{"rendered":"https:\/\/www.erresse-shop.it\/?post_type=product&#038;p=284951"},"modified":"2025-01-17T07:40:43","modified_gmt":"2025-01-17T07:40:43","slug":"illy-e-s-e-kaffeepadmaschine-weis","status":"publish","type":"product","link":"https:\/\/www.erresse-shop.it\/de\/shop\/kleine-elektrogeraete\/kaffeemaschinen-espresso\/pads-und-kapseln\/illy-e-s-e-kaffeepadmaschine-weis\/","title":{"rendered":"ILLY E.S.E. Kaffeepadmaschine Wei\u00df"},"content":{"rendered":"<p><strong>Neue E.S.E.-zertifizierte kompostierbare Pads<\/strong><br \/>\nDie zertifizierten <strong>kompostierbaren<\/strong> <strong>Pads<\/strong>, die \u00fcber die Biotonne entsorgt werden k\u00f6nnen (informieren Sie sich bei Ihrer Gemeinde \u00fcber die aktuelle M\u00fclltrennung), eignen sich perfekt, um Ihren Lieblings- illy <strong>Espresso<\/strong> auf praktische Weise zuzubereiten, ohne auf Geschmack und Frische zu verzichten. <strong>illy<\/strong> Kaffeepads in Filterpapier k\u00f6nnen mit allen ESE-Kaffeemaschinen verwendet werden<\/p>\n<p>Die <strong>E.S.E. (Easy Serving Espresso)-Pads<\/strong> sind sehr &#8220;offen&#8221;: Sie k\u00f6nnen sie nicht nur mit illy-Pad-Kaffeemaschinen verwenden, sondern auch mit allen anderen Pad-Maschinen. Die Kapsel ist nichts anderes als gemahlener Kaffee, der bereits richtig dosiert und gepresst ist und sich zwischen 2 Bl\u00e4ttern Filterpapier befindet.<\/p>\n<p>Die <strong>E.S.E. Kaffeepadmaschine<\/strong> ist so optimiert, dass sie vom ersten Kaffee an den illy Qualit\u00e4tsstandard in der Tasse erf\u00fcllt. Mit den beiden Br\u00fchkn\u00f6pfen k\u00f6nnen Sie zwischen Espresso und langem Kaffee w\u00e4hlen. Die Bedienung ist einfach und intuitiv: Die Kapsel wird von oben eingelegt und in den Kapselschacht ausgeworfen. Die kompakte Form sorgt f\u00fcr maximale Praktikabilit\u00e4t.<\/p>\n<p><strong>Merkmale:<\/strong><br \/>\n&#8211; Garantie: 2 Jahre<br \/>\n&#8211; Zwei H\u00f6hen f\u00fcr das Tassenhaltergitter<br \/>\n&#8211; Automatische Stand-by-Funktion bei Nichtgebrauch<\/p>\n<p><strong>Technische Daten:<\/strong><br \/>\n&#8211; Tankinhalt: 1 L<br \/>\n&#8211; Abmessungen (cm): 11 x 32 x 26<br \/>\n&#8211; Spannung: 230 V, 1 m langes Kabel<br \/>\n&#8211; Leistung: Modell 626 850w \/ Modell 627 1250w<br \/>\n&#8211; Pumpendruck: 20 bar<\/p>\n","protected":false},"excerpt":{"rendered":"<p>Neue E.S.E.-zertifizierte kompostierbare Pads Die zertifizierten kompostierbaren Pads, die \u00fcber die Biotonne entsorgt werden k\u00f6nnen (informieren Sie sich bei Ihrer<\/p>\n","protected":false},"featured_media":512464,"template":"","meta":{"_acf_changed":false,"inline_featured_image":false},"product_cat":[6733,6703,25381],"product_tag":[23564,23233,11869,23587,11619],"acf":[],"yoast_head":"<!-- This site is optimized with the Yoast SEO Premium plugin v18.6 (Yoast SEO v19.13) - https:\/\/yoast.com\/wordpress\/plugins\/seo\/ -->\n<title>ILLY E.S.E. Kaffeepadmaschine Wei\u00df<\/title>\n<meta name=\"description\" content=\"Entdecken Sie ILLY E.S.E. Kaffeepadmaschine Wei\u00df bei ErresseShop. Qualit\u00e4t, Stil und Funktionalit\u00e4t \u2013 jetzt online bestellen!\" \/>\n<meta name=\"robots\" content=\"index, follow, max-snippet:-1, max-image-preview:large, max-video-preview:-1\" \/>\n<link rel=\"canonical\" href=\"https:\/\/www.erresse-shop.it\/de\/shop\/kleine-elektrogeraete\/kaffeemaschinen-espresso\/pads-und-kapseln\/illy-e-s-e-kaffeepadmaschine-weis\/\" \/>\n<meta property=\"og:locale\" content=\"de_DE\" \/>\n<meta property=\"og:type\" content=\"article\" \/>\n<meta property=\"og:title\" content=\"ILLY E.S.E. Kaffeepadmaschine Wei\u00df\" \/>\n<meta property=\"og:description\" content=\"Entdecken Sie ILLY E.S.E. Kaffeepadmaschine Wei\u00df bei ErresseShop. Qualit\u00e4t, Stil und Funktionalit\u00e4t \u2013 jetzt online bestellen!\" \/>\n<meta property=\"og:url\" content=\"https:\/\/www.erresse-shop.it\/de\/shop\/kleine-elektrogeraete\/kaffeemaschinen-espresso\/pads-und-kapseln\/illy-e-s-e-kaffeepadmaschine-weis\/\" \/>\n<meta property=\"og:site_name\" content=\"Erresse Shop\" \/>\n<meta property=\"article:modified_time\" content=\"2025-01-17T07:40:43+00:00\" \/>\n<meta property=\"og:image\" content=\"https:\/\/www.erresse-shop.it\/wp-content\/uploads\/2023\/06\/ILLY-Macchina-da-Caffe\u0300-a-Cialde-E.S.E.-Bianco.jpg\" \/>\n\t<meta property=\"og:image:width\" content=\"800\" \/>\n\t<meta property=\"og:image:height\" content=\"800\" \/>\n\t<meta property=\"og:image:type\" content=\"image\/jpeg\" \/>\n<meta name=\"twitter:card\" content=\"summary_large_image\" \/>\n<script type=\"application\/ld+json\" class=\"yoast-schema-graph\">{\"@context\":\"https:\/\/schema.org\",\"@graph\":[{\"@type\":\"WebPage\",\"@id\":\"https:\/\/www.erresse-shop.it\/de\/shop\/kleine-elektrogeraete\/kaffeemaschinen-espresso\/pads-und-kapseln\/illy-e-s-e-kaffeepadmaschine-weis\/\",\"url\":\"https:\/\/www.erresse-shop.it\/de\/shop\/kleine-elektrogeraete\/kaffeemaschinen-espresso\/pads-und-kapseln\/illy-e-s-e-kaffeepadmaschine-weis\/\",\"name\":\"ILLY E.S.E. Kaffeepadmaschine Wei\u00df\",\"isPartOf\":{\"@id\":\"https:\/\/www.erresse-shop.it\/de\/#website\"},\"datePublished\":\"2023-06-27T14:46:32+00:00\",\"dateModified\":\"2025-01-17T07:40:43+00:00\",\"description\":\"Entdecken Sie ILLY E.S.E. Kaffeepadmaschine Wei\u00df bei ErresseShop. Qualit\u00e4t, Stil und Funktionalit\u00e4t \u2013 jetzt online bestellen!\",\"breadcrumb\":{\"@id\":\"https:\/\/www.erresse-shop.it\/de\/shop\/kleine-elektrogeraete\/kaffeemaschinen-espresso\/pads-und-kapseln\/illy-e-s-e-kaffeepadmaschine-weis\/#breadcrumb\"},\"inLanguage\":\"de-DE\",\"potentialAction\":[{\"@type\":\"ReadAction\",\"target\":[\"https:\/\/www.erresse-shop.it\/de\/shop\/kleine-elektrogeraete\/kaffeemaschinen-espresso\/pads-und-kapseln\/illy-e-s-e-kaffeepadmaschine-weis\/\"]}]},{\"@type\":\"BreadcrumbList\",\"@id\":\"https:\/\/www.erresse-shop.it\/de\/shop\/kleine-elektrogeraete\/kaffeemaschinen-espresso\/pads-und-kapseln\/illy-e-s-e-kaffeepadmaschine-weis\/#breadcrumb\",\"itemListElement\":[{\"@type\":\"ListItem\",\"position\":1,\"name\":\"Home\",\"item\":\"https:\/\/www.erresse-shop.it\/de\/\"},{\"@type\":\"ListItem\",\"position\":2,\"name\":\"Shop\",\"item\":\"https:\/\/www.erresse-shop.it\/de\/shop\/\"},{\"@type\":\"ListItem\",\"position\":3,\"name\":\"ILLY E.S.E. Kaffeepadmaschine Wei\u00df\"}]},{\"@type\":\"WebSite\",\"@id\":\"https:\/\/www.erresse-shop.it\/de\/#website\",\"url\":\"https:\/\/www.erresse-shop.it\/de\/\",\"name\":\"Erresse Shop\",\"description\":\"Articoli di qualit\u00e0 per la casa\",\"potentialAction\":[{\"@type\":\"SearchAction\",\"target\":{\"@type\":\"EntryPoint\",\"urlTemplate\":\"https:\/\/www.erresse-shop.it\/de\/?s={search_term_string}\"},\"query-input\":\"required name=search_term_string\"}],\"inLanguage\":\"de-DE\"}]}<\/script>\n<!-- \/ Yoast SEO Premium plugin. -->","yoast_head_json":{"title":"ILLY E.S.E. Kaffeepadmaschine Wei\u00df","description":"Entdecken Sie ILLY E.S.E. Kaffeepadmaschine Wei\u00df bei ErresseShop. Qualit\u00e4t, Stil und Funktionalit\u00e4t \u2013 jetzt online bestellen!","robots":{"index":"index","follow":"follow","max-snippet":"max-snippet:-1","max-image-preview":"max-image-preview:large","max-video-preview":"max-video-preview:-1"},"canonical":"https:\/\/www.erresse-shop.it\/de\/shop\/kleine-elektrogeraete\/kaffeemaschinen-espresso\/pads-und-kapseln\/illy-e-s-e-kaffeepadmaschine-weis\/","og_locale":"de_DE","og_type":"article","og_title":"ILLY E.S.E. Kaffeepadmaschine Wei\u00df","og_description":"Entdecken Sie ILLY E.S.E. Kaffeepadmaschine Wei\u00df bei ErresseShop. Qualit\u00e4t, Stil und Funktionalit\u00e4t \u2013 jetzt online bestellen!","og_url":"https:\/\/www.erresse-shop.it\/de\/shop\/kleine-elektrogeraete\/kaffeemaschinen-espresso\/pads-und-kapseln\/illy-e-s-e-kaffeepadmaschine-weis\/","og_site_name":"Erresse Shop","article_modified_time":"2025-01-17T07:40:43+00:00","og_image":[{"width":800,"height":800,"url":"https:\/\/www.erresse-shop.it\/wp-content\/uploads\/2023\/06\/ILLY-Macchina-da-Caffe\u0300-a-Cialde-E.S.E.-Bianco.jpg","type":"image\/jpeg"}],"twitter_card":"summary_large_image","schema":{"@context":"https:\/\/schema.org","@graph":[{"@type":"WebPage","@id":"https:\/\/www.erresse-shop.it\/de\/shop\/kleine-elektrogeraete\/kaffeemaschinen-espresso\/pads-und-kapseln\/illy-e-s-e-kaffeepadmaschine-weis\/","url":"https:\/\/www.erresse-shop.it\/de\/shop\/kleine-elektrogeraete\/kaffeemaschinen-espresso\/pads-und-kapseln\/illy-e-s-e-kaffeepadmaschine-weis\/","name":"ILLY E.S.E. Kaffeepadmaschine Wei\u00df","isPartOf":{"@id":"https:\/\/www.erresse-shop.it\/de\/#website"},"datePublished":"2023-06-27T14:46:32+00:00","dateModified":"2025-01-17T07:40:43+00:00","description":"Entdecken Sie ILLY E.S.E. Kaffeepadmaschine Wei\u00df bei ErresseShop. Qualit\u00e4t, Stil und Funktionalit\u00e4t \u2013 jetzt online bestellen!","breadcrumb":{"@id":"https:\/\/www.erresse-shop.it\/de\/shop\/kleine-elektrogeraete\/kaffeemaschinen-espresso\/pads-und-kapseln\/illy-e-s-e-kaffeepadmaschine-weis\/#breadcrumb"},"inLanguage":"de-DE","potentialAction":[{"@type":"ReadAction","target":["https:\/\/www.erresse-shop.it\/de\/shop\/kleine-elektrogeraete\/kaffeemaschinen-espresso\/pads-und-kapseln\/illy-e-s-e-kaffeepadmaschine-weis\/"]}]},{"@type":"BreadcrumbList","@id":"https:\/\/www.erresse-shop.it\/de\/shop\/kleine-elektrogeraete\/kaffeemaschinen-espresso\/pads-und-kapseln\/illy-e-s-e-kaffeepadmaschine-weis\/#breadcrumb","itemListElement":[{"@type":"ListItem","position":1,"name":"Home","item":"https:\/\/www.erresse-shop.it\/de\/"},{"@type":"ListItem","position":2,"name":"Shop","item":"https:\/\/www.erresse-shop.it\/de\/shop\/"},{"@type":"ListItem","position":3,"name":"ILLY E.S.E. Kaffeepadmaschine Wei\u00df"}]},{"@type":"WebSite","@id":"https:\/\/www.erresse-shop.it\/de\/#website","url":"https:\/\/www.erresse-shop.it\/de\/","name":"Erresse Shop","description":"Articoli di qualit\u00e0 per la casa","potentialAction":[{"@type":"SearchAction","target":{"@type":"EntryPoint","urlTemplate":"https:\/\/www.erresse-shop.it\/de\/?s={search_term_string}"},"query-input":"required name=search_term_string"}],"inLanguage":"de-DE"}]}},"df_price":129,"df_sale_price":129,"df_regular_price":129,"df_image_link":"https:\/\/www.erresse-shop.it\/wp-content\/uploads\/2023\/06\/ILLY-Macchina-da-Caffe-a-Cialde-E.S.E.-Bianco-300x300.jpg","_links":{"self":[{"href":"https:\/\/www.erresse-shop.it\/de\/wp-json\/wp\/v2\/product\/284951"}],"collection":[{"href":"https:\/\/www.erresse-shop.it\/de\/wp-json\/wp\/v2\/product"}],"about":[{"href":"https:\/\/www.erresse-shop.it\/de\/wp-json\/wp\/v2\/types\/product"}],"wp:featuredmedia":[{"embeddable":true,"href":"https:\/\/www.erresse-shop.it\/de\/wp-json\/wp\/v2\/media\/512464"}],"wp:attachment":[{"href":"https:\/\/www.erresse-shop.it\/de\/wp-json\/wp\/v2\/media?parent=284951"}],"wp:term":[{"taxonomy":"product_cat","embeddable":true,"href":"https:\/\/www.erresse-shop.it\/de\/wp-json\/wp\/v2\/product_cat?post=284951"},{"taxonomy":"product_tag","embeddable":true,"href":"https:\/\/www.erresse-shop.it\/de\/wp-json\/wp\/v2\/product_tag?post=284951"}],"curies":[{"name":"wp","href":"https:\/\/api.w.org\/{rel}","templated":true}]}}