{"id":282452,"date":"2023-06-19T10:29:54","date_gmt":"2023-06-19T10:55:45","guid":{"rendered":"https:\/\/www.erresse-shop.it\/shop\/unkategorisiert\/la-pavoni-kaffeemaschine-cellini-evoluzione\/"},"modified":"2025-01-17T08:03:31","modified_gmt":"2025-01-17T08:03:31","slug":"la-pavoni-kaffeemaschine-cellini-evoluzione","status":"publish","type":"product","link":"https:\/\/www.erresse-shop.it\/de\/shop\/kleine-elektrogeraete\/kaffeemaschinen-espresso\/handbuecher\/la-pavoni-kaffeemaschine-cellini-evoluzione\/","title":{"rendered":"LA PAVONI Kaffeemaschine Cellini Evoluzione"},"content":{"rendered":"<p>Das Modell <strong>Cellini<\/strong> <strong>Evoluzione<\/strong> hat einen Kupferkessel mit Messingflansch. Kessel mit Au\u00dfenisolierung f\u00fcr gr\u00f6\u00dfere thermische Stabilit\u00e4t und Energieeinsparung.<\/p>\n<p>Rahmen und Anschl\u00e4ge aus rostfreiem Stahl AISI 304.<\/p>\n<p>Zwei professionelle Manometer, eines f\u00fcr die Kontrolle des Pumpendrucks und das andere f\u00fcr den Kesseldruck, die den korrekten Entnahmevorgang garantieren, die professionelle elektrische Rotationspumpe mit der M\u00f6glichkeit der Verwendung mit Tank oder Anschluss an das Wassernetz und der handels\u00fcbliche mechanische Druckschalter vervollst\u00e4ndigen die fortschrittlichen technischen Merkmale dieses Modells.<\/p>\n<p>Alle La Pavoni 230V semiprofessionellen Maschinen sind zertifiziert von:<\/p>\n<p><img decoding=\"async\" src=\"https:\/\/www.erresse-shop.it\/wp-content\/uploads\/2021\/02\/La-Pavoni-Certificato-150x150.png\" alt=\"La Pavoni Certificato\" \/><\/p>\n<ul>\n<li>Geh\u00e4use aus poliertem Edelstahl. (AISI 304)<\/li>\n<li>Verchromte Messingformgruppe mit Ventilkaffeeaufgusskammer<\/li>\n<li>Kupferkessel mit querliegendem W\u00e4rmetauscher. Fassungsverm\u00f6gen: 1,8 Liter<\/li>\n<li>Professionelle elektrische Rotationspumpe (keine Vibrationspumpe) mit externer Druckregelung<\/li>\n<li>Fassungsverm\u00f6gen des Wassertanks 2,9 Liter M\u00f6glichkeit des Anschlusses an das Wassernetz \u00fcber einen Edelstahlschlauch mit Schalter<\/li>\n<li>Elektronische F\u00fcllstandskontrolle des Wassertanks<\/li>\n<li>Elektronische Selbstniveauregulierung<\/li>\n<li>Elektronische Kesselwasserstandskontrolle<\/li>\n<li>Anti-Vakuum-Vorrichtung<\/li>\n<li>Anti-Verbr\u00fchungs-Dampfrohr<\/li>\n<li>Antiverbr\u00fchungs-Hei\u00dfwasserzange<\/li>\n<li>Manometer f\u00fcr Kesseldruckkontrolle<\/li>\n<li>Manometer f\u00fcr die Pumpendruckkontrolle<\/li>\n<li>Gewerblicher Druckschalter SIRAI<\/li>\n<li>Sicherheitsthermostat mit R\u00fcckstellung<\/li>\n<li>Breite, Tiefe, H\u00f6he 300 x 430 x 410 mm<\/li>\n<li>Versorgungsspannung 220-240 Volt 50Hz &#8211; 120 Volt 60Hz<\/li>\n<li>Leistungsaufnahme 1520 W<\/li>\n<\/ul>\n<p><strong>Nicht zum Verkauf au\u00dferhalb Europas<\/strong><\/p>\n","protected":false},"excerpt":{"rendered":"<p>Das Modell Cellini Evoluzione hat einen Kupferkessel mit Messingflansch. Kessel mit Au\u00dfenisolierung f\u00fcr gr\u00f6\u00dfere thermische Stabilit\u00e4t und Energieeinsparung. Rahmen und<\/p>\n","protected":false},"featured_media":282440,"template":"","meta":{"_acf_changed":false,"inline_featured_image":false},"product_cat":[6733,6703,25366],"product_tag":[23564,24681,11718,23582],"acf":[],"yoast_head":"<!-- This site is optimized with the Yoast SEO Premium plugin v18.6 (Yoast SEO v19.13) - https:\/\/yoast.com\/wordpress\/plugins\/seo\/ -->\n<title>LA PAVONI Kaffeemaschine Cellini Evoluzione<\/title>\n<meta name=\"description\" content=\"Entdecken Sie LA PAVONI Kaffeemaschine Cellini Evoluzione bei ErresseShop. Qualit\u00e4t, Stil und Funktionalit\u00e4t \u2013 jetzt online bestellen!\" \/>\n<meta name=\"robots\" content=\"index, follow, max-snippet:-1, max-image-preview:large, max-video-preview:-1\" \/>\n<link rel=\"canonical\" href=\"https:\/\/www.erresse-shop.it\/de\/shop\/kleine-elektrogeraete\/kaffeemaschinen-espresso\/handbuecher\/la-pavoni-kaffeemaschine-cellini-evoluzione\/\" \/>\n<meta property=\"og:locale\" content=\"de_DE\" \/>\n<meta property=\"og:type\" content=\"article\" \/>\n<meta property=\"og:title\" content=\"LA PAVONI Kaffeemaschine Cellini Evoluzione\" \/>\n<meta property=\"og:description\" content=\"Entdecken Sie LA PAVONI Kaffeemaschine Cellini Evoluzione bei ErresseShop. Qualit\u00e4t, Stil und Funktionalit\u00e4t \u2013 jetzt online bestellen!\" \/>\n<meta property=\"og:url\" content=\"https:\/\/www.erresse-shop.it\/de\/shop\/kleine-elektrogeraete\/kaffeemaschinen-espresso\/handbuecher\/la-pavoni-kaffeemaschine-cellini-evoluzione\/\" \/>\n<meta property=\"og:site_name\" content=\"Erresse Shop\" \/>\n<meta property=\"article:modified_time\" content=\"2025-01-17T08:03:31+00:00\" \/>\n<meta property=\"og:image\" content=\"https:\/\/www.erresse-shop.it\/wp-content\/uploads\/2023\/06\/LA-PAVONI-Macchina-da-Caffe\u0300-Cellini-Evoluzione.jpg\" \/>\n\t<meta property=\"og:image:width\" content=\"800\" \/>\n\t<meta property=\"og:image:height\" content=\"800\" \/>\n\t<meta property=\"og:image:type\" content=\"image\/jpeg\" \/>\n<meta name=\"twitter:card\" content=\"summary_large_image\" \/>\n<script type=\"application\/ld+json\" class=\"yoast-schema-graph\">{\"@context\":\"https:\/\/schema.org\",\"@graph\":[{\"@type\":\"WebPage\",\"@id\":\"https:\/\/www.erresse-shop.it\/de\/shop\/kleine-elektrogeraete\/kaffeemaschinen-espresso\/handbuecher\/la-pavoni-kaffeemaschine-cellini-evoluzione\/\",\"url\":\"https:\/\/www.erresse-shop.it\/de\/shop\/kleine-elektrogeraete\/kaffeemaschinen-espresso\/handbuecher\/la-pavoni-kaffeemaschine-cellini-evoluzione\/\",\"name\":\"LA PAVONI Kaffeemaschine Cellini Evoluzione\",\"isPartOf\":{\"@id\":\"https:\/\/www.erresse-shop.it\/de\/#website\"},\"datePublished\":\"2023-06-19T10:55:45+00:00\",\"dateModified\":\"2025-01-17T08:03:31+00:00\",\"description\":\"Entdecken Sie LA PAVONI Kaffeemaschine Cellini Evoluzione bei ErresseShop. Qualit\u00e4t, Stil und Funktionalit\u00e4t \u2013 jetzt online bestellen!\",\"breadcrumb\":{\"@id\":\"https:\/\/www.erresse-shop.it\/de\/shop\/kleine-elektrogeraete\/kaffeemaschinen-espresso\/handbuecher\/la-pavoni-kaffeemaschine-cellini-evoluzione\/#breadcrumb\"},\"inLanguage\":\"de-DE\",\"potentialAction\":[{\"@type\":\"ReadAction\",\"target\":[\"https:\/\/www.erresse-shop.it\/de\/shop\/kleine-elektrogeraete\/kaffeemaschinen-espresso\/handbuecher\/la-pavoni-kaffeemaschine-cellini-evoluzione\/\"]}]},{\"@type\":\"BreadcrumbList\",\"@id\":\"https:\/\/www.erresse-shop.it\/de\/shop\/kleine-elektrogeraete\/kaffeemaschinen-espresso\/handbuecher\/la-pavoni-kaffeemaschine-cellini-evoluzione\/#breadcrumb\",\"itemListElement\":[{\"@type\":\"ListItem\",\"position\":1,\"name\":\"Home\",\"item\":\"https:\/\/www.erresse-shop.it\/de\/\"},{\"@type\":\"ListItem\",\"position\":2,\"name\":\"Shop\",\"item\":\"https:\/\/www.erresse-shop.it\/de\/shop\/\"},{\"@type\":\"ListItem\",\"position\":3,\"name\":\"LA PAVONI Kaffeemaschine Cellini Evoluzione\"}]},{\"@type\":\"WebSite\",\"@id\":\"https:\/\/www.erresse-shop.it\/de\/#website\",\"url\":\"https:\/\/www.erresse-shop.it\/de\/\",\"name\":\"Erresse Shop\",\"description\":\"Articoli di qualit\u00e0 per la casa\",\"potentialAction\":[{\"@type\":\"SearchAction\",\"target\":{\"@type\":\"EntryPoint\",\"urlTemplate\":\"https:\/\/www.erresse-shop.it\/de\/?s={search_term_string}\"},\"query-input\":\"required name=search_term_string\"}],\"inLanguage\":\"de-DE\"}]}<\/script>\n<!-- \/ Yoast SEO Premium plugin. -->","yoast_head_json":{"title":"LA PAVONI Kaffeemaschine Cellini Evoluzione","description":"Entdecken Sie LA PAVONI Kaffeemaschine Cellini Evoluzione bei ErresseShop. Qualit\u00e4t, Stil und Funktionalit\u00e4t \u2013 jetzt online bestellen!","robots":{"index":"index","follow":"follow","max-snippet":"max-snippet:-1","max-image-preview":"max-image-preview:large","max-video-preview":"max-video-preview:-1"},"canonical":"https:\/\/www.erresse-shop.it\/de\/shop\/kleine-elektrogeraete\/kaffeemaschinen-espresso\/handbuecher\/la-pavoni-kaffeemaschine-cellini-evoluzione\/","og_locale":"de_DE","og_type":"article","og_title":"LA PAVONI Kaffeemaschine Cellini Evoluzione","og_description":"Entdecken Sie LA PAVONI Kaffeemaschine Cellini Evoluzione bei ErresseShop. Qualit\u00e4t, Stil und Funktionalit\u00e4t \u2013 jetzt online bestellen!","og_url":"https:\/\/www.erresse-shop.it\/de\/shop\/kleine-elektrogeraete\/kaffeemaschinen-espresso\/handbuecher\/la-pavoni-kaffeemaschine-cellini-evoluzione\/","og_site_name":"Erresse Shop","article_modified_time":"2025-01-17T08:03:31+00:00","og_image":[{"width":800,"height":800,"url":"https:\/\/www.erresse-shop.it\/wp-content\/uploads\/2023\/06\/LA-PAVONI-Macchina-da-Caffe\u0300-Cellini-Evoluzione.jpg","type":"image\/jpeg"}],"twitter_card":"summary_large_image","schema":{"@context":"https:\/\/schema.org","@graph":[{"@type":"WebPage","@id":"https:\/\/www.erresse-shop.it\/de\/shop\/kleine-elektrogeraete\/kaffeemaschinen-espresso\/handbuecher\/la-pavoni-kaffeemaschine-cellini-evoluzione\/","url":"https:\/\/www.erresse-shop.it\/de\/shop\/kleine-elektrogeraete\/kaffeemaschinen-espresso\/handbuecher\/la-pavoni-kaffeemaschine-cellini-evoluzione\/","name":"LA PAVONI Kaffeemaschine Cellini Evoluzione","isPartOf":{"@id":"https:\/\/www.erresse-shop.it\/de\/#website"},"datePublished":"2023-06-19T10:55:45+00:00","dateModified":"2025-01-17T08:03:31+00:00","description":"Entdecken Sie LA PAVONI Kaffeemaschine Cellini Evoluzione bei ErresseShop. Qualit\u00e4t, Stil und Funktionalit\u00e4t \u2013 jetzt online bestellen!","breadcrumb":{"@id":"https:\/\/www.erresse-shop.it\/de\/shop\/kleine-elektrogeraete\/kaffeemaschinen-espresso\/handbuecher\/la-pavoni-kaffeemaschine-cellini-evoluzione\/#breadcrumb"},"inLanguage":"de-DE","potentialAction":[{"@type":"ReadAction","target":["https:\/\/www.erresse-shop.it\/de\/shop\/kleine-elektrogeraete\/kaffeemaschinen-espresso\/handbuecher\/la-pavoni-kaffeemaschine-cellini-evoluzione\/"]}]},{"@type":"BreadcrumbList","@id":"https:\/\/www.erresse-shop.it\/de\/shop\/kleine-elektrogeraete\/kaffeemaschinen-espresso\/handbuecher\/la-pavoni-kaffeemaschine-cellini-evoluzione\/#breadcrumb","itemListElement":[{"@type":"ListItem","position":1,"name":"Home","item":"https:\/\/www.erresse-shop.it\/de\/"},{"@type":"ListItem","position":2,"name":"Shop","item":"https:\/\/www.erresse-shop.it\/de\/shop\/"},{"@type":"ListItem","position":3,"name":"LA PAVONI Kaffeemaschine Cellini Evoluzione"}]},{"@type":"WebSite","@id":"https:\/\/www.erresse-shop.it\/de\/#website","url":"https:\/\/www.erresse-shop.it\/de\/","name":"Erresse Shop","description":"Articoli di qualit\u00e0 per la casa","potentialAction":[{"@type":"SearchAction","target":{"@type":"EntryPoint","urlTemplate":"https:\/\/www.erresse-shop.it\/de\/?s={search_term_string}"},"query-input":"required name=search_term_string"}],"inLanguage":"de-DE"}]}},"df_price":1016.95,"df_sale_price":1016.95,"df_regular_price":1849,"df_image_link":"https:\/\/www.erresse-shop.it\/wp-content\/uploads\/2023\/06\/LA-PAVONI-Macchina-da-Caffe\u0300-Cellini-Evoluzione-300x300.jpg","_links":{"self":[{"href":"https:\/\/www.erresse-shop.it\/de\/wp-json\/wp\/v2\/product\/282452"}],"collection":[{"href":"https:\/\/www.erresse-shop.it\/de\/wp-json\/wp\/v2\/product"}],"about":[{"href":"https:\/\/www.erresse-shop.it\/de\/wp-json\/wp\/v2\/types\/product"}],"wp:featuredmedia":[{"embeddable":true,"href":"https:\/\/www.erresse-shop.it\/de\/wp-json\/wp\/v2\/media\/282440"}],"wp:attachment":[{"href":"https:\/\/www.erresse-shop.it\/de\/wp-json\/wp\/v2\/media?parent=282452"}],"wp:term":[{"taxonomy":"product_cat","embeddable":true,"href":"https:\/\/www.erresse-shop.it\/de\/wp-json\/wp\/v2\/product_cat?post=282452"},{"taxonomy":"product_tag","embeddable":true,"href":"https:\/\/www.erresse-shop.it\/de\/wp-json\/wp\/v2\/product_tag?post=282452"}],"curies":[{"name":"wp","href":"https:\/\/api.w.org\/{rel}","templated":true}]}}