{"id":281831,"date":"2023-06-16T14:07:28","date_gmt":"2023-06-16T14:27:55","guid":{"rendered":"https:\/\/www.erresse-shop.it\/shop\/unkategorisiert\/wmf-provence-plus-set-5-stueck\/"},"modified":"2025-01-22T06:40:24","modified_gmt":"2025-01-22T06:40:24","slug":"wmf-provence-plus-set-5-stueck","status":"publish","type":"product","link":"https:\/\/www.erresse-shop.it\/de\/shop\/toepfe-pfannen\/topfsets\/wmf-provence-plus-set-5-stueck\/","title":{"rendered":"WMF Provence Plus Set 5 St\u00fcck"},"content":{"rendered":"<p>Die ganze Leidenschaft der franz\u00f6sischen K\u00fcche kombiniert mit einem exquisiten, modernen Stil: Das Kochgeschirr-Set <strong>Provence<\/strong> <strong>Plus<\/strong> von <strong>WMF<\/strong> ist eine unverzichtbare Erg\u00e4nzung f\u00fcr jede K\u00fcche. Markante, moderne Linien werden mit eleganten Glasdeckeln kombiniert und bieten das ideale Kochgeschirr f\u00fcr alle Ihre Lieblingsgerichte. Diese Kochgeschirr-Kollektion eignet sich perfekt zum direkten Servieren auf dem Tisch. Dank des universellen TransTherm\u00ae-Bodens erzielen Sie bei jeder Mahlzeit einwandfreie Kochergebnisse mit optimaler W\u00e4rmeverteilung und -speicherung. Die T\u00f6pfe und Pfannen der Serie Provence Plus sind mit allen Herdarten kompatibel, einschlie\u00dflich Induktion, und bestehen aus Cromargan\u00ae Edelstahl 18\/10, einem eleganten und raffinierten Material, das au\u00dfergew\u00f6hnliche Langlebigkeit verspricht, sp\u00fclmaschinenfest f\u00fcr maximalen Komfort ist und durch seine au\u00dfergew\u00f6hnliche Oberfl\u00e4che besticht.<\/p>\n<ul>\n<li><strong>Langlebig und robust<\/strong><br \/>\nMit seiner hochglanzpolierten Oberfl\u00e4che und seiner eleganten Linienf\u00fchrung verbindet das WMF Provence Plus Kochgeschirr die Leidenschaft der franz\u00f6sischen K\u00fcche mit einem auffallend modernen Design, ideal f\u00fcr den t\u00e4glichen Gebrauch.<\/li>\n<li><strong>Hochwertiger Glasdeckel<\/strong><br \/>\nDer elegante, transparente Deckel mit Edelstahlgriff ist aus hochwertigem Glas gefertigt und erm\u00f6glicht eine einfache Kontrolle w\u00e4hrend des Kochens.<\/li>\n<li><strong>Sch\u00fcttrand<\/strong><br \/>\nDer breite Sch\u00fcttrand sorgt f\u00fcr einfaches und tropffreies Ausgie\u00dfen, f\u00fcr m\u00fcheloses Servieren und stets makelloses Kochen<\/li>\n<li><strong>TransTherm\u00ae-Universalboden<\/strong><br \/>\nDer TransTherm\u00ae-Universalboden spart Energie beim Kochen dank optimaler W\u00e4rmeverteilung und -erhaltung. Kompatibel mit allen Herdarten, einschlie\u00dflich Induktion.<\/li>\n<li><strong>Cromargan\u00ae<\/strong><br \/>\nHergestellt aus robustem und elegantem Cromargan\u00ae Edelstahl 18\/10 f\u00fcr ein besonders langlebiges, hygienisches und sp\u00fclmaschinenfestes Produkt.<\/li>\n<\/ul>\n<p>Das Set besteht aus:<\/p>\n<ul>\n<li>Kochtopf \u2300 20 cm<\/li>\n<li>Topf \u2300 16\/20\/24 cm<\/li>\n<li>Kasserolle \u2300 16 cm<\/li>\n<\/ul>\n","protected":false},"excerpt":{"rendered":"<p>Die ganze Leidenschaft der franz\u00f6sischen K\u00fcche kombiniert mit einem exquisiten, modernen Stil: Das Kochgeschirr-Set Provence Plus von WMF ist eine<\/p>\n","protected":false},"featured_media":281820,"template":"","meta":{"_acf_changed":false,"inline_featured_image":false},"product_cat":[6709,14781],"product_tag":[12992,12205,13686],"acf":[],"yoast_head":"<!-- This site is optimized with the Yoast SEO Premium plugin v18.6 (Yoast SEO v19.13) - https:\/\/yoast.com\/wordpress\/plugins\/seo\/ -->\n<title>WMF Provence Plus Set 5 St\u00fcck<\/title>\n<meta name=\"description\" content=\"Entdecken Sie WMF Provence Plus Set 5 St\u00fcck bei ErresseShop. Qualit\u00e4t, Stil und Funktionalit\u00e4t \u2013 jetzt online bestellen!\" \/>\n<meta name=\"robots\" content=\"index, follow, max-snippet:-1, max-image-preview:large, max-video-preview:-1\" \/>\n<link rel=\"canonical\" href=\"https:\/\/www.erresse-shop.it\/de\/shop\/toepfe-pfannen\/topfsets\/wmf-provence-plus-set-5-stueck\/\" \/>\n<meta property=\"og:locale\" content=\"de_DE\" \/>\n<meta property=\"og:type\" content=\"article\" \/>\n<meta property=\"og:title\" content=\"WMF Provence Plus Set 5 St\u00fcck\" \/>\n<meta property=\"og:description\" content=\"Entdecken Sie WMF Provence Plus Set 5 St\u00fcck bei ErresseShop. Qualit\u00e4t, Stil und Funktionalit\u00e4t \u2013 jetzt online bestellen!\" \/>\n<meta property=\"og:url\" content=\"https:\/\/www.erresse-shop.it\/de\/shop\/toepfe-pfannen\/topfsets\/wmf-provence-plus-set-5-stueck\/\" \/>\n<meta property=\"og:site_name\" content=\"Erresse Shop\" \/>\n<meta property=\"article:modified_time\" content=\"2025-01-22T06:40:24+00:00\" \/>\n<meta property=\"og:image\" content=\"https:\/\/www.erresse-shop.it\/wp-content\/uploads\/2023\/06\/WMF-Provence-Plus-Set-5-pezzi.jpg\" \/>\n\t<meta property=\"og:image:width\" content=\"800\" \/>\n\t<meta property=\"og:image:height\" content=\"800\" \/>\n\t<meta property=\"og:image:type\" content=\"image\/jpeg\" \/>\n<meta name=\"twitter:card\" content=\"summary_large_image\" \/>\n<script type=\"application\/ld+json\" class=\"yoast-schema-graph\">{\"@context\":\"https:\/\/schema.org\",\"@graph\":[{\"@type\":\"WebPage\",\"@id\":\"https:\/\/www.erresse-shop.it\/de\/shop\/toepfe-pfannen\/topfsets\/wmf-provence-plus-set-5-stueck\/\",\"url\":\"https:\/\/www.erresse-shop.it\/de\/shop\/toepfe-pfannen\/topfsets\/wmf-provence-plus-set-5-stueck\/\",\"name\":\"WMF Provence Plus Set 5 St\u00fcck\",\"isPartOf\":{\"@id\":\"https:\/\/www.erresse-shop.it\/de\/#website\"},\"datePublished\":\"2023-06-16T14:27:55+00:00\",\"dateModified\":\"2025-01-22T06:40:24+00:00\",\"description\":\"Entdecken Sie WMF Provence Plus Set 5 St\u00fcck bei ErresseShop. Qualit\u00e4t, Stil und Funktionalit\u00e4t \u2013 jetzt online bestellen!\",\"breadcrumb\":{\"@id\":\"https:\/\/www.erresse-shop.it\/de\/shop\/toepfe-pfannen\/topfsets\/wmf-provence-plus-set-5-stueck\/#breadcrumb\"},\"inLanguage\":\"de-DE\",\"potentialAction\":[{\"@type\":\"ReadAction\",\"target\":[\"https:\/\/www.erresse-shop.it\/de\/shop\/toepfe-pfannen\/topfsets\/wmf-provence-plus-set-5-stueck\/\"]}]},{\"@type\":\"BreadcrumbList\",\"@id\":\"https:\/\/www.erresse-shop.it\/de\/shop\/toepfe-pfannen\/topfsets\/wmf-provence-plus-set-5-stueck\/#breadcrumb\",\"itemListElement\":[{\"@type\":\"ListItem\",\"position\":1,\"name\":\"Home\",\"item\":\"https:\/\/www.erresse-shop.it\/de\/\"},{\"@type\":\"ListItem\",\"position\":2,\"name\":\"Shop\",\"item\":\"https:\/\/www.erresse-shop.it\/de\/shop\/\"},{\"@type\":\"ListItem\",\"position\":3,\"name\":\"WMF Provence Plus Set 5 St\u00fcck\"}]},{\"@type\":\"WebSite\",\"@id\":\"https:\/\/www.erresse-shop.it\/de\/#website\",\"url\":\"https:\/\/www.erresse-shop.it\/de\/\",\"name\":\"Erresse Shop\",\"description\":\"Articoli di qualit\u00e0 per la casa\",\"potentialAction\":[{\"@type\":\"SearchAction\",\"target\":{\"@type\":\"EntryPoint\",\"urlTemplate\":\"https:\/\/www.erresse-shop.it\/de\/?s={search_term_string}\"},\"query-input\":\"required name=search_term_string\"}],\"inLanguage\":\"de-DE\"}]}<\/script>\n<!-- \/ Yoast SEO Premium plugin. -->","yoast_head_json":{"title":"WMF Provence Plus Set 5 St\u00fcck","description":"Entdecken Sie WMF Provence Plus Set 5 St\u00fcck bei ErresseShop. Qualit\u00e4t, Stil und Funktionalit\u00e4t \u2013 jetzt online bestellen!","robots":{"index":"index","follow":"follow","max-snippet":"max-snippet:-1","max-image-preview":"max-image-preview:large","max-video-preview":"max-video-preview:-1"},"canonical":"https:\/\/www.erresse-shop.it\/de\/shop\/toepfe-pfannen\/topfsets\/wmf-provence-plus-set-5-stueck\/","og_locale":"de_DE","og_type":"article","og_title":"WMF Provence Plus Set 5 St\u00fcck","og_description":"Entdecken Sie WMF Provence Plus Set 5 St\u00fcck bei ErresseShop. Qualit\u00e4t, Stil und Funktionalit\u00e4t \u2013 jetzt online bestellen!","og_url":"https:\/\/www.erresse-shop.it\/de\/shop\/toepfe-pfannen\/topfsets\/wmf-provence-plus-set-5-stueck\/","og_site_name":"Erresse Shop","article_modified_time":"2025-01-22T06:40:24+00:00","og_image":[{"width":800,"height":800,"url":"https:\/\/www.erresse-shop.it\/wp-content\/uploads\/2023\/06\/WMF-Provence-Plus-Set-5-pezzi.jpg","type":"image\/jpeg"}],"twitter_card":"summary_large_image","schema":{"@context":"https:\/\/schema.org","@graph":[{"@type":"WebPage","@id":"https:\/\/www.erresse-shop.it\/de\/shop\/toepfe-pfannen\/topfsets\/wmf-provence-plus-set-5-stueck\/","url":"https:\/\/www.erresse-shop.it\/de\/shop\/toepfe-pfannen\/topfsets\/wmf-provence-plus-set-5-stueck\/","name":"WMF Provence Plus Set 5 St\u00fcck","isPartOf":{"@id":"https:\/\/www.erresse-shop.it\/de\/#website"},"datePublished":"2023-06-16T14:27:55+00:00","dateModified":"2025-01-22T06:40:24+00:00","description":"Entdecken Sie WMF Provence Plus Set 5 St\u00fcck bei ErresseShop. Qualit\u00e4t, Stil und Funktionalit\u00e4t \u2013 jetzt online bestellen!","breadcrumb":{"@id":"https:\/\/www.erresse-shop.it\/de\/shop\/toepfe-pfannen\/topfsets\/wmf-provence-plus-set-5-stueck\/#breadcrumb"},"inLanguage":"de-DE","potentialAction":[{"@type":"ReadAction","target":["https:\/\/www.erresse-shop.it\/de\/shop\/toepfe-pfannen\/topfsets\/wmf-provence-plus-set-5-stueck\/"]}]},{"@type":"BreadcrumbList","@id":"https:\/\/www.erresse-shop.it\/de\/shop\/toepfe-pfannen\/topfsets\/wmf-provence-plus-set-5-stueck\/#breadcrumb","itemListElement":[{"@type":"ListItem","position":1,"name":"Home","item":"https:\/\/www.erresse-shop.it\/de\/"},{"@type":"ListItem","position":2,"name":"Shop","item":"https:\/\/www.erresse-shop.it\/de\/shop\/"},{"@type":"ListItem","position":3,"name":"WMF Provence Plus Set 5 St\u00fcck"}]},{"@type":"WebSite","@id":"https:\/\/www.erresse-shop.it\/de\/#website","url":"https:\/\/www.erresse-shop.it\/de\/","name":"Erresse Shop","description":"Articoli di qualit\u00e0 per la casa","potentialAction":[{"@type":"SearchAction","target":{"@type":"EntryPoint","urlTemplate":"https:\/\/www.erresse-shop.it\/de\/?s={search_term_string}"},"query-input":"required name=search_term_string"}],"inLanguage":"de-DE"}]}},"df_price":187.74,"df_sale_price":187.74,"df_regular_price":298,"df_image_link":"https:\/\/www.erresse-shop.it\/wp-content\/uploads\/2023\/06\/WMF-Provence-Plus-Set-5-pezzi-300x300.jpg","_links":{"self":[{"href":"https:\/\/www.erresse-shop.it\/de\/wp-json\/wp\/v2\/product\/281831"}],"collection":[{"href":"https:\/\/www.erresse-shop.it\/de\/wp-json\/wp\/v2\/product"}],"about":[{"href":"https:\/\/www.erresse-shop.it\/de\/wp-json\/wp\/v2\/types\/product"}],"wp:featuredmedia":[{"embeddable":true,"href":"https:\/\/www.erresse-shop.it\/de\/wp-json\/wp\/v2\/media\/281820"}],"wp:attachment":[{"href":"https:\/\/www.erresse-shop.it\/de\/wp-json\/wp\/v2\/media?parent=281831"}],"wp:term":[{"taxonomy":"product_cat","embeddable":true,"href":"https:\/\/www.erresse-shop.it\/de\/wp-json\/wp\/v2\/product_cat?post=281831"},{"taxonomy":"product_tag","embeddable":true,"href":"https:\/\/www.erresse-shop.it\/de\/wp-json\/wp\/v2\/product_tag?post=281831"}],"curies":[{"name":"wp","href":"https:\/\/api.w.org\/{rel}","templated":true}]}}