{"id":278738,"date":"2023-06-08T07:15:19","date_gmt":"2023-06-08T07:15:20","guid":{"rendered":"https:\/\/www.erresse-shop.it\/?post_type=product&#038;p=278738"},"modified":"2025-01-22T06:41:35","modified_gmt":"2025-01-22T06:41:35","slug":"yaxell-super-gou-nakiri-165-cm","status":"publish","type":"product","link":"https:\/\/www.erresse-shop.it\/de\/shop\/kuche\/messer\/yaxell-super-gou-nakiri-165-cm\/","title":{"rendered":"YAXELL Super Gou Nakiri 16,5 cm"},"content":{"rendered":"<p><strong>Das<\/strong> <strong>Nakirimesser<\/strong> wird als Alternative zum Gem\u00fcsemesser verwendet. Basierend auf der japanischen Schneidemethode ist dieses Messer ein unverzichtbares Werkzeug f\u00fcr die Zubereitung der asiatischen und europ\u00e4ischen K\u00fcche. Eine Serie, die Qualit\u00e4t und Perfektion in ihrer ganzen Pracht demonstriert. Ein Messer mit einer ausgezeichneten Schneidequalit\u00e4t, das Sie gerne benutzen werden.<\/p>\n<p><strong>Yaxell Super Gou Klinge: 161 Lagen Damaszenerstahl<\/strong><br \/>\nDie Klinge des Yaxell Super Gou K\u00fcchenmessers besteht aus 161 Lagen Damaszenerstahl. Eine ungew\u00f6hnliche Menge? Keineswegs! Denn jede Seite der Klinge besteht aus 80 Lagen rostfreiem Damaszenerstahl, dazwischen befindet sich ein steinharter SG2-Pulverstahlkern. Diese Kombination macht die Messer rasiermesserscharf, rostfrei und umwerfend sch\u00f6n.<\/p>\n<p>Damaszenerstahl besteht aus zwei rostfreien St\u00e4hlen, die in Schichten zusammengeschmiedet werden. Diese beiden Stahlsorten haben einen unterschiedlichen Kohlenstoffgehalt, was dazu f\u00fchrt, dass der Stahl je nach Gravur eine andere Farbe annimmt. Beim \u00c4tzen wird mit Hilfe einer S\u00e4ure ein Muster im Stahl erzeugt. Rostfreier Stahl, ob Damaszenerstahl oder nicht, ist in der Regel nicht die h\u00e4rteste Stahlsorte. Deshalb wurde ein Kern aus pulverisiertem Stahl SG2 hinzugef\u00fcgt. Das Ergebnis ist eine felsenfeste Schneide mit einer H\u00e4rte von 63 HRC! Der Name der Kollektion ist auf der Seite der Klinge und auf der R\u00fcckseite des Griffs handgraviert.<\/p>\n<p><strong>Yaxell Super Gou Griff<\/strong><br \/>\nDurch die runde Form und die drei Nieten sieht dieser Griff einem europ\u00e4ischen K\u00fcchenmesser sehr \u00e4hnlich. Das sorgt daf\u00fcr, dass der Griff nicht nur solide, sondern auch bequem ist. Der Griff ist aus rotem und schwarzem Micarta gefertigt. Micarta ist ein Material aus Flachs, das mit Epoxidharz impr\u00e4gniert ist. Das macht es zu einem sehr starken Material. Es kann fast alles aushalten und ist sehr wasserbest\u00e4ndig. Micarta ist daf\u00fcr bekannt, dass es sehr griffig ist. Auch wenn es nass ist. Die ovale und runde Form des Griffs bietet einen guten Halt und liegt angenehm in der Hand.<\/p>\n<p><strong>Made in Japan<\/strong><\/p>\n","protected":false},"excerpt":{"rendered":"<p>Das Nakirimesser wird als Alternative zum Gem\u00fcsemesser verwendet. Basierend auf der japanischen Schneidemethode ist dieses Messer ein unverzichtbares Werkzeug f\u00fcr<\/p>\n","protected":false},"featured_media":278763,"template":"","meta":{"_acf_changed":false,"inline_featured_image":false},"product_cat":[6742,6706,14454],"product_tag":[11395,11702,11529,22495,21624,21264,24681],"acf":[],"yoast_head":"<!-- This site is optimized with the Yoast SEO Premium plugin v18.6 (Yoast SEO v19.13) - https:\/\/yoast.com\/wordpress\/plugins\/seo\/ -->\n<title>YAXELL Super Gou Nakiri 16,5 cm<\/title>\n<meta name=\"description\" content=\"Entdecken Sie YAXELL Super Gou Nakiri 16,5 cm bei ErresseShop. Qualit\u00e4t, Stil und Funktionalit\u00e4t \u2013 jetzt online bestellen!\" \/>\n<meta name=\"robots\" content=\"index, follow, max-snippet:-1, max-image-preview:large, max-video-preview:-1\" \/>\n<link rel=\"canonical\" href=\"https:\/\/www.erresse-shop.it\/de\/shop\/kuche\/messer\/yaxell-super-gou-nakiri-165-cm\/\" \/>\n<meta property=\"og:locale\" content=\"de_DE\" \/>\n<meta property=\"og:type\" content=\"article\" \/>\n<meta property=\"og:title\" content=\"YAXELL Super Gou Nakiri 16,5 cm\" \/>\n<meta property=\"og:description\" content=\"Entdecken Sie YAXELL Super Gou Nakiri 16,5 cm bei ErresseShop. Qualit\u00e4t, Stil und Funktionalit\u00e4t \u2013 jetzt online bestellen!\" \/>\n<meta property=\"og:url\" content=\"https:\/\/www.erresse-shop.it\/de\/shop\/kuche\/messer\/yaxell-super-gou-nakiri-165-cm\/\" \/>\n<meta property=\"og:site_name\" content=\"Erresse Shop\" \/>\n<meta property=\"article:modified_time\" content=\"2025-01-22T06:41:35+00:00\" \/>\n<meta property=\"og:image\" content=\"https:\/\/www.erresse-shop.it\/wp-content\/uploads\/2023\/06\/YAXELL-Super-Gou-Nakiri-165-cm.jpg\" \/>\n\t<meta property=\"og:image:width\" content=\"800\" \/>\n\t<meta property=\"og:image:height\" content=\"800\" \/>\n\t<meta property=\"og:image:type\" content=\"image\/jpeg\" \/>\n<meta name=\"twitter:card\" content=\"summary_large_image\" \/>\n<script type=\"application\/ld+json\" class=\"yoast-schema-graph\">{\"@context\":\"https:\/\/schema.org\",\"@graph\":[{\"@type\":\"WebPage\",\"@id\":\"https:\/\/www.erresse-shop.it\/de\/shop\/kuche\/messer\/yaxell-super-gou-nakiri-165-cm\/\",\"url\":\"https:\/\/www.erresse-shop.it\/de\/shop\/kuche\/messer\/yaxell-super-gou-nakiri-165-cm\/\",\"name\":\"YAXELL Super Gou Nakiri 16,5 cm\",\"isPartOf\":{\"@id\":\"https:\/\/www.erresse-shop.it\/de\/#website\"},\"datePublished\":\"2023-06-08T07:15:20+00:00\",\"dateModified\":\"2025-01-22T06:41:35+00:00\",\"description\":\"Entdecken Sie YAXELL Super Gou Nakiri 16,5 cm bei ErresseShop. Qualit\u00e4t, Stil und Funktionalit\u00e4t \u2013 jetzt online bestellen!\",\"breadcrumb\":{\"@id\":\"https:\/\/www.erresse-shop.it\/de\/shop\/kuche\/messer\/yaxell-super-gou-nakiri-165-cm\/#breadcrumb\"},\"inLanguage\":\"de-DE\",\"potentialAction\":[{\"@type\":\"ReadAction\",\"target\":[\"https:\/\/www.erresse-shop.it\/de\/shop\/kuche\/messer\/yaxell-super-gou-nakiri-165-cm\/\"]}]},{\"@type\":\"BreadcrumbList\",\"@id\":\"https:\/\/www.erresse-shop.it\/de\/shop\/kuche\/messer\/yaxell-super-gou-nakiri-165-cm\/#breadcrumb\",\"itemListElement\":[{\"@type\":\"ListItem\",\"position\":1,\"name\":\"Home\",\"item\":\"https:\/\/www.erresse-shop.it\/de\/\"},{\"@type\":\"ListItem\",\"position\":2,\"name\":\"Shop\",\"item\":\"https:\/\/www.erresse-shop.it\/de\/shop\/\"},{\"@type\":\"ListItem\",\"position\":3,\"name\":\"YAXELL Super Gou Nakiri 16,5 cm\"}]},{\"@type\":\"WebSite\",\"@id\":\"https:\/\/www.erresse-shop.it\/de\/#website\",\"url\":\"https:\/\/www.erresse-shop.it\/de\/\",\"name\":\"Erresse Shop\",\"description\":\"Articoli di qualit\u00e0 per la casa\",\"potentialAction\":[{\"@type\":\"SearchAction\",\"target\":{\"@type\":\"EntryPoint\",\"urlTemplate\":\"https:\/\/www.erresse-shop.it\/de\/?s={search_term_string}\"},\"query-input\":\"required name=search_term_string\"}],\"inLanguage\":\"de-DE\"}]}<\/script>\n<!-- \/ Yoast SEO Premium plugin. -->","yoast_head_json":{"title":"YAXELL Super Gou Nakiri 16,5 cm","description":"Entdecken Sie YAXELL Super Gou Nakiri 16,5 cm bei ErresseShop. Qualit\u00e4t, Stil und Funktionalit\u00e4t \u2013 jetzt online bestellen!","robots":{"index":"index","follow":"follow","max-snippet":"max-snippet:-1","max-image-preview":"max-image-preview:large","max-video-preview":"max-video-preview:-1"},"canonical":"https:\/\/www.erresse-shop.it\/de\/shop\/kuche\/messer\/yaxell-super-gou-nakiri-165-cm\/","og_locale":"de_DE","og_type":"article","og_title":"YAXELL Super Gou Nakiri 16,5 cm","og_description":"Entdecken Sie YAXELL Super Gou Nakiri 16,5 cm bei ErresseShop. Qualit\u00e4t, Stil und Funktionalit\u00e4t \u2013 jetzt online bestellen!","og_url":"https:\/\/www.erresse-shop.it\/de\/shop\/kuche\/messer\/yaxell-super-gou-nakiri-165-cm\/","og_site_name":"Erresse Shop","article_modified_time":"2025-01-22T06:41:35+00:00","og_image":[{"width":800,"height":800,"url":"https:\/\/www.erresse-shop.it\/wp-content\/uploads\/2023\/06\/YAXELL-Super-Gou-Nakiri-165-cm.jpg","type":"image\/jpeg"}],"twitter_card":"summary_large_image","schema":{"@context":"https:\/\/schema.org","@graph":[{"@type":"WebPage","@id":"https:\/\/www.erresse-shop.it\/de\/shop\/kuche\/messer\/yaxell-super-gou-nakiri-165-cm\/","url":"https:\/\/www.erresse-shop.it\/de\/shop\/kuche\/messer\/yaxell-super-gou-nakiri-165-cm\/","name":"YAXELL Super Gou Nakiri 16,5 cm","isPartOf":{"@id":"https:\/\/www.erresse-shop.it\/de\/#website"},"datePublished":"2023-06-08T07:15:20+00:00","dateModified":"2025-01-22T06:41:35+00:00","description":"Entdecken Sie YAXELL Super Gou Nakiri 16,5 cm bei ErresseShop. Qualit\u00e4t, Stil und Funktionalit\u00e4t \u2013 jetzt online bestellen!","breadcrumb":{"@id":"https:\/\/www.erresse-shop.it\/de\/shop\/kuche\/messer\/yaxell-super-gou-nakiri-165-cm\/#breadcrumb"},"inLanguage":"de-DE","potentialAction":[{"@type":"ReadAction","target":["https:\/\/www.erresse-shop.it\/de\/shop\/kuche\/messer\/yaxell-super-gou-nakiri-165-cm\/"]}]},{"@type":"BreadcrumbList","@id":"https:\/\/www.erresse-shop.it\/de\/shop\/kuche\/messer\/yaxell-super-gou-nakiri-165-cm\/#breadcrumb","itemListElement":[{"@type":"ListItem","position":1,"name":"Home","item":"https:\/\/www.erresse-shop.it\/de\/"},{"@type":"ListItem","position":2,"name":"Shop","item":"https:\/\/www.erresse-shop.it\/de\/shop\/"},{"@type":"ListItem","position":3,"name":"YAXELL Super Gou Nakiri 16,5 cm"}]},{"@type":"WebSite","@id":"https:\/\/www.erresse-shop.it\/de\/#website","url":"https:\/\/www.erresse-shop.it\/de\/","name":"Erresse Shop","description":"Articoli di qualit\u00e0 per la casa","potentialAction":[{"@type":"SearchAction","target":{"@type":"EntryPoint","urlTemplate":"https:\/\/www.erresse-shop.it\/de\/?s={search_term_string}"},"query-input":"required name=search_term_string"}],"inLanguage":"de-DE"}]}},"df_price":351.20000000000005,"df_sale_price":351.20000000000005,"df_regular_price":439,"df_image_link":"https:\/\/www.erresse-shop.it\/wp-content\/uploads\/2023\/06\/YAXELL-Super-Gou-Nakiri-165-cm-300x300.jpg","_links":{"self":[{"href":"https:\/\/www.erresse-shop.it\/de\/wp-json\/wp\/v2\/product\/278738"}],"collection":[{"href":"https:\/\/www.erresse-shop.it\/de\/wp-json\/wp\/v2\/product"}],"about":[{"href":"https:\/\/www.erresse-shop.it\/de\/wp-json\/wp\/v2\/types\/product"}],"wp:featuredmedia":[{"embeddable":true,"href":"https:\/\/www.erresse-shop.it\/de\/wp-json\/wp\/v2\/media\/278763"}],"wp:attachment":[{"href":"https:\/\/www.erresse-shop.it\/de\/wp-json\/wp\/v2\/media?parent=278738"}],"wp:term":[{"taxonomy":"product_cat","embeddable":true,"href":"https:\/\/www.erresse-shop.it\/de\/wp-json\/wp\/v2\/product_cat?post=278738"},{"taxonomy":"product_tag","embeddable":true,"href":"https:\/\/www.erresse-shop.it\/de\/wp-json\/wp\/v2\/product_tag?post=278738"}],"curies":[{"name":"wp","href":"https:\/\/api.w.org\/{rel}","templated":true}]}}