{"id":27646,"date":"2018-06-27T17:04:24","date_gmt":"2018-06-27T17:04:24","guid":{"rendered":"https:\/\/www.erresse-shop.it\/?post_type=product&#038;p=27646"},"modified":"2025-07-01T10:56:12","modified_gmt":"2025-07-01T10:56:12","slug":"zafferano-poldina-pro-tischlampe-matt-weis","status":"publish","type":"product","link":"https:\/\/www.erresse-shop.it\/de\/shop\/einrichtung-haus\/lampen\/zafferano-poldina-pro-tischlampe-matt-weis\/","title":{"rendered":"ZAFFERANO Poldina PRO Tischlampe Matt Wei\u00df"},"content":{"rendered":"<p>L\u00e1mpara de mesa port\u00e1til, recargable y con funcionamiento a pilas.<\/p>\n<p>Un control \u201ctouch\u201d en la parte superior del cabezal le permite encenderlo, ajustar la intensidad de la luz y seleccionar la temperatura del color de la luz.<\/p>\n<p>Gracias a un alto \u00edndice de protecci\u00f3n, la l\u00e1mpara tambi\u00e9n se puede utilizar en exteriores. (a excepci\u00f3n de los modelos con acabado en hoja de metal y acabado galv\u00e1nico, para los que no se recomienda su uso continuado en exteriores).<\/p>\n<p>Cuenta con un sistema de control electr\u00f3nico que monitorea y reporta la vida restante de la bater\u00eda, permiti\u00e9ndote optimizar la carga y realizarla siempre de forma correcta. Equipado con base de carga de contacto. Cargador incluido.<\/p>\n<p>Es posible personalizar la l\u00e1mpara con cubiertas de cer\u00e1mica, que pueden adquirirse por separado.<\/p>\n<p><strong>Di\u00e1metro:<\/strong> 11 cm<br \/>\n<strong>Altura total:<\/strong> 38 cm<\/p>\n","protected":false},"excerpt":{"rendered":"<p>L\u00e1mpara de mesa port\u00e1til, recargable y con funcionamiento a pilas. Un control \u201ctouch\u201d en la parte superior del cabezal le<\/p>\n","protected":false},"featured_media":62396,"template":"","meta":{"_acf_changed":false,"inline_featured_image":false},"product_cat":[6817,6862],"product_tag":[11593,24604,12183,11949,12218,12196,12221,12219,12181,12182],"acf":[],"yoast_head":"<!-- This site is optimized with the Yoast SEO Premium plugin v18.6 (Yoast SEO v19.13) - https:\/\/yoast.com\/wordpress\/plugins\/seo\/ -->\n<title>ZAFFERANO Poldina PRO Tischlampe Matt Wei\u00df<\/title>\n<meta name=\"description\" content=\"Entdecken Sie ZAFFERANO Poldina PRO Tischlampe Matt Wei\u00df bei ErresseShop. Qualit\u00e4t, Stil und Funktionalit\u00e4t \u2013 jetzt online bestellen!\" \/>\n<meta name=\"robots\" content=\"index, follow, max-snippet:-1, max-image-preview:large, max-video-preview:-1\" \/>\n<link rel=\"canonical\" href=\"https:\/\/www.erresse-shop.it\/de\/shop\/einrichtung-haus\/lampen\/zafferano-poldina-pro-tischlampe-matt-weis\/\" \/>\n<meta property=\"og:locale\" content=\"de_DE\" \/>\n<meta property=\"og:type\" content=\"article\" \/>\n<meta property=\"og:title\" content=\"ZAFFERANO Poldina PRO Tischlampe Matt Wei\u00df\" \/>\n<meta property=\"og:description\" content=\"Entdecken Sie ZAFFERANO Poldina PRO Tischlampe Matt Wei\u00df bei ErresseShop. Qualit\u00e4t, Stil und Funktionalit\u00e4t \u2013 jetzt online bestellen!\" \/>\n<meta property=\"og:url\" content=\"https:\/\/www.erresse-shop.it\/de\/shop\/einrichtung-haus\/lampen\/zafferano-poldina-pro-tischlampe-matt-weis\/\" \/>\n<meta property=\"og:site_name\" content=\"Erresse Shop\" \/>\n<meta property=\"article:modified_time\" content=\"2025-07-01T10:56:12+00:00\" \/>\n<meta property=\"og:image\" content=\"https:\/\/www.erresse-shop.it\/wp-content\/uploads\/2018\/06\/poldina-pro-bianco.jpg\" \/>\n\t<meta property=\"og:image:width\" content=\"1425\" \/>\n\t<meta property=\"og:image:height\" content=\"1500\" \/>\n\t<meta property=\"og:image:type\" content=\"image\/jpeg\" \/>\n<meta name=\"twitter:card\" content=\"summary_large_image\" \/>\n<script type=\"application\/ld+json\" class=\"yoast-schema-graph\">{\"@context\":\"https:\/\/schema.org\",\"@graph\":[{\"@type\":\"WebPage\",\"@id\":\"https:\/\/www.erresse-shop.it\/de\/shop\/einrichtung-haus\/lampen\/zafferano-poldina-pro-tischlampe-matt-weis\/\",\"url\":\"https:\/\/www.erresse-shop.it\/de\/shop\/einrichtung-haus\/lampen\/zafferano-poldina-pro-tischlampe-matt-weis\/\",\"name\":\"ZAFFERANO Poldina PRO Tischlampe Matt Wei\u00df\",\"isPartOf\":{\"@id\":\"https:\/\/www.erresse-shop.it\/de\/#website\"},\"datePublished\":\"2018-06-27T17:04:24+00:00\",\"dateModified\":\"2025-07-01T10:56:12+00:00\",\"description\":\"Entdecken Sie ZAFFERANO Poldina PRO Tischlampe Matt Wei\u00df bei ErresseShop. Qualit\u00e4t, Stil und Funktionalit\u00e4t \u2013 jetzt online bestellen!\",\"breadcrumb\":{\"@id\":\"https:\/\/www.erresse-shop.it\/de\/shop\/einrichtung-haus\/lampen\/zafferano-poldina-pro-tischlampe-matt-weis\/#breadcrumb\"},\"inLanguage\":\"de-DE\",\"potentialAction\":[{\"@type\":\"ReadAction\",\"target\":[\"https:\/\/www.erresse-shop.it\/de\/shop\/einrichtung-haus\/lampen\/zafferano-poldina-pro-tischlampe-matt-weis\/\"]}]},{\"@type\":\"BreadcrumbList\",\"@id\":\"https:\/\/www.erresse-shop.it\/de\/shop\/einrichtung-haus\/lampen\/zafferano-poldina-pro-tischlampe-matt-weis\/#breadcrumb\",\"itemListElement\":[{\"@type\":\"ListItem\",\"position\":1,\"name\":\"Home\",\"item\":\"https:\/\/www.erresse-shop.it\/de\/\"},{\"@type\":\"ListItem\",\"position\":2,\"name\":\"Shop\",\"item\":\"https:\/\/www.erresse-shop.it\/de\/shop\/\"},{\"@type\":\"ListItem\",\"position\":3,\"name\":\"ZAFFERANO Poldina PRO Tischlampe Matt Wei\u00df\"}]},{\"@type\":\"WebSite\",\"@id\":\"https:\/\/www.erresse-shop.it\/de\/#website\",\"url\":\"https:\/\/www.erresse-shop.it\/de\/\",\"name\":\"Erresse Shop\",\"description\":\"Articoli di qualit\u00e0 per la casa\",\"potentialAction\":[{\"@type\":\"SearchAction\",\"target\":{\"@type\":\"EntryPoint\",\"urlTemplate\":\"https:\/\/www.erresse-shop.it\/de\/?s={search_term_string}\"},\"query-input\":\"required name=search_term_string\"}],\"inLanguage\":\"de-DE\"}]}<\/script>\n<!-- \/ Yoast SEO Premium plugin. -->","yoast_head_json":{"title":"ZAFFERANO Poldina PRO Tischlampe Matt Wei\u00df","description":"Entdecken Sie ZAFFERANO Poldina PRO Tischlampe Matt Wei\u00df bei ErresseShop. Qualit\u00e4t, Stil und Funktionalit\u00e4t \u2013 jetzt online bestellen!","robots":{"index":"index","follow":"follow","max-snippet":"max-snippet:-1","max-image-preview":"max-image-preview:large","max-video-preview":"max-video-preview:-1"},"canonical":"https:\/\/www.erresse-shop.it\/de\/shop\/einrichtung-haus\/lampen\/zafferano-poldina-pro-tischlampe-matt-weis\/","og_locale":"de_DE","og_type":"article","og_title":"ZAFFERANO Poldina PRO Tischlampe Matt Wei\u00df","og_description":"Entdecken Sie ZAFFERANO Poldina PRO Tischlampe Matt Wei\u00df bei ErresseShop. Qualit\u00e4t, Stil und Funktionalit\u00e4t \u2013 jetzt online bestellen!","og_url":"https:\/\/www.erresse-shop.it\/de\/shop\/einrichtung-haus\/lampen\/zafferano-poldina-pro-tischlampe-matt-weis\/","og_site_name":"Erresse Shop","article_modified_time":"2025-07-01T10:56:12+00:00","og_image":[{"width":1425,"height":1500,"url":"https:\/\/www.erresse-shop.it\/wp-content\/uploads\/2018\/06\/poldina-pro-bianco.jpg","type":"image\/jpeg"}],"twitter_card":"summary_large_image","schema":{"@context":"https:\/\/schema.org","@graph":[{"@type":"WebPage","@id":"https:\/\/www.erresse-shop.it\/de\/shop\/einrichtung-haus\/lampen\/zafferano-poldina-pro-tischlampe-matt-weis\/","url":"https:\/\/www.erresse-shop.it\/de\/shop\/einrichtung-haus\/lampen\/zafferano-poldina-pro-tischlampe-matt-weis\/","name":"ZAFFERANO Poldina PRO Tischlampe Matt Wei\u00df","isPartOf":{"@id":"https:\/\/www.erresse-shop.it\/de\/#website"},"datePublished":"2018-06-27T17:04:24+00:00","dateModified":"2025-07-01T10:56:12+00:00","description":"Entdecken Sie ZAFFERANO Poldina PRO Tischlampe Matt Wei\u00df bei ErresseShop. Qualit\u00e4t, Stil und Funktionalit\u00e4t \u2013 jetzt online bestellen!","breadcrumb":{"@id":"https:\/\/www.erresse-shop.it\/de\/shop\/einrichtung-haus\/lampen\/zafferano-poldina-pro-tischlampe-matt-weis\/#breadcrumb"},"inLanguage":"de-DE","potentialAction":[{"@type":"ReadAction","target":["https:\/\/www.erresse-shop.it\/de\/shop\/einrichtung-haus\/lampen\/zafferano-poldina-pro-tischlampe-matt-weis\/"]}]},{"@type":"BreadcrumbList","@id":"https:\/\/www.erresse-shop.it\/de\/shop\/einrichtung-haus\/lampen\/zafferano-poldina-pro-tischlampe-matt-weis\/#breadcrumb","itemListElement":[{"@type":"ListItem","position":1,"name":"Home","item":"https:\/\/www.erresse-shop.it\/de\/"},{"@type":"ListItem","position":2,"name":"Shop","item":"https:\/\/www.erresse-shop.it\/de\/shop\/"},{"@type":"ListItem","position":3,"name":"ZAFFERANO Poldina PRO Tischlampe Matt Wei\u00df"}]},{"@type":"WebSite","@id":"https:\/\/www.erresse-shop.it\/de\/#website","url":"https:\/\/www.erresse-shop.it\/de\/","name":"Erresse Shop","description":"Articoli di qualit\u00e0 per la casa","potentialAction":[{"@type":"SearchAction","target":{"@type":"EntryPoint","urlTemplate":"https:\/\/www.erresse-shop.it\/de\/?s={search_term_string}"},"query-input":"required name=search_term_string"}],"inLanguage":"de-DE"}]}},"df_price":119,"df_sale_price":119,"df_regular_price":140,"df_image_link":"https:\/\/www.erresse-shop.it\/wp-content\/uploads\/2018\/06\/poldina-pro-bianco-285x300.jpg","_links":{"self":[{"href":"https:\/\/www.erresse-shop.it\/de\/wp-json\/wp\/v2\/product\/27646"}],"collection":[{"href":"https:\/\/www.erresse-shop.it\/de\/wp-json\/wp\/v2\/product"}],"about":[{"href":"https:\/\/www.erresse-shop.it\/de\/wp-json\/wp\/v2\/types\/product"}],"wp:featuredmedia":[{"embeddable":true,"href":"https:\/\/www.erresse-shop.it\/de\/wp-json\/wp\/v2\/media\/62396"}],"wp:attachment":[{"href":"https:\/\/www.erresse-shop.it\/de\/wp-json\/wp\/v2\/media?parent=27646"}],"wp:term":[{"taxonomy":"product_cat","embeddable":true,"href":"https:\/\/www.erresse-shop.it\/de\/wp-json\/wp\/v2\/product_cat?post=27646"},{"taxonomy":"product_tag","embeddable":true,"href":"https:\/\/www.erresse-shop.it\/de\/wp-json\/wp\/v2\/product_tag?post=27646"}],"curies":[{"name":"wp","href":"https:\/\/api.w.org\/{rel}","templated":true}]}}