{"id":268728,"date":"2023-05-09T13:09:28","date_gmt":"2023-05-09T13:09:30","guid":{"rendered":"https:\/\/www.erresse-shop.it\/?post_type=product&#038;p=268728"},"modified":"2025-01-22T06:34:08","modified_gmt":"2025-01-22T06:34:08","slug":"vista-alegre-amazonia-groses-quadratisches-tablett","status":"publish","type":"product","link":"https:\/\/www.erresse-shop.it\/de\/shop\/tisch\/serviertablette\/vista-alegre-amazonia-groses-quadratisches-tablett\/","title":{"rendered":"VISTA ALEGRE Amazonia Gro\u00dfes Quadratisches Tablett"},"content":{"rendered":"<p>Amaz\u014dnia Gro\u00dfes Quadratisches Tablett. Inspiriert von dem Buch &#8220;Viagens Philosophicas&#8221; (Philosophische Reisen) des Naturforschers Alexandre Rodrigues Ferreira sowie der Fauna, Flora und den Menschen des heutigen Amaz\u014dnia, vereint diese in Zusammenarbeit mit Ecoarts Amaz\u014dnia entwickelte Kollektion zum ersten Mal alle Marken der Gruppe, n\u00e4mlich Vista Alegre, Casa Alegre und Bordallo Pinheiro.<\/p>\n<p>Material: Porzellan<br \/>\nH\u00f6he: 34 mm<br \/>\nL\u00e4nge: 171 mm<br \/>\nGewicht: 478 gr<br \/>\nGebrauchshinweise: Nicht f\u00fcr die Mikrowelle geeignet. F\u00fcr die Verwendung in der Sp\u00fclmaschine werden kurze Zyklen bei niedrigen Temperaturen empfohlen. Vermeiden Sie den h\u00e4ufigen Gebrauch in der Sp\u00fclmaschine.<\/p>\n","protected":false},"excerpt":{"rendered":"<p>Amaz\u014dnia Gro\u00dfes Quadratisches Tablett. Inspiriert von dem Buch &#8220;Viagens Philosophicas&#8221; (Philosophische Reisen) des Naturforschers Alexandre Rodrigues Ferreira sowie der Fauna,<\/p>\n","protected":false},"featured_media":268741,"template":"","meta":{"_acf_changed":false,"inline_featured_image":false},"product_cat":[6853,6787],"product_tag":[25027,24604,22620,22621,22622,22623,25022,11587],"acf":[],"yoast_head":"<!-- This site is optimized with the Yoast SEO Premium plugin v18.6 (Yoast SEO v19.13) - https:\/\/yoast.com\/wordpress\/plugins\/seo\/ -->\n<title>VISTA ALEGRE Amazonia Gro\u00dfes Quadratisches Tablett<\/title>\n<meta name=\"description\" content=\"Entdecken Sie VISTA ALEGRE Amazonia Gro\u00dfes Quadratisches Tablett bei ErresseShop. Qualit\u00e4t, Stil und Funktionalit\u00e4t \u2013 jetzt online bestellen!\" \/>\n<meta name=\"robots\" content=\"index, follow, max-snippet:-1, max-image-preview:large, max-video-preview:-1\" \/>\n<link rel=\"canonical\" href=\"https:\/\/www.erresse-shop.it\/de\/shop\/tisch\/serviertablette\/vista-alegre-amazonia-groses-quadratisches-tablett\/\" \/>\n<meta property=\"og:locale\" content=\"de_DE\" \/>\n<meta property=\"og:type\" content=\"article\" \/>\n<meta property=\"og:title\" content=\"VISTA ALEGRE Amazonia Gro\u00dfes Quadratisches Tablett\" \/>\n<meta property=\"og:description\" content=\"Entdecken Sie VISTA ALEGRE Amazonia Gro\u00dfes Quadratisches Tablett bei ErresseShop. Qualit\u00e4t, Stil und Funktionalit\u00e4t \u2013 jetzt online bestellen!\" \/>\n<meta property=\"og:url\" content=\"https:\/\/www.erresse-shop.it\/de\/shop\/tisch\/serviertablette\/vista-alegre-amazonia-groses-quadratisches-tablett\/\" \/>\n<meta property=\"og:site_name\" content=\"Erresse Shop\" \/>\n<meta property=\"article:modified_time\" content=\"2025-01-22T06:34:08+00:00\" \/>\n<meta property=\"og:image\" content=\"https:\/\/www.erresse-shop.it\/wp-content\/uploads\/2023\/05\/VISTA-ALEGRE-Amazonia-Vassoio-Grande-Quadrato.jpg\" \/>\n\t<meta property=\"og:image:width\" content=\"800\" \/>\n\t<meta property=\"og:image:height\" content=\"800\" \/>\n\t<meta property=\"og:image:type\" content=\"image\/jpeg\" \/>\n<meta name=\"twitter:card\" content=\"summary_large_image\" \/>\n<script type=\"application\/ld+json\" class=\"yoast-schema-graph\">{\"@context\":\"https:\/\/schema.org\",\"@graph\":[{\"@type\":\"WebPage\",\"@id\":\"https:\/\/www.erresse-shop.it\/de\/shop\/tisch\/serviertablette\/vista-alegre-amazonia-groses-quadratisches-tablett\/\",\"url\":\"https:\/\/www.erresse-shop.it\/de\/shop\/tisch\/serviertablette\/vista-alegre-amazonia-groses-quadratisches-tablett\/\",\"name\":\"VISTA ALEGRE Amazonia Gro\u00dfes Quadratisches Tablett\",\"isPartOf\":{\"@id\":\"https:\/\/www.erresse-shop.it\/de\/#website\"},\"datePublished\":\"2023-05-09T13:09:30+00:00\",\"dateModified\":\"2025-01-22T06:34:08+00:00\",\"description\":\"Entdecken Sie VISTA ALEGRE Amazonia Gro\u00dfes Quadratisches Tablett bei ErresseShop. Qualit\u00e4t, Stil und Funktionalit\u00e4t \u2013 jetzt online bestellen!\",\"breadcrumb\":{\"@id\":\"https:\/\/www.erresse-shop.it\/de\/shop\/tisch\/serviertablette\/vista-alegre-amazonia-groses-quadratisches-tablett\/#breadcrumb\"},\"inLanguage\":\"de-DE\",\"potentialAction\":[{\"@type\":\"ReadAction\",\"target\":[\"https:\/\/www.erresse-shop.it\/de\/shop\/tisch\/serviertablette\/vista-alegre-amazonia-groses-quadratisches-tablett\/\"]}]},{\"@type\":\"BreadcrumbList\",\"@id\":\"https:\/\/www.erresse-shop.it\/de\/shop\/tisch\/serviertablette\/vista-alegre-amazonia-groses-quadratisches-tablett\/#breadcrumb\",\"itemListElement\":[{\"@type\":\"ListItem\",\"position\":1,\"name\":\"Home\",\"item\":\"https:\/\/www.erresse-shop.it\/de\/\"},{\"@type\":\"ListItem\",\"position\":2,\"name\":\"Shop\",\"item\":\"https:\/\/www.erresse-shop.it\/de\/shop\/\"},{\"@type\":\"ListItem\",\"position\":3,\"name\":\"VISTA ALEGRE Amazonia Gro\u00dfes Quadratisches Tablett\"}]},{\"@type\":\"WebSite\",\"@id\":\"https:\/\/www.erresse-shop.it\/de\/#website\",\"url\":\"https:\/\/www.erresse-shop.it\/de\/\",\"name\":\"Erresse Shop\",\"description\":\"Articoli di qualit\u00e0 per la casa\",\"potentialAction\":[{\"@type\":\"SearchAction\",\"target\":{\"@type\":\"EntryPoint\",\"urlTemplate\":\"https:\/\/www.erresse-shop.it\/de\/?s={search_term_string}\"},\"query-input\":\"required name=search_term_string\"}],\"inLanguage\":\"de-DE\"}]}<\/script>\n<!-- \/ Yoast SEO Premium plugin. -->","yoast_head_json":{"title":"VISTA ALEGRE Amazonia Gro\u00dfes Quadratisches Tablett","description":"Entdecken Sie VISTA ALEGRE Amazonia Gro\u00dfes Quadratisches Tablett bei ErresseShop. Qualit\u00e4t, Stil und Funktionalit\u00e4t \u2013 jetzt online bestellen!","robots":{"index":"index","follow":"follow","max-snippet":"max-snippet:-1","max-image-preview":"max-image-preview:large","max-video-preview":"max-video-preview:-1"},"canonical":"https:\/\/www.erresse-shop.it\/de\/shop\/tisch\/serviertablette\/vista-alegre-amazonia-groses-quadratisches-tablett\/","og_locale":"de_DE","og_type":"article","og_title":"VISTA ALEGRE Amazonia Gro\u00dfes Quadratisches Tablett","og_description":"Entdecken Sie VISTA ALEGRE Amazonia Gro\u00dfes Quadratisches Tablett bei ErresseShop. Qualit\u00e4t, Stil und Funktionalit\u00e4t \u2013 jetzt online bestellen!","og_url":"https:\/\/www.erresse-shop.it\/de\/shop\/tisch\/serviertablette\/vista-alegre-amazonia-groses-quadratisches-tablett\/","og_site_name":"Erresse Shop","article_modified_time":"2025-01-22T06:34:08+00:00","og_image":[{"width":800,"height":800,"url":"https:\/\/www.erresse-shop.it\/wp-content\/uploads\/2023\/05\/VISTA-ALEGRE-Amazonia-Vassoio-Grande-Quadrato.jpg","type":"image\/jpeg"}],"twitter_card":"summary_large_image","schema":{"@context":"https:\/\/schema.org","@graph":[{"@type":"WebPage","@id":"https:\/\/www.erresse-shop.it\/de\/shop\/tisch\/serviertablette\/vista-alegre-amazonia-groses-quadratisches-tablett\/","url":"https:\/\/www.erresse-shop.it\/de\/shop\/tisch\/serviertablette\/vista-alegre-amazonia-groses-quadratisches-tablett\/","name":"VISTA ALEGRE Amazonia Gro\u00dfes Quadratisches Tablett","isPartOf":{"@id":"https:\/\/www.erresse-shop.it\/de\/#website"},"datePublished":"2023-05-09T13:09:30+00:00","dateModified":"2025-01-22T06:34:08+00:00","description":"Entdecken Sie VISTA ALEGRE Amazonia Gro\u00dfes Quadratisches Tablett bei ErresseShop. Qualit\u00e4t, Stil und Funktionalit\u00e4t \u2013 jetzt online bestellen!","breadcrumb":{"@id":"https:\/\/www.erresse-shop.it\/de\/shop\/tisch\/serviertablette\/vista-alegre-amazonia-groses-quadratisches-tablett\/#breadcrumb"},"inLanguage":"de-DE","potentialAction":[{"@type":"ReadAction","target":["https:\/\/www.erresse-shop.it\/de\/shop\/tisch\/serviertablette\/vista-alegre-amazonia-groses-quadratisches-tablett\/"]}]},{"@type":"BreadcrumbList","@id":"https:\/\/www.erresse-shop.it\/de\/shop\/tisch\/serviertablette\/vista-alegre-amazonia-groses-quadratisches-tablett\/#breadcrumb","itemListElement":[{"@type":"ListItem","position":1,"name":"Home","item":"https:\/\/www.erresse-shop.it\/de\/"},{"@type":"ListItem","position":2,"name":"Shop","item":"https:\/\/www.erresse-shop.it\/de\/shop\/"},{"@type":"ListItem","position":3,"name":"VISTA ALEGRE Amazonia Gro\u00dfes Quadratisches Tablett"}]},{"@type":"WebSite","@id":"https:\/\/www.erresse-shop.it\/de\/#website","url":"https:\/\/www.erresse-shop.it\/de\/","name":"Erresse Shop","description":"Articoli di qualit\u00e0 per la casa","potentialAction":[{"@type":"SearchAction","target":{"@type":"EntryPoint","urlTemplate":"https:\/\/www.erresse-shop.it\/de\/?s={search_term_string}"},"query-input":"required name=search_term_string"}],"inLanguage":"de-DE"}]}},"df_price":43.2,"df_sale_price":43.2,"df_regular_price":96,"df_image_link":"https:\/\/www.erresse-shop.it\/wp-content\/uploads\/2023\/05\/VISTA-ALEGRE-Amazonia-Vassoio-Grande-Quadrato-300x300.jpg","_links":{"self":[{"href":"https:\/\/www.erresse-shop.it\/de\/wp-json\/wp\/v2\/product\/268728"}],"collection":[{"href":"https:\/\/www.erresse-shop.it\/de\/wp-json\/wp\/v2\/product"}],"about":[{"href":"https:\/\/www.erresse-shop.it\/de\/wp-json\/wp\/v2\/types\/product"}],"wp:featuredmedia":[{"embeddable":true,"href":"https:\/\/www.erresse-shop.it\/de\/wp-json\/wp\/v2\/media\/268741"}],"wp:attachment":[{"href":"https:\/\/www.erresse-shop.it\/de\/wp-json\/wp\/v2\/media?parent=268728"}],"wp:term":[{"taxonomy":"product_cat","embeddable":true,"href":"https:\/\/www.erresse-shop.it\/de\/wp-json\/wp\/v2\/product_cat?post=268728"},{"taxonomy":"product_tag","embeddable":true,"href":"https:\/\/www.erresse-shop.it\/de\/wp-json\/wp\/v2\/product_tag?post=268728"}],"curies":[{"name":"wp","href":"https:\/\/api.w.org\/{rel}","templated":true}]}}