{"id":268580,"date":"2023-05-09T10:40:33","date_gmt":"2023-05-09T10:40:35","guid":{"rendered":"https:\/\/www.erresse-shop.it\/?post_type=product&#038;p=268580"},"modified":"2025-01-22T06:34:03","modified_gmt":"2025-01-22T06:34:03","slug":"vista-alegre-amazonia-salatschussel-26-cm","status":"publish","type":"product","link":"https:\/\/www.erresse-shop.it\/de\/shop\/tisch\/salatschuesseln-und-terrinen\/vista-alegre-amazonia-salatschussel-26-cm\/","title":{"rendered":"VISTA ALEGRE Amazonia Salatsch\u00fcssel 26 cm"},"content":{"rendered":"<p>Amaz\u014dnia Dessertteller. Inspiriert von dem Buch &#8220;Viagens Philosophicas&#8221; (Philosophische Reisen) des Naturforschers Alexandre Rodrigues Ferreira sowie der Fauna, Flora und den Menschen des heutigen Amaz\u014dnia, vereint diese in Zusammenarbeit mit Ecoarts Amaz\u014dnia entwickelte Kollektion zum ersten Mal alle Marken der Gruppe, n\u00e4mlich Vista Alegre, Casa Alegre und Bordallo Pinheiro.<\/p>\n<p>Material: Porzellan<br \/>\nH\u00f6he: 125 mm<br \/>\nL\u00e4nge: 260 mm<br \/>\nVolumen: 3606 ml<br \/>\nGewicht: 1240 gr<br \/>\nGebrauchshinweise: Nicht f\u00fcr die Mikrowelle geeignet. F\u00fcr die Verwendung in der Sp\u00fclmaschine werden kurze Zyklen bei niedrigen Temperaturen empfohlen. Vermeiden Sie den h\u00e4ufigen Gebrauch in der Sp\u00fclmaschine.<\/p>\n","protected":false},"excerpt":{"rendered":"<p>Amaz\u014dnia Dessertteller. Inspiriert von dem Buch &#8220;Viagens Philosophicas&#8221; (Philosophische Reisen) des Naturforschers Alexandre Rodrigues Ferreira sowie der Fauna, Flora und<\/p>\n","protected":false},"featured_media":268574,"template":"","meta":{"_acf_changed":false,"inline_featured_image":false},"product_cat":[6892,6787],"product_tag":[25027,24604,13044,25022],"acf":[],"yoast_head":"<!-- This site is optimized with the Yoast SEO Premium plugin v18.6 (Yoast SEO v19.13) - https:\/\/yoast.com\/wordpress\/plugins\/seo\/ -->\n<title>VISTA ALEGRE Amazonia Salatsch\u00fcssel 26 cm<\/title>\n<meta name=\"description\" content=\"Entdecken Sie VISTA ALEGRE Amazonia Salatsch\u00fcssel 26 cm bei ErresseShop. Qualit\u00e4t, Stil und Funktionalit\u00e4t \u2013 jetzt online bestellen!\" \/>\n<meta name=\"robots\" content=\"index, follow, max-snippet:-1, max-image-preview:large, max-video-preview:-1\" \/>\n<link rel=\"canonical\" href=\"https:\/\/www.erresse-shop.it\/de\/shop\/tisch\/salatschuesseln-und-terrinen\/vista-alegre-amazonia-salatschussel-26-cm\/\" \/>\n<meta property=\"og:locale\" content=\"de_DE\" \/>\n<meta property=\"og:type\" content=\"article\" \/>\n<meta property=\"og:title\" content=\"VISTA ALEGRE Amazonia Salatsch\u00fcssel 26 cm\" \/>\n<meta property=\"og:description\" content=\"Entdecken Sie VISTA ALEGRE Amazonia Salatsch\u00fcssel 26 cm bei ErresseShop. Qualit\u00e4t, Stil und Funktionalit\u00e4t \u2013 jetzt online bestellen!\" \/>\n<meta property=\"og:url\" content=\"https:\/\/www.erresse-shop.it\/de\/shop\/tisch\/salatschuesseln-und-terrinen\/vista-alegre-amazonia-salatschussel-26-cm\/\" \/>\n<meta property=\"og:site_name\" content=\"Erresse Shop\" \/>\n<meta property=\"article:modified_time\" content=\"2025-01-22T06:34:03+00:00\" \/>\n<meta property=\"og:image\" content=\"https:\/\/www.erresse-shop.it\/wp-content\/uploads\/2023\/05\/VISTA-ALEGRE-Amazonia-Insalatiera-26-cm.jpg\" \/>\n\t<meta property=\"og:image:width\" content=\"800\" \/>\n\t<meta property=\"og:image:height\" content=\"800\" \/>\n\t<meta property=\"og:image:type\" content=\"image\/jpeg\" \/>\n<meta name=\"twitter:card\" content=\"summary_large_image\" \/>\n<script type=\"application\/ld+json\" class=\"yoast-schema-graph\">{\"@context\":\"https:\/\/schema.org\",\"@graph\":[{\"@type\":\"WebPage\",\"@id\":\"https:\/\/www.erresse-shop.it\/de\/shop\/tisch\/salatschuesseln-und-terrinen\/vista-alegre-amazonia-salatschussel-26-cm\/\",\"url\":\"https:\/\/www.erresse-shop.it\/de\/shop\/tisch\/salatschuesseln-und-terrinen\/vista-alegre-amazonia-salatschussel-26-cm\/\",\"name\":\"VISTA ALEGRE Amazonia Salatsch\u00fcssel 26 cm\",\"isPartOf\":{\"@id\":\"https:\/\/www.erresse-shop.it\/de\/#website\"},\"datePublished\":\"2023-05-09T10:40:35+00:00\",\"dateModified\":\"2025-01-22T06:34:03+00:00\",\"description\":\"Entdecken Sie VISTA ALEGRE Amazonia Salatsch\u00fcssel 26 cm bei ErresseShop. Qualit\u00e4t, Stil und Funktionalit\u00e4t \u2013 jetzt online bestellen!\",\"breadcrumb\":{\"@id\":\"https:\/\/www.erresse-shop.it\/de\/shop\/tisch\/salatschuesseln-und-terrinen\/vista-alegre-amazonia-salatschussel-26-cm\/#breadcrumb\"},\"inLanguage\":\"de-DE\",\"potentialAction\":[{\"@type\":\"ReadAction\",\"target\":[\"https:\/\/www.erresse-shop.it\/de\/shop\/tisch\/salatschuesseln-und-terrinen\/vista-alegre-amazonia-salatschussel-26-cm\/\"]}]},{\"@type\":\"BreadcrumbList\",\"@id\":\"https:\/\/www.erresse-shop.it\/de\/shop\/tisch\/salatschuesseln-und-terrinen\/vista-alegre-amazonia-salatschussel-26-cm\/#breadcrumb\",\"itemListElement\":[{\"@type\":\"ListItem\",\"position\":1,\"name\":\"Home\",\"item\":\"https:\/\/www.erresse-shop.it\/de\/\"},{\"@type\":\"ListItem\",\"position\":2,\"name\":\"Shop\",\"item\":\"https:\/\/www.erresse-shop.it\/de\/shop\/\"},{\"@type\":\"ListItem\",\"position\":3,\"name\":\"VISTA ALEGRE Amazonia Salatsch\u00fcssel 26 cm\"}]},{\"@type\":\"WebSite\",\"@id\":\"https:\/\/www.erresse-shop.it\/de\/#website\",\"url\":\"https:\/\/www.erresse-shop.it\/de\/\",\"name\":\"Erresse Shop\",\"description\":\"Articoli di qualit\u00e0 per la casa\",\"potentialAction\":[{\"@type\":\"SearchAction\",\"target\":{\"@type\":\"EntryPoint\",\"urlTemplate\":\"https:\/\/www.erresse-shop.it\/de\/?s={search_term_string}\"},\"query-input\":\"required name=search_term_string\"}],\"inLanguage\":\"de-DE\"}]}<\/script>\n<!-- \/ Yoast SEO Premium plugin. -->","yoast_head_json":{"title":"VISTA ALEGRE Amazonia Salatsch\u00fcssel 26 cm","description":"Entdecken Sie VISTA ALEGRE Amazonia Salatsch\u00fcssel 26 cm bei ErresseShop. Qualit\u00e4t, Stil und Funktionalit\u00e4t \u2013 jetzt online bestellen!","robots":{"index":"index","follow":"follow","max-snippet":"max-snippet:-1","max-image-preview":"max-image-preview:large","max-video-preview":"max-video-preview:-1"},"canonical":"https:\/\/www.erresse-shop.it\/de\/shop\/tisch\/salatschuesseln-und-terrinen\/vista-alegre-amazonia-salatschussel-26-cm\/","og_locale":"de_DE","og_type":"article","og_title":"VISTA ALEGRE Amazonia Salatsch\u00fcssel 26 cm","og_description":"Entdecken Sie VISTA ALEGRE Amazonia Salatsch\u00fcssel 26 cm bei ErresseShop. Qualit\u00e4t, Stil und Funktionalit\u00e4t \u2013 jetzt online bestellen!","og_url":"https:\/\/www.erresse-shop.it\/de\/shop\/tisch\/salatschuesseln-und-terrinen\/vista-alegre-amazonia-salatschussel-26-cm\/","og_site_name":"Erresse Shop","article_modified_time":"2025-01-22T06:34:03+00:00","og_image":[{"width":800,"height":800,"url":"https:\/\/www.erresse-shop.it\/wp-content\/uploads\/2023\/05\/VISTA-ALEGRE-Amazonia-Insalatiera-26-cm.jpg","type":"image\/jpeg"}],"twitter_card":"summary_large_image","schema":{"@context":"https:\/\/schema.org","@graph":[{"@type":"WebPage","@id":"https:\/\/www.erresse-shop.it\/de\/shop\/tisch\/salatschuesseln-und-terrinen\/vista-alegre-amazonia-salatschussel-26-cm\/","url":"https:\/\/www.erresse-shop.it\/de\/shop\/tisch\/salatschuesseln-und-terrinen\/vista-alegre-amazonia-salatschussel-26-cm\/","name":"VISTA ALEGRE Amazonia Salatsch\u00fcssel 26 cm","isPartOf":{"@id":"https:\/\/www.erresse-shop.it\/de\/#website"},"datePublished":"2023-05-09T10:40:35+00:00","dateModified":"2025-01-22T06:34:03+00:00","description":"Entdecken Sie VISTA ALEGRE Amazonia Salatsch\u00fcssel 26 cm bei ErresseShop. Qualit\u00e4t, Stil und Funktionalit\u00e4t \u2013 jetzt online bestellen!","breadcrumb":{"@id":"https:\/\/www.erresse-shop.it\/de\/shop\/tisch\/salatschuesseln-und-terrinen\/vista-alegre-amazonia-salatschussel-26-cm\/#breadcrumb"},"inLanguage":"de-DE","potentialAction":[{"@type":"ReadAction","target":["https:\/\/www.erresse-shop.it\/de\/shop\/tisch\/salatschuesseln-und-terrinen\/vista-alegre-amazonia-salatschussel-26-cm\/"]}]},{"@type":"BreadcrumbList","@id":"https:\/\/www.erresse-shop.it\/de\/shop\/tisch\/salatschuesseln-und-terrinen\/vista-alegre-amazonia-salatschussel-26-cm\/#breadcrumb","itemListElement":[{"@type":"ListItem","position":1,"name":"Home","item":"https:\/\/www.erresse-shop.it\/de\/"},{"@type":"ListItem","position":2,"name":"Shop","item":"https:\/\/www.erresse-shop.it\/de\/shop\/"},{"@type":"ListItem","position":3,"name":"VISTA ALEGRE Amazonia Salatsch\u00fcssel 26 cm"}]},{"@type":"WebSite","@id":"https:\/\/www.erresse-shop.it\/de\/#website","url":"https:\/\/www.erresse-shop.it\/de\/","name":"Erresse Shop","description":"Articoli di qualit\u00e0 per la casa","potentialAction":[{"@type":"SearchAction","target":{"@type":"EntryPoint","urlTemplate":"https:\/\/www.erresse-shop.it\/de\/?s={search_term_string}"},"query-input":"required name=search_term_string"}],"inLanguage":"de-DE"}]}},"df_price":70.2,"df_sale_price":70.2,"df_regular_price":156,"df_image_link":"https:\/\/www.erresse-shop.it\/wp-content\/uploads\/2023\/05\/VISTA-ALEGRE-Amazonia-Insalatiera-26-cm-300x300.jpg","_links":{"self":[{"href":"https:\/\/www.erresse-shop.it\/de\/wp-json\/wp\/v2\/product\/268580"}],"collection":[{"href":"https:\/\/www.erresse-shop.it\/de\/wp-json\/wp\/v2\/product"}],"about":[{"href":"https:\/\/www.erresse-shop.it\/de\/wp-json\/wp\/v2\/types\/product"}],"wp:featuredmedia":[{"embeddable":true,"href":"https:\/\/www.erresse-shop.it\/de\/wp-json\/wp\/v2\/media\/268574"}],"wp:attachment":[{"href":"https:\/\/www.erresse-shop.it\/de\/wp-json\/wp\/v2\/media?parent=268580"}],"wp:term":[{"taxonomy":"product_cat","embeddable":true,"href":"https:\/\/www.erresse-shop.it\/de\/wp-json\/wp\/v2\/product_cat?post=268580"},{"taxonomy":"product_tag","embeddable":true,"href":"https:\/\/www.erresse-shop.it\/de\/wp-json\/wp\/v2\/product_tag?post=268580"}],"curies":[{"name":"wp","href":"https:\/\/api.w.org\/{rel}","templated":true}]}}