{"id":267865,"date":"2023-05-08T09:00:59","date_gmt":"2023-05-08T09:01:01","guid":{"rendered":"https:\/\/www.erresse-shop.it\/?post_type=product&#038;p=267865"},"modified":"2025-01-16T15:59:45","modified_gmt":"2025-01-16T15:59:45","slug":"emile-henry-grose-rechteckige-bratpfanne-argile","status":"publish","type":"product","link":"https:\/\/www.erresse-shop.it\/de\/shop\/toepfe-pfannen\/toepfe-und-backformen\/emile-henry-grose-rechteckige-bratpfanne-argile\/","title":{"rendered":"EMILE HENRY Gro\u00dfe Rechteckige Bratpfanne Argile"},"content":{"rendered":"<p>Mit der rechteckigen Auflaufform von Emile Henry k\u00f6nnen Sie Lasagne, Gratins und Braten ganz einfach zubereiten und auf dem Tisch pr\u00e4sentieren. Sie besteht aus HR\u00ae-Keramik (High Resistance) und verteilt die W\u00e4rme gleichm\u00e4\u00dfig, so dass die Speisen perfekt und nat\u00fcrlich bis in die Mitte gegart werden k\u00f6nnen. Sie kann direkt aus dem Gefrierschrank in den bis zu 270\u00b0C hei\u00dfen Ofen oder unter den Grill gestellt werden. Die hochfeste Glasur sch\u00fctzt die Schale vor Kratzern und Absplittern und kann regelm\u00e4\u00dfig in der Sp\u00fclmaschine gereinigt werden, ohne dass sie ihre Farbe verliert. Die gro\u00dfz\u00fcgige und elegante Form bietet eine Mischung aus Tradition und Moderne, und diese Schale von Emile Henry wird bald zu einem unentbehrlichen K\u00fcchenutensil f\u00fcr all Ihre Kochbed\u00fcrfnisse.<br \/>\nHergestellt in Frankreich<\/p>\n<p>Garantie 10 Jahre<\/p>\n<p><strong>L\u00e4nge\/Durchmesser:<\/strong> 42,5 cm<br \/>\n<strong>Breite:<\/strong> 28 cm<br \/>\n<strong>H\u00f6he:<\/strong> 7,5 cm<br \/>\n<strong>Gewicht:<\/strong> 2,6 kg<\/p>\n","protected":false},"excerpt":{"rendered":"<p>Mit der rechteckigen Auflaufform von Emile Henry k\u00f6nnen Sie Lasagne, Gratins und Braten ganz einfach zubereiten und auf dem Tisch<\/p>\n","protected":false},"featured_media":267858,"template":"","meta":{"_acf_changed":false,"inline_featured_image":false},"product_cat":[6709,14806],"product_tag":[14572,19087,17109,11897],"acf":[],"yoast_head":"<!-- This site is optimized with the Yoast SEO Premium plugin v18.6 (Yoast SEO v19.13) - https:\/\/yoast.com\/wordpress\/plugins\/seo\/ -->\n<title>EMILE HENRY Gro\u00dfe Rechteckige Bratpfanne Argile<\/title>\n<meta name=\"description\" content=\"Entdecken Sie EMILE HENRY Gro\u00dfe Rechteckige Bratpfanne Argile bei ErresseShop. Qualit\u00e4t, Stil und Funktionalit\u00e4t \u2013 jetzt online bestellen!\" \/>\n<meta name=\"robots\" content=\"index, follow, max-snippet:-1, max-image-preview:large, max-video-preview:-1\" \/>\n<link rel=\"canonical\" href=\"https:\/\/www.erresse-shop.it\/de\/shop\/toepfe-pfannen\/toepfe-und-backformen\/emile-henry-grose-rechteckige-bratpfanne-argile\/\" \/>\n<meta property=\"og:locale\" content=\"de_DE\" \/>\n<meta property=\"og:type\" content=\"article\" \/>\n<meta property=\"og:title\" content=\"EMILE HENRY Gro\u00dfe Rechteckige Bratpfanne Argile\" \/>\n<meta property=\"og:description\" content=\"Entdecken Sie EMILE HENRY Gro\u00dfe Rechteckige Bratpfanne Argile bei ErresseShop. Qualit\u00e4t, Stil und Funktionalit\u00e4t \u2013 jetzt online bestellen!\" \/>\n<meta property=\"og:url\" content=\"https:\/\/www.erresse-shop.it\/de\/shop\/toepfe-pfannen\/toepfe-und-backformen\/emile-henry-grose-rechteckige-bratpfanne-argile\/\" \/>\n<meta property=\"og:site_name\" content=\"Erresse Shop\" \/>\n<meta property=\"article:modified_time\" content=\"2025-01-16T15:59:45+00:00\" \/>\n<meta property=\"og:image\" content=\"https:\/\/www.erresse-shop.it\/wp-content\/uploads\/2023\/05\/EMILE-HENRY-Pirofila-Media-Rettangolare-Argile.jpg\" \/>\n\t<meta property=\"og:image:width\" content=\"800\" \/>\n\t<meta property=\"og:image:height\" content=\"800\" \/>\n\t<meta property=\"og:image:type\" content=\"image\/jpeg\" \/>\n<meta name=\"twitter:card\" content=\"summary_large_image\" \/>\n<script type=\"application\/ld+json\" class=\"yoast-schema-graph\">{\"@context\":\"https:\/\/schema.org\",\"@graph\":[{\"@type\":\"WebPage\",\"@id\":\"https:\/\/www.erresse-shop.it\/de\/shop\/toepfe-pfannen\/toepfe-und-backformen\/emile-henry-grose-rechteckige-bratpfanne-argile\/\",\"url\":\"https:\/\/www.erresse-shop.it\/de\/shop\/toepfe-pfannen\/toepfe-und-backformen\/emile-henry-grose-rechteckige-bratpfanne-argile\/\",\"name\":\"EMILE HENRY Gro\u00dfe Rechteckige Bratpfanne Argile\",\"isPartOf\":{\"@id\":\"https:\/\/www.erresse-shop.it\/de\/#website\"},\"datePublished\":\"2023-05-08T09:01:01+00:00\",\"dateModified\":\"2025-01-16T15:59:45+00:00\",\"description\":\"Entdecken Sie EMILE HENRY Gro\u00dfe Rechteckige Bratpfanne Argile bei ErresseShop. Qualit\u00e4t, Stil und Funktionalit\u00e4t \u2013 jetzt online bestellen!\",\"breadcrumb\":{\"@id\":\"https:\/\/www.erresse-shop.it\/de\/shop\/toepfe-pfannen\/toepfe-und-backformen\/emile-henry-grose-rechteckige-bratpfanne-argile\/#breadcrumb\"},\"inLanguage\":\"de-DE\",\"potentialAction\":[{\"@type\":\"ReadAction\",\"target\":[\"https:\/\/www.erresse-shop.it\/de\/shop\/toepfe-pfannen\/toepfe-und-backformen\/emile-henry-grose-rechteckige-bratpfanne-argile\/\"]}]},{\"@type\":\"BreadcrumbList\",\"@id\":\"https:\/\/www.erresse-shop.it\/de\/shop\/toepfe-pfannen\/toepfe-und-backformen\/emile-henry-grose-rechteckige-bratpfanne-argile\/#breadcrumb\",\"itemListElement\":[{\"@type\":\"ListItem\",\"position\":1,\"name\":\"Home\",\"item\":\"https:\/\/www.erresse-shop.it\/de\/\"},{\"@type\":\"ListItem\",\"position\":2,\"name\":\"Shop\",\"item\":\"https:\/\/www.erresse-shop.it\/de\/shop\/\"},{\"@type\":\"ListItem\",\"position\":3,\"name\":\"EMILE HENRY Gro\u00dfe Rechteckige Bratpfanne Argile\"}]},{\"@type\":\"WebSite\",\"@id\":\"https:\/\/www.erresse-shop.it\/de\/#website\",\"url\":\"https:\/\/www.erresse-shop.it\/de\/\",\"name\":\"Erresse Shop\",\"description\":\"Articoli di qualit\u00e0 per la casa\",\"potentialAction\":[{\"@type\":\"SearchAction\",\"target\":{\"@type\":\"EntryPoint\",\"urlTemplate\":\"https:\/\/www.erresse-shop.it\/de\/?s={search_term_string}\"},\"query-input\":\"required name=search_term_string\"}],\"inLanguage\":\"de-DE\"}]}<\/script>\n<!-- \/ Yoast SEO Premium plugin. -->","yoast_head_json":{"title":"EMILE HENRY Gro\u00dfe Rechteckige Bratpfanne Argile","description":"Entdecken Sie EMILE HENRY Gro\u00dfe Rechteckige Bratpfanne Argile bei ErresseShop. Qualit\u00e4t, Stil und Funktionalit\u00e4t \u2013 jetzt online bestellen!","robots":{"index":"index","follow":"follow","max-snippet":"max-snippet:-1","max-image-preview":"max-image-preview:large","max-video-preview":"max-video-preview:-1"},"canonical":"https:\/\/www.erresse-shop.it\/de\/shop\/toepfe-pfannen\/toepfe-und-backformen\/emile-henry-grose-rechteckige-bratpfanne-argile\/","og_locale":"de_DE","og_type":"article","og_title":"EMILE HENRY Gro\u00dfe Rechteckige Bratpfanne Argile","og_description":"Entdecken Sie EMILE HENRY Gro\u00dfe Rechteckige Bratpfanne Argile bei ErresseShop. Qualit\u00e4t, Stil und Funktionalit\u00e4t \u2013 jetzt online bestellen!","og_url":"https:\/\/www.erresse-shop.it\/de\/shop\/toepfe-pfannen\/toepfe-und-backformen\/emile-henry-grose-rechteckige-bratpfanne-argile\/","og_site_name":"Erresse Shop","article_modified_time":"2025-01-16T15:59:45+00:00","og_image":[{"width":800,"height":800,"url":"https:\/\/www.erresse-shop.it\/wp-content\/uploads\/2023\/05\/EMILE-HENRY-Pirofila-Media-Rettangolare-Argile.jpg","type":"image\/jpeg"}],"twitter_card":"summary_large_image","schema":{"@context":"https:\/\/schema.org","@graph":[{"@type":"WebPage","@id":"https:\/\/www.erresse-shop.it\/de\/shop\/toepfe-pfannen\/toepfe-und-backformen\/emile-henry-grose-rechteckige-bratpfanne-argile\/","url":"https:\/\/www.erresse-shop.it\/de\/shop\/toepfe-pfannen\/toepfe-und-backformen\/emile-henry-grose-rechteckige-bratpfanne-argile\/","name":"EMILE HENRY Gro\u00dfe Rechteckige Bratpfanne Argile","isPartOf":{"@id":"https:\/\/www.erresse-shop.it\/de\/#website"},"datePublished":"2023-05-08T09:01:01+00:00","dateModified":"2025-01-16T15:59:45+00:00","description":"Entdecken Sie EMILE HENRY Gro\u00dfe Rechteckige Bratpfanne Argile bei ErresseShop. Qualit\u00e4t, Stil und Funktionalit\u00e4t \u2013 jetzt online bestellen!","breadcrumb":{"@id":"https:\/\/www.erresse-shop.it\/de\/shop\/toepfe-pfannen\/toepfe-und-backformen\/emile-henry-grose-rechteckige-bratpfanne-argile\/#breadcrumb"},"inLanguage":"de-DE","potentialAction":[{"@type":"ReadAction","target":["https:\/\/www.erresse-shop.it\/de\/shop\/toepfe-pfannen\/toepfe-und-backformen\/emile-henry-grose-rechteckige-bratpfanne-argile\/"]}]},{"@type":"BreadcrumbList","@id":"https:\/\/www.erresse-shop.it\/de\/shop\/toepfe-pfannen\/toepfe-und-backformen\/emile-henry-grose-rechteckige-bratpfanne-argile\/#breadcrumb","itemListElement":[{"@type":"ListItem","position":1,"name":"Home","item":"https:\/\/www.erresse-shop.it\/de\/"},{"@type":"ListItem","position":2,"name":"Shop","item":"https:\/\/www.erresse-shop.it\/de\/shop\/"},{"@type":"ListItem","position":3,"name":"EMILE HENRY Gro\u00dfe Rechteckige Bratpfanne Argile"}]},{"@type":"WebSite","@id":"https:\/\/www.erresse-shop.it\/de\/#website","url":"https:\/\/www.erresse-shop.it\/de\/","name":"Erresse Shop","description":"Articoli di qualit\u00e0 per la casa","potentialAction":[{"@type":"SearchAction","target":{"@type":"EntryPoint","urlTemplate":"https:\/\/www.erresse-shop.it\/de\/?s={search_term_string}"},"query-input":"required name=search_term_string"}],"inLanguage":"de-DE"}]}},"df_price":56.550000000000004,"df_sale_price":56.550000000000004,"df_regular_price":72.5,"df_image_link":"https:\/\/www.erresse-shop.it\/wp-content\/uploads\/2023\/05\/EMILE-HENRY-Pirofila-Media-Rettangolare-Argile-300x300.jpg","_links":{"self":[{"href":"https:\/\/www.erresse-shop.it\/de\/wp-json\/wp\/v2\/product\/267865"}],"collection":[{"href":"https:\/\/www.erresse-shop.it\/de\/wp-json\/wp\/v2\/product"}],"about":[{"href":"https:\/\/www.erresse-shop.it\/de\/wp-json\/wp\/v2\/types\/product"}],"wp:featuredmedia":[{"embeddable":true,"href":"https:\/\/www.erresse-shop.it\/de\/wp-json\/wp\/v2\/media\/267858"}],"wp:attachment":[{"href":"https:\/\/www.erresse-shop.it\/de\/wp-json\/wp\/v2\/media?parent=267865"}],"wp:term":[{"taxonomy":"product_cat","embeddable":true,"href":"https:\/\/www.erresse-shop.it\/de\/wp-json\/wp\/v2\/product_cat?post=267865"},{"taxonomy":"product_tag","embeddable":true,"href":"https:\/\/www.erresse-shop.it\/de\/wp-json\/wp\/v2\/product_tag?post=267865"}],"curies":[{"name":"wp","href":"https:\/\/api.w.org\/{rel}","templated":true}]}}