{"id":264861,"date":"2023-04-28T12:15:34","date_gmt":"2023-04-28T12:15:35","guid":{"rendered":"https:\/\/www.erresse-shop.it\/?post_type=product&#038;p=264861"},"modified":"2024-07-07T20:37:51","modified_gmt":"2024-07-07T20:37:51","slug":"seletti-toiletpaper-spiegel-mit-goldenem-rahmen-lippenstifte","status":"publish","type":"product","link":"https:\/\/www.erresse-shop.it\/de\/shop\/einrichtung-haus\/dekoartikel\/seletti-toiletpaper-spiegel-mit-goldenem-rahmen-lippenstifte\/","title":{"rendered":"SELETTI Toiletpaper Spiegel mit goldenem Rahmen Lippenstifte"},"content":{"rendered":"<p>Eine Serie von Spiegeln, die mit einigen der respektlosesten Bilder von <strong>TOILETPAPER<\/strong> verziert sind. Die 6 Grafiken, die in zwei Gr\u00f6\u00dfen erh\u00e4ltlich sind, verleihen Ihrer Wand einen provokanten Touch und machen Sie zum Protagonisten ihrer verr\u00fcckten und au\u00dfergew\u00f6hnlichen Welt<\/p>\n<p><strong>Gestaltung:<\/strong> Toiletpaper<br \/>\n<strong>Material:<\/strong> Glas und MDF, von Hand mit Messingfolie \u00fcberzogen<br \/>\n<strong>Abmessungen:<\/strong> Cm 54 h. 59<\/p>\n","protected":false},"excerpt":{"rendered":"<p>Eine Serie von Spiegeln, die mit einigen der respektlosesten Bilder von TOILETPAPER verziert sind. Die 6 Grafiken, die in zwei<\/p>\n","protected":false},"featured_media":264874,"template":"","meta":{"_acf_changed":false,"inline_featured_image":false},"product_cat":[6817,14442],"product_tag":[13105,25022,22579,13106],"acf":[],"yoast_head":"<!-- This site is optimized with the Yoast SEO Premium plugin v18.6 (Yoast SEO v19.13) - https:\/\/yoast.com\/wordpress\/plugins\/seo\/ -->\n<title>SELETTI Toiletpaper Spiegel mit goldenem Rahmen Lippenstifte - Erresse Shop<\/title>\n<meta name=\"description\" content=\"Eine Serie von Spiegeln, die mit einigen der respektlosesten Bilder von TOILETPAPER verziert sind. Die 6 Grafiken, die in zwei Gr\u00f6\u00dfen erh\u00e4ltlich sind,\" \/>\n<meta name=\"robots\" content=\"index, follow, max-snippet:-1, max-image-preview:large, max-video-preview:-1\" \/>\n<link rel=\"canonical\" href=\"https:\/\/www.erresse-shop.it\/de\/shop\/einrichtung-haus\/dekoartikel\/seletti-toiletpaper-spiegel-mit-goldenem-rahmen-lippenstifte\/\" \/>\n<meta property=\"og:locale\" content=\"de_DE\" \/>\n<meta property=\"og:type\" content=\"article\" \/>\n<meta property=\"og:title\" content=\"SELETTI Toiletpaper Spiegel mit goldenem Rahmen Lippenstifte\" \/>\n<meta property=\"og:description\" content=\"Eine Serie von Spiegeln, die mit einigen der respektlosesten Bilder von TOILETPAPER verziert sind. Die 6 Grafiken, die in zwei Gr\u00f6\u00dfen erh\u00e4ltlich sind,\" \/>\n<meta property=\"og:url\" content=\"https:\/\/www.erresse-shop.it\/de\/shop\/einrichtung-haus\/dekoartikel\/seletti-toiletpaper-spiegel-mit-goldenem-rahmen-lippenstifte\/\" \/>\n<meta property=\"og:site_name\" content=\"Erresse Shop\" \/>\n<meta property=\"article:modified_time\" content=\"2024-07-07T20:37:51+00:00\" \/>\n<meta property=\"og:image\" content=\"https:\/\/www.erresse-shop.it\/wp-content\/uploads\/2023\/04\/SELETTI-Toiletpaper-Specchio-con-Cornice-Dorata-Rossetti.jpg\" \/>\n\t<meta property=\"og:image:width\" content=\"800\" \/>\n\t<meta property=\"og:image:height\" content=\"800\" \/>\n\t<meta property=\"og:image:type\" content=\"image\/jpeg\" \/>\n<meta name=\"twitter:card\" content=\"summary_large_image\" \/>\n<script type=\"application\/ld+json\" class=\"yoast-schema-graph\">{\"@context\":\"https:\/\/schema.org\",\"@graph\":[{\"@type\":\"WebPage\",\"@id\":\"https:\/\/www.erresse-shop.it\/de\/shop\/einrichtung-haus\/dekoartikel\/seletti-toiletpaper-spiegel-mit-goldenem-rahmen-lippenstifte\/\",\"url\":\"https:\/\/www.erresse-shop.it\/de\/shop\/einrichtung-haus\/dekoartikel\/seletti-toiletpaper-spiegel-mit-goldenem-rahmen-lippenstifte\/\",\"name\":\"SELETTI Toiletpaper Spiegel mit goldenem Rahmen Lippenstifte - Erresse Shop\",\"isPartOf\":{\"@id\":\"https:\/\/www.erresse-shop.it\/de\/#website\"},\"datePublished\":\"2023-04-28T12:15:35+00:00\",\"dateModified\":\"2024-07-07T20:37:51+00:00\",\"description\":\"Eine Serie von Spiegeln, die mit einigen der respektlosesten Bilder von TOILETPAPER verziert sind. Die 6 Grafiken, die in zwei Gr\u00f6\u00dfen erh\u00e4ltlich sind,\",\"breadcrumb\":{\"@id\":\"https:\/\/www.erresse-shop.it\/de\/shop\/einrichtung-haus\/dekoartikel\/seletti-toiletpaper-spiegel-mit-goldenem-rahmen-lippenstifte\/#breadcrumb\"},\"inLanguage\":\"de-DE\",\"potentialAction\":[{\"@type\":\"ReadAction\",\"target\":[\"https:\/\/www.erresse-shop.it\/de\/shop\/einrichtung-haus\/dekoartikel\/seletti-toiletpaper-spiegel-mit-goldenem-rahmen-lippenstifte\/\"]}]},{\"@type\":\"BreadcrumbList\",\"@id\":\"https:\/\/www.erresse-shop.it\/de\/shop\/einrichtung-haus\/dekoartikel\/seletti-toiletpaper-spiegel-mit-goldenem-rahmen-lippenstifte\/#breadcrumb\",\"itemListElement\":[{\"@type\":\"ListItem\",\"position\":1,\"name\":\"Home\",\"item\":\"https:\/\/www.erresse-shop.it\/de\/\"},{\"@type\":\"ListItem\",\"position\":2,\"name\":\"Shop\",\"item\":\"https:\/\/www.erresse-shop.it\/de\/shop\/\"},{\"@type\":\"ListItem\",\"position\":3,\"name\":\"SELETTI Toiletpaper Spiegel mit goldenem Rahmen Lippenstifte\"}]},{\"@type\":\"WebSite\",\"@id\":\"https:\/\/www.erresse-shop.it\/de\/#website\",\"url\":\"https:\/\/www.erresse-shop.it\/de\/\",\"name\":\"Erresse Shop\",\"description\":\"Articoli di qualit\u00e0 per la casa\",\"potentialAction\":[{\"@type\":\"SearchAction\",\"target\":{\"@type\":\"EntryPoint\",\"urlTemplate\":\"https:\/\/www.erresse-shop.it\/de\/?s={search_term_string}\"},\"query-input\":\"required name=search_term_string\"}],\"inLanguage\":\"de-DE\"}]}<\/script>\n<!-- \/ Yoast SEO Premium plugin. -->","yoast_head_json":{"title":"SELETTI Toiletpaper Spiegel mit goldenem Rahmen Lippenstifte - Erresse Shop","description":"Eine Serie von Spiegeln, die mit einigen der respektlosesten Bilder von TOILETPAPER verziert sind. Die 6 Grafiken, die in zwei Gr\u00f6\u00dfen erh\u00e4ltlich sind,","robots":{"index":"index","follow":"follow","max-snippet":"max-snippet:-1","max-image-preview":"max-image-preview:large","max-video-preview":"max-video-preview:-1"},"canonical":"https:\/\/www.erresse-shop.it\/de\/shop\/einrichtung-haus\/dekoartikel\/seletti-toiletpaper-spiegel-mit-goldenem-rahmen-lippenstifte\/","og_locale":"de_DE","og_type":"article","og_title":"SELETTI Toiletpaper Spiegel mit goldenem Rahmen Lippenstifte","og_description":"Eine Serie von Spiegeln, die mit einigen der respektlosesten Bilder von TOILETPAPER verziert sind. Die 6 Grafiken, die in zwei Gr\u00f6\u00dfen erh\u00e4ltlich sind,","og_url":"https:\/\/www.erresse-shop.it\/de\/shop\/einrichtung-haus\/dekoartikel\/seletti-toiletpaper-spiegel-mit-goldenem-rahmen-lippenstifte\/","og_site_name":"Erresse Shop","article_modified_time":"2024-07-07T20:37:51+00:00","og_image":[{"width":800,"height":800,"url":"https:\/\/www.erresse-shop.it\/wp-content\/uploads\/2023\/04\/SELETTI-Toiletpaper-Specchio-con-Cornice-Dorata-Rossetti.jpg","type":"image\/jpeg"}],"twitter_card":"summary_large_image","schema":{"@context":"https:\/\/schema.org","@graph":[{"@type":"WebPage","@id":"https:\/\/www.erresse-shop.it\/de\/shop\/einrichtung-haus\/dekoartikel\/seletti-toiletpaper-spiegel-mit-goldenem-rahmen-lippenstifte\/","url":"https:\/\/www.erresse-shop.it\/de\/shop\/einrichtung-haus\/dekoartikel\/seletti-toiletpaper-spiegel-mit-goldenem-rahmen-lippenstifte\/","name":"SELETTI Toiletpaper Spiegel mit goldenem Rahmen Lippenstifte - Erresse Shop","isPartOf":{"@id":"https:\/\/www.erresse-shop.it\/de\/#website"},"datePublished":"2023-04-28T12:15:35+00:00","dateModified":"2024-07-07T20:37:51+00:00","description":"Eine Serie von Spiegeln, die mit einigen der respektlosesten Bilder von TOILETPAPER verziert sind. Die 6 Grafiken, die in zwei Gr\u00f6\u00dfen erh\u00e4ltlich sind,","breadcrumb":{"@id":"https:\/\/www.erresse-shop.it\/de\/shop\/einrichtung-haus\/dekoartikel\/seletti-toiletpaper-spiegel-mit-goldenem-rahmen-lippenstifte\/#breadcrumb"},"inLanguage":"de-DE","potentialAction":[{"@type":"ReadAction","target":["https:\/\/www.erresse-shop.it\/de\/shop\/einrichtung-haus\/dekoartikel\/seletti-toiletpaper-spiegel-mit-goldenem-rahmen-lippenstifte\/"]}]},{"@type":"BreadcrumbList","@id":"https:\/\/www.erresse-shop.it\/de\/shop\/einrichtung-haus\/dekoartikel\/seletti-toiletpaper-spiegel-mit-goldenem-rahmen-lippenstifte\/#breadcrumb","itemListElement":[{"@type":"ListItem","position":1,"name":"Home","item":"https:\/\/www.erresse-shop.it\/de\/"},{"@type":"ListItem","position":2,"name":"Shop","item":"https:\/\/www.erresse-shop.it\/de\/shop\/"},{"@type":"ListItem","position":3,"name":"SELETTI Toiletpaper Spiegel mit goldenem Rahmen Lippenstifte"}]},{"@type":"WebSite","@id":"https:\/\/www.erresse-shop.it\/de\/#website","url":"https:\/\/www.erresse-shop.it\/de\/","name":"Erresse Shop","description":"Articoli di qualit\u00e0 per la casa","potentialAction":[{"@type":"SearchAction","target":{"@type":"EntryPoint","urlTemplate":"https:\/\/www.erresse-shop.it\/de\/?s={search_term_string}"},"query-input":"required name=search_term_string"}],"inLanguage":"de-DE"}]}},"df_price":161.1,"df_sale_price":161.1,"df_regular_price":358,"df_image_link":"https:\/\/www.erresse-shop.it\/wp-content\/uploads\/2023\/04\/SELETTI-Toiletpaper-Specchio-con-Cornice-Dorata-Rossetti-300x300.jpg","_links":{"self":[{"href":"https:\/\/www.erresse-shop.it\/de\/wp-json\/wp\/v2\/product\/264861"}],"collection":[{"href":"https:\/\/www.erresse-shop.it\/de\/wp-json\/wp\/v2\/product"}],"about":[{"href":"https:\/\/www.erresse-shop.it\/de\/wp-json\/wp\/v2\/types\/product"}],"wp:featuredmedia":[{"embeddable":true,"href":"https:\/\/www.erresse-shop.it\/de\/wp-json\/wp\/v2\/media\/264874"}],"wp:attachment":[{"href":"https:\/\/www.erresse-shop.it\/de\/wp-json\/wp\/v2\/media?parent=264861"}],"wp:term":[{"taxonomy":"product_cat","embeddable":true,"href":"https:\/\/www.erresse-shop.it\/de\/wp-json\/wp\/v2\/product_cat?post=264861"},{"taxonomy":"product_tag","embeddable":true,"href":"https:\/\/www.erresse-shop.it\/de\/wp-json\/wp\/v2\/product_tag?post=264861"}],"curies":[{"name":"wp","href":"https:\/\/api.w.org\/{rel}","templated":true}]}}