{"id":264411,"date":"2023-04-27T12:11:48","date_gmt":"2023-04-27T12:11:49","guid":{"rendered":"https:\/\/www.erresse-shop.it\/?post_type=product&#038;p=264411"},"modified":"2024-06-11T00:01:26","modified_gmt":"2024-06-11T00:01:26","slug":"riedel-o-set-6-glaser-alte-welt-syrah","status":"publish","type":"product","link":"https:\/\/www.erresse-shop.it\/de\/shop\/tisch\/trinkglaeser\/riedel-o-set-6-glaser-alte-welt-syrah\/","title":{"rendered":"RIEDEL &#8220;O&#8221; Set 6 Gl\u00e4ser Alte Welt Syrah"},"content":{"rendered":"<p>Das Glas <strong>Alte Welt Syrah<\/strong> eignet sich perfekt, um die fruchtigen, pfeffrigen und w\u00fcrzigen Aromen und die herben Tannine auszugleichen, die h\u00e4ufig in Rotweinen mit mittlerem K\u00f6rper zu finden sind.<br \/>\nSein akzentuierter, eif\u00f6rmiger Becher unterstreicht die erdigen und feinfruchtigen Eigenschaften und verst\u00e4rkt den langen, w\u00fcrzigen Abgang.<\/p>\n<p>Der 2004 entworfene Becher <strong>RIEDEL O<\/strong> war der erste weinspezifische Becher in der Geschichte. O ist eine innovative Neuinterpretation des normalen Weinglases, das aus den charakteristischen Formen der RIEDEL Vinum-Serie entstanden ist. Dar\u00fcber hinaus ist das O-Glas sp\u00fclmaschinenfest: abgebrochene Stiele sind nur noch eine ferne Erinnerung.<\/p>\n<p>Maschinengefertigt und sp\u00fclmaschinengeeignet.<br \/>\nDie Packung enth\u00e4lt 6 St\u00fcck.<\/p>\n<p>Volumen: 570,0 ccm<br \/>\nH\u00f6he: 118,0 mm<\/p>\n","protected":false},"excerpt":{"rendered":"<p>Das Glas Alte Welt Syrah eignet sich perfekt, um die fruchtigen, pfeffrigen und w\u00fcrzigen Aromen und die herben Tannine auszugleichen,<\/p>\n","protected":false},"featured_media":264434,"template":"","meta":{"_acf_changed":false,"inline_featured_image":false},"product_cat":[6787,6811],"product_tag":[25088,23705,11479,23911,25022,11895,23683],"acf":[],"yoast_head":"<!-- This site is optimized with the Yoast SEO Premium plugin v18.6 (Yoast SEO v19.13) - https:\/\/yoast.com\/wordpress\/plugins\/seo\/ -->\n<title>RIEDEL &quot;O&quot; Set 6 Gl\u00e4ser Alte Welt Syrah - Erresse Shop<\/title>\n<meta name=\"description\" content=\"Das Glas Alte Welt Syrah eignet sich perfekt, um die fruchtigen, pfeffrigen und w\u00fcrzigen Aromen und die herben Tannine auszugleichen, die h\u00e4ufig in\" \/>\n<meta name=\"robots\" content=\"index, follow, max-snippet:-1, max-image-preview:large, max-video-preview:-1\" \/>\n<link rel=\"canonical\" href=\"https:\/\/www.erresse-shop.it\/de\/shop\/tisch\/trinkglaeser\/riedel-o-set-6-glaser-alte-welt-syrah\/\" \/>\n<meta property=\"og:locale\" content=\"de_DE\" \/>\n<meta property=\"og:type\" content=\"article\" \/>\n<meta property=\"og:title\" content=\"RIEDEL &quot;O&quot; Set 6 Gl\u00e4ser Alte Welt Syrah\" \/>\n<meta property=\"og:description\" content=\"Das Glas Alte Welt Syrah eignet sich perfekt, um die fruchtigen, pfeffrigen und w\u00fcrzigen Aromen und die herben Tannine auszugleichen, die h\u00e4ufig in\" \/>\n<meta property=\"og:url\" content=\"https:\/\/www.erresse-shop.it\/de\/shop\/tisch\/trinkglaeser\/riedel-o-set-6-glaser-alte-welt-syrah\/\" \/>\n<meta property=\"og:site_name\" content=\"Erresse Shop\" \/>\n<meta property=\"article:modified_time\" content=\"2024-06-11T00:01:26+00:00\" \/>\n<meta property=\"og:image\" content=\"https:\/\/www.erresse-shop.it\/wp-content\/uploads\/2023\/04\/RIEDEL-O-Set-6-Bicchieri-Vecchio-Mondo-Syrah.jpg\" \/>\n\t<meta property=\"og:image:width\" content=\"800\" \/>\n\t<meta property=\"og:image:height\" content=\"800\" \/>\n\t<meta property=\"og:image:type\" content=\"image\/jpeg\" \/>\n<meta name=\"twitter:card\" content=\"summary_large_image\" \/>\n<script type=\"application\/ld+json\" class=\"yoast-schema-graph\">{\"@context\":\"https:\/\/schema.org\",\"@graph\":[{\"@type\":\"WebPage\",\"@id\":\"https:\/\/www.erresse-shop.it\/de\/shop\/tisch\/trinkglaeser\/riedel-o-set-6-glaser-alte-welt-syrah\/\",\"url\":\"https:\/\/www.erresse-shop.it\/de\/shop\/tisch\/trinkglaeser\/riedel-o-set-6-glaser-alte-welt-syrah\/\",\"name\":\"RIEDEL \\\"O\\\" Set 6 Gl\u00e4ser Alte Welt Syrah - Erresse Shop\",\"isPartOf\":{\"@id\":\"https:\/\/www.erresse-shop.it\/de\/#website\"},\"datePublished\":\"2023-04-27T12:11:49+00:00\",\"dateModified\":\"2024-06-11T00:01:26+00:00\",\"description\":\"Das Glas Alte Welt Syrah eignet sich perfekt, um die fruchtigen, pfeffrigen und w\u00fcrzigen Aromen und die herben Tannine auszugleichen, die h\u00e4ufig in\",\"breadcrumb\":{\"@id\":\"https:\/\/www.erresse-shop.it\/de\/shop\/tisch\/trinkglaeser\/riedel-o-set-6-glaser-alte-welt-syrah\/#breadcrumb\"},\"inLanguage\":\"de-DE\",\"potentialAction\":[{\"@type\":\"ReadAction\",\"target\":[\"https:\/\/www.erresse-shop.it\/de\/shop\/tisch\/trinkglaeser\/riedel-o-set-6-glaser-alte-welt-syrah\/\"]}]},{\"@type\":\"BreadcrumbList\",\"@id\":\"https:\/\/www.erresse-shop.it\/de\/shop\/tisch\/trinkglaeser\/riedel-o-set-6-glaser-alte-welt-syrah\/#breadcrumb\",\"itemListElement\":[{\"@type\":\"ListItem\",\"position\":1,\"name\":\"Home\",\"item\":\"https:\/\/www.erresse-shop.it\/de\/\"},{\"@type\":\"ListItem\",\"position\":2,\"name\":\"Shop\",\"item\":\"https:\/\/www.erresse-shop.it\/de\/shop\/\"},{\"@type\":\"ListItem\",\"position\":3,\"name\":\"RIEDEL &#8220;O&#8221; Set 6 Gl\u00e4ser Alte Welt Syrah\"}]},{\"@type\":\"WebSite\",\"@id\":\"https:\/\/www.erresse-shop.it\/de\/#website\",\"url\":\"https:\/\/www.erresse-shop.it\/de\/\",\"name\":\"Erresse Shop\",\"description\":\"Articoli di qualit\u00e0 per la casa\",\"potentialAction\":[{\"@type\":\"SearchAction\",\"target\":{\"@type\":\"EntryPoint\",\"urlTemplate\":\"https:\/\/www.erresse-shop.it\/de\/?s={search_term_string}\"},\"query-input\":\"required name=search_term_string\"}],\"inLanguage\":\"de-DE\"}]}<\/script>\n<!-- \/ Yoast SEO Premium plugin. -->","yoast_head_json":{"title":"RIEDEL \"O\" Set 6 Gl\u00e4ser Alte Welt Syrah - Erresse Shop","description":"Das Glas Alte Welt Syrah eignet sich perfekt, um die fruchtigen, pfeffrigen und w\u00fcrzigen Aromen und die herben Tannine auszugleichen, die h\u00e4ufig in","robots":{"index":"index","follow":"follow","max-snippet":"max-snippet:-1","max-image-preview":"max-image-preview:large","max-video-preview":"max-video-preview:-1"},"canonical":"https:\/\/www.erresse-shop.it\/de\/shop\/tisch\/trinkglaeser\/riedel-o-set-6-glaser-alte-welt-syrah\/","og_locale":"de_DE","og_type":"article","og_title":"RIEDEL \"O\" Set 6 Gl\u00e4ser Alte Welt Syrah","og_description":"Das Glas Alte Welt Syrah eignet sich perfekt, um die fruchtigen, pfeffrigen und w\u00fcrzigen Aromen und die herben Tannine auszugleichen, die h\u00e4ufig in","og_url":"https:\/\/www.erresse-shop.it\/de\/shop\/tisch\/trinkglaeser\/riedel-o-set-6-glaser-alte-welt-syrah\/","og_site_name":"Erresse Shop","article_modified_time":"2024-06-11T00:01:26+00:00","og_image":[{"width":800,"height":800,"url":"https:\/\/www.erresse-shop.it\/wp-content\/uploads\/2023\/04\/RIEDEL-O-Set-6-Bicchieri-Vecchio-Mondo-Syrah.jpg","type":"image\/jpeg"}],"twitter_card":"summary_large_image","schema":{"@context":"https:\/\/schema.org","@graph":[{"@type":"WebPage","@id":"https:\/\/www.erresse-shop.it\/de\/shop\/tisch\/trinkglaeser\/riedel-o-set-6-glaser-alte-welt-syrah\/","url":"https:\/\/www.erresse-shop.it\/de\/shop\/tisch\/trinkglaeser\/riedel-o-set-6-glaser-alte-welt-syrah\/","name":"RIEDEL \"O\" Set 6 Gl\u00e4ser Alte Welt Syrah - Erresse Shop","isPartOf":{"@id":"https:\/\/www.erresse-shop.it\/de\/#website"},"datePublished":"2023-04-27T12:11:49+00:00","dateModified":"2024-06-11T00:01:26+00:00","description":"Das Glas Alte Welt Syrah eignet sich perfekt, um die fruchtigen, pfeffrigen und w\u00fcrzigen Aromen und die herben Tannine auszugleichen, die h\u00e4ufig in","breadcrumb":{"@id":"https:\/\/www.erresse-shop.it\/de\/shop\/tisch\/trinkglaeser\/riedel-o-set-6-glaser-alte-welt-syrah\/#breadcrumb"},"inLanguage":"de-DE","potentialAction":[{"@type":"ReadAction","target":["https:\/\/www.erresse-shop.it\/de\/shop\/tisch\/trinkglaeser\/riedel-o-set-6-glaser-alte-welt-syrah\/"]}]},{"@type":"BreadcrumbList","@id":"https:\/\/www.erresse-shop.it\/de\/shop\/tisch\/trinkglaeser\/riedel-o-set-6-glaser-alte-welt-syrah\/#breadcrumb","itemListElement":[{"@type":"ListItem","position":1,"name":"Home","item":"https:\/\/www.erresse-shop.it\/de\/"},{"@type":"ListItem","position":2,"name":"Shop","item":"https:\/\/www.erresse-shop.it\/de\/shop\/"},{"@type":"ListItem","position":3,"name":"RIEDEL &#8220;O&#8221; Set 6 Gl\u00e4ser Alte Welt Syrah"}]},{"@type":"WebSite","@id":"https:\/\/www.erresse-shop.it\/de\/#website","url":"https:\/\/www.erresse-shop.it\/de\/","name":"Erresse Shop","description":"Articoli di qualit\u00e0 per la casa","potentialAction":[{"@type":"SearchAction","target":{"@type":"EntryPoint","urlTemplate":"https:\/\/www.erresse-shop.it\/de\/?s={search_term_string}"},"query-input":"required name=search_term_string"}],"inLanguage":"de-DE"}]}},"df_price":99.95,"df_sale_price":99.95,"df_regular_price":149.4,"df_image_link":"https:\/\/www.erresse-shop.it\/wp-content\/uploads\/2023\/04\/RIEDEL-O-Set-6-Bicchieri-Vecchio-Mondo-Syrah-300x300.jpg","_links":{"self":[{"href":"https:\/\/www.erresse-shop.it\/de\/wp-json\/wp\/v2\/product\/264411"}],"collection":[{"href":"https:\/\/www.erresse-shop.it\/de\/wp-json\/wp\/v2\/product"}],"about":[{"href":"https:\/\/www.erresse-shop.it\/de\/wp-json\/wp\/v2\/types\/product"}],"wp:featuredmedia":[{"embeddable":true,"href":"https:\/\/www.erresse-shop.it\/de\/wp-json\/wp\/v2\/media\/264434"}],"wp:attachment":[{"href":"https:\/\/www.erresse-shop.it\/de\/wp-json\/wp\/v2\/media?parent=264411"}],"wp:term":[{"taxonomy":"product_cat","embeddable":true,"href":"https:\/\/www.erresse-shop.it\/de\/wp-json\/wp\/v2\/product_cat?post=264411"},{"taxonomy":"product_tag","embeddable":true,"href":"https:\/\/www.erresse-shop.it\/de\/wp-json\/wp\/v2\/product_tag?post=264411"}],"curies":[{"name":"wp","href":"https:\/\/api.w.org\/{rel}","templated":true}]}}