{"id":264225,"date":"2023-04-27T09:54:27","date_gmt":"2023-04-27T09:54:28","guid":{"rendered":"https:\/\/www.erresse-shop.it\/?post_type=product&#038;p=264225"},"modified":"2023-10-17T00:05:19","modified_gmt":"2023-10-17T00:05:19","slug":"riedel-laudon-dunkelgrun","status":"publish","type":"product","link":"https:\/\/www.erresse-shop.it\/de\/shop\/tisch\/trinkglaeser\/riedel-laudon-dunkelgrun\/","title":{"rendered":"RIEDEL Laudon Dunkelgr\u00fcn"},"content":{"rendered":"<p>Dieser Becher ist perfekt, um Ihrem Zuhause einen luxuri\u00f6sen Touch zu verleihen.<br \/>\nDiese sch\u00f6nen Becher aus feinem Kristall sind ein Muss f\u00fcr jeden, der seinen Barbereich in neuem Licht erstrahlen lassen m\u00f6chte.<\/p>\n<p>Mit ihren charakteristischen leuchtenden Farben feiern sie die Wiederentdeckung des klassischen Designs, ohne auf Modernit\u00e4t zu verzichten.<br \/>\nDie Becher von RIEDEL Laudon sind wie kostbare Edelsteine in sch\u00f6nen Farben pr\u00e4sentiert und ein echter Blickfang. Das luxuri\u00f6se geschliffene Kristalldesign reflektiert das Licht und l\u00e4sst die Becher funkeln.<br \/>\nDie Gl\u00e4ser eignen sich perfekt f\u00fcr Whisky, Wasser, alkoholische oder alkoholfreie Cocktails und verleihen jedem Tisch einen Hauch von Stil. Sie k\u00f6nnen auch einzeln gekauft werden, um einen wirklich einzigartigen Look zu erhalten.<\/p>\n<p>Dekorierte Artikel sind nicht sp\u00fclmaschinenfest. Die dekorierten Artikel k\u00f6nnten durch aggressive Reinigungsmittel in der Maschine besch\u00e4digt werden.<\/p>\n<p>Waschen Sie diese Artikel nur von Hand mit einem weichen Tuch. So k\u00f6nnen Sie sich viele Jahre lang an der Eleganz und dem Glanz Ihrer Lieblingsprodukte erfreuen.<\/p>\n<p>Inhalt: 295,0 ccm<br \/>\nH\u00f6he: 102,0 mm<\/p>\n","protected":false},"excerpt":{"rendered":"<p>Dieser Becher ist perfekt, um Ihrem Zuhause einen luxuri\u00f6sen Touch zu verleihen. Diese sch\u00f6nen Becher aus feinem Kristall sind ein<\/p>\n","protected":false},"featured_media":509757,"template":"","meta":{"_acf_changed":false,"inline_featured_image":false},"product_cat":[6787,6811],"product_tag":[23705,11479,23911,14411,22556,21822],"acf":[],"yoast_head":"<!-- This site is optimized with the Yoast SEO Premium plugin v18.6 (Yoast SEO v19.13) - https:\/\/yoast.com\/wordpress\/plugins\/seo\/ -->\n<title>RIEDEL Laudon Dunkelgr\u00fcn - Erresse Shop<\/title>\n<meta name=\"description\" content=\"Dieser Becher ist perfekt, um Ihrem Zuhause einen luxuri\u00f6sen Touch zu verleihen. Diese sch\u00f6nen Becher aus feinem Kristall sind ein Muss f\u00fcr jeden, der\" \/>\n<meta name=\"robots\" content=\"index, follow, max-snippet:-1, max-image-preview:large, max-video-preview:-1\" \/>\n<link rel=\"canonical\" href=\"https:\/\/www.erresse-shop.it\/de\/shop\/tisch\/trinkglaeser\/riedel-laudon-dunkelgrun\/\" \/>\n<meta property=\"og:locale\" content=\"de_DE\" \/>\n<meta property=\"og:type\" content=\"article\" \/>\n<meta property=\"og:title\" content=\"RIEDEL Laudon Dunkelgr\u00fcn\" \/>\n<meta property=\"og:description\" content=\"Dieser Becher ist perfekt, um Ihrem Zuhause einen luxuri\u00f6sen Touch zu verleihen. Diese sch\u00f6nen Becher aus feinem Kristall sind ein Muss f\u00fcr jeden, der\" \/>\n<meta property=\"og:url\" content=\"https:\/\/www.erresse-shop.it\/de\/shop\/tisch\/trinkglaeser\/riedel-laudon-dunkelgrun\/\" \/>\n<meta property=\"og:site_name\" content=\"Erresse Shop\" \/>\n<meta property=\"article:modified_time\" content=\"2023-10-17T00:05:19+00:00\" \/>\n<meta property=\"og:image\" content=\"https:\/\/www.erresse-shop.it\/wp-content\/uploads\/2023\/04\/RIEDEL-Laudon-Verde-Scuro.jpg\" \/>\n\t<meta property=\"og:image:width\" content=\"800\" \/>\n\t<meta property=\"og:image:height\" content=\"800\" \/>\n\t<meta property=\"og:image:type\" content=\"image\/jpeg\" \/>\n<meta name=\"twitter:card\" content=\"summary_large_image\" \/>\n<script type=\"application\/ld+json\" class=\"yoast-schema-graph\">{\"@context\":\"https:\/\/schema.org\",\"@graph\":[{\"@type\":\"WebPage\",\"@id\":\"https:\/\/www.erresse-shop.it\/de\/shop\/tisch\/trinkglaeser\/riedel-laudon-dunkelgrun\/\",\"url\":\"https:\/\/www.erresse-shop.it\/de\/shop\/tisch\/trinkglaeser\/riedel-laudon-dunkelgrun\/\",\"name\":\"RIEDEL Laudon Dunkelgr\u00fcn - Erresse Shop\",\"isPartOf\":{\"@id\":\"https:\/\/www.erresse-shop.it\/de\/#website\"},\"datePublished\":\"2023-04-27T09:54:28+00:00\",\"dateModified\":\"2023-10-17T00:05:19+00:00\",\"description\":\"Dieser Becher ist perfekt, um Ihrem Zuhause einen luxuri\u00f6sen Touch zu verleihen. Diese sch\u00f6nen Becher aus feinem Kristall sind ein Muss f\u00fcr jeden, der\",\"breadcrumb\":{\"@id\":\"https:\/\/www.erresse-shop.it\/de\/shop\/tisch\/trinkglaeser\/riedel-laudon-dunkelgrun\/#breadcrumb\"},\"inLanguage\":\"de-DE\",\"potentialAction\":[{\"@type\":\"ReadAction\",\"target\":[\"https:\/\/www.erresse-shop.it\/de\/shop\/tisch\/trinkglaeser\/riedel-laudon-dunkelgrun\/\"]}]},{\"@type\":\"BreadcrumbList\",\"@id\":\"https:\/\/www.erresse-shop.it\/de\/shop\/tisch\/trinkglaeser\/riedel-laudon-dunkelgrun\/#breadcrumb\",\"itemListElement\":[{\"@type\":\"ListItem\",\"position\":1,\"name\":\"Home\",\"item\":\"https:\/\/www.erresse-shop.it\/de\/\"},{\"@type\":\"ListItem\",\"position\":2,\"name\":\"Shop\",\"item\":\"https:\/\/www.erresse-shop.it\/de\/shop\/\"},{\"@type\":\"ListItem\",\"position\":3,\"name\":\"RIEDEL Laudon Dunkelgr\u00fcn\"}]},{\"@type\":\"WebSite\",\"@id\":\"https:\/\/www.erresse-shop.it\/de\/#website\",\"url\":\"https:\/\/www.erresse-shop.it\/de\/\",\"name\":\"Erresse Shop\",\"description\":\"Articoli di qualit\u00e0 per la casa\",\"potentialAction\":[{\"@type\":\"SearchAction\",\"target\":{\"@type\":\"EntryPoint\",\"urlTemplate\":\"https:\/\/www.erresse-shop.it\/de\/?s={search_term_string}\"},\"query-input\":\"required name=search_term_string\"}],\"inLanguage\":\"de-DE\"}]}<\/script>\n<!-- \/ Yoast SEO Premium plugin. -->","yoast_head_json":{"title":"RIEDEL Laudon Dunkelgr\u00fcn - Erresse Shop","description":"Dieser Becher ist perfekt, um Ihrem Zuhause einen luxuri\u00f6sen Touch zu verleihen. Diese sch\u00f6nen Becher aus feinem Kristall sind ein Muss f\u00fcr jeden, der","robots":{"index":"index","follow":"follow","max-snippet":"max-snippet:-1","max-image-preview":"max-image-preview:large","max-video-preview":"max-video-preview:-1"},"canonical":"https:\/\/www.erresse-shop.it\/de\/shop\/tisch\/trinkglaeser\/riedel-laudon-dunkelgrun\/","og_locale":"de_DE","og_type":"article","og_title":"RIEDEL Laudon Dunkelgr\u00fcn","og_description":"Dieser Becher ist perfekt, um Ihrem Zuhause einen luxuri\u00f6sen Touch zu verleihen. Diese sch\u00f6nen Becher aus feinem Kristall sind ein Muss f\u00fcr jeden, der","og_url":"https:\/\/www.erresse-shop.it\/de\/shop\/tisch\/trinkglaeser\/riedel-laudon-dunkelgrun\/","og_site_name":"Erresse Shop","article_modified_time":"2023-10-17T00:05:19+00:00","og_image":[{"width":800,"height":800,"url":"https:\/\/www.erresse-shop.it\/wp-content\/uploads\/2023\/04\/RIEDEL-Laudon-Verde-Scuro.jpg","type":"image\/jpeg"}],"twitter_card":"summary_large_image","schema":{"@context":"https:\/\/schema.org","@graph":[{"@type":"WebPage","@id":"https:\/\/www.erresse-shop.it\/de\/shop\/tisch\/trinkglaeser\/riedel-laudon-dunkelgrun\/","url":"https:\/\/www.erresse-shop.it\/de\/shop\/tisch\/trinkglaeser\/riedel-laudon-dunkelgrun\/","name":"RIEDEL Laudon Dunkelgr\u00fcn - Erresse Shop","isPartOf":{"@id":"https:\/\/www.erresse-shop.it\/de\/#website"},"datePublished":"2023-04-27T09:54:28+00:00","dateModified":"2023-10-17T00:05:19+00:00","description":"Dieser Becher ist perfekt, um Ihrem Zuhause einen luxuri\u00f6sen Touch zu verleihen. Diese sch\u00f6nen Becher aus feinem Kristall sind ein Muss f\u00fcr jeden, der","breadcrumb":{"@id":"https:\/\/www.erresse-shop.it\/de\/shop\/tisch\/trinkglaeser\/riedel-laudon-dunkelgrun\/#breadcrumb"},"inLanguage":"de-DE","potentialAction":[{"@type":"ReadAction","target":["https:\/\/www.erresse-shop.it\/de\/shop\/tisch\/trinkglaeser\/riedel-laudon-dunkelgrun\/"]}]},{"@type":"BreadcrumbList","@id":"https:\/\/www.erresse-shop.it\/de\/shop\/tisch\/trinkglaeser\/riedel-laudon-dunkelgrun\/#breadcrumb","itemListElement":[{"@type":"ListItem","position":1,"name":"Home","item":"https:\/\/www.erresse-shop.it\/de\/"},{"@type":"ListItem","position":2,"name":"Shop","item":"https:\/\/www.erresse-shop.it\/de\/shop\/"},{"@type":"ListItem","position":3,"name":"RIEDEL Laudon Dunkelgr\u00fcn"}]},{"@type":"WebSite","@id":"https:\/\/www.erresse-shop.it\/de\/#website","url":"https:\/\/www.erresse-shop.it\/de\/","name":"Erresse Shop","description":"Articoli di qualit\u00e0 per la casa","potentialAction":[{"@type":"SearchAction","target":{"@type":"EntryPoint","urlTemplate":"https:\/\/www.erresse-shop.it\/de\/?s={search_term_string}"},"query-input":"required name=search_term_string"}],"inLanguage":"de-DE"}]}},"df_price":31.05,"df_sale_price":31.05,"df_regular_price":69,"df_image_link":"https:\/\/www.erresse-shop.it\/wp-content\/uploads\/2023\/04\/RIEDEL-Laudon-Verde-Scuro-1-300x300.jpg","_links":{"self":[{"href":"https:\/\/www.erresse-shop.it\/de\/wp-json\/wp\/v2\/product\/264225"}],"collection":[{"href":"https:\/\/www.erresse-shop.it\/de\/wp-json\/wp\/v2\/product"}],"about":[{"href":"https:\/\/www.erresse-shop.it\/de\/wp-json\/wp\/v2\/types\/product"}],"wp:featuredmedia":[{"embeddable":true,"href":"https:\/\/www.erresse-shop.it\/de\/wp-json\/wp\/v2\/media\/509757"}],"wp:attachment":[{"href":"https:\/\/www.erresse-shop.it\/de\/wp-json\/wp\/v2\/media?parent=264225"}],"wp:term":[{"taxonomy":"product_cat","embeddable":true,"href":"https:\/\/www.erresse-shop.it\/de\/wp-json\/wp\/v2\/product_cat?post=264225"},{"taxonomy":"product_tag","embeddable":true,"href":"https:\/\/www.erresse-shop.it\/de\/wp-json\/wp\/v2\/product_tag?post=264225"}],"curies":[{"name":"wp","href":"https:\/\/api.w.org\/{rel}","templated":true}]}}