{"id":263846,"date":"2023-04-26T13:38:56","date_gmt":"2023-04-26T13:38:57","guid":{"rendered":"https:\/\/www.erresse-shop.it\/?post_type=product&#038;p=263846"},"modified":"2023-10-17T00:04:48","modified_gmt":"2023-10-17T00:04:48","slug":"riedel-veritas-set-2-rotweinglaser-pinot-noir-neuseeland","status":"publish","type":"product","link":"https:\/\/www.erresse-shop.it\/de\/shop\/tisch\/weinbar-korkenzieher-dekanter-eiskubel\/weinglaeser\/riedel-veritas-set-2-rotweinglaser-pinot-noir-neuseeland\/","title":{"rendered":"RIEDEL Veritas Set 2 Rotweingl\u00e4ser Pinot Noir Neuseeland"},"content":{"rendered":"<p>Die revolution\u00e4re <strong>RIEDEL<\/strong> Veritas Serie deb\u00fctierte 2014 und setzte einmal mehr den Standard in der Glasproduktion. Georg J. Riedel, der der zehnten Generation der Familie angeh\u00f6rt, beauftragte die weltweit anerkannten Experten der Marke, eine Serie zu kreieren, die in ihrer Erscheinung atemberaubend, in der Handhabung angenehm und im Preis wettbewerbsf\u00e4hig sein sollte. Sie haben die Aufgabe mit Bravour gel\u00f6st und eine Weinglas-Kollektion f\u00fcr das 21. Jahrhundert geschaffen.<\/p>\n<p>Das Glas f\u00fcr <strong>neuseel\u00e4ndischen<\/strong> <strong>Pinot Noir<\/strong> sorgt f\u00fcr das Gleichgewicht zwischen Zerbrechlichkeit und frischem, kompaktem Fruchtcharakter der leichten Weine der Neuen Welt.<\/p>\n<p>Dieses tulpenf\u00f6rmige Glas mit leicht verbreitertem Rand ist das Ergebnis der Zusammenarbeit mit Erzeugern in Oregon (USA). Es unterstreicht die unwiderstehliche S\u00fc\u00dfe des Weins, gleicht seine S\u00e4ure ideal aus und mildert den Hauch von Alkohol, was ihm ein perfektes Image verleiht. Es eignet sich auch zur Betonung der Aromen von Ros\u00e9weinen und Champagnern.<\/p>\n<p>Maschinengefertigt und sp\u00fclmaschinenfest.<\/p>\n<p>Die Packung enth\u00e4lt 2 St\u00fcck.<\/p>\n<p>Volumen: 807,0 ccm<br \/>\nH\u00f6he: 235,0 mm<\/p>\n","protected":false},"excerpt":{"rendered":"<p>Die revolution\u00e4re RIEDEL Veritas Serie deb\u00fctierte 2014 und setzte einmal mehr den Standard in der Glasproduktion. Georg J. Riedel, der<\/p>\n","protected":false},"featured_media":263875,"template":"","meta":{"_acf_changed":false,"inline_featured_image":false},"product_cat":[6850,14459],"product_tag":[23705,11479,23911,21986,21822,23683],"acf":[],"yoast_head":"<!-- This site is optimized with the Yoast SEO Premium plugin v18.6 (Yoast SEO v19.13) - https:\/\/yoast.com\/wordpress\/plugins\/seo\/ -->\n<title>RIEDEL Veritas Set 2 Rotweingl\u00e4ser Pinot Noir Neuseeland - Erresse Shop<\/title>\n<meta name=\"description\" content=\"Die revolution\u00e4re RIEDEL Veritas Serie deb\u00fctierte 2014 und setzte einmal mehr den Standard in der Glasproduktion. Georg J. Riedel, der der zehnten\" \/>\n<meta name=\"robots\" content=\"index, follow, max-snippet:-1, max-image-preview:large, max-video-preview:-1\" \/>\n<link rel=\"canonical\" href=\"https:\/\/www.erresse-shop.it\/de\/shop\/tisch\/weinbar-korkenzieher-dekanter-eiskubel\/weinglaeser\/riedel-veritas-set-2-rotweinglaser-pinot-noir-neuseeland\/\" \/>\n<meta property=\"og:locale\" content=\"de_DE\" \/>\n<meta property=\"og:type\" content=\"article\" \/>\n<meta property=\"og:title\" content=\"RIEDEL Veritas Set 2 Rotweingl\u00e4ser Pinot Noir Neuseeland\" \/>\n<meta property=\"og:description\" content=\"Die revolution\u00e4re RIEDEL Veritas Serie deb\u00fctierte 2014 und setzte einmal mehr den Standard in der Glasproduktion. Georg J. Riedel, der der zehnten\" \/>\n<meta property=\"og:url\" content=\"https:\/\/www.erresse-shop.it\/de\/shop\/tisch\/weinbar-korkenzieher-dekanter-eiskubel\/weinglaeser\/riedel-veritas-set-2-rotweinglaser-pinot-noir-neuseeland\/\" \/>\n<meta property=\"og:site_name\" content=\"Erresse Shop\" \/>\n<meta property=\"article:modified_time\" content=\"2023-10-17T00:04:48+00:00\" \/>\n<meta property=\"og:image\" content=\"https:\/\/www.erresse-shop.it\/wp-content\/uploads\/2023\/04\/RIEDEL-Veritas-Set-2-Calici-Pinot-Noir-Nuova-Zelanda.jpg\" \/>\n\t<meta property=\"og:image:width\" content=\"800\" \/>\n\t<meta property=\"og:image:height\" content=\"800\" \/>\n\t<meta property=\"og:image:type\" content=\"image\/jpeg\" \/>\n<meta name=\"twitter:card\" content=\"summary_large_image\" \/>\n<script type=\"application\/ld+json\" class=\"yoast-schema-graph\">{\"@context\":\"https:\/\/schema.org\",\"@graph\":[{\"@type\":\"WebPage\",\"@id\":\"https:\/\/www.erresse-shop.it\/de\/shop\/tisch\/weinbar-korkenzieher-dekanter-eiskubel\/weinglaeser\/riedel-veritas-set-2-rotweinglaser-pinot-noir-neuseeland\/\",\"url\":\"https:\/\/www.erresse-shop.it\/de\/shop\/tisch\/weinbar-korkenzieher-dekanter-eiskubel\/weinglaeser\/riedel-veritas-set-2-rotweinglaser-pinot-noir-neuseeland\/\",\"name\":\"RIEDEL Veritas Set 2 Rotweingl\u00e4ser Pinot Noir Neuseeland - Erresse Shop\",\"isPartOf\":{\"@id\":\"https:\/\/www.erresse-shop.it\/de\/#website\"},\"datePublished\":\"2023-04-26T13:38:57+00:00\",\"dateModified\":\"2023-10-17T00:04:48+00:00\",\"description\":\"Die revolution\u00e4re RIEDEL Veritas Serie deb\u00fctierte 2014 und setzte einmal mehr den Standard in der Glasproduktion. Georg J. Riedel, der der zehnten\",\"breadcrumb\":{\"@id\":\"https:\/\/www.erresse-shop.it\/de\/shop\/tisch\/weinbar-korkenzieher-dekanter-eiskubel\/weinglaeser\/riedel-veritas-set-2-rotweinglaser-pinot-noir-neuseeland\/#breadcrumb\"},\"inLanguage\":\"de-DE\",\"potentialAction\":[{\"@type\":\"ReadAction\",\"target\":[\"https:\/\/www.erresse-shop.it\/de\/shop\/tisch\/weinbar-korkenzieher-dekanter-eiskubel\/weinglaeser\/riedel-veritas-set-2-rotweinglaser-pinot-noir-neuseeland\/\"]}]},{\"@type\":\"BreadcrumbList\",\"@id\":\"https:\/\/www.erresse-shop.it\/de\/shop\/tisch\/weinbar-korkenzieher-dekanter-eiskubel\/weinglaeser\/riedel-veritas-set-2-rotweinglaser-pinot-noir-neuseeland\/#breadcrumb\",\"itemListElement\":[{\"@type\":\"ListItem\",\"position\":1,\"name\":\"Home\",\"item\":\"https:\/\/www.erresse-shop.it\/de\/\"},{\"@type\":\"ListItem\",\"position\":2,\"name\":\"Shop\",\"item\":\"https:\/\/www.erresse-shop.it\/de\/shop\/\"},{\"@type\":\"ListItem\",\"position\":3,\"name\":\"RIEDEL Veritas Set 2 Rotweingl\u00e4ser Pinot Noir Neuseeland\"}]},{\"@type\":\"WebSite\",\"@id\":\"https:\/\/www.erresse-shop.it\/de\/#website\",\"url\":\"https:\/\/www.erresse-shop.it\/de\/\",\"name\":\"Erresse Shop\",\"description\":\"Articoli di qualit\u00e0 per la casa\",\"potentialAction\":[{\"@type\":\"SearchAction\",\"target\":{\"@type\":\"EntryPoint\",\"urlTemplate\":\"https:\/\/www.erresse-shop.it\/de\/?s={search_term_string}\"},\"query-input\":\"required name=search_term_string\"}],\"inLanguage\":\"de-DE\"}]}<\/script>\n<!-- \/ Yoast SEO Premium plugin. -->","yoast_head_json":{"title":"RIEDEL Veritas Set 2 Rotweingl\u00e4ser Pinot Noir Neuseeland - Erresse Shop","description":"Die revolution\u00e4re RIEDEL Veritas Serie deb\u00fctierte 2014 und setzte einmal mehr den Standard in der Glasproduktion. Georg J. Riedel, der der zehnten","robots":{"index":"index","follow":"follow","max-snippet":"max-snippet:-1","max-image-preview":"max-image-preview:large","max-video-preview":"max-video-preview:-1"},"canonical":"https:\/\/www.erresse-shop.it\/de\/shop\/tisch\/weinbar-korkenzieher-dekanter-eiskubel\/weinglaeser\/riedel-veritas-set-2-rotweinglaser-pinot-noir-neuseeland\/","og_locale":"de_DE","og_type":"article","og_title":"RIEDEL Veritas Set 2 Rotweingl\u00e4ser Pinot Noir Neuseeland","og_description":"Die revolution\u00e4re RIEDEL Veritas Serie deb\u00fctierte 2014 und setzte einmal mehr den Standard in der Glasproduktion. Georg J. Riedel, der der zehnten","og_url":"https:\/\/www.erresse-shop.it\/de\/shop\/tisch\/weinbar-korkenzieher-dekanter-eiskubel\/weinglaeser\/riedel-veritas-set-2-rotweinglaser-pinot-noir-neuseeland\/","og_site_name":"Erresse Shop","article_modified_time":"2023-10-17T00:04:48+00:00","og_image":[{"width":800,"height":800,"url":"https:\/\/www.erresse-shop.it\/wp-content\/uploads\/2023\/04\/RIEDEL-Veritas-Set-2-Calici-Pinot-Noir-Nuova-Zelanda.jpg","type":"image\/jpeg"}],"twitter_card":"summary_large_image","schema":{"@context":"https:\/\/schema.org","@graph":[{"@type":"WebPage","@id":"https:\/\/www.erresse-shop.it\/de\/shop\/tisch\/weinbar-korkenzieher-dekanter-eiskubel\/weinglaeser\/riedel-veritas-set-2-rotweinglaser-pinot-noir-neuseeland\/","url":"https:\/\/www.erresse-shop.it\/de\/shop\/tisch\/weinbar-korkenzieher-dekanter-eiskubel\/weinglaeser\/riedel-veritas-set-2-rotweinglaser-pinot-noir-neuseeland\/","name":"RIEDEL Veritas Set 2 Rotweingl\u00e4ser Pinot Noir Neuseeland - Erresse Shop","isPartOf":{"@id":"https:\/\/www.erresse-shop.it\/de\/#website"},"datePublished":"2023-04-26T13:38:57+00:00","dateModified":"2023-10-17T00:04:48+00:00","description":"Die revolution\u00e4re RIEDEL Veritas Serie deb\u00fctierte 2014 und setzte einmal mehr den Standard in der Glasproduktion. Georg J. Riedel, der der zehnten","breadcrumb":{"@id":"https:\/\/www.erresse-shop.it\/de\/shop\/tisch\/weinbar-korkenzieher-dekanter-eiskubel\/weinglaeser\/riedel-veritas-set-2-rotweinglaser-pinot-noir-neuseeland\/#breadcrumb"},"inLanguage":"de-DE","potentialAction":[{"@type":"ReadAction","target":["https:\/\/www.erresse-shop.it\/de\/shop\/tisch\/weinbar-korkenzieher-dekanter-eiskubel\/weinglaeser\/riedel-veritas-set-2-rotweinglaser-pinot-noir-neuseeland\/"]}]},{"@type":"BreadcrumbList","@id":"https:\/\/www.erresse-shop.it\/de\/shop\/tisch\/weinbar-korkenzieher-dekanter-eiskubel\/weinglaeser\/riedel-veritas-set-2-rotweinglaser-pinot-noir-neuseeland\/#breadcrumb","itemListElement":[{"@type":"ListItem","position":1,"name":"Home","item":"https:\/\/www.erresse-shop.it\/de\/"},{"@type":"ListItem","position":2,"name":"Shop","item":"https:\/\/www.erresse-shop.it\/de\/shop\/"},{"@type":"ListItem","position":3,"name":"RIEDEL Veritas Set 2 Rotweingl\u00e4ser Pinot Noir Neuseeland"}]},{"@type":"WebSite","@id":"https:\/\/www.erresse-shop.it\/de\/#website","url":"https:\/\/www.erresse-shop.it\/de\/","name":"Erresse Shop","description":"Articoli di qualit\u00e0 per la casa","potentialAction":[{"@type":"SearchAction","target":{"@type":"EntryPoint","urlTemplate":"https:\/\/www.erresse-shop.it\/de\/?s={search_term_string}"},"query-input":"required name=search_term_string"}],"inLanguage":"de-DE"}]}},"df_price":26.55,"df_sale_price":26.55,"df_regular_price":59,"df_image_link":"https:\/\/www.erresse-shop.it\/wp-content\/uploads\/2023\/04\/RIEDEL-Veritas-Set-2-Calici-Pinot-Noir-Nuova-Zelanda-300x300.jpg","_links":{"self":[{"href":"https:\/\/www.erresse-shop.it\/de\/wp-json\/wp\/v2\/product\/263846"}],"collection":[{"href":"https:\/\/www.erresse-shop.it\/de\/wp-json\/wp\/v2\/product"}],"about":[{"href":"https:\/\/www.erresse-shop.it\/de\/wp-json\/wp\/v2\/types\/product"}],"wp:featuredmedia":[{"embeddable":true,"href":"https:\/\/www.erresse-shop.it\/de\/wp-json\/wp\/v2\/media\/263875"}],"wp:attachment":[{"href":"https:\/\/www.erresse-shop.it\/de\/wp-json\/wp\/v2\/media?parent=263846"}],"wp:term":[{"taxonomy":"product_cat","embeddable":true,"href":"https:\/\/www.erresse-shop.it\/de\/wp-json\/wp\/v2\/product_cat?post=263846"},{"taxonomy":"product_tag","embeddable":true,"href":"https:\/\/www.erresse-shop.it\/de\/wp-json\/wp\/v2\/product_tag?post=263846"}],"curies":[{"name":"wp","href":"https:\/\/api.w.org\/{rel}","templated":true}]}}