{"id":263820,"date":"2023-04-26T13:26:55","date_gmt":"2023-04-26T13:26:57","guid":{"rendered":"https:\/\/www.erresse-shop.it\/?post_type=product&#038;p=263820"},"modified":"2024-09-11T15:34:21","modified_gmt":"2024-09-11T15:34:21","slug":"riedel-veritas-set-2-rotweinglaser-pinot-noir-alte-welt","status":"publish","type":"product","link":"https:\/\/www.erresse-shop.it\/de\/shop\/tisch\/weinbar-korkenzieher-dekanter-eiskubel\/weinglaeser\/riedel-veritas-set-2-rotweinglaser-pinot-noir-alte-welt\/","title":{"rendered":"RIEDEL Veritas Set 2 Rotweingl\u00e4ser Pinot Noir Alte Welt"},"content":{"rendered":"<p>Die revolution\u00e4re <strong>RIEDEL<\/strong> Veritas Serie deb\u00fctierte 2014 und setzte einmal mehr den Standard in der Glasproduktion. Georg J. Riedel, der der zehnten Generation der Familie angeh\u00f6rt, beauftragte die weltweit anerkannten Experten der Marke, eine Serie zu kreieren, die in ihrer Erscheinung atemberaubend, in der Handhabung angenehm und im Preis wettbewerbsf\u00e4hig sein sollte. Sie haben die Aufgabe mit Bravour gel\u00f6st und eine Weinglas-Kollektion f\u00fcr das 21. Jahrhundert geschaffen.<\/p>\n<p>Das <strong>Alte Welt Pinot Noir<\/strong> Glas ist perfekt f\u00fcr leichte Rotweine mit hohem S\u00e4uregehalt und moderatem Tannin.<\/p>\n<p>Dieses Glas bringt die reichen Fruchtnoten zur Geltung und mildert den hohen S\u00e4uregehalt des Weins. Der kugelf\u00f6rmige Becher f\u00e4ngt alle Nuancen des Weinaromas ein.<\/p>\n<p>Maschinengefertigt und sp\u00fclmaschinenfest.<br \/>\nDie Packung enth\u00e4lt 2 St\u00fcck.<\/p>\n<p>Volumen: 738,0 ccm<br \/>\nH\u00f6he: 235,0 mm<\/p>\n","protected":false},"excerpt":{"rendered":"<p>Die revolution\u00e4re RIEDEL Veritas Serie deb\u00fctierte 2014 und setzte einmal mehr den Standard in der Glasproduktion. Georg J. Riedel, der<\/p>\n","protected":false},"featured_media":263841,"template":"","meta":{"_acf_changed":false,"inline_featured_image":false},"product_cat":[6850,14459],"product_tag":[25088,23705,11479,23661,24416,21986,25022,23683],"acf":[],"yoast_head":"<!-- This site is optimized with the Yoast SEO Premium plugin v18.6 (Yoast SEO v19.13) - https:\/\/yoast.com\/wordpress\/plugins\/seo\/ -->\n<title>RIEDEL Veritas Set 2 Rotweingl\u00e4ser Pinot Noir Alte Welt - Erresse Shop<\/title>\n<meta name=\"description\" content=\"Die revolution\u00e4re RIEDEL Veritas Serie deb\u00fctierte 2014 und setzte einmal mehr den Standard in der Glasproduktion. Georg J. Riedel, der der zehnten\" \/>\n<meta name=\"robots\" content=\"index, follow, max-snippet:-1, max-image-preview:large, max-video-preview:-1\" \/>\n<link rel=\"canonical\" href=\"https:\/\/www.erresse-shop.it\/de\/shop\/tisch\/weinbar-korkenzieher-dekanter-eiskubel\/weinglaeser\/riedel-veritas-set-2-rotweinglaser-pinot-noir-alte-welt\/\" \/>\n<meta property=\"og:locale\" content=\"de_DE\" \/>\n<meta property=\"og:type\" content=\"article\" \/>\n<meta property=\"og:title\" content=\"RIEDEL Veritas Set 2 Rotweingl\u00e4ser Pinot Noir Alte Welt\" \/>\n<meta property=\"og:description\" content=\"Die revolution\u00e4re RIEDEL Veritas Serie deb\u00fctierte 2014 und setzte einmal mehr den Standard in der Glasproduktion. Georg J. Riedel, der der zehnten\" \/>\n<meta property=\"og:url\" content=\"https:\/\/www.erresse-shop.it\/de\/shop\/tisch\/weinbar-korkenzieher-dekanter-eiskubel\/weinglaeser\/riedel-veritas-set-2-rotweinglaser-pinot-noir-alte-welt\/\" \/>\n<meta property=\"og:site_name\" content=\"Erresse Shop\" \/>\n<meta property=\"article:modified_time\" content=\"2024-09-11T15:34:21+00:00\" \/>\n<meta property=\"og:image\" content=\"https:\/\/www.erresse-shop.it\/wp-content\/uploads\/2023\/04\/RIEDEL-Veritas-Set-2-Calici-Pinot-Noir-Vecchio-Mondo.jpg\" \/>\n\t<meta property=\"og:image:width\" content=\"800\" \/>\n\t<meta property=\"og:image:height\" content=\"800\" \/>\n\t<meta property=\"og:image:type\" content=\"image\/jpeg\" \/>\n<meta name=\"twitter:card\" content=\"summary_large_image\" \/>\n<script type=\"application\/ld+json\" class=\"yoast-schema-graph\">{\"@context\":\"https:\/\/schema.org\",\"@graph\":[{\"@type\":\"WebPage\",\"@id\":\"https:\/\/www.erresse-shop.it\/de\/shop\/tisch\/weinbar-korkenzieher-dekanter-eiskubel\/weinglaeser\/riedel-veritas-set-2-rotweinglaser-pinot-noir-alte-welt\/\",\"url\":\"https:\/\/www.erresse-shop.it\/de\/shop\/tisch\/weinbar-korkenzieher-dekanter-eiskubel\/weinglaeser\/riedel-veritas-set-2-rotweinglaser-pinot-noir-alte-welt\/\",\"name\":\"RIEDEL Veritas Set 2 Rotweingl\u00e4ser Pinot Noir Alte Welt - Erresse Shop\",\"isPartOf\":{\"@id\":\"https:\/\/www.erresse-shop.it\/de\/#website\"},\"datePublished\":\"2023-04-26T13:26:57+00:00\",\"dateModified\":\"2024-09-11T15:34:21+00:00\",\"description\":\"Die revolution\u00e4re RIEDEL Veritas Serie deb\u00fctierte 2014 und setzte einmal mehr den Standard in der Glasproduktion. Georg J. Riedel, der der zehnten\",\"breadcrumb\":{\"@id\":\"https:\/\/www.erresse-shop.it\/de\/shop\/tisch\/weinbar-korkenzieher-dekanter-eiskubel\/weinglaeser\/riedel-veritas-set-2-rotweinglaser-pinot-noir-alte-welt\/#breadcrumb\"},\"inLanguage\":\"de-DE\",\"potentialAction\":[{\"@type\":\"ReadAction\",\"target\":[\"https:\/\/www.erresse-shop.it\/de\/shop\/tisch\/weinbar-korkenzieher-dekanter-eiskubel\/weinglaeser\/riedel-veritas-set-2-rotweinglaser-pinot-noir-alte-welt\/\"]}]},{\"@type\":\"BreadcrumbList\",\"@id\":\"https:\/\/www.erresse-shop.it\/de\/shop\/tisch\/weinbar-korkenzieher-dekanter-eiskubel\/weinglaeser\/riedel-veritas-set-2-rotweinglaser-pinot-noir-alte-welt\/#breadcrumb\",\"itemListElement\":[{\"@type\":\"ListItem\",\"position\":1,\"name\":\"Home\",\"item\":\"https:\/\/www.erresse-shop.it\/de\/\"},{\"@type\":\"ListItem\",\"position\":2,\"name\":\"Shop\",\"item\":\"https:\/\/www.erresse-shop.it\/de\/shop\/\"},{\"@type\":\"ListItem\",\"position\":3,\"name\":\"RIEDEL Veritas Set 2 Rotweingl\u00e4ser Pinot Noir Alte Welt\"}]},{\"@type\":\"WebSite\",\"@id\":\"https:\/\/www.erresse-shop.it\/de\/#website\",\"url\":\"https:\/\/www.erresse-shop.it\/de\/\",\"name\":\"Erresse Shop\",\"description\":\"Articoli di qualit\u00e0 per la casa\",\"potentialAction\":[{\"@type\":\"SearchAction\",\"target\":{\"@type\":\"EntryPoint\",\"urlTemplate\":\"https:\/\/www.erresse-shop.it\/de\/?s={search_term_string}\"},\"query-input\":\"required name=search_term_string\"}],\"inLanguage\":\"de-DE\"}]}<\/script>\n<!-- \/ Yoast SEO Premium plugin. -->","yoast_head_json":{"title":"RIEDEL Veritas Set 2 Rotweingl\u00e4ser Pinot Noir Alte Welt - Erresse Shop","description":"Die revolution\u00e4re RIEDEL Veritas Serie deb\u00fctierte 2014 und setzte einmal mehr den Standard in der Glasproduktion. Georg J. Riedel, der der zehnten","robots":{"index":"index","follow":"follow","max-snippet":"max-snippet:-1","max-image-preview":"max-image-preview:large","max-video-preview":"max-video-preview:-1"},"canonical":"https:\/\/www.erresse-shop.it\/de\/shop\/tisch\/weinbar-korkenzieher-dekanter-eiskubel\/weinglaeser\/riedel-veritas-set-2-rotweinglaser-pinot-noir-alte-welt\/","og_locale":"de_DE","og_type":"article","og_title":"RIEDEL Veritas Set 2 Rotweingl\u00e4ser Pinot Noir Alte Welt","og_description":"Die revolution\u00e4re RIEDEL Veritas Serie deb\u00fctierte 2014 und setzte einmal mehr den Standard in der Glasproduktion. Georg J. Riedel, der der zehnten","og_url":"https:\/\/www.erresse-shop.it\/de\/shop\/tisch\/weinbar-korkenzieher-dekanter-eiskubel\/weinglaeser\/riedel-veritas-set-2-rotweinglaser-pinot-noir-alte-welt\/","og_site_name":"Erresse Shop","article_modified_time":"2024-09-11T15:34:21+00:00","og_image":[{"width":800,"height":800,"url":"https:\/\/www.erresse-shop.it\/wp-content\/uploads\/2023\/04\/RIEDEL-Veritas-Set-2-Calici-Pinot-Noir-Vecchio-Mondo.jpg","type":"image\/jpeg"}],"twitter_card":"summary_large_image","schema":{"@context":"https:\/\/schema.org","@graph":[{"@type":"WebPage","@id":"https:\/\/www.erresse-shop.it\/de\/shop\/tisch\/weinbar-korkenzieher-dekanter-eiskubel\/weinglaeser\/riedel-veritas-set-2-rotweinglaser-pinot-noir-alte-welt\/","url":"https:\/\/www.erresse-shop.it\/de\/shop\/tisch\/weinbar-korkenzieher-dekanter-eiskubel\/weinglaeser\/riedel-veritas-set-2-rotweinglaser-pinot-noir-alte-welt\/","name":"RIEDEL Veritas Set 2 Rotweingl\u00e4ser Pinot Noir Alte Welt - Erresse Shop","isPartOf":{"@id":"https:\/\/www.erresse-shop.it\/de\/#website"},"datePublished":"2023-04-26T13:26:57+00:00","dateModified":"2024-09-11T15:34:21+00:00","description":"Die revolution\u00e4re RIEDEL Veritas Serie deb\u00fctierte 2014 und setzte einmal mehr den Standard in der Glasproduktion. Georg J. Riedel, der der zehnten","breadcrumb":{"@id":"https:\/\/www.erresse-shop.it\/de\/shop\/tisch\/weinbar-korkenzieher-dekanter-eiskubel\/weinglaeser\/riedel-veritas-set-2-rotweinglaser-pinot-noir-alte-welt\/#breadcrumb"},"inLanguage":"de-DE","potentialAction":[{"@type":"ReadAction","target":["https:\/\/www.erresse-shop.it\/de\/shop\/tisch\/weinbar-korkenzieher-dekanter-eiskubel\/weinglaeser\/riedel-veritas-set-2-rotweinglaser-pinot-noir-alte-welt\/"]}]},{"@type":"BreadcrumbList","@id":"https:\/\/www.erresse-shop.it\/de\/shop\/tisch\/weinbar-korkenzieher-dekanter-eiskubel\/weinglaeser\/riedel-veritas-set-2-rotweinglaser-pinot-noir-alte-welt\/#breadcrumb","itemListElement":[{"@type":"ListItem","position":1,"name":"Home","item":"https:\/\/www.erresse-shop.it\/de\/"},{"@type":"ListItem","position":2,"name":"Shop","item":"https:\/\/www.erresse-shop.it\/de\/shop\/"},{"@type":"ListItem","position":3,"name":"RIEDEL Veritas Set 2 Rotweingl\u00e4ser Pinot Noir Alte Welt"}]},{"@type":"WebSite","@id":"https:\/\/www.erresse-shop.it\/de\/#website","url":"https:\/\/www.erresse-shop.it\/de\/","name":"Erresse Shop","description":"Articoli di qualit\u00e0 per la casa","potentialAction":[{"@type":"SearchAction","target":{"@type":"EntryPoint","urlTemplate":"https:\/\/www.erresse-shop.it\/de\/?s={search_term_string}"},"query-input":"required name=search_term_string"}],"inLanguage":"de-DE"}]}},"df_price":26.55,"df_sale_price":26.55,"df_regular_price":59,"df_image_link":"https:\/\/www.erresse-shop.it\/wp-content\/uploads\/2023\/04\/RIEDEL-Veritas-Set-2-Calici-Pinot-Noir-Vecchio-Mondo-300x300.jpg","_links":{"self":[{"href":"https:\/\/www.erresse-shop.it\/de\/wp-json\/wp\/v2\/product\/263820"}],"collection":[{"href":"https:\/\/www.erresse-shop.it\/de\/wp-json\/wp\/v2\/product"}],"about":[{"href":"https:\/\/www.erresse-shop.it\/de\/wp-json\/wp\/v2\/types\/product"}],"wp:featuredmedia":[{"embeddable":true,"href":"https:\/\/www.erresse-shop.it\/de\/wp-json\/wp\/v2\/media\/263841"}],"wp:attachment":[{"href":"https:\/\/www.erresse-shop.it\/de\/wp-json\/wp\/v2\/media?parent=263820"}],"wp:term":[{"taxonomy":"product_cat","embeddable":true,"href":"https:\/\/www.erresse-shop.it\/de\/wp-json\/wp\/v2\/product_cat?post=263820"},{"taxonomy":"product_tag","embeddable":true,"href":"https:\/\/www.erresse-shop.it\/de\/wp-json\/wp\/v2\/product_tag?post=263820"}],"curies":[{"name":"wp","href":"https:\/\/api.w.org\/{rel}","templated":true}]}}