{"id":263596,"date":"2023-04-26T10:12:34","date_gmt":"2023-04-26T10:12:35","guid":{"rendered":"https:\/\/www.erresse-shop.it\/?post_type=product&#038;p=263596"},"modified":"2025-01-21T08:15:53","modified_gmt":"2025-01-21T08:15:53","slug":"riedel-mamba-dekanter","status":"publish","type":"product","link":"https:\/\/www.erresse-shop.it\/de\/shop\/tisch\/weinbar-korkenzieher-dekanter-eiskubel\/dekanter\/riedel-mamba-dekanter\/","title":{"rendered":"RIEDEL Mamba Dekanter"},"content":{"rendered":"<p><strong>RIEDEL<\/strong> bietet eine gro\u00dfe Auswahl an eleganten Dekantern aus mundgeblasenem Glas, die zu jedem Lebensstil passen. Ein Dekanter ist ein Muss f\u00fcr jeden Weinliebhaber, und alle RIEDEL Dekanter sind aus feinem Kristallglas gefertigt, um Qualit\u00e4tsweinen die Behandlung zukommen zu lassen, die sie verdienen. Alte und junge Weine k\u00f6nnen vom Dekantieren profitieren, sei es, um Sedimente zu entfernen oder um sie weicher und runder zu machen.<\/p>\n<p>Der faszinierende <strong>Mamba-Dekanter<\/strong> greift die Kraft der ber\u00fchmten schwarzen Mamba auf, der schnellsten Schlange der Welt. Er wurde 2011 nach dem schlangenf\u00f6rmigen Eve (2008) eingef\u00fchrt und verleiht dem Weinservice eine theatralische Note.<\/p>\n<p>Die Mamba eignet sich f\u00fcr junge Weine, da ihre vertikale Spiralstruktur eine Reihe von Lufttaschen erzeugt, die es dem Wein erm\u00f6glichen, doppelt zu dekantieren&#8221;. Wenn der Wein durch das gew\u00f6lbte Glas flie\u00dft, erzeugt er ein blubberndes Ger\u00e4usch, ein klangvolles Signal f\u00fcr ein kr\u00e4ftiges Dekantieren.<\/p>\n<p>Handgefertigt. Ausschlie\u00dflich von Hand gewaschen.<\/p>\n<p>Unsere Glasmachermeister fertigen jedes St\u00fcck von Hand an, so dass jedes St\u00fcck einen einzigartigen Charakter besitzt. Aufgrund der Natur des Herstellungsprozesses kann es zu kleinen Unterschieden in Gr\u00f6\u00dfe und Gewicht jedes St\u00fccks, zu Blasen, Unvollkommenheiten oder leichten Abweichungen auf der Oberfl\u00e4che kommen.<\/p>\n<p>Volumen: 1500,0 ccm<br \/>\nH\u00f6he: 325,0 mm<\/p>\n","protected":false},"excerpt":{"rendered":"<p>RIEDEL bietet eine gro\u00dfe Auswahl an eleganten Dekantern aus mundgeblasenem Glas, die zu jedem Lebensstil passen. Ein Dekanter ist ein<\/p>\n","protected":false},"featured_media":263611,"template":"","meta":{"_acf_changed":false,"inline_featured_image":false},"product_cat":[6787,6850,18540],"product_tag":[22551,24681,11489],"acf":[],"yoast_head":"<!-- This site is optimized with the Yoast SEO Premium plugin v18.6 (Yoast SEO v19.13) - https:\/\/yoast.com\/wordpress\/plugins\/seo\/ -->\n<title>RIEDEL Mamba Dekanter - Erresse Shop<\/title>\n<meta name=\"description\" content=\"RIEDEL bietet eine gro\u00dfe Auswahl an eleganten Dekantern aus mundgeblasenem Glas, die zu jedem Lebensstil passen. Ein Dekanter ist ein Muss f\u00fcr jeden\" \/>\n<meta name=\"robots\" content=\"index, follow, max-snippet:-1, max-image-preview:large, max-video-preview:-1\" \/>\n<link rel=\"canonical\" href=\"https:\/\/www.erresse-shop.it\/de\/shop\/tisch\/weinbar-korkenzieher-dekanter-eiskubel\/dekanter\/riedel-mamba-dekanter\/\" \/>\n<meta property=\"og:locale\" content=\"de_DE\" \/>\n<meta property=\"og:type\" content=\"article\" \/>\n<meta property=\"og:title\" content=\"RIEDEL Mamba Dekanter\" \/>\n<meta property=\"og:description\" content=\"RIEDEL bietet eine gro\u00dfe Auswahl an eleganten Dekantern aus mundgeblasenem Glas, die zu jedem Lebensstil passen. Ein Dekanter ist ein Muss f\u00fcr jeden\" \/>\n<meta property=\"og:url\" content=\"https:\/\/www.erresse-shop.it\/de\/shop\/tisch\/weinbar-korkenzieher-dekanter-eiskubel\/dekanter\/riedel-mamba-dekanter\/\" \/>\n<meta property=\"og:site_name\" content=\"Erresse Shop\" \/>\n<meta property=\"article:modified_time\" content=\"2025-01-21T08:15:53+00:00\" \/>\n<meta property=\"og:image\" content=\"https:\/\/www.erresse-shop.it\/wp-content\/uploads\/2023\/04\/RIEDEL-Mamba-Decanter.jpg\" \/>\n\t<meta property=\"og:image:width\" content=\"800\" \/>\n\t<meta property=\"og:image:height\" content=\"800\" \/>\n\t<meta property=\"og:image:type\" content=\"image\/jpeg\" \/>\n<meta name=\"twitter:card\" content=\"summary_large_image\" \/>\n<script type=\"application\/ld+json\" class=\"yoast-schema-graph\">{\"@context\":\"https:\/\/schema.org\",\"@graph\":[{\"@type\":\"WebPage\",\"@id\":\"https:\/\/www.erresse-shop.it\/de\/shop\/tisch\/weinbar-korkenzieher-dekanter-eiskubel\/dekanter\/riedel-mamba-dekanter\/\",\"url\":\"https:\/\/www.erresse-shop.it\/de\/shop\/tisch\/weinbar-korkenzieher-dekanter-eiskubel\/dekanter\/riedel-mamba-dekanter\/\",\"name\":\"RIEDEL Mamba Dekanter - Erresse Shop\",\"isPartOf\":{\"@id\":\"https:\/\/www.erresse-shop.it\/de\/#website\"},\"datePublished\":\"2023-04-26T10:12:35+00:00\",\"dateModified\":\"2025-01-21T08:15:53+00:00\",\"description\":\"RIEDEL bietet eine gro\u00dfe Auswahl an eleganten Dekantern aus mundgeblasenem Glas, die zu jedem Lebensstil passen. Ein Dekanter ist ein Muss f\u00fcr jeden\",\"breadcrumb\":{\"@id\":\"https:\/\/www.erresse-shop.it\/de\/shop\/tisch\/weinbar-korkenzieher-dekanter-eiskubel\/dekanter\/riedel-mamba-dekanter\/#breadcrumb\"},\"inLanguage\":\"de-DE\",\"potentialAction\":[{\"@type\":\"ReadAction\",\"target\":[\"https:\/\/www.erresse-shop.it\/de\/shop\/tisch\/weinbar-korkenzieher-dekanter-eiskubel\/dekanter\/riedel-mamba-dekanter\/\"]}]},{\"@type\":\"BreadcrumbList\",\"@id\":\"https:\/\/www.erresse-shop.it\/de\/shop\/tisch\/weinbar-korkenzieher-dekanter-eiskubel\/dekanter\/riedel-mamba-dekanter\/#breadcrumb\",\"itemListElement\":[{\"@type\":\"ListItem\",\"position\":1,\"name\":\"Home\",\"item\":\"https:\/\/www.erresse-shop.it\/de\/\"},{\"@type\":\"ListItem\",\"position\":2,\"name\":\"Shop\",\"item\":\"https:\/\/www.erresse-shop.it\/de\/shop\/\"},{\"@type\":\"ListItem\",\"position\":3,\"name\":\"RIEDEL Mamba Dekanter\"}]},{\"@type\":\"WebSite\",\"@id\":\"https:\/\/www.erresse-shop.it\/de\/#website\",\"url\":\"https:\/\/www.erresse-shop.it\/de\/\",\"name\":\"Erresse Shop\",\"description\":\"Articoli di qualit\u00e0 per la casa\",\"potentialAction\":[{\"@type\":\"SearchAction\",\"target\":{\"@type\":\"EntryPoint\",\"urlTemplate\":\"https:\/\/www.erresse-shop.it\/de\/?s={search_term_string}\"},\"query-input\":\"required name=search_term_string\"}],\"inLanguage\":\"de-DE\"}]}<\/script>\n<!-- \/ Yoast SEO Premium plugin. -->","yoast_head_json":{"title":"RIEDEL Mamba Dekanter - Erresse Shop","description":"RIEDEL bietet eine gro\u00dfe Auswahl an eleganten Dekantern aus mundgeblasenem Glas, die zu jedem Lebensstil passen. Ein Dekanter ist ein Muss f\u00fcr jeden","robots":{"index":"index","follow":"follow","max-snippet":"max-snippet:-1","max-image-preview":"max-image-preview:large","max-video-preview":"max-video-preview:-1"},"canonical":"https:\/\/www.erresse-shop.it\/de\/shop\/tisch\/weinbar-korkenzieher-dekanter-eiskubel\/dekanter\/riedel-mamba-dekanter\/","og_locale":"de_DE","og_type":"article","og_title":"RIEDEL Mamba Dekanter","og_description":"RIEDEL bietet eine gro\u00dfe Auswahl an eleganten Dekantern aus mundgeblasenem Glas, die zu jedem Lebensstil passen. Ein Dekanter ist ein Muss f\u00fcr jeden","og_url":"https:\/\/www.erresse-shop.it\/de\/shop\/tisch\/weinbar-korkenzieher-dekanter-eiskubel\/dekanter\/riedel-mamba-dekanter\/","og_site_name":"Erresse Shop","article_modified_time":"2025-01-21T08:15:53+00:00","og_image":[{"width":800,"height":800,"url":"https:\/\/www.erresse-shop.it\/wp-content\/uploads\/2023\/04\/RIEDEL-Mamba-Decanter.jpg","type":"image\/jpeg"}],"twitter_card":"summary_large_image","schema":{"@context":"https:\/\/schema.org","@graph":[{"@type":"WebPage","@id":"https:\/\/www.erresse-shop.it\/de\/shop\/tisch\/weinbar-korkenzieher-dekanter-eiskubel\/dekanter\/riedel-mamba-dekanter\/","url":"https:\/\/www.erresse-shop.it\/de\/shop\/tisch\/weinbar-korkenzieher-dekanter-eiskubel\/dekanter\/riedel-mamba-dekanter\/","name":"RIEDEL Mamba Dekanter - Erresse Shop","isPartOf":{"@id":"https:\/\/www.erresse-shop.it\/de\/#website"},"datePublished":"2023-04-26T10:12:35+00:00","dateModified":"2025-01-21T08:15:53+00:00","description":"RIEDEL bietet eine gro\u00dfe Auswahl an eleganten Dekantern aus mundgeblasenem Glas, die zu jedem Lebensstil passen. Ein Dekanter ist ein Muss f\u00fcr jeden","breadcrumb":{"@id":"https:\/\/www.erresse-shop.it\/de\/shop\/tisch\/weinbar-korkenzieher-dekanter-eiskubel\/dekanter\/riedel-mamba-dekanter\/#breadcrumb"},"inLanguage":"de-DE","potentialAction":[{"@type":"ReadAction","target":["https:\/\/www.erresse-shop.it\/de\/shop\/tisch\/weinbar-korkenzieher-dekanter-eiskubel\/dekanter\/riedel-mamba-dekanter\/"]}]},{"@type":"BreadcrumbList","@id":"https:\/\/www.erresse-shop.it\/de\/shop\/tisch\/weinbar-korkenzieher-dekanter-eiskubel\/dekanter\/riedel-mamba-dekanter\/#breadcrumb","itemListElement":[{"@type":"ListItem","position":1,"name":"Home","item":"https:\/\/www.erresse-shop.it\/de\/"},{"@type":"ListItem","position":2,"name":"Shop","item":"https:\/\/www.erresse-shop.it\/de\/shop\/"},{"@type":"ListItem","position":3,"name":"RIEDEL Mamba Dekanter"}]},{"@type":"WebSite","@id":"https:\/\/www.erresse-shop.it\/de\/#website","url":"https:\/\/www.erresse-shop.it\/de\/","name":"Erresse Shop","description":"Articoli di qualit\u00e0 per la casa","potentialAction":[{"@type":"SearchAction","target":{"@type":"EntryPoint","urlTemplate":"https:\/\/www.erresse-shop.it\/de\/?s={search_term_string}"},"query-input":"required name=search_term_string"}],"inLanguage":"de-DE"}]}},"df_price":168.75,"df_sale_price":168.75,"df_regular_price":375,"df_image_link":"https:\/\/www.erresse-shop.it\/wp-content\/uploads\/2023\/04\/RIEDEL-Mamba-Decanter-300x300.jpg","_links":{"self":[{"href":"https:\/\/www.erresse-shop.it\/de\/wp-json\/wp\/v2\/product\/263596"}],"collection":[{"href":"https:\/\/www.erresse-shop.it\/de\/wp-json\/wp\/v2\/product"}],"about":[{"href":"https:\/\/www.erresse-shop.it\/de\/wp-json\/wp\/v2\/types\/product"}],"wp:featuredmedia":[{"embeddable":true,"href":"https:\/\/www.erresse-shop.it\/de\/wp-json\/wp\/v2\/media\/263611"}],"wp:attachment":[{"href":"https:\/\/www.erresse-shop.it\/de\/wp-json\/wp\/v2\/media?parent=263596"}],"wp:term":[{"taxonomy":"product_cat","embeddable":true,"href":"https:\/\/www.erresse-shop.it\/de\/wp-json\/wp\/v2\/product_cat?post=263596"},{"taxonomy":"product_tag","embeddable":true,"href":"https:\/\/www.erresse-shop.it\/de\/wp-json\/wp\/v2\/product_tag?post=263596"}],"curies":[{"name":"wp","href":"https:\/\/api.w.org\/{rel}","templated":true}]}}