{"id":262991,"date":"2023-04-24T07:47:38","date_gmt":"2023-04-24T07:47:39","guid":{"rendered":"https:\/\/www.erresse-shop.it\/?post_type=product&#038;p=262991"},"modified":"2025-04-07T18:10:07","modified_gmt":"2025-04-07T18:10:07","slug":"wmf-perfect-plus-schnellkochtopf-45-l","status":"publish","type":"product","link":"https:\/\/www.erresse-shop.it\/de\/shop\/toepfe-pfannen\/toepfe-und-kochtoepfen\/wmf-perfect-plus-schnellkochtopf-45-l\/","title":{"rendered":"WMF Perfect Plus Schnellkochtopf 4,5 L"},"content":{"rendered":"<p><strong>Der Schnellkochtopf, der perfekt kocht!<\/strong><br \/>\nDer Perfect Premium Schnellkochtopf von WMF bringt das gewisse Etwas in die moderne K\u00fcche, indem er das Kochen vereinfacht und die Zubereitung gesunder Speisen so einfach und schnell wie nie zuvor macht! Der All-in-One-Drehknopf macht die Bedienung einfach, w\u00e4hrend die intuitive zweistufige Kochanzeige k\u00f6stliche Fisch-, Fleisch-, Gem\u00fcse- und andere Gerichte garantiert. Von Suppen und Eint\u00f6pfen \u00fcber ged\u00fcnstetes oder geschmortes Fleisch, Eint\u00f6pfe und Gem\u00fcse, Fisch und Gefl\u00fcgel bis hin zu Getreide und H\u00fclsenfr\u00fcchten &#8211; die Rezeptm\u00f6glichkeiten sind endlos! Der Perfect Premium-Topf verf\u00fcgt \u00fcber ein 7-stufiges Sicherheitssystem f\u00fcr maximale Sicherheit, einen abnehmbaren Schnappgriff sowie einen sp\u00fclmaschinenfesten Topf und Deckel f\u00fcr einfache Reinigung und perfekte Hygiene. Er verf\u00fcgt sogar \u00fcber eine praktische Innenskala. Perfect Premium: der Schnellkochtopf, der in keiner K\u00fcche fehlen sollte!<\/p>\n<p><strong>All-in-One-Bedienknopf<\/strong><br \/>\nDie Technik ist in einem Griff zusammengefasst! Alle Einstellungen des Schnellkochtopfs sind dank des innovativen All-in-One-Bedienknopfs leicht zu bedienen: \u00d6ffnen und Schlie\u00dfen, Vorwahl der Kochstufe und Dampfablass.<\/p>\n<p><strong>Kochanzeige<\/strong><br \/>\nEine Kochanzeige erleichtert die Kontrolle des Kochfortschritts mit zwei Stufen: Die erste Stufe eignet sich perfekt zum Garen von Gem\u00fcse, Fisch und Gefl\u00fcgel; die zweite Stufe ist ideal f\u00fcr dickeres Fleisch, Kartoffeln und Eint\u00f6pfe. Ein dritter Ring signalisiert das Vorhandensein von Druck im Inneren des Topfes, der sich erst \u00f6ffnen l\u00e4sst, wenn die Kochanzeige vollst\u00e4ndig in den Griff zur\u00fcckgezogen wurde.<\/p>\n<p><strong>Besonders sicheres Design<\/strong><br \/>\nSiebenstufiges Sicherheitssystem mit Flammenschutz am Seitengriff und am Griff, mit stufenweiser Dampfabgabe.<\/p>\n<p><strong>Leichte Reinigung<\/strong><br \/>\nAbnehmbarer Griff f\u00fcr einfache Reinigung und hygienische Versiegelung.<\/p>\n<p><strong>TransThern\u00ae Universal-Boden<\/strong><br \/>\nDer TransTherm\u00ae-Universalboden spart Energie beim Kochen dank der optimalen W\u00e4rmeverteilung und -erhaltung. Geeignet f\u00fcr alle Herdarten, einschlie\u00dflich Induktion.<\/p>\n<p><strong>Cromargan\u00ae<\/strong><br \/>\nTopf und Deckel aus robustem und elegantem Cromargan\u00ae Edelstahl 18\/10 f\u00fcr au\u00dfergew\u00f6hnliche Haltbarkeit und Hygiene, sp\u00fclmaschinenfest. Ausgestattet mit einer praktischen internen Skala zum einfachen Abmessen.<\/p>\n<p><strong>TECHNISCHE MERKMALE<\/strong><\/p>\n<p><strong>W\u00e4rmequelle:<\/strong> Induktion, Gas, Elektro, Keramik, Halogen<br \/>\n<strong>Fassungsverm\u00f6gen des Topfes:<\/strong> 4,5 l<br \/>\n<strong>Fassungsverm\u00f6gen des Topfes (Anzahl der Personen):<\/strong> 2-4 Personen<br \/>\n<strong>Anzahl der Kochprogramme:<\/strong> 2<br \/>\n<strong>Sp\u00fclmaschinentauglich:<\/strong> Ja, au\u00dfer Dichtung, Ventil und Deckelgriff<br \/>\n<strong>Material des Topfes:<\/strong> Rostfreier Stahl<\/p>\n","protected":false},"excerpt":{"rendered":"<p>Der Schnellkochtopf, der perfekt kocht! Der Perfect Premium Schnellkochtopf von WMF bringt das gewisse Etwas in die moderne K\u00fcche, indem<\/p>\n","protected":false},"featured_media":295371,"template":"","meta":{"_acf_changed":false,"inline_featured_image":false},"product_cat":[6709,14776],"product_tag":[13436,17643,22483,12205],"acf":[],"yoast_head":"<!-- This site is optimized with the Yoast SEO Premium plugin v18.6 (Yoast SEO v19.13) - https:\/\/yoast.com\/wordpress\/plugins\/seo\/ -->\n<title>WMF Perfect Plus Schnellkochtopf 4,5 L<\/title>\n<meta name=\"description\" content=\"Entdecken Sie WMF Perfect Plus Schnellkochtopf 4,5 L bei ErresseShop. Qualit\u00e4t, Stil und Funktionalit\u00e4t \u2013 jetzt online bestellen!\" \/>\n<meta name=\"robots\" content=\"index, follow, max-snippet:-1, max-image-preview:large, max-video-preview:-1\" \/>\n<link rel=\"canonical\" href=\"https:\/\/www.erresse-shop.it\/de\/shop\/toepfe-pfannen\/toepfe-und-kochtoepfen\/wmf-perfect-plus-schnellkochtopf-45-l\/\" \/>\n<meta property=\"og:locale\" content=\"de_DE\" \/>\n<meta property=\"og:type\" content=\"article\" \/>\n<meta property=\"og:title\" content=\"WMF Perfect Plus Schnellkochtopf 4,5 L\" \/>\n<meta property=\"og:description\" content=\"Entdecken Sie WMF Perfect Plus Schnellkochtopf 4,5 L bei ErresseShop. Qualit\u00e4t, Stil und Funktionalit\u00e4t \u2013 jetzt online bestellen!\" \/>\n<meta property=\"og:url\" content=\"https:\/\/www.erresse-shop.it\/de\/shop\/toepfe-pfannen\/toepfe-und-kochtoepfen\/wmf-perfect-plus-schnellkochtopf-45-l\/\" \/>\n<meta property=\"og:site_name\" content=\"Erresse Shop\" \/>\n<meta property=\"article:modified_time\" content=\"2025-04-07T18:10:07+00:00\" \/>\n<meta property=\"og:image\" content=\"https:\/\/www.erresse-shop.it\/wp-content\/uploads\/2023\/04\/WMF-Perfect-Plus-Pentola-a-Pressione-45-L-1.jpg\" \/>\n\t<meta property=\"og:image:width\" content=\"800\" \/>\n\t<meta property=\"og:image:height\" content=\"800\" \/>\n\t<meta property=\"og:image:type\" content=\"image\/jpeg\" \/>\n<meta name=\"twitter:card\" content=\"summary_large_image\" \/>\n<script type=\"application\/ld+json\" class=\"yoast-schema-graph\">{\"@context\":\"https:\/\/schema.org\",\"@graph\":[{\"@type\":\"WebPage\",\"@id\":\"https:\/\/www.erresse-shop.it\/de\/shop\/toepfe-pfannen\/toepfe-und-kochtoepfen\/wmf-perfect-plus-schnellkochtopf-45-l\/\",\"url\":\"https:\/\/www.erresse-shop.it\/de\/shop\/toepfe-pfannen\/toepfe-und-kochtoepfen\/wmf-perfect-plus-schnellkochtopf-45-l\/\",\"name\":\"WMF Perfect Plus Schnellkochtopf 4,5 L\",\"isPartOf\":{\"@id\":\"https:\/\/www.erresse-shop.it\/de\/#website\"},\"datePublished\":\"2023-04-24T07:47:39+00:00\",\"dateModified\":\"2025-04-07T18:10:07+00:00\",\"description\":\"Entdecken Sie WMF Perfect Plus Schnellkochtopf 4,5 L bei ErresseShop. Qualit\u00e4t, Stil und Funktionalit\u00e4t \u2013 jetzt online bestellen!\",\"breadcrumb\":{\"@id\":\"https:\/\/www.erresse-shop.it\/de\/shop\/toepfe-pfannen\/toepfe-und-kochtoepfen\/wmf-perfect-plus-schnellkochtopf-45-l\/#breadcrumb\"},\"inLanguage\":\"de-DE\",\"potentialAction\":[{\"@type\":\"ReadAction\",\"target\":[\"https:\/\/www.erresse-shop.it\/de\/shop\/toepfe-pfannen\/toepfe-und-kochtoepfen\/wmf-perfect-plus-schnellkochtopf-45-l\/\"]}]},{\"@type\":\"BreadcrumbList\",\"@id\":\"https:\/\/www.erresse-shop.it\/de\/shop\/toepfe-pfannen\/toepfe-und-kochtoepfen\/wmf-perfect-plus-schnellkochtopf-45-l\/#breadcrumb\",\"itemListElement\":[{\"@type\":\"ListItem\",\"position\":1,\"name\":\"Home\",\"item\":\"https:\/\/www.erresse-shop.it\/de\/\"},{\"@type\":\"ListItem\",\"position\":2,\"name\":\"Shop\",\"item\":\"https:\/\/www.erresse-shop.it\/de\/shop\/\"},{\"@type\":\"ListItem\",\"position\":3,\"name\":\"WMF Perfect Plus Schnellkochtopf 4,5 L\"}]},{\"@type\":\"WebSite\",\"@id\":\"https:\/\/www.erresse-shop.it\/de\/#website\",\"url\":\"https:\/\/www.erresse-shop.it\/de\/\",\"name\":\"Erresse Shop\",\"description\":\"Articoli di qualit\u00e0 per la casa\",\"potentialAction\":[{\"@type\":\"SearchAction\",\"target\":{\"@type\":\"EntryPoint\",\"urlTemplate\":\"https:\/\/www.erresse-shop.it\/de\/?s={search_term_string}\"},\"query-input\":\"required name=search_term_string\"}],\"inLanguage\":\"de-DE\"}]}<\/script>\n<!-- \/ Yoast SEO Premium plugin. -->","yoast_head_json":{"title":"WMF Perfect Plus Schnellkochtopf 4,5 L","description":"Entdecken Sie WMF Perfect Plus Schnellkochtopf 4,5 L bei ErresseShop. Qualit\u00e4t, Stil und Funktionalit\u00e4t \u2013 jetzt online bestellen!","robots":{"index":"index","follow":"follow","max-snippet":"max-snippet:-1","max-image-preview":"max-image-preview:large","max-video-preview":"max-video-preview:-1"},"canonical":"https:\/\/www.erresse-shop.it\/de\/shop\/toepfe-pfannen\/toepfe-und-kochtoepfen\/wmf-perfect-plus-schnellkochtopf-45-l\/","og_locale":"de_DE","og_type":"article","og_title":"WMF Perfect Plus Schnellkochtopf 4,5 L","og_description":"Entdecken Sie WMF Perfect Plus Schnellkochtopf 4,5 L bei ErresseShop. Qualit\u00e4t, Stil und Funktionalit\u00e4t \u2013 jetzt online bestellen!","og_url":"https:\/\/www.erresse-shop.it\/de\/shop\/toepfe-pfannen\/toepfe-und-kochtoepfen\/wmf-perfect-plus-schnellkochtopf-45-l\/","og_site_name":"Erresse Shop","article_modified_time":"2025-04-07T18:10:07+00:00","og_image":[{"width":800,"height":800,"url":"https:\/\/www.erresse-shop.it\/wp-content\/uploads\/2023\/04\/WMF-Perfect-Plus-Pentola-a-Pressione-45-L-1.jpg","type":"image\/jpeg"}],"twitter_card":"summary_large_image","schema":{"@context":"https:\/\/schema.org","@graph":[{"@type":"WebPage","@id":"https:\/\/www.erresse-shop.it\/de\/shop\/toepfe-pfannen\/toepfe-und-kochtoepfen\/wmf-perfect-plus-schnellkochtopf-45-l\/","url":"https:\/\/www.erresse-shop.it\/de\/shop\/toepfe-pfannen\/toepfe-und-kochtoepfen\/wmf-perfect-plus-schnellkochtopf-45-l\/","name":"WMF Perfect Plus Schnellkochtopf 4,5 L","isPartOf":{"@id":"https:\/\/www.erresse-shop.it\/de\/#website"},"datePublished":"2023-04-24T07:47:39+00:00","dateModified":"2025-04-07T18:10:07+00:00","description":"Entdecken Sie WMF Perfect Plus Schnellkochtopf 4,5 L bei ErresseShop. Qualit\u00e4t, Stil und Funktionalit\u00e4t \u2013 jetzt online bestellen!","breadcrumb":{"@id":"https:\/\/www.erresse-shop.it\/de\/shop\/toepfe-pfannen\/toepfe-und-kochtoepfen\/wmf-perfect-plus-schnellkochtopf-45-l\/#breadcrumb"},"inLanguage":"de-DE","potentialAction":[{"@type":"ReadAction","target":["https:\/\/www.erresse-shop.it\/de\/shop\/toepfe-pfannen\/toepfe-und-kochtoepfen\/wmf-perfect-plus-schnellkochtopf-45-l\/"]}]},{"@type":"BreadcrumbList","@id":"https:\/\/www.erresse-shop.it\/de\/shop\/toepfe-pfannen\/toepfe-und-kochtoepfen\/wmf-perfect-plus-schnellkochtopf-45-l\/#breadcrumb","itemListElement":[{"@type":"ListItem","position":1,"name":"Home","item":"https:\/\/www.erresse-shop.it\/de\/"},{"@type":"ListItem","position":2,"name":"Shop","item":"https:\/\/www.erresse-shop.it\/de\/shop\/"},{"@type":"ListItem","position":3,"name":"WMF Perfect Plus Schnellkochtopf 4,5 L"}]},{"@type":"WebSite","@id":"https:\/\/www.erresse-shop.it\/de\/#website","url":"https:\/\/www.erresse-shop.it\/de\/","name":"Erresse Shop","description":"Articoli di qualit\u00e0 per la casa","potentialAction":[{"@type":"SearchAction","target":{"@type":"EntryPoint","urlTemplate":"https:\/\/www.erresse-shop.it\/de\/?s={search_term_string}"},"query-input":"required name=search_term_string"}],"inLanguage":"de-DE"}]}},"df_price":125.37,"df_sale_price":125.37,"df_regular_price":199,"df_image_link":"https:\/\/www.erresse-shop.it\/wp-content\/uploads\/2023\/04\/WMF-Perfect-Plus-Pentola-a-Pressione-45-L-1-300x300.jpg","_links":{"self":[{"href":"https:\/\/www.erresse-shop.it\/de\/wp-json\/wp\/v2\/product\/262991"}],"collection":[{"href":"https:\/\/www.erresse-shop.it\/de\/wp-json\/wp\/v2\/product"}],"about":[{"href":"https:\/\/www.erresse-shop.it\/de\/wp-json\/wp\/v2\/types\/product"}],"wp:featuredmedia":[{"embeddable":true,"href":"https:\/\/www.erresse-shop.it\/de\/wp-json\/wp\/v2\/media\/295371"}],"wp:attachment":[{"href":"https:\/\/www.erresse-shop.it\/de\/wp-json\/wp\/v2\/media?parent=262991"}],"wp:term":[{"taxonomy":"product_cat","embeddable":true,"href":"https:\/\/www.erresse-shop.it\/de\/wp-json\/wp\/v2\/product_cat?post=262991"},{"taxonomy":"product_tag","embeddable":true,"href":"https:\/\/www.erresse-shop.it\/de\/wp-json\/wp\/v2\/product_tag?post=262991"}],"curies":[{"name":"wp","href":"https:\/\/api.w.org\/{rel}","templated":true}]}}