{"id":261946,"date":"2023-04-20T10:37:50","date_gmt":"2023-04-20T10:37:53","guid":{"rendered":"https:\/\/www.erresse-shop.it\/?post_type=product&#038;p=261946"},"modified":"2024-01-10T09:26:06","modified_gmt":"2024-01-10T09:26:06","slug":"rowenta-grillpfanne-optigrill-xl-gr722","status":"publish","type":"product","link":"https:\/\/www.erresse-shop.it\/de\/shop\/kleine-elektrogeraete\/grills-und-barbecues\/rowenta-grillpfanne-optigrill-xl-gr722\/","title":{"rendered":"ROWENTA Grillpfanne Optigrill+ XL GR722"},"content":{"rendered":"<p>Entdecken Sie <strong>OptiGrill+<\/strong>, die ultimative Innovation von <strong>Rowenta<\/strong>, die einen manuellen Modus mit vier Temperaturstufen f\u00fcr endlose Kochm\u00f6glichkeiten bietet.<br \/>\nMit 33 % mehr Grillfl\u00e4che als der GR712 ist er die ideale L\u00f6sung f\u00fcr das gemeinsame Grillen mit Familie und Freunden.<br \/>\nDank der Technologie &#8220;automatisches Garen mit Sensoren&#8221; erkennt OptiGrill+ sofort die Anzahl der auf den Grill gelegten Portionen und deren Dicke und passt die Temperatur und die Garzeit automatisch an, um perfekte Ergebnisse zu erzielen. Die Kontrollleuchte und der Signalton erm\u00f6glichen es Ihnen, den hochpr\u00e4zisen Garvorgang direkt zu steuern und so ein Ergebnis zu erzielen, das genau Ihren Vorstellungen entspricht: blutig, medium oder durchgebraten. 9 Garprogramme f\u00fcr die perfekte Zubereitung von Rezepten. Der zus\u00e4tzliche manuelle Kochmodus mit 4 einstellbaren Temperaturen erm\u00f6glicht das Garen beliebiger Speisen und ist ideal f\u00fcr die Zubereitung von Obst und Gem\u00fcse genau nach Ihrem Geschmack.<br \/>\nWeitere Merkmale sind die antihaftbeschichteten Aluminiumdruckgussplatten, eine 600 cm2 gro\u00dfe Kochfl\u00e4che f\u00fcr 2-4 Personen und eine gro\u00dfe, um 7\u00b0 geneigte Fettauffangschale.<\/p>\n<ul>\n<li><strong>9 AUTOMATISCHE PROGRAMME<\/strong>: Mit den 9 Garprogrammen (Hamburger, rotes Fleisch, Sandwich, Wurst, Fisch, Gefl\u00fcgel, Meeresfr\u00fcchte, Speck, Schweinefleisch) k\u00f6nnen Sie die Temperatur automatisch an die jeweilige Speise anpassen und sie wie gew\u00fcnscht zubereiten.<\/li>\n<li><strong>MANUELLER UND GEFRIERTER MODUS:<\/strong> Verwenden Sie den manuellen Modus mit 4 einstellbaren Temperaturstufen, um verschiedene Fleisch-, Fisch-, Obst- und Gem\u00fcsesorten zuzubereiten; der Grill verf\u00fcgt auch \u00fcber einen Modus f\u00fcr Tiefk\u00fchlkost<\/li>\n<li><strong>GARANZEIGE:<\/strong> Das Display zeigt den Garfortschritt f\u00fcr perfektes Garen an, von blutig bis durchgebraten; bei jeder Stufe ert\u00f6nt ein Signalton, um Ihnen mitzuteilen, dass Ihr Fleisch fertig und genau so gegart ist, wie Sie es m\u00f6gen!<\/li>\n<li><strong>AUTOMATISCHER DICKENSENSOR<\/strong>: Die automatische Dickenmessung stellt automatisch die richtige Temperatur f\u00fcr die Gr\u00f6\u00dfe und Dicke der Speisen in den angegebenen Programmen ein.<\/li>\n<li><strong>GROSSE OBERFL\u00c4CHE:<\/strong> Die XL-Kochfl\u00e4che (40&#215;20 cm) des Elektrogrills ist f\u00fcr 6-8 Personen geeignet und erm\u00f6glicht es Ihnen, f\u00fcr die ganze Familie und Freunde zu kochen<\/li>\n<li><strong>EINFACHE REINIGUNG:<\/strong> Die abnehmbaren Hochleistungs-Antihaftplatten aus Aluminiumdruckguss sind zur schnellen Reinigung mit PTFE beschichtet; sowohl die Platten als auch die Fettauffangschale sind maschinenwaschbar<\/li>\n<\/ul>\n","protected":false},"excerpt":{"rendered":"<p>Entdecken Sie OptiGrill+, die ultimative Innovation von Rowenta, die einen manuellen Modus mit vier Temperaturstufen f\u00fcr endlose Kochm\u00f6glichkeiten bietet. Mit<\/p>\n","protected":false},"featured_media":262002,"template":"","meta":{"_acf_changed":false,"inline_featured_image":false},"product_cat":[6703,13378],"product_tag":[13379,22532,12210,12211,22542],"acf":[],"yoast_head":"<!-- This site is optimized with the Yoast SEO Premium plugin v18.6 (Yoast SEO v19.13) - https:\/\/yoast.com\/wordpress\/plugins\/seo\/ -->\n<title>ROWENTA Grillpfanne Optigrill+ XL GR722 - Erresse Shop<\/title>\n<meta name=\"description\" content=\"Entdecken Sie OptiGrill+, die ultimative Innovation von Rowenta, die einen manuellen Modus mit vier Temperaturstufen f\u00fcr endlose Kochm\u00f6glichkeiten bietet.\" \/>\n<meta name=\"robots\" content=\"index, follow, max-snippet:-1, max-image-preview:large, max-video-preview:-1\" \/>\n<link rel=\"canonical\" href=\"https:\/\/www.erresse-shop.it\/de\/shop\/kleine-elektrogeraete\/grills-und-barbecues\/rowenta-grillpfanne-optigrill-xl-gr722\/\" \/>\n<meta property=\"og:locale\" content=\"de_DE\" \/>\n<meta property=\"og:type\" content=\"article\" \/>\n<meta property=\"og:title\" content=\"ROWENTA Grillpfanne Optigrill+ XL GR722\" \/>\n<meta property=\"og:description\" content=\"Entdecken Sie OptiGrill+, die ultimative Innovation von Rowenta, die einen manuellen Modus mit vier Temperaturstufen f\u00fcr endlose Kochm\u00f6glichkeiten bietet.\" \/>\n<meta property=\"og:url\" content=\"https:\/\/www.erresse-shop.it\/de\/shop\/kleine-elektrogeraete\/grills-und-barbecues\/rowenta-grillpfanne-optigrill-xl-gr722\/\" \/>\n<meta property=\"og:site_name\" content=\"Erresse Shop\" \/>\n<meta property=\"article:modified_time\" content=\"2024-01-10T09:26:06+00:00\" \/>\n<meta property=\"og:image\" content=\"https:\/\/www.erresse-shop.it\/wp-content\/uploads\/2023\/04\/ROWENTA-Bistecchiera-Optigrill-XL-GR722.jpg\" \/>\n\t<meta property=\"og:image:width\" content=\"800\" \/>\n\t<meta property=\"og:image:height\" content=\"800\" \/>\n\t<meta property=\"og:image:type\" content=\"image\/jpeg\" \/>\n<meta name=\"twitter:card\" content=\"summary_large_image\" \/>\n<script type=\"application\/ld+json\" class=\"yoast-schema-graph\">{\"@context\":\"https:\/\/schema.org\",\"@graph\":[{\"@type\":\"WebPage\",\"@id\":\"https:\/\/www.erresse-shop.it\/de\/shop\/kleine-elektrogeraete\/grills-und-barbecues\/rowenta-grillpfanne-optigrill-xl-gr722\/\",\"url\":\"https:\/\/www.erresse-shop.it\/de\/shop\/kleine-elektrogeraete\/grills-und-barbecues\/rowenta-grillpfanne-optigrill-xl-gr722\/\",\"name\":\"ROWENTA Grillpfanne Optigrill+ XL GR722 - Erresse Shop\",\"isPartOf\":{\"@id\":\"https:\/\/www.erresse-shop.it\/de\/#website\"},\"datePublished\":\"2023-04-20T10:37:53+00:00\",\"dateModified\":\"2024-01-10T09:26:06+00:00\",\"description\":\"Entdecken Sie OptiGrill+, die ultimative Innovation von Rowenta, die einen manuellen Modus mit vier Temperaturstufen f\u00fcr endlose Kochm\u00f6glichkeiten bietet.\",\"breadcrumb\":{\"@id\":\"https:\/\/www.erresse-shop.it\/de\/shop\/kleine-elektrogeraete\/grills-und-barbecues\/rowenta-grillpfanne-optigrill-xl-gr722\/#breadcrumb\"},\"inLanguage\":\"de-DE\",\"potentialAction\":[{\"@type\":\"ReadAction\",\"target\":[\"https:\/\/www.erresse-shop.it\/de\/shop\/kleine-elektrogeraete\/grills-und-barbecues\/rowenta-grillpfanne-optigrill-xl-gr722\/\"]}]},{\"@type\":\"BreadcrumbList\",\"@id\":\"https:\/\/www.erresse-shop.it\/de\/shop\/kleine-elektrogeraete\/grills-und-barbecues\/rowenta-grillpfanne-optigrill-xl-gr722\/#breadcrumb\",\"itemListElement\":[{\"@type\":\"ListItem\",\"position\":1,\"name\":\"Home\",\"item\":\"https:\/\/www.erresse-shop.it\/de\/\"},{\"@type\":\"ListItem\",\"position\":2,\"name\":\"Shop\",\"item\":\"https:\/\/www.erresse-shop.it\/de\/shop\/\"},{\"@type\":\"ListItem\",\"position\":3,\"name\":\"ROWENTA Grillpfanne Optigrill+ XL GR722\"}]},{\"@type\":\"WebSite\",\"@id\":\"https:\/\/www.erresse-shop.it\/de\/#website\",\"url\":\"https:\/\/www.erresse-shop.it\/de\/\",\"name\":\"Erresse Shop\",\"description\":\"Articoli di qualit\u00e0 per la casa\",\"potentialAction\":[{\"@type\":\"SearchAction\",\"target\":{\"@type\":\"EntryPoint\",\"urlTemplate\":\"https:\/\/www.erresse-shop.it\/de\/?s={search_term_string}\"},\"query-input\":\"required name=search_term_string\"}],\"inLanguage\":\"de-DE\"}]}<\/script>\n<!-- \/ Yoast SEO Premium plugin. -->","yoast_head_json":{"title":"ROWENTA Grillpfanne Optigrill+ XL GR722 - Erresse Shop","description":"Entdecken Sie OptiGrill+, die ultimative Innovation von Rowenta, die einen manuellen Modus mit vier Temperaturstufen f\u00fcr endlose Kochm\u00f6glichkeiten bietet.","robots":{"index":"index","follow":"follow","max-snippet":"max-snippet:-1","max-image-preview":"max-image-preview:large","max-video-preview":"max-video-preview:-1"},"canonical":"https:\/\/www.erresse-shop.it\/de\/shop\/kleine-elektrogeraete\/grills-und-barbecues\/rowenta-grillpfanne-optigrill-xl-gr722\/","og_locale":"de_DE","og_type":"article","og_title":"ROWENTA Grillpfanne Optigrill+ XL GR722","og_description":"Entdecken Sie OptiGrill+, die ultimative Innovation von Rowenta, die einen manuellen Modus mit vier Temperaturstufen f\u00fcr endlose Kochm\u00f6glichkeiten bietet.","og_url":"https:\/\/www.erresse-shop.it\/de\/shop\/kleine-elektrogeraete\/grills-und-barbecues\/rowenta-grillpfanne-optigrill-xl-gr722\/","og_site_name":"Erresse Shop","article_modified_time":"2024-01-10T09:26:06+00:00","og_image":[{"width":800,"height":800,"url":"https:\/\/www.erresse-shop.it\/wp-content\/uploads\/2023\/04\/ROWENTA-Bistecchiera-Optigrill-XL-GR722.jpg","type":"image\/jpeg"}],"twitter_card":"summary_large_image","schema":{"@context":"https:\/\/schema.org","@graph":[{"@type":"WebPage","@id":"https:\/\/www.erresse-shop.it\/de\/shop\/kleine-elektrogeraete\/grills-und-barbecues\/rowenta-grillpfanne-optigrill-xl-gr722\/","url":"https:\/\/www.erresse-shop.it\/de\/shop\/kleine-elektrogeraete\/grills-und-barbecues\/rowenta-grillpfanne-optigrill-xl-gr722\/","name":"ROWENTA Grillpfanne Optigrill+ XL GR722 - Erresse Shop","isPartOf":{"@id":"https:\/\/www.erresse-shop.it\/de\/#website"},"datePublished":"2023-04-20T10:37:53+00:00","dateModified":"2024-01-10T09:26:06+00:00","description":"Entdecken Sie OptiGrill+, die ultimative Innovation von Rowenta, die einen manuellen Modus mit vier Temperaturstufen f\u00fcr endlose Kochm\u00f6glichkeiten bietet.","breadcrumb":{"@id":"https:\/\/www.erresse-shop.it\/de\/shop\/kleine-elektrogeraete\/grills-und-barbecues\/rowenta-grillpfanne-optigrill-xl-gr722\/#breadcrumb"},"inLanguage":"de-DE","potentialAction":[{"@type":"ReadAction","target":["https:\/\/www.erresse-shop.it\/de\/shop\/kleine-elektrogeraete\/grills-und-barbecues\/rowenta-grillpfanne-optigrill-xl-gr722\/"]}]},{"@type":"BreadcrumbList","@id":"https:\/\/www.erresse-shop.it\/de\/shop\/kleine-elektrogeraete\/grills-und-barbecues\/rowenta-grillpfanne-optigrill-xl-gr722\/#breadcrumb","itemListElement":[{"@type":"ListItem","position":1,"name":"Home","item":"https:\/\/www.erresse-shop.it\/de\/"},{"@type":"ListItem","position":2,"name":"Shop","item":"https:\/\/www.erresse-shop.it\/de\/shop\/"},{"@type":"ListItem","position":3,"name":"ROWENTA Grillpfanne Optigrill+ XL GR722"}]},{"@type":"WebSite","@id":"https:\/\/www.erresse-shop.it\/de\/#website","url":"https:\/\/www.erresse-shop.it\/de\/","name":"Erresse Shop","description":"Articoli di qualit\u00e0 per la casa","potentialAction":[{"@type":"SearchAction","target":{"@type":"EntryPoint","urlTemplate":"https:\/\/www.erresse-shop.it\/de\/?s={search_term_string}"},"query-input":"required name=search_term_string"}],"inLanguage":"de-DE"}]}},"df_price":208.72799999999998,"df_sale_price":208.72799999999998,"df_regular_price":289.9,"df_image_link":"https:\/\/www.erresse-shop.it\/wp-content\/uploads\/2023\/04\/ROWENTA-Bistecchiera-Optigrill-XL-GR722-300x300.jpg","_links":{"self":[{"href":"https:\/\/www.erresse-shop.it\/de\/wp-json\/wp\/v2\/product\/261946"}],"collection":[{"href":"https:\/\/www.erresse-shop.it\/de\/wp-json\/wp\/v2\/product"}],"about":[{"href":"https:\/\/www.erresse-shop.it\/de\/wp-json\/wp\/v2\/types\/product"}],"wp:featuredmedia":[{"embeddable":true,"href":"https:\/\/www.erresse-shop.it\/de\/wp-json\/wp\/v2\/media\/262002"}],"wp:attachment":[{"href":"https:\/\/www.erresse-shop.it\/de\/wp-json\/wp\/v2\/media?parent=261946"}],"wp:term":[{"taxonomy":"product_cat","embeddable":true,"href":"https:\/\/www.erresse-shop.it\/de\/wp-json\/wp\/v2\/product_cat?post=261946"},{"taxonomy":"product_tag","embeddable":true,"href":"https:\/\/www.erresse-shop.it\/de\/wp-json\/wp\/v2\/product_tag?post=261946"}],"curies":[{"name":"wp","href":"https:\/\/api.w.org\/{rel}","templated":true}]}}