{"id":261904,"date":"2023-04-20T10:06:08","date_gmt":"2023-04-20T10:06:11","guid":{"rendered":"https:\/\/www.erresse-shop.it\/?post_type=product&#038;p=261904"},"modified":"2024-01-10T09:25:45","modified_gmt":"2024-01-10T09:25:45","slug":"rowenta-grillpfanne-optigrill-xl-gr712","status":"publish","type":"product","link":"https:\/\/www.erresse-shop.it\/de\/shop\/kleine-elektrogeraete\/grills-und-barbecues\/rowenta-grillpfanne-optigrill-xl-gr712\/","title":{"rendered":"ROWENTA Grillpfanne Optigrill+ XL GR712"},"content":{"rendered":"<p>Entdecken Sie <strong>OptiGrill+<\/strong>, die ultimative Innovation von <strong>Rowenta<\/strong>, die einen manuellen Modus mit vier Temperaturstufen f\u00fcr endlose Kochm\u00f6glichkeiten bietet. OptiGrill+ wurde dank der Technologie &#8220;automatisches Garen mit Sensoren&#8221; weiterentwickelt und erkennt sofort die Anzahl der auf den Grill gelegten Portionen und deren Dicke, um die Temperatur und die Garzeit f\u00fcr perfekte Ergebnisse automatisch anzupassen. Die Kontrollleuchte und der Signalton erm\u00f6glichen es Ihnen, den hochpr\u00e4zisen Garvorgang direkt zu steuern und so ein Ergebnis zu erzielen, das genau Ihren Vorstellungen entspricht: blutig, medium oder durchgebraten. 6 Garprogramme f\u00fcr die perfekte Zubereitung von Rezepten: Hamburger, H\u00e4hnchen, Sandwich, Wurst, rotes Fleisch und Fisch, sowie ein Modus f\u00fcr Tiefk\u00fchlkost und ein manueller Modus mit 4 Temperatureinstellungen. Weitere Merkmale sind die antihaftbeschichteten Aluminium-Druckgussplatten, eine 600 cm2 gro\u00dfe Kochfl\u00e4che f\u00fcr 2 bis 4 Personen und eine gro\u00dfe, um 7\u00b0 geneigte Fettauffangschale.<\/p>\n","protected":false},"excerpt":{"rendered":"<p>Entdecken Sie OptiGrill+, die ultimative Innovation von Rowenta, die einen manuellen Modus mit vier Temperaturstufen f\u00fcr endlose Kochm\u00f6glichkeiten bietet. OptiGrill+<\/p>\n","protected":false},"featured_media":261923,"template":"","meta":{"_acf_changed":false,"inline_featured_image":false},"product_cat":[6703,13378],"product_tag":[25027,13379,23911,24398,22542],"acf":[],"yoast_head":"<!-- This site is optimized with the Yoast SEO Premium plugin v18.6 (Yoast SEO v19.13) - https:\/\/yoast.com\/wordpress\/plugins\/seo\/ -->\n<title>ROWENTA Grillpfanne Optigrill+ XL GR712 - Erresse Shop<\/title>\n<meta name=\"description\" content=\"Entdecken Sie OptiGrill+, die ultimative Innovation von Rowenta, die einen manuellen Modus mit vier Temperaturstufen f\u00fcr endlose Kochm\u00f6glichkeiten bietet.\" \/>\n<meta name=\"robots\" content=\"index, follow, max-snippet:-1, max-image-preview:large, max-video-preview:-1\" \/>\n<link rel=\"canonical\" href=\"https:\/\/www.erresse-shop.it\/de\/shop\/kleine-elektrogeraete\/grills-und-barbecues\/rowenta-grillpfanne-optigrill-xl-gr712\/\" \/>\n<meta property=\"og:locale\" content=\"de_DE\" \/>\n<meta property=\"og:type\" content=\"article\" \/>\n<meta property=\"og:title\" content=\"ROWENTA Grillpfanne Optigrill+ XL GR712\" \/>\n<meta property=\"og:description\" content=\"Entdecken Sie OptiGrill+, die ultimative Innovation von Rowenta, die einen manuellen Modus mit vier Temperaturstufen f\u00fcr endlose Kochm\u00f6glichkeiten bietet.\" \/>\n<meta property=\"og:url\" content=\"https:\/\/www.erresse-shop.it\/de\/shop\/kleine-elektrogeraete\/grills-und-barbecues\/rowenta-grillpfanne-optigrill-xl-gr712\/\" \/>\n<meta property=\"og:site_name\" content=\"Erresse Shop\" \/>\n<meta property=\"article:modified_time\" content=\"2024-01-10T09:25:45+00:00\" \/>\n<meta property=\"og:image\" content=\"https:\/\/www.erresse-shop.it\/wp-content\/uploads\/2023\/04\/ROWENTA-Bistecchiera-Optigrill-XL-GR722-.jpg\" \/>\n\t<meta property=\"og:image:width\" content=\"800\" \/>\n\t<meta property=\"og:image:height\" content=\"800\" \/>\n\t<meta property=\"og:image:type\" content=\"image\/jpeg\" \/>\n<meta name=\"twitter:card\" content=\"summary_large_image\" \/>\n<script type=\"application\/ld+json\" class=\"yoast-schema-graph\">{\"@context\":\"https:\/\/schema.org\",\"@graph\":[{\"@type\":\"WebPage\",\"@id\":\"https:\/\/www.erresse-shop.it\/de\/shop\/kleine-elektrogeraete\/grills-und-barbecues\/rowenta-grillpfanne-optigrill-xl-gr712\/\",\"url\":\"https:\/\/www.erresse-shop.it\/de\/shop\/kleine-elektrogeraete\/grills-und-barbecues\/rowenta-grillpfanne-optigrill-xl-gr712\/\",\"name\":\"ROWENTA Grillpfanne Optigrill+ XL GR712 - Erresse Shop\",\"isPartOf\":{\"@id\":\"https:\/\/www.erresse-shop.it\/de\/#website\"},\"datePublished\":\"2023-04-20T10:06:11+00:00\",\"dateModified\":\"2024-01-10T09:25:45+00:00\",\"description\":\"Entdecken Sie OptiGrill+, die ultimative Innovation von Rowenta, die einen manuellen Modus mit vier Temperaturstufen f\u00fcr endlose Kochm\u00f6glichkeiten bietet.\",\"breadcrumb\":{\"@id\":\"https:\/\/www.erresse-shop.it\/de\/shop\/kleine-elektrogeraete\/grills-und-barbecues\/rowenta-grillpfanne-optigrill-xl-gr712\/#breadcrumb\"},\"inLanguage\":\"de-DE\",\"potentialAction\":[{\"@type\":\"ReadAction\",\"target\":[\"https:\/\/www.erresse-shop.it\/de\/shop\/kleine-elektrogeraete\/grills-und-barbecues\/rowenta-grillpfanne-optigrill-xl-gr712\/\"]}]},{\"@type\":\"BreadcrumbList\",\"@id\":\"https:\/\/www.erresse-shop.it\/de\/shop\/kleine-elektrogeraete\/grills-und-barbecues\/rowenta-grillpfanne-optigrill-xl-gr712\/#breadcrumb\",\"itemListElement\":[{\"@type\":\"ListItem\",\"position\":1,\"name\":\"Home\",\"item\":\"https:\/\/www.erresse-shop.it\/de\/\"},{\"@type\":\"ListItem\",\"position\":2,\"name\":\"Shop\",\"item\":\"https:\/\/www.erresse-shop.it\/de\/shop\/\"},{\"@type\":\"ListItem\",\"position\":3,\"name\":\"ROWENTA Grillpfanne Optigrill+ XL GR712\"}]},{\"@type\":\"WebSite\",\"@id\":\"https:\/\/www.erresse-shop.it\/de\/#website\",\"url\":\"https:\/\/www.erresse-shop.it\/de\/\",\"name\":\"Erresse Shop\",\"description\":\"Articoli di qualit\u00e0 per la casa\",\"potentialAction\":[{\"@type\":\"SearchAction\",\"target\":{\"@type\":\"EntryPoint\",\"urlTemplate\":\"https:\/\/www.erresse-shop.it\/de\/?s={search_term_string}\"},\"query-input\":\"required name=search_term_string\"}],\"inLanguage\":\"de-DE\"}]}<\/script>\n<!-- \/ Yoast SEO Premium plugin. -->","yoast_head_json":{"title":"ROWENTA Grillpfanne Optigrill+ XL GR712 - Erresse Shop","description":"Entdecken Sie OptiGrill+, die ultimative Innovation von Rowenta, die einen manuellen Modus mit vier Temperaturstufen f\u00fcr endlose Kochm\u00f6glichkeiten bietet.","robots":{"index":"index","follow":"follow","max-snippet":"max-snippet:-1","max-image-preview":"max-image-preview:large","max-video-preview":"max-video-preview:-1"},"canonical":"https:\/\/www.erresse-shop.it\/de\/shop\/kleine-elektrogeraete\/grills-und-barbecues\/rowenta-grillpfanne-optigrill-xl-gr712\/","og_locale":"de_DE","og_type":"article","og_title":"ROWENTA Grillpfanne Optigrill+ XL GR712","og_description":"Entdecken Sie OptiGrill+, die ultimative Innovation von Rowenta, die einen manuellen Modus mit vier Temperaturstufen f\u00fcr endlose Kochm\u00f6glichkeiten bietet.","og_url":"https:\/\/www.erresse-shop.it\/de\/shop\/kleine-elektrogeraete\/grills-und-barbecues\/rowenta-grillpfanne-optigrill-xl-gr712\/","og_site_name":"Erresse Shop","article_modified_time":"2024-01-10T09:25:45+00:00","og_image":[{"width":800,"height":800,"url":"https:\/\/www.erresse-shop.it\/wp-content\/uploads\/2023\/04\/ROWENTA-Bistecchiera-Optigrill-XL-GR722-.jpg","type":"image\/jpeg"}],"twitter_card":"summary_large_image","schema":{"@context":"https:\/\/schema.org","@graph":[{"@type":"WebPage","@id":"https:\/\/www.erresse-shop.it\/de\/shop\/kleine-elektrogeraete\/grills-und-barbecues\/rowenta-grillpfanne-optigrill-xl-gr712\/","url":"https:\/\/www.erresse-shop.it\/de\/shop\/kleine-elektrogeraete\/grills-und-barbecues\/rowenta-grillpfanne-optigrill-xl-gr712\/","name":"ROWENTA Grillpfanne Optigrill+ XL GR712 - Erresse Shop","isPartOf":{"@id":"https:\/\/www.erresse-shop.it\/de\/#website"},"datePublished":"2023-04-20T10:06:11+00:00","dateModified":"2024-01-10T09:25:45+00:00","description":"Entdecken Sie OptiGrill+, die ultimative Innovation von Rowenta, die einen manuellen Modus mit vier Temperaturstufen f\u00fcr endlose Kochm\u00f6glichkeiten bietet.","breadcrumb":{"@id":"https:\/\/www.erresse-shop.it\/de\/shop\/kleine-elektrogeraete\/grills-und-barbecues\/rowenta-grillpfanne-optigrill-xl-gr712\/#breadcrumb"},"inLanguage":"de-DE","potentialAction":[{"@type":"ReadAction","target":["https:\/\/www.erresse-shop.it\/de\/shop\/kleine-elektrogeraete\/grills-und-barbecues\/rowenta-grillpfanne-optigrill-xl-gr712\/"]}]},{"@type":"BreadcrumbList","@id":"https:\/\/www.erresse-shop.it\/de\/shop\/kleine-elektrogeraete\/grills-und-barbecues\/rowenta-grillpfanne-optigrill-xl-gr712\/#breadcrumb","itemListElement":[{"@type":"ListItem","position":1,"name":"Home","item":"https:\/\/www.erresse-shop.it\/de\/"},{"@type":"ListItem","position":2,"name":"Shop","item":"https:\/\/www.erresse-shop.it\/de\/shop\/"},{"@type":"ListItem","position":3,"name":"ROWENTA Grillpfanne Optigrill+ XL GR712"}]},{"@type":"WebSite","@id":"https:\/\/www.erresse-shop.it\/de\/#website","url":"https:\/\/www.erresse-shop.it\/de\/","name":"Erresse Shop","description":"Articoli di qualit\u00e0 per la casa","potentialAction":[{"@type":"SearchAction","target":{"@type":"EntryPoint","urlTemplate":"https:\/\/www.erresse-shop.it\/de\/?s={search_term_string}"},"query-input":"required name=search_term_string"}],"inLanguage":"de-DE"}]}},"df_price":158.328,"df_sale_price":158.328,"df_regular_price":219.9,"df_image_link":"https:\/\/www.erresse-shop.it\/wp-content\/uploads\/2023\/04\/ROWENTA-Bistecchiera-Optigrill-XL-GR722--300x300.jpg","_links":{"self":[{"href":"https:\/\/www.erresse-shop.it\/de\/wp-json\/wp\/v2\/product\/261904"}],"collection":[{"href":"https:\/\/www.erresse-shop.it\/de\/wp-json\/wp\/v2\/product"}],"about":[{"href":"https:\/\/www.erresse-shop.it\/de\/wp-json\/wp\/v2\/types\/product"}],"wp:featuredmedia":[{"embeddable":true,"href":"https:\/\/www.erresse-shop.it\/de\/wp-json\/wp\/v2\/media\/261923"}],"wp:attachment":[{"href":"https:\/\/www.erresse-shop.it\/de\/wp-json\/wp\/v2\/media?parent=261904"}],"wp:term":[{"taxonomy":"product_cat","embeddable":true,"href":"https:\/\/www.erresse-shop.it\/de\/wp-json\/wp\/v2\/product_cat?post=261904"},{"taxonomy":"product_tag","embeddable":true,"href":"https:\/\/www.erresse-shop.it\/de\/wp-json\/wp\/v2\/product_tag?post=261904"}],"curies":[{"name":"wp","href":"https:\/\/api.w.org\/{rel}","templated":true}]}}