{"id":261789,"date":"2023-04-20T09:07:18","date_gmt":"2023-04-20T09:07:21","guid":{"rendered":"https:\/\/www.erresse-shop.it\/?post_type=product&#038;p=261789"},"modified":"2023-06-10T16:04:03","modified_gmt":"2023-06-10T16:04:03","slug":"rowenta-grillpfanne-optigrill-elite-gr750","status":"publish","type":"product","link":"https:\/\/www.erresse-shop.it\/de\/shop\/kleine-elektrogeraete\/grills-und-barbecues\/rowenta-grillpfanne-optigrill-elite-gr750\/","title":{"rendered":"ROWENTA Grillpfanne Optigrill Elite GR750"},"content":{"rendered":"<p>Garen Sie Fleisch wie ein echter Koch, damit es bei Ihren G\u00e4sten garantiert gut ankommt, unabh\u00e4ngig von der bevorzugten Garstufe (von blutig bis durchgebraten). Die patentierte intelligente <strong>OptiGrill<\/strong>-Technologie passt die optimalen Garparameter automatisch an die Dicke des Grillguts an und sorgt so f\u00fcr perfekte Ergebnisse.<br \/>\nLassen Sie sich Schritt f\u00fcr Schritt vom intuitiven Kochassistenten leiten, der Sie darauf hinweist, wann Sie Fleisch hinzuf\u00fcgen oder entfernen k\u00f6nnen, unabh\u00e4ngig von der gew\u00fcnschten Garstufe (rare, medium oder well-done). Dank der neuen Live-Fire-Cooking-Funktion gart der <strong>OptiGrill Elite Elektrogrill<\/strong> das Fleisch wie in einem Restaurant. Entdecken Sie jeden Tag die unendlichen M\u00f6glichkeiten dieses Elektrogrills dank der 12 Automatikprogramme, mit denen Sie nicht nur rotes Fleisch, sondern auch andere schmackhafte Speisen wie H\u00e4hnchen, Fisch, Gem\u00fcse und vieles mehr zubereiten k\u00f6nnen, ohne den Garvorgang \u00fcberwachen zu m\u00fcssen. Der OptiGrill Elite ist f\u00fcr ein optimales Kocherlebnis sp\u00fclmaschinenfest und wird mit einem Rezeptbuch geliefert, das Ihnen endlose Kochm\u00f6glichkeiten bietet!<\/p>\n<ul>\n<li><strong>INTUITIVES DISPLAY:<\/strong> Entdecken Sie das erste intuitive Display, das Sie Schritt f\u00fcr Schritt bei der Zubereitung Ihres Grillguts anleitet und Sie mit einem pr\u00e4zisen Countdown darauf hinweist, wenn die gew\u00fcnschte Garstufe erreicht ist (blutig, medium oder gut durch)<\/li>\n<li><strong>12 AUTOMATISCHE PROGRAMME:<\/strong> Mit den 12 automatischen Garprogrammen k\u00f6nnen Sie rotes Fleisch, H\u00e4hnchen, Fisch, Gem\u00fcse und vieles mehr zubereiten, ohne die Zubereitung beaufsichtigen zu m\u00fcssen; organisieren Sie gemeinsame Grillabende und bereiten Sie leckere Burger mit dem Rowenta Grill zu!<\/li>\n<li><strong>2 NEUE FUNKTIONEN:<\/strong> Extra Grillfunktion (das Fleisch wird perfekt gegrillt und gestreift, wie in einem Restaurant); und Tiefk\u00fchlfunktion (um Ihre Zutaten aufzutauen und zu garen, ohne ihren Geschmack zu ver\u00e4ndern)<\/li>\n<li><strong>AUTOMATISCHER GARSENSOR:<\/strong> Dank des automatischen Sensors berechnet der intelligente Grill die Dicke und die Anzahl der zu garenden Fleischst\u00fccke und passt die Garzeit f\u00fcr perfekte Ergebnisse automatisch an.<\/li>\n<li><strong>EINGESCHLOSSENES REZEPTBUCH:<\/strong> Lassen Sie sich Tag f\u00fcr Tag von dem mitgelieferten Rezeptbuch mit mehr als 20 Rezepten f\u00fcr leckere Grillabende mit Familie und Freunden inspirieren<\/li>\n<li><strong>EINFACH ZU REINIGEN:<\/strong> Die Fettauffangschale und die abnehmbaren Antihaftplatten sind problemlos sp\u00fclmaschinenfest<\/li>\n<\/ul>\n<p><strong>FEATURES<\/strong><\/p>\n<ul>\n<li>Abflussrinne f\u00fcr Saft und Fett: ja<\/li>\n<li>Heizungsanzeige: ja<\/li>\n<li>Sp\u00fclmaschinentauglich: ja<\/li>\n<li>Temperaturregelung: ja<\/li>\n<li>Maximale Leistung: 2000W<\/li>\n<li>Thermostat: ja<\/li>\n<li>Abnehmbare Platten: ja<\/li>\n<li>Zeitschaltuhr: ja<\/li>\n<\/ul>\n","protected":false},"excerpt":{"rendered":"<p>Garen Sie Fleisch wie ein echter Koch, damit es bei Ihren G\u00e4sten garantiert gut ankommt, unabh\u00e4ngig von der bevorzugten Garstufe<\/p>\n","protected":false},"featured_media":261882,"template":"","meta":{"_acf_changed":false,"inline_featured_image":false},"product_cat":[6703,13378],"product_tag":[13379,22532,12210,12211,22542],"acf":[],"yoast_head":"<!-- This site is optimized with the Yoast SEO Premium plugin v18.6 (Yoast SEO v19.13) - https:\/\/yoast.com\/wordpress\/plugins\/seo\/ -->\n<title>ROWENTA Grillpfanne Optigrill Elite GR750 - Erresse Shop<\/title>\n<meta name=\"description\" content=\"Garen Sie Fleisch wie ein echter Koch, damit es bei Ihren G\u00e4sten garantiert gut ankommt, unabh\u00e4ngig von der bevorzugten Garstufe (von blutig bis\" \/>\n<meta name=\"robots\" content=\"index, follow, max-snippet:-1, max-image-preview:large, max-video-preview:-1\" \/>\n<link rel=\"canonical\" href=\"https:\/\/www.erresse-shop.it\/de\/shop\/kleine-elektrogeraete\/grills-und-barbecues\/rowenta-grillpfanne-optigrill-elite-gr750\/\" \/>\n<meta property=\"og:locale\" content=\"de_DE\" \/>\n<meta property=\"og:type\" content=\"article\" \/>\n<meta property=\"og:title\" content=\"ROWENTA Grillpfanne Optigrill Elite GR750\" \/>\n<meta property=\"og:description\" content=\"Garen Sie Fleisch wie ein echter Koch, damit es bei Ihren G\u00e4sten garantiert gut ankommt, unabh\u00e4ngig von der bevorzugten Garstufe (von blutig bis\" \/>\n<meta property=\"og:url\" content=\"https:\/\/www.erresse-shop.it\/de\/shop\/kleine-elektrogeraete\/grills-und-barbecues\/rowenta-grillpfanne-optigrill-elite-gr750\/\" \/>\n<meta property=\"og:site_name\" content=\"Erresse Shop\" \/>\n<meta property=\"article:modified_time\" content=\"2023-06-10T16:04:03+00:00\" \/>\n<meta property=\"og:image\" content=\"https:\/\/www.erresse-shop.it\/wp-content\/uploads\/2023\/04\/ROWENTA-Bistecchiera-Optigrill-Elite-GR750.jpg\" \/>\n\t<meta property=\"og:image:width\" content=\"800\" \/>\n\t<meta property=\"og:image:height\" content=\"800\" \/>\n\t<meta property=\"og:image:type\" content=\"image\/jpeg\" \/>\n<meta name=\"twitter:card\" content=\"summary_large_image\" \/>\n<script type=\"application\/ld+json\" class=\"yoast-schema-graph\">{\"@context\":\"https:\/\/schema.org\",\"@graph\":[{\"@type\":\"WebPage\",\"@id\":\"https:\/\/www.erresse-shop.it\/de\/shop\/kleine-elektrogeraete\/grills-und-barbecues\/rowenta-grillpfanne-optigrill-elite-gr750\/\",\"url\":\"https:\/\/www.erresse-shop.it\/de\/shop\/kleine-elektrogeraete\/grills-und-barbecues\/rowenta-grillpfanne-optigrill-elite-gr750\/\",\"name\":\"ROWENTA Grillpfanne Optigrill Elite GR750 - Erresse Shop\",\"isPartOf\":{\"@id\":\"https:\/\/www.erresse-shop.it\/de\/#website\"},\"datePublished\":\"2023-04-20T09:07:21+00:00\",\"dateModified\":\"2023-06-10T16:04:03+00:00\",\"description\":\"Garen Sie Fleisch wie ein echter Koch, damit es bei Ihren G\u00e4sten garantiert gut ankommt, unabh\u00e4ngig von der bevorzugten Garstufe (von blutig bis\",\"breadcrumb\":{\"@id\":\"https:\/\/www.erresse-shop.it\/de\/shop\/kleine-elektrogeraete\/grills-und-barbecues\/rowenta-grillpfanne-optigrill-elite-gr750\/#breadcrumb\"},\"inLanguage\":\"de-DE\",\"potentialAction\":[{\"@type\":\"ReadAction\",\"target\":[\"https:\/\/www.erresse-shop.it\/de\/shop\/kleine-elektrogeraete\/grills-und-barbecues\/rowenta-grillpfanne-optigrill-elite-gr750\/\"]}]},{\"@type\":\"BreadcrumbList\",\"@id\":\"https:\/\/www.erresse-shop.it\/de\/shop\/kleine-elektrogeraete\/grills-und-barbecues\/rowenta-grillpfanne-optigrill-elite-gr750\/#breadcrumb\",\"itemListElement\":[{\"@type\":\"ListItem\",\"position\":1,\"name\":\"Home\",\"item\":\"https:\/\/www.erresse-shop.it\/de\/\"},{\"@type\":\"ListItem\",\"position\":2,\"name\":\"Shop\",\"item\":\"https:\/\/www.erresse-shop.it\/de\/shop\/\"},{\"@type\":\"ListItem\",\"position\":3,\"name\":\"ROWENTA Grillpfanne Optigrill Elite GR750\"}]},{\"@type\":\"WebSite\",\"@id\":\"https:\/\/www.erresse-shop.it\/de\/#website\",\"url\":\"https:\/\/www.erresse-shop.it\/de\/\",\"name\":\"Erresse Shop\",\"description\":\"Articoli di qualit\u00e0 per la casa\",\"potentialAction\":[{\"@type\":\"SearchAction\",\"target\":{\"@type\":\"EntryPoint\",\"urlTemplate\":\"https:\/\/www.erresse-shop.it\/de\/?s={search_term_string}\"},\"query-input\":\"required name=search_term_string\"}],\"inLanguage\":\"de-DE\"}]}<\/script>\n<!-- \/ Yoast SEO Premium plugin. -->","yoast_head_json":{"title":"ROWENTA Grillpfanne Optigrill Elite GR750 - Erresse Shop","description":"Garen Sie Fleisch wie ein echter Koch, damit es bei Ihren G\u00e4sten garantiert gut ankommt, unabh\u00e4ngig von der bevorzugten Garstufe (von blutig bis","robots":{"index":"index","follow":"follow","max-snippet":"max-snippet:-1","max-image-preview":"max-image-preview:large","max-video-preview":"max-video-preview:-1"},"canonical":"https:\/\/www.erresse-shop.it\/de\/shop\/kleine-elektrogeraete\/grills-und-barbecues\/rowenta-grillpfanne-optigrill-elite-gr750\/","og_locale":"de_DE","og_type":"article","og_title":"ROWENTA Grillpfanne Optigrill Elite GR750","og_description":"Garen Sie Fleisch wie ein echter Koch, damit es bei Ihren G\u00e4sten garantiert gut ankommt, unabh\u00e4ngig von der bevorzugten Garstufe (von blutig bis","og_url":"https:\/\/www.erresse-shop.it\/de\/shop\/kleine-elektrogeraete\/grills-und-barbecues\/rowenta-grillpfanne-optigrill-elite-gr750\/","og_site_name":"Erresse Shop","article_modified_time":"2023-06-10T16:04:03+00:00","og_image":[{"width":800,"height":800,"url":"https:\/\/www.erresse-shop.it\/wp-content\/uploads\/2023\/04\/ROWENTA-Bistecchiera-Optigrill-Elite-GR750.jpg","type":"image\/jpeg"}],"twitter_card":"summary_large_image","schema":{"@context":"https:\/\/schema.org","@graph":[{"@type":"WebPage","@id":"https:\/\/www.erresse-shop.it\/de\/shop\/kleine-elektrogeraete\/grills-und-barbecues\/rowenta-grillpfanne-optigrill-elite-gr750\/","url":"https:\/\/www.erresse-shop.it\/de\/shop\/kleine-elektrogeraete\/grills-und-barbecues\/rowenta-grillpfanne-optigrill-elite-gr750\/","name":"ROWENTA Grillpfanne Optigrill Elite GR750 - Erresse Shop","isPartOf":{"@id":"https:\/\/www.erresse-shop.it\/de\/#website"},"datePublished":"2023-04-20T09:07:21+00:00","dateModified":"2023-06-10T16:04:03+00:00","description":"Garen Sie Fleisch wie ein echter Koch, damit es bei Ihren G\u00e4sten garantiert gut ankommt, unabh\u00e4ngig von der bevorzugten Garstufe (von blutig bis","breadcrumb":{"@id":"https:\/\/www.erresse-shop.it\/de\/shop\/kleine-elektrogeraete\/grills-und-barbecues\/rowenta-grillpfanne-optigrill-elite-gr750\/#breadcrumb"},"inLanguage":"de-DE","potentialAction":[{"@type":"ReadAction","target":["https:\/\/www.erresse-shop.it\/de\/shop\/kleine-elektrogeraete\/grills-und-barbecues\/rowenta-grillpfanne-optigrill-elite-gr750\/"]}]},{"@type":"BreadcrumbList","@id":"https:\/\/www.erresse-shop.it\/de\/shop\/kleine-elektrogeraete\/grills-und-barbecues\/rowenta-grillpfanne-optigrill-elite-gr750\/#breadcrumb","itemListElement":[{"@type":"ListItem","position":1,"name":"Home","item":"https:\/\/www.erresse-shop.it\/de\/"},{"@type":"ListItem","position":2,"name":"Shop","item":"https:\/\/www.erresse-shop.it\/de\/shop\/"},{"@type":"ListItem","position":3,"name":"ROWENTA Grillpfanne Optigrill Elite GR750"}]},{"@type":"WebSite","@id":"https:\/\/www.erresse-shop.it\/de\/#website","url":"https:\/\/www.erresse-shop.it\/de\/","name":"Erresse Shop","description":"Articoli di qualit\u00e0 per la casa","potentialAction":[{"@type":"SearchAction","target":{"@type":"EntryPoint","urlTemplate":"https:\/\/www.erresse-shop.it\/de\/?s={search_term_string}"},"query-input":"required name=search_term_string"}],"inLanguage":"de-DE"}]}},"df_price":143.928,"df_sale_price":143.928,"df_regular_price":199.9,"df_image_link":"https:\/\/www.erresse-shop.it\/wp-content\/uploads\/2023\/04\/ROWENTA-Bistecchiera-Optigrill-Elite-GR750-300x300.jpg","_links":{"self":[{"href":"https:\/\/www.erresse-shop.it\/de\/wp-json\/wp\/v2\/product\/261789"}],"collection":[{"href":"https:\/\/www.erresse-shop.it\/de\/wp-json\/wp\/v2\/product"}],"about":[{"href":"https:\/\/www.erresse-shop.it\/de\/wp-json\/wp\/v2\/types\/product"}],"wp:featuredmedia":[{"embeddable":true,"href":"https:\/\/www.erresse-shop.it\/de\/wp-json\/wp\/v2\/media\/261882"}],"wp:attachment":[{"href":"https:\/\/www.erresse-shop.it\/de\/wp-json\/wp\/v2\/media?parent=261789"}],"wp:term":[{"taxonomy":"product_cat","embeddable":true,"href":"https:\/\/www.erresse-shop.it\/de\/wp-json\/wp\/v2\/product_cat?post=261789"},{"taxonomy":"product_tag","embeddable":true,"href":"https:\/\/www.erresse-shop.it\/de\/wp-json\/wp\/v2\/product_tag?post=261789"}],"curies":[{"name":"wp","href":"https:\/\/api.w.org\/{rel}","templated":true}]}}