{"id":261715,"date":"2023-04-20T06:16:11","date_gmt":"2023-04-20T06:16:14","guid":{"rendered":"https:\/\/www.erresse-shop.it\/?post_type=product&#038;p=261715"},"modified":"2025-01-22T06:40:09","modified_gmt":"2025-01-22T06:40:09","slug":"weber-elektrogrill-q-2400","status":"publish","type":"product","link":"https:\/\/www.erresse-shop.it\/de\/shop\/kleine-elektrogeraete\/grills-und-barbecues\/weber-elektrogrill-q-2400\/","title":{"rendered":"WEBER Elektrogrill Q 2400"},"content":{"rendered":"<p>Der Weber Q2400 Elektrogrill erm\u00f6glicht es, auf jeder Art von Terrasse eine gro\u00dfe Menge an Speisen zu grillen. Deshalb ist er der empfohlene Grill f\u00fcr Menschen, die in der Stadt leben oder das Ger\u00e4t leicht zu ihrem Ferienhaus transportieren m\u00fcssen. Kompakt, leistungsstark und effizient, garantiert er maximale Ergebnisse bei minimalem Aufwand. Und das alles ohne die l\u00e4stige Gasflasche und ohne die Unannehmlichkeiten des Nachf\u00fcllens.<\/p>\n<p><strong>EIGENSCHAFTEN<\/strong><\/p>\n<ul>\n<li>Leistung: 2,2 Kw<\/li>\n<li>Deckel mit W\u00e4rmeabweiser Um die Leistung des Grills zu erh\u00f6hen, wurde ein W\u00e4rmeabweiser an der Innenwand des Deckels angebracht; diese Vorrichtung sorgt f\u00fcr eine gleichm\u00e4\u00dfigere W\u00e4rmeverteilung und erh\u00f6ht die Effizienz (und die Temperatur) der Konvektionsstr\u00f6me f\u00fcr ein Rundum-Garen.<\/li>\n<li>der Deckel und die Grillschale aus Aluminiumguss machen den Grill sehr leicht und daher einfach zu transportieren<\/li>\n<li>praktische, leicht herausnehmbare Einweg-Fettauffangschale zur einfachen Reinigung des Grills<\/li>\n<li>Gr\u00f6\u00dfe des Grills: 55 x 39 cm; die Roste sind vollst\u00e4ndig aus schwerem Gusseisen gefertigt: dieser Grill erm\u00f6glicht das Garen jeder Art von Steak, von Scheiben bis zu 2 kg schweren T-Bone-Steaks<\/li>\n<li>Drehknopf zur Temperaturregelung<\/li>\n<li>Gestell aus glasfaserverst\u00e4rktem Nylon<\/li>\n<li>gro\u00dfer w\u00e4rmeisolierender Griff<\/li>\n<\/ul>\n<p><strong>TECHNISCHE DATEN<\/strong><\/p>\n<ul>\n<li>Abmessungen &#8211; Deckel offen: 66,1 cm H x 80,1 cm B x 63,8 cm T<\/li>\n<li>Abmessungen &#8211; Deckel geschlossen: 36,9 cm H x 80,1 cm B x 49,6 cm T<\/li>\n<li>Gesamte Kochfl\u00e4che: 54&#215;39 cm<\/li>\n<li>Brennstoffart: elektrisch<\/li>\n<\/ul>\n","protected":false},"excerpt":{"rendered":"<p>Der Weber Q2400 Elektrogrill erm\u00f6glicht es, auf jeder Art von Terrasse eine gro\u00dfe Menge an Speisen zu grillen. Deshalb ist<\/p>\n","protected":false},"featured_media":261759,"template":"","meta":{"_acf_changed":false,"inline_featured_image":false},"product_cat":[6703,13378],"product_tag":[13379,22532,24604,12210,12211,22516],"acf":[],"yoast_head":"<!-- This site is optimized with the Yoast SEO Premium plugin v18.6 (Yoast SEO v19.13) - https:\/\/yoast.com\/wordpress\/plugins\/seo\/ -->\n<title>WEBER Elektrogrill Q 2400<\/title>\n<meta name=\"description\" content=\"Entdecken Sie WEBER Elektrogrill Q 2400 bei ErresseShop. Qualit\u00e4t, Stil und Funktionalit\u00e4t \u2013 jetzt online bestellen!\" \/>\n<meta name=\"robots\" content=\"index, follow, max-snippet:-1, max-image-preview:large, max-video-preview:-1\" \/>\n<link rel=\"canonical\" href=\"https:\/\/www.erresse-shop.it\/de\/shop\/kleine-elektrogeraete\/grills-und-barbecues\/weber-elektrogrill-q-2400\/\" \/>\n<meta property=\"og:locale\" content=\"de_DE\" \/>\n<meta property=\"og:type\" content=\"article\" \/>\n<meta property=\"og:title\" content=\"WEBER Elektrogrill Q 2400\" \/>\n<meta property=\"og:description\" content=\"Entdecken Sie WEBER Elektrogrill Q 2400 bei ErresseShop. Qualit\u00e4t, Stil und Funktionalit\u00e4t \u2013 jetzt online bestellen!\" \/>\n<meta property=\"og:url\" content=\"https:\/\/www.erresse-shop.it\/de\/shop\/kleine-elektrogeraete\/grills-und-barbecues\/weber-elektrogrill-q-2400\/\" \/>\n<meta property=\"og:site_name\" content=\"Erresse Shop\" \/>\n<meta property=\"article:modified_time\" content=\"2025-01-22T06:40:09+00:00\" \/>\n<meta property=\"og:image\" content=\"https:\/\/www.erresse-shop.it\/wp-content\/uploads\/2023\/04\/WEBER-Barbecue-Elettrico-Q-2400.jpg\" \/>\n\t<meta property=\"og:image:width\" content=\"800\" \/>\n\t<meta property=\"og:image:height\" content=\"800\" \/>\n\t<meta property=\"og:image:type\" content=\"image\/jpeg\" \/>\n<meta name=\"twitter:card\" content=\"summary_large_image\" \/>\n<script type=\"application\/ld+json\" class=\"yoast-schema-graph\">{\"@context\":\"https:\/\/schema.org\",\"@graph\":[{\"@type\":\"WebPage\",\"@id\":\"https:\/\/www.erresse-shop.it\/de\/shop\/kleine-elektrogeraete\/grills-und-barbecues\/weber-elektrogrill-q-2400\/\",\"url\":\"https:\/\/www.erresse-shop.it\/de\/shop\/kleine-elektrogeraete\/grills-und-barbecues\/weber-elektrogrill-q-2400\/\",\"name\":\"WEBER Elektrogrill Q 2400\",\"isPartOf\":{\"@id\":\"https:\/\/www.erresse-shop.it\/de\/#website\"},\"datePublished\":\"2023-04-20T06:16:14+00:00\",\"dateModified\":\"2025-01-22T06:40:09+00:00\",\"description\":\"Entdecken Sie WEBER Elektrogrill Q 2400 bei ErresseShop. Qualit\u00e4t, Stil und Funktionalit\u00e4t \u2013 jetzt online bestellen!\",\"breadcrumb\":{\"@id\":\"https:\/\/www.erresse-shop.it\/de\/shop\/kleine-elektrogeraete\/grills-und-barbecues\/weber-elektrogrill-q-2400\/#breadcrumb\"},\"inLanguage\":\"de-DE\",\"potentialAction\":[{\"@type\":\"ReadAction\",\"target\":[\"https:\/\/www.erresse-shop.it\/de\/shop\/kleine-elektrogeraete\/grills-und-barbecues\/weber-elektrogrill-q-2400\/\"]}]},{\"@type\":\"BreadcrumbList\",\"@id\":\"https:\/\/www.erresse-shop.it\/de\/shop\/kleine-elektrogeraete\/grills-und-barbecues\/weber-elektrogrill-q-2400\/#breadcrumb\",\"itemListElement\":[{\"@type\":\"ListItem\",\"position\":1,\"name\":\"Home\",\"item\":\"https:\/\/www.erresse-shop.it\/de\/\"},{\"@type\":\"ListItem\",\"position\":2,\"name\":\"Shop\",\"item\":\"https:\/\/www.erresse-shop.it\/de\/shop\/\"},{\"@type\":\"ListItem\",\"position\":3,\"name\":\"WEBER Elektrogrill Q 2400\"}]},{\"@type\":\"WebSite\",\"@id\":\"https:\/\/www.erresse-shop.it\/de\/#website\",\"url\":\"https:\/\/www.erresse-shop.it\/de\/\",\"name\":\"Erresse Shop\",\"description\":\"Articoli di qualit\u00e0 per la casa\",\"potentialAction\":[{\"@type\":\"SearchAction\",\"target\":{\"@type\":\"EntryPoint\",\"urlTemplate\":\"https:\/\/www.erresse-shop.it\/de\/?s={search_term_string}\"},\"query-input\":\"required name=search_term_string\"}],\"inLanguage\":\"de-DE\"}]}<\/script>\n<!-- \/ Yoast SEO Premium plugin. -->","yoast_head_json":{"title":"WEBER Elektrogrill Q 2400","description":"Entdecken Sie WEBER Elektrogrill Q 2400 bei ErresseShop. Qualit\u00e4t, Stil und Funktionalit\u00e4t \u2013 jetzt online bestellen!","robots":{"index":"index","follow":"follow","max-snippet":"max-snippet:-1","max-image-preview":"max-image-preview:large","max-video-preview":"max-video-preview:-1"},"canonical":"https:\/\/www.erresse-shop.it\/de\/shop\/kleine-elektrogeraete\/grills-und-barbecues\/weber-elektrogrill-q-2400\/","og_locale":"de_DE","og_type":"article","og_title":"WEBER Elektrogrill Q 2400","og_description":"Entdecken Sie WEBER Elektrogrill Q 2400 bei ErresseShop. Qualit\u00e4t, Stil und Funktionalit\u00e4t \u2013 jetzt online bestellen!","og_url":"https:\/\/www.erresse-shop.it\/de\/shop\/kleine-elektrogeraete\/grills-und-barbecues\/weber-elektrogrill-q-2400\/","og_site_name":"Erresse Shop","article_modified_time":"2025-01-22T06:40:09+00:00","og_image":[{"width":800,"height":800,"url":"https:\/\/www.erresse-shop.it\/wp-content\/uploads\/2023\/04\/WEBER-Barbecue-Elettrico-Q-2400.jpg","type":"image\/jpeg"}],"twitter_card":"summary_large_image","schema":{"@context":"https:\/\/schema.org","@graph":[{"@type":"WebPage","@id":"https:\/\/www.erresse-shop.it\/de\/shop\/kleine-elektrogeraete\/grills-und-barbecues\/weber-elektrogrill-q-2400\/","url":"https:\/\/www.erresse-shop.it\/de\/shop\/kleine-elektrogeraete\/grills-und-barbecues\/weber-elektrogrill-q-2400\/","name":"WEBER Elektrogrill Q 2400","isPartOf":{"@id":"https:\/\/www.erresse-shop.it\/de\/#website"},"datePublished":"2023-04-20T06:16:14+00:00","dateModified":"2025-01-22T06:40:09+00:00","description":"Entdecken Sie WEBER Elektrogrill Q 2400 bei ErresseShop. Qualit\u00e4t, Stil und Funktionalit\u00e4t \u2013 jetzt online bestellen!","breadcrumb":{"@id":"https:\/\/www.erresse-shop.it\/de\/shop\/kleine-elektrogeraete\/grills-und-barbecues\/weber-elektrogrill-q-2400\/#breadcrumb"},"inLanguage":"de-DE","potentialAction":[{"@type":"ReadAction","target":["https:\/\/www.erresse-shop.it\/de\/shop\/kleine-elektrogeraete\/grills-und-barbecues\/weber-elektrogrill-q-2400\/"]}]},{"@type":"BreadcrumbList","@id":"https:\/\/www.erresse-shop.it\/de\/shop\/kleine-elektrogeraete\/grills-und-barbecues\/weber-elektrogrill-q-2400\/#breadcrumb","itemListElement":[{"@type":"ListItem","position":1,"name":"Home","item":"https:\/\/www.erresse-shop.it\/de\/"},{"@type":"ListItem","position":2,"name":"Shop","item":"https:\/\/www.erresse-shop.it\/de\/shop\/"},{"@type":"ListItem","position":3,"name":"WEBER Elektrogrill Q 2400"}]},{"@type":"WebSite","@id":"https:\/\/www.erresse-shop.it\/de\/#website","url":"https:\/\/www.erresse-shop.it\/de\/","name":"Erresse Shop","description":"Articoli di qualit\u00e0 per la casa","potentialAction":[{"@type":"SearchAction","target":{"@type":"EntryPoint","urlTemplate":"https:\/\/www.erresse-shop.it\/de\/?s={search_term_string}"},"query-input":"required name=search_term_string"}],"inLanguage":"de-DE"}]}},"df_price":494.1,"df_sale_price":494.1,"df_regular_price":549,"df_image_link":"https:\/\/www.erresse-shop.it\/wp-content\/uploads\/2023\/04\/WEBER-Barbecue-Elettrico-Q-2400-300x300.jpg","_links":{"self":[{"href":"https:\/\/www.erresse-shop.it\/de\/wp-json\/wp\/v2\/product\/261715"}],"collection":[{"href":"https:\/\/www.erresse-shop.it\/de\/wp-json\/wp\/v2\/product"}],"about":[{"href":"https:\/\/www.erresse-shop.it\/de\/wp-json\/wp\/v2\/types\/product"}],"wp:featuredmedia":[{"embeddable":true,"href":"https:\/\/www.erresse-shop.it\/de\/wp-json\/wp\/v2\/media\/261759"}],"wp:attachment":[{"href":"https:\/\/www.erresse-shop.it\/de\/wp-json\/wp\/v2\/media?parent=261715"}],"wp:term":[{"taxonomy":"product_cat","embeddable":true,"href":"https:\/\/www.erresse-shop.it\/de\/wp-json\/wp\/v2\/product_cat?post=261715"},{"taxonomy":"product_tag","embeddable":true,"href":"https:\/\/www.erresse-shop.it\/de\/wp-json\/wp\/v2\/product_tag?post=261715"}],"curies":[{"name":"wp","href":"https:\/\/api.w.org\/{rel}","templated":true}]}}