{"id":260546,"date":"2023-04-06T09:04:20","date_gmt":"2023-04-06T09:04:21","guid":{"rendered":"https:\/\/www.erresse-shop.it\/?post_type=product&#038;p=260546"},"modified":"2025-07-22T10:08:56","modified_gmt":"2025-07-22T10:08:56","slug":"jura-kaffeemaschine-ena-4-full-nordic-white-einschlieslich-2-kg-kaffee","status":"publish","type":"product","link":"https:\/\/www.erresse-shop.it\/de\/shop\/kleine-elektrogeraete\/kaffeemaschinen-espresso\/automatisch\/jura-kaffeemaschine-ena-4-full-nordic-white-einschlieslich-2-kg-kaffee\/","title":{"rendered":"JURA Kaffeemaschine ENA 4 Full Nordic White"},"content":{"rendered":"<p><strong>EINFACH TOLLER KAFFEE<\/strong><br \/>\nWas ist das einfachste Mittel, um eine au\u00dfergew\u00f6hnliche Tasse Kaffee zuzubereiten? Die ENA 4, der neue kleine und kompakte Ein-Tassen-Automat, der die Erfahrung und Leidenschaft von JURA f\u00fcr intelligente Produkte verk\u00f6rpert, ist ein Genuss zum Geniessen!<\/p>\n<p>Einen Knopf dr\u00fccken und genie\u00dfen &#8211; so einfach ist die Bedienung der ENA 4. Drei Sorten Aroma- und Mahlkaffee k\u00f6nnen vorgew\u00e4hlt werden. Getreu dem JURA-Motto &#8220;frisch gemahlen, nicht in Kapseln&#8221; garantiert die AromaG3-Kaffeem\u00fchle eine besonders schnelle Mahlung, bei der das volle Aroma des Kaffees erhalten bleibt.<\/p>\n<p>Der intelligente Pulsed Extraction Process (P.E.P.\u00ae) optimiert die Extraktionszeit f\u00fcr kurze Spezialit\u00e4ten und er\u00f6ffnet neue Dimensionen des Aromas. Au\u00dferdem erm\u00f6glicht es maximale Flexibilit\u00e4t bei der Programmierung des Bechervolumens.<\/p>\n<p><strong>FRISCH GEMAHLEN, NICHT IN KAPSELFORM:<\/strong><br \/>\nH\u00f6chste Kaffeequalit\u00e4t mit dem neu entwickelten intelligenten P.E.P.\u00ae System f\u00fcr mehr Freiheit bei der Programmierung des Tassenvolumens.<br \/>\n<strong>SCHNELL<\/strong>:<br \/>\nAromaG3 Kaffeem\u00fchle doppelt so schnell, f\u00fcr ein Mahlen, das das volle Aroma des Kaffees bewahrt.<br \/>\n<strong>EINFACH<\/strong>:<br \/>\nKaffeegenuss auf Knopfdruck, dank einfacher Bedienung und voreingestellter Funktionen.<br \/>\n<strong>KLEINE GR\u00d6SSE:<\/strong><br \/>\nMit einer Breite von nur 27,1 cm, einer H\u00f6he von 32,3 cm und einer Tiefe von 44,5 cm passt die kleine ENA 4 problemlos \u00fcberall hin. Auch optisch \u00fcberzeugt sie: Die Varianten Full Metropolitan Black und Full Nordic White zeichnen sich durch Zur\u00fcckhaltung und Eleganz aus, w\u00e4hrend der zylindrische Wassertank in Diamond-Optik ihr einen Hauch von Klasse verleiht.<\/p>\n<p><strong>MERKMALE\/SPEZIALIT\u00c4TEN<\/strong><br \/>\nAnzahl der Kaffeespezialit\u00e4ten 4<br \/>\nStandard f\u00fcr JURA-Kaffeespezialit\u00e4tenger\u00e4te<br \/>\nGepulstes Extraktionsverfahren (P.E.P.\u00ae)<br \/>\nVariable Kapazit\u00e4t der Br\u00fchgruppe: 6 &#8211; 10 g<br \/>\nKaffeem\u00fchle: Aroma G3 Mehrsortenmahlwerk<br \/>\nHochleistungspumpe, 15 bar: 1<br \/>\nThermoblock-Heizsystem: 1<br \/>\nFl\u00fcssigkeitssystem: 1<br \/>\nFach f\u00fcr gemahlenen Kaffee<br \/>\nAromaschutzdeckel<br \/>\nStandardsteuerung und -programmierung<br \/>\nJ.O.E.\u00ae kompatibel<br \/>\nAnzeige: Symbolanzeige<br \/>\nProgrammierbare und individuell einstellbare Wassermenge f\u00fcr den Kaffee: ja<br \/>\nKaffeeintensit\u00e4t programmierbar und anpassbar: 3 Stufen<\/p>\n<p><strong>TECHNISCHE MERKMALE<\/strong><br \/>\nKaffeespender verstellbar in H\u00f6he\/Breite: 75 &#8211; 105 mm \/ &#8211;<br \/>\nFassungsverm\u00f6gen des Wassertanks: 1,1 l<br \/>\nFassungsverm\u00f6gen des Kaffeebohnenbeh\u00e4lters: 125 g<br \/>\nKaffeesatzbeh\u00e4lter (Portionen): 10<br \/>\nKabell\u00e4nge: 1,1 m<br \/>\nSpannung \/ Leistungsaufnahme: 230 V ~ \/ 1450 W<br \/>\nStromst\u00e4rke: 10 A<br \/>\nEnergieeffizienzklasse\/Energieverbrauch: A \/ 59,3 kWh\/Jahr<br \/>\nVerbrauch im Bereitschaftszustand: 0 W<br \/>\nGewicht: 8,4 kg<br \/>\nAbmessungen (B \u00d7 H \u00d7 T): 27,1 \u00d7 32,3 \u00d7 44,5 cm<\/p>\n<p><strong>Herstellungsland: Made in Portugal<\/strong><br \/>\n<strong>Modelljahr: 2020<\/strong><\/p>\n","protected":false},"excerpt":{"rendered":"<p>EINFACH TOLLER KAFFEE Was ist das einfachste Mittel, um eine au\u00dfergew\u00f6hnliche Tasse Kaffee zuzubereiten? Die ENA 4, der neue kleine<\/p>\n","protected":false},"featured_media":508444,"template":"","meta":{"_acf_changed":false,"inline_featured_image":false},"product_cat":[6733,6703,25361],"product_tag":[23569,23564,23661,24416,20766,13966],"acf":[],"yoast_head":"<!-- This site is optimized with the Yoast SEO Premium plugin v18.6 (Yoast SEO v19.13) - https:\/\/yoast.com\/wordpress\/plugins\/seo\/ -->\n<title>JURA Kaffeemaschine ENA 4 Full Nordic White - einschlie\u00dflich 4 Kg Kaffee<\/title>\n<meta name=\"description\" content=\"Entdecken Sie JURA Kaffeemaschine ENA 4 Full Nordic White - einschlie\u00dflich 4 Kg Kaffee bei ErresseShop. Qualit\u00e4t, Stil und Funktionalit\u00e4t \u2013 jetzt online bestellen!\" \/>\n<meta name=\"robots\" content=\"index, follow, max-snippet:-1, max-image-preview:large, max-video-preview:-1\" \/>\n<link rel=\"canonical\" href=\"https:\/\/www.erresse-shop.it\/de\/shop\/kleine-elektrogeraete\/kaffeemaschinen-espresso\/automatisch\/jura-kaffeemaschine-ena-4-full-nordic-white-einschlieslich-2-kg-kaffee\/\" \/>\n<meta property=\"og:locale\" content=\"de_DE\" \/>\n<meta property=\"og:type\" content=\"article\" \/>\n<meta property=\"og:title\" content=\"JURA Kaffeemaschine ENA 4 Full Nordic White\" \/>\n<meta property=\"og:description\" content=\"Entdecken Sie JURA Kaffeemaschine ENA 4 Full Nordic White - einschlie\u00dflich 4 Kg Kaffee bei ErresseShop. Qualit\u00e4t, Stil und Funktionalit\u00e4t \u2013 jetzt online bestellen!\" \/>\n<meta property=\"og:url\" content=\"https:\/\/www.erresse-shop.it\/de\/shop\/kleine-elektrogeraete\/kaffeemaschinen-espresso\/automatisch\/jura-kaffeemaschine-ena-4-full-nordic-white-einschlieslich-2-kg-kaffee\/\" \/>\n<meta property=\"og:site_name\" content=\"Erresse Shop\" \/>\n<meta property=\"article:modified_time\" content=\"2025-07-22T10:08:56+00:00\" \/>\n<meta property=\"og:image\" content=\"https:\/\/www.erresse-shop.it\/wp-content\/uploads\/2023\/04\/JURA-Macchina-Da-Caffe\u0300-ENA-4-Full-Nordic-White-.jpg\" \/>\n\t<meta property=\"og:image:width\" content=\"800\" \/>\n\t<meta property=\"og:image:height\" content=\"800\" \/>\n\t<meta property=\"og:image:type\" content=\"image\/jpeg\" \/>\n<meta name=\"twitter:card\" content=\"summary_large_image\" \/>\n<script type=\"application\/ld+json\" class=\"yoast-schema-graph\">{\"@context\":\"https:\/\/schema.org\",\"@graph\":[{\"@type\":\"WebPage\",\"@id\":\"https:\/\/www.erresse-shop.it\/de\/shop\/kleine-elektrogeraete\/kaffeemaschinen-espresso\/automatisch\/jura-kaffeemaschine-ena-4-full-nordic-white-einschlieslich-2-kg-kaffee\/\",\"url\":\"https:\/\/www.erresse-shop.it\/de\/shop\/kleine-elektrogeraete\/kaffeemaschinen-espresso\/automatisch\/jura-kaffeemaschine-ena-4-full-nordic-white-einschlieslich-2-kg-kaffee\/\",\"name\":\"JURA Kaffeemaschine ENA 4 Full Nordic White - einschlie\u00dflich 4 Kg Kaffee\",\"isPartOf\":{\"@id\":\"https:\/\/www.erresse-shop.it\/de\/#website\"},\"datePublished\":\"2023-04-06T09:04:21+00:00\",\"dateModified\":\"2025-07-22T10:08:56+00:00\",\"description\":\"Entdecken Sie JURA Kaffeemaschine ENA 4 Full Nordic White - einschlie\u00dflich 4 Kg Kaffee bei ErresseShop. Qualit\u00e4t, Stil und Funktionalit\u00e4t \u2013 jetzt online bestellen!\",\"breadcrumb\":{\"@id\":\"https:\/\/www.erresse-shop.it\/de\/shop\/kleine-elektrogeraete\/kaffeemaschinen-espresso\/automatisch\/jura-kaffeemaschine-ena-4-full-nordic-white-einschlieslich-2-kg-kaffee\/#breadcrumb\"},\"inLanguage\":\"de-DE\",\"potentialAction\":[{\"@type\":\"ReadAction\",\"target\":[\"https:\/\/www.erresse-shop.it\/de\/shop\/kleine-elektrogeraete\/kaffeemaschinen-espresso\/automatisch\/jura-kaffeemaschine-ena-4-full-nordic-white-einschlieslich-2-kg-kaffee\/\"]}]},{\"@type\":\"BreadcrumbList\",\"@id\":\"https:\/\/www.erresse-shop.it\/de\/shop\/kleine-elektrogeraete\/kaffeemaschinen-espresso\/automatisch\/jura-kaffeemaschine-ena-4-full-nordic-white-einschlieslich-2-kg-kaffee\/#breadcrumb\",\"itemListElement\":[{\"@type\":\"ListItem\",\"position\":1,\"name\":\"Home\",\"item\":\"https:\/\/www.erresse-shop.it\/de\/\"},{\"@type\":\"ListItem\",\"position\":2,\"name\":\"Shop\",\"item\":\"https:\/\/www.erresse-shop.it\/de\/shop\/\"},{\"@type\":\"ListItem\",\"position\":3,\"name\":\"JURA Kaffeemaschine ENA 4 Full Nordic White\"}]},{\"@type\":\"WebSite\",\"@id\":\"https:\/\/www.erresse-shop.it\/de\/#website\",\"url\":\"https:\/\/www.erresse-shop.it\/de\/\",\"name\":\"Erresse Shop\",\"description\":\"Articoli di qualit\u00e0 per la casa\",\"potentialAction\":[{\"@type\":\"SearchAction\",\"target\":{\"@type\":\"EntryPoint\",\"urlTemplate\":\"https:\/\/www.erresse-shop.it\/de\/?s={search_term_string}\"},\"query-input\":\"required name=search_term_string\"}],\"inLanguage\":\"de-DE\"}]}<\/script>\n<!-- \/ Yoast SEO Premium plugin. -->","yoast_head_json":{"title":"JURA Kaffeemaschine ENA 4 Full Nordic White - einschlie\u00dflich 4 Kg Kaffee","description":"Entdecken Sie JURA Kaffeemaschine ENA 4 Full Nordic White - einschlie\u00dflich 4 Kg Kaffee bei ErresseShop. Qualit\u00e4t, Stil und Funktionalit\u00e4t \u2013 jetzt online bestellen!","robots":{"index":"index","follow":"follow","max-snippet":"max-snippet:-1","max-image-preview":"max-image-preview:large","max-video-preview":"max-video-preview:-1"},"canonical":"https:\/\/www.erresse-shop.it\/de\/shop\/kleine-elektrogeraete\/kaffeemaschinen-espresso\/automatisch\/jura-kaffeemaschine-ena-4-full-nordic-white-einschlieslich-2-kg-kaffee\/","og_locale":"de_DE","og_type":"article","og_title":"JURA Kaffeemaschine ENA 4 Full Nordic White","og_description":"Entdecken Sie JURA Kaffeemaschine ENA 4 Full Nordic White - einschlie\u00dflich 4 Kg Kaffee bei ErresseShop. Qualit\u00e4t, Stil und Funktionalit\u00e4t \u2013 jetzt online bestellen!","og_url":"https:\/\/www.erresse-shop.it\/de\/shop\/kleine-elektrogeraete\/kaffeemaschinen-espresso\/automatisch\/jura-kaffeemaschine-ena-4-full-nordic-white-einschlieslich-2-kg-kaffee\/","og_site_name":"Erresse Shop","article_modified_time":"2025-07-22T10:08:56+00:00","og_image":[{"width":800,"height":800,"url":"https:\/\/www.erresse-shop.it\/wp-content\/uploads\/2023\/04\/JURA-Macchina-Da-Caffe\u0300-ENA-4-Full-Nordic-White-.jpg","type":"image\/jpeg"}],"twitter_card":"summary_large_image","schema":{"@context":"https:\/\/schema.org","@graph":[{"@type":"WebPage","@id":"https:\/\/www.erresse-shop.it\/de\/shop\/kleine-elektrogeraete\/kaffeemaschinen-espresso\/automatisch\/jura-kaffeemaschine-ena-4-full-nordic-white-einschlieslich-2-kg-kaffee\/","url":"https:\/\/www.erresse-shop.it\/de\/shop\/kleine-elektrogeraete\/kaffeemaschinen-espresso\/automatisch\/jura-kaffeemaschine-ena-4-full-nordic-white-einschlieslich-2-kg-kaffee\/","name":"JURA Kaffeemaschine ENA 4 Full Nordic White - einschlie\u00dflich 4 Kg Kaffee","isPartOf":{"@id":"https:\/\/www.erresse-shop.it\/de\/#website"},"datePublished":"2023-04-06T09:04:21+00:00","dateModified":"2025-07-22T10:08:56+00:00","description":"Entdecken Sie JURA Kaffeemaschine ENA 4 Full Nordic White - einschlie\u00dflich 4 Kg Kaffee bei ErresseShop. Qualit\u00e4t, Stil und Funktionalit\u00e4t \u2013 jetzt online bestellen!","breadcrumb":{"@id":"https:\/\/www.erresse-shop.it\/de\/shop\/kleine-elektrogeraete\/kaffeemaschinen-espresso\/automatisch\/jura-kaffeemaschine-ena-4-full-nordic-white-einschlieslich-2-kg-kaffee\/#breadcrumb"},"inLanguage":"de-DE","potentialAction":[{"@type":"ReadAction","target":["https:\/\/www.erresse-shop.it\/de\/shop\/kleine-elektrogeraete\/kaffeemaschinen-espresso\/automatisch\/jura-kaffeemaschine-ena-4-full-nordic-white-einschlieslich-2-kg-kaffee\/"]}]},{"@type":"BreadcrumbList","@id":"https:\/\/www.erresse-shop.it\/de\/shop\/kleine-elektrogeraete\/kaffeemaschinen-espresso\/automatisch\/jura-kaffeemaschine-ena-4-full-nordic-white-einschlieslich-2-kg-kaffee\/#breadcrumb","itemListElement":[{"@type":"ListItem","position":1,"name":"Home","item":"https:\/\/www.erresse-shop.it\/de\/"},{"@type":"ListItem","position":2,"name":"Shop","item":"https:\/\/www.erresse-shop.it\/de\/shop\/"},{"@type":"ListItem","position":3,"name":"JURA Kaffeemaschine ENA 4 Full Nordic White"}]},{"@type":"WebSite","@id":"https:\/\/www.erresse-shop.it\/de\/#website","url":"https:\/\/www.erresse-shop.it\/de\/","name":"Erresse Shop","description":"Articoli di qualit\u00e0 per la casa","potentialAction":[{"@type":"SearchAction","target":{"@type":"EntryPoint","urlTemplate":"https:\/\/www.erresse-shop.it\/de\/?s={search_term_string}"},"query-input":"required name=search_term_string"}],"inLanguage":"de-DE"}]}},"df_price":719.1,"df_sale_price":719.1,"df_regular_price":799,"df_image_link":"https:\/\/www.erresse-shop.it\/wp-content\/uploads\/2023\/04\/JURA-Macchina-Da-Caffe-ENA-4-Full-Nordic-White-300x300.jpg","_links":{"self":[{"href":"https:\/\/www.erresse-shop.it\/de\/wp-json\/wp\/v2\/product\/260546"}],"collection":[{"href":"https:\/\/www.erresse-shop.it\/de\/wp-json\/wp\/v2\/product"}],"about":[{"href":"https:\/\/www.erresse-shop.it\/de\/wp-json\/wp\/v2\/types\/product"}],"wp:featuredmedia":[{"embeddable":true,"href":"https:\/\/www.erresse-shop.it\/de\/wp-json\/wp\/v2\/media\/508444"}],"wp:attachment":[{"href":"https:\/\/www.erresse-shop.it\/de\/wp-json\/wp\/v2\/media?parent=260546"}],"wp:term":[{"taxonomy":"product_cat","embeddable":true,"href":"https:\/\/www.erresse-shop.it\/de\/wp-json\/wp\/v2\/product_cat?post=260546"},{"taxonomy":"product_tag","embeddable":true,"href":"https:\/\/www.erresse-shop.it\/de\/wp-json\/wp\/v2\/product_tag?post=260546"}],"curies":[{"name":"wp","href":"https:\/\/api.w.org\/{rel}","templated":true}]}}