{"id":258612,"date":"2023-03-30T10:29:17","date_gmt":"2023-03-30T10:29:19","guid":{"rendered":"https:\/\/www.erresse-shop.it\/?post_type=product&#038;p=258612"},"modified":"2025-05-10T11:54:26","modified_gmt":"2025-05-10T11:54:26","slug":"yaxell-super-gou-ypsilon-kochmesser-20-cm","status":"publish","type":"product","link":"https:\/\/www.erresse-shop.it\/de\/shop\/kuche\/messer\/yaxell-super-gou-ypsilon-kochmesser-20-cm\/","title":{"rendered":"YAXELL Super Gou Ypsilon Kochmesser 20 cm"},"content":{"rendered":"<p><strong>Yaxell Super Gou Ypsilon<\/strong><br \/>\nDas Yaxell Super Gou Ypsilon ist eine Weiterentwicklung des Super GOU Modells mit 161 Lagen, dem Messer Nr. 1 2016 von WIKI VID USA. Vom in Japan hergestellten Kern aus gesintertem SG2-Mikrokarbid-Edelstahl \u00fcber die 193-fach beschichtete Klinge bis hin zum eleganten schwarzen Canvas-Mi-Papiergriff mit eingelegtem Samurai-Familienwappen enth\u00e4lt das Produkt alle Elemente, die es zum besten K\u00fcchenmesser machen. Die H\u00e4rte der Klinge betr\u00e4gt 63 Rockwell. Au\u00dfergew\u00f6hnlich sch\u00f6n und perfekt verarbeitet, bietet das Yaxell Super GOU YPSILON eine hervorragende Leistung und ist ein Vergn\u00fcgen zu verwenden. Auf der Klinge sind vier japanische Schriftzeichen eingraviert, die &#8220;Super GOU, der Geist der Samurai&#8221; bedeuten. YPSI- LON &#8211; der Name des neuen Modells &#8211; leitet sich vom Buchstaben Y&#8221; in der deutschen Sprache ab. Das Y steht f\u00fcr das Yaxell-Logo. Geliefert wird es mit einer sch\u00f6nen Katana-Holzscheide.<\/p>\n<p>Das<strong> Yaxell Super Gou Ypsilon Kochmesser<\/strong> ist ein japanisches Kochmesser mit einer 20 cm langen Klinge. Dieses Messer ist ein echter Allrounder in der K\u00fcche. Es ist gro\u00df genug, um eine gro\u00dfe Menge an Gem\u00fcse, Fleisch und Fisch zu schneiden. Trotz der L\u00e4nge der Klinge ist das Messer leicht zu f\u00fchren. Das liegt an der guten Balance und der rasiermesserscharfen Klinge. Das Messer ist auch ideal zum Hacken von Kr\u00e4utern, Zerkleinern von Pfefferk\u00f6rnern und Sch\u00e4len von Knoblauchzehen.<\/p>\n<p><strong>Hergestellt in Japan<\/strong><\/p>\n","protected":false},"excerpt":{"rendered":"<p>Yaxell Super Gou Ypsilon Das Yaxell Super Gou Ypsilon ist eine Weiterentwicklung des Super GOU Modells mit 161 Lagen, dem<\/p>\n","protected":false},"featured_media":258632,"template":"","meta":{"_acf_changed":false,"inline_featured_image":false},"product_cat":[6742,6706,14454],"product_tag":[11395,11529,21624,24681,11658],"acf":[],"yoast_head":"<!-- This site is optimized with the Yoast SEO Premium plugin v18.6 (Yoast SEO v19.13) - https:\/\/yoast.com\/wordpress\/plugins\/seo\/ -->\n<title>YAXELL Super Gou Ypsilon Kochmesser 20 cm<\/title>\n<meta name=\"description\" content=\"Entdecken Sie YAXELL Super Gou Ypsilon Kochmesser 20 cm bei ErresseShop. Qualit\u00e4t, Stil und Funktionalit\u00e4t \u2013 jetzt online bestellen!\" \/>\n<meta name=\"robots\" content=\"index, follow, max-snippet:-1, max-image-preview:large, max-video-preview:-1\" \/>\n<link rel=\"canonical\" href=\"https:\/\/www.erresse-shop.it\/de\/shop\/kuche\/messer\/yaxell-super-gou-ypsilon-kochmesser-20-cm\/\" \/>\n<meta property=\"og:locale\" content=\"de_DE\" \/>\n<meta property=\"og:type\" content=\"article\" \/>\n<meta property=\"og:title\" content=\"YAXELL Super Gou Ypsilon Kochmesser 20 cm\" \/>\n<meta property=\"og:description\" content=\"Entdecken Sie YAXELL Super Gou Ypsilon Kochmesser 20 cm bei ErresseShop. Qualit\u00e4t, Stil und Funktionalit\u00e4t \u2013 jetzt online bestellen!\" \/>\n<meta property=\"og:url\" content=\"https:\/\/www.erresse-shop.it\/de\/shop\/kuche\/messer\/yaxell-super-gou-ypsilon-kochmesser-20-cm\/\" \/>\n<meta property=\"og:site_name\" content=\"Erresse Shop\" \/>\n<meta property=\"article:modified_time\" content=\"2025-05-10T11:54:26+00:00\" \/>\n<meta property=\"og:image\" content=\"https:\/\/www.erresse-shop.it\/wp-content\/uploads\/2023\/03\/YAXELL-Super-Gou-Ypslon-Coltello-Chef-20-cm.jpg\" \/>\n\t<meta property=\"og:image:width\" content=\"800\" \/>\n\t<meta property=\"og:image:height\" content=\"800\" \/>\n\t<meta property=\"og:image:type\" content=\"image\/jpeg\" \/>\n<meta name=\"twitter:card\" content=\"summary_large_image\" \/>\n<script type=\"application\/ld+json\" class=\"yoast-schema-graph\">{\"@context\":\"https:\/\/schema.org\",\"@graph\":[{\"@type\":\"WebPage\",\"@id\":\"https:\/\/www.erresse-shop.it\/de\/shop\/kuche\/messer\/yaxell-super-gou-ypsilon-kochmesser-20-cm\/\",\"url\":\"https:\/\/www.erresse-shop.it\/de\/shop\/kuche\/messer\/yaxell-super-gou-ypsilon-kochmesser-20-cm\/\",\"name\":\"YAXELL Super Gou Ypsilon Kochmesser 20 cm\",\"isPartOf\":{\"@id\":\"https:\/\/www.erresse-shop.it\/de\/#website\"},\"datePublished\":\"2023-03-30T10:29:19+00:00\",\"dateModified\":\"2025-05-10T11:54:26+00:00\",\"description\":\"Entdecken Sie YAXELL Super Gou Ypsilon Kochmesser 20 cm bei ErresseShop. Qualit\u00e4t, Stil und Funktionalit\u00e4t \u2013 jetzt online bestellen!\",\"breadcrumb\":{\"@id\":\"https:\/\/www.erresse-shop.it\/de\/shop\/kuche\/messer\/yaxell-super-gou-ypsilon-kochmesser-20-cm\/#breadcrumb\"},\"inLanguage\":\"de-DE\",\"potentialAction\":[{\"@type\":\"ReadAction\",\"target\":[\"https:\/\/www.erresse-shop.it\/de\/shop\/kuche\/messer\/yaxell-super-gou-ypsilon-kochmesser-20-cm\/\"]}]},{\"@type\":\"BreadcrumbList\",\"@id\":\"https:\/\/www.erresse-shop.it\/de\/shop\/kuche\/messer\/yaxell-super-gou-ypsilon-kochmesser-20-cm\/#breadcrumb\",\"itemListElement\":[{\"@type\":\"ListItem\",\"position\":1,\"name\":\"Home\",\"item\":\"https:\/\/www.erresse-shop.it\/de\/\"},{\"@type\":\"ListItem\",\"position\":2,\"name\":\"Shop\",\"item\":\"https:\/\/www.erresse-shop.it\/de\/shop\/\"},{\"@type\":\"ListItem\",\"position\":3,\"name\":\"YAXELL Super Gou Ypsilon Kochmesser 20 cm\"}]},{\"@type\":\"WebSite\",\"@id\":\"https:\/\/www.erresse-shop.it\/de\/#website\",\"url\":\"https:\/\/www.erresse-shop.it\/de\/\",\"name\":\"Erresse Shop\",\"description\":\"Articoli di qualit\u00e0 per la casa\",\"potentialAction\":[{\"@type\":\"SearchAction\",\"target\":{\"@type\":\"EntryPoint\",\"urlTemplate\":\"https:\/\/www.erresse-shop.it\/de\/?s={search_term_string}\"},\"query-input\":\"required name=search_term_string\"}],\"inLanguage\":\"de-DE\"}]}<\/script>\n<!-- \/ Yoast SEO Premium plugin. -->","yoast_head_json":{"title":"YAXELL Super Gou Ypsilon Kochmesser 20 cm","description":"Entdecken Sie YAXELL Super Gou Ypsilon Kochmesser 20 cm bei ErresseShop. Qualit\u00e4t, Stil und Funktionalit\u00e4t \u2013 jetzt online bestellen!","robots":{"index":"index","follow":"follow","max-snippet":"max-snippet:-1","max-image-preview":"max-image-preview:large","max-video-preview":"max-video-preview:-1"},"canonical":"https:\/\/www.erresse-shop.it\/de\/shop\/kuche\/messer\/yaxell-super-gou-ypsilon-kochmesser-20-cm\/","og_locale":"de_DE","og_type":"article","og_title":"YAXELL Super Gou Ypsilon Kochmesser 20 cm","og_description":"Entdecken Sie YAXELL Super Gou Ypsilon Kochmesser 20 cm bei ErresseShop. Qualit\u00e4t, Stil und Funktionalit\u00e4t \u2013 jetzt online bestellen!","og_url":"https:\/\/www.erresse-shop.it\/de\/shop\/kuche\/messer\/yaxell-super-gou-ypsilon-kochmesser-20-cm\/","og_site_name":"Erresse Shop","article_modified_time":"2025-05-10T11:54:26+00:00","og_image":[{"width":800,"height":800,"url":"https:\/\/www.erresse-shop.it\/wp-content\/uploads\/2023\/03\/YAXELL-Super-Gou-Ypslon-Coltello-Chef-20-cm.jpg","type":"image\/jpeg"}],"twitter_card":"summary_large_image","schema":{"@context":"https:\/\/schema.org","@graph":[{"@type":"WebPage","@id":"https:\/\/www.erresse-shop.it\/de\/shop\/kuche\/messer\/yaxell-super-gou-ypsilon-kochmesser-20-cm\/","url":"https:\/\/www.erresse-shop.it\/de\/shop\/kuche\/messer\/yaxell-super-gou-ypsilon-kochmesser-20-cm\/","name":"YAXELL Super Gou Ypsilon Kochmesser 20 cm","isPartOf":{"@id":"https:\/\/www.erresse-shop.it\/de\/#website"},"datePublished":"2023-03-30T10:29:19+00:00","dateModified":"2025-05-10T11:54:26+00:00","description":"Entdecken Sie YAXELL Super Gou Ypsilon Kochmesser 20 cm bei ErresseShop. Qualit\u00e4t, Stil und Funktionalit\u00e4t \u2013 jetzt online bestellen!","breadcrumb":{"@id":"https:\/\/www.erresse-shop.it\/de\/shop\/kuche\/messer\/yaxell-super-gou-ypsilon-kochmesser-20-cm\/#breadcrumb"},"inLanguage":"de-DE","potentialAction":[{"@type":"ReadAction","target":["https:\/\/www.erresse-shop.it\/de\/shop\/kuche\/messer\/yaxell-super-gou-ypsilon-kochmesser-20-cm\/"]}]},{"@type":"BreadcrumbList","@id":"https:\/\/www.erresse-shop.it\/de\/shop\/kuche\/messer\/yaxell-super-gou-ypsilon-kochmesser-20-cm\/#breadcrumb","itemListElement":[{"@type":"ListItem","position":1,"name":"Home","item":"https:\/\/www.erresse-shop.it\/de\/"},{"@type":"ListItem","position":2,"name":"Shop","item":"https:\/\/www.erresse-shop.it\/de\/shop\/"},{"@type":"ListItem","position":3,"name":"YAXELL Super Gou Ypsilon Kochmesser 20 cm"}]},{"@type":"WebSite","@id":"https:\/\/www.erresse-shop.it\/de\/#website","url":"https:\/\/www.erresse-shop.it\/de\/","name":"Erresse Shop","description":"Articoli di qualit\u00e0 per la casa","potentialAction":[{"@type":"SearchAction","target":{"@type":"EntryPoint","urlTemplate":"https:\/\/www.erresse-shop.it\/de\/?s={search_term_string}"},"query-input":"required name=search_term_string"}],"inLanguage":"de-DE"}]}},"df_price":479.20000000000005,"df_sale_price":479.20000000000005,"df_regular_price":599,"df_image_link":"https:\/\/www.erresse-shop.it\/wp-content\/uploads\/2023\/03\/YAXELL-Super-Gou-Ypslon-Coltello-Chef-20-cm-300x300.jpg","_links":{"self":[{"href":"https:\/\/www.erresse-shop.it\/de\/wp-json\/wp\/v2\/product\/258612"}],"collection":[{"href":"https:\/\/www.erresse-shop.it\/de\/wp-json\/wp\/v2\/product"}],"about":[{"href":"https:\/\/www.erresse-shop.it\/de\/wp-json\/wp\/v2\/types\/product"}],"wp:featuredmedia":[{"embeddable":true,"href":"https:\/\/www.erresse-shop.it\/de\/wp-json\/wp\/v2\/media\/258632"}],"wp:attachment":[{"href":"https:\/\/www.erresse-shop.it\/de\/wp-json\/wp\/v2\/media?parent=258612"}],"wp:term":[{"taxonomy":"product_cat","embeddable":true,"href":"https:\/\/www.erresse-shop.it\/de\/wp-json\/wp\/v2\/product_cat?post=258612"},{"taxonomy":"product_tag","embeddable":true,"href":"https:\/\/www.erresse-shop.it\/de\/wp-json\/wp\/v2\/product_tag?post=258612"}],"curies":[{"name":"wp","href":"https:\/\/api.w.org\/{rel}","templated":true}]}}