{"id":252090,"date":"2023-03-16T10:24:27","date_gmt":"2023-03-16T10:24:28","guid":{"rendered":"https:\/\/www.erresse-shop.it\/?post_type=product&#038;p=252090"},"modified":"2025-01-17T06:25:11","modified_gmt":"2025-01-17T06:25:11","slug":"global-messerblock-fur-8-messer","status":"publish","type":"product","link":"https:\/\/www.erresse-shop.it\/de\/shop\/kuche\/messer\/global-messerblock-fur-8-messer\/","title":{"rendered":"GLOBAL Messerblock f\u00fcr 8 Messer"},"content":{"rendered":"<p>Aus Stahl mit Kunststoffeins\u00e4tzen gefertigt, erf\u00fcllt dieses Produkt die Funktion, wertvolle Utensilien wie <strong>professionelle K\u00fcchenmesser<\/strong> optimal aufzubewahren. Unbeabsichtigte St\u00f6\u00dfe sowie eine l\u00e4ngere Einwirkung von \u00e4tzenden Stoffen k\u00f6nnen selbst die Klingen des besten Stahls ruinieren, weshalb ein Messer nicht ohne angemessenen Schutz auf der Arbeitsplatte oder in einer Schublade liegen gelassen werden darf.<\/p>\n<p>Deshalb erm\u00f6glicht ein Messerblock, sie griffbereit und gleichzeitig sicher aufzubewahren. Der hier vorgestellte Block ist ideal f\u00fcr die Aufbewahrung von <strong>Global<\/strong>-Messern geeignet, deren Stil und Designelemente er aufgreift. Es gibt acht Rillen, in die die Klingen unterschiedlicher Gr\u00f6\u00dfe eingelegt werden k\u00f6nnen, die zum Schutz innen und am Rand mit Kunststoff ausgekleidet sind; am Boden des Blocks sorgt eine Art Sockel aus Kunststoff f\u00fcr seine Stabilit\u00e4t, indem er ihn auf der Auflagefl\u00e4che festh\u00e4lt.<\/p>\n<p>Die Rillen sind so <strong>dimensioniert<\/strong>, dass sie Messer mit kleinen bis mittelgro\u00dfen Klingen aufnehmen k\u00f6nnen (allerdings nicht l\u00e4nger als 22 cm) und daher sowohl f\u00fcr die Produkte der Linie G als auch f\u00fcr die kleineren, mit dem charakteristischen dreieckigen Griff versehenen Produkte der Linie GS geeignet sind. Das auf die Au\u00dfenfl\u00e4che des Blocks gezeichnete Muster schlie\u00dflich versch\u00f6nert das Ganze, indem es an die &#8220;Punkt&#8221;-Textur erinnert, die seit Jahrzehnten die Griffe der von dem japanischen Unternehmen hergestellten Messer kennzeichnet.<\/p>\n","protected":false},"excerpt":{"rendered":"<p>Aus Stahl mit Kunststoffeins\u00e4tzen gefertigt, erf\u00fcllt dieses Produkt die Funktion, wertvolle Utensilien wie professionelle K\u00fcchenmesser optimal aufzubewahren. Unbeabsichtigte St\u00f6\u00dfe sowie<\/p>\n","protected":false},"featured_media":252106,"template":"","meta":{"_acf_changed":false,"inline_featured_image":false},"product_cat":[6742,6706,6763],"product_tag":[11407,14044],"acf":[],"yoast_head":"<!-- This site is optimized with the Yoast SEO Premium plugin v18.6 (Yoast SEO v19.13) - https:\/\/yoast.com\/wordpress\/plugins\/seo\/ -->\n<title>GLOBAL Messerblock f\u00fcr 8 Messer<\/title>\n<meta name=\"description\" content=\"Entdecken Sie GLOBAL Messerblock f\u00fcr 8 Messer bei ErresseShop. Qualit\u00e4t, Stil und Funktionalit\u00e4t \u2013 jetzt online bestellen!\" \/>\n<meta name=\"robots\" content=\"index, follow, max-snippet:-1, max-image-preview:large, max-video-preview:-1\" \/>\n<link rel=\"canonical\" href=\"https:\/\/www.erresse-shop.it\/de\/shop\/kuche\/messer\/global-messerblock-fur-8-messer\/\" \/>\n<meta property=\"og:locale\" content=\"de_DE\" \/>\n<meta property=\"og:type\" content=\"article\" \/>\n<meta property=\"og:title\" content=\"GLOBAL Messerblock f\u00fcr 8 Messer\" \/>\n<meta property=\"og:description\" content=\"Entdecken Sie GLOBAL Messerblock f\u00fcr 8 Messer bei ErresseShop. Qualit\u00e4t, Stil und Funktionalit\u00e4t \u2013 jetzt online bestellen!\" \/>\n<meta property=\"og:url\" content=\"https:\/\/www.erresse-shop.it\/de\/shop\/kuche\/messer\/global-messerblock-fur-8-messer\/\" \/>\n<meta property=\"og:site_name\" content=\"Erresse Shop\" \/>\n<meta property=\"article:modified_time\" content=\"2025-01-17T06:25:11+00:00\" \/>\n<meta property=\"og:image\" content=\"https:\/\/www.erresse-shop.it\/wp-content\/uploads\/2023\/03\/GLOBAL-Ceppo-per-8-Coltelli.jpg\" \/>\n\t<meta property=\"og:image:width\" content=\"800\" \/>\n\t<meta property=\"og:image:height\" content=\"800\" \/>\n\t<meta property=\"og:image:type\" content=\"image\/jpeg\" \/>\n<meta name=\"twitter:card\" content=\"summary_large_image\" \/>\n<script type=\"application\/ld+json\" class=\"yoast-schema-graph\">{\"@context\":\"https:\/\/schema.org\",\"@graph\":[{\"@type\":\"WebPage\",\"@id\":\"https:\/\/www.erresse-shop.it\/de\/shop\/kuche\/messer\/global-messerblock-fur-8-messer\/\",\"url\":\"https:\/\/www.erresse-shop.it\/de\/shop\/kuche\/messer\/global-messerblock-fur-8-messer\/\",\"name\":\"GLOBAL Messerblock f\u00fcr 8 Messer\",\"isPartOf\":{\"@id\":\"https:\/\/www.erresse-shop.it\/de\/#website\"},\"datePublished\":\"2023-03-16T10:24:28+00:00\",\"dateModified\":\"2025-01-17T06:25:11+00:00\",\"description\":\"Entdecken Sie GLOBAL Messerblock f\u00fcr 8 Messer bei ErresseShop. Qualit\u00e4t, Stil und Funktionalit\u00e4t \u2013 jetzt online bestellen!\",\"breadcrumb\":{\"@id\":\"https:\/\/www.erresse-shop.it\/de\/shop\/kuche\/messer\/global-messerblock-fur-8-messer\/#breadcrumb\"},\"inLanguage\":\"de-DE\",\"potentialAction\":[{\"@type\":\"ReadAction\",\"target\":[\"https:\/\/www.erresse-shop.it\/de\/shop\/kuche\/messer\/global-messerblock-fur-8-messer\/\"]}]},{\"@type\":\"BreadcrumbList\",\"@id\":\"https:\/\/www.erresse-shop.it\/de\/shop\/kuche\/messer\/global-messerblock-fur-8-messer\/#breadcrumb\",\"itemListElement\":[{\"@type\":\"ListItem\",\"position\":1,\"name\":\"Home\",\"item\":\"https:\/\/www.erresse-shop.it\/de\/\"},{\"@type\":\"ListItem\",\"position\":2,\"name\":\"Shop\",\"item\":\"https:\/\/www.erresse-shop.it\/de\/shop\/\"},{\"@type\":\"ListItem\",\"position\":3,\"name\":\"GLOBAL Messerblock f\u00fcr 8 Messer\"}]},{\"@type\":\"WebSite\",\"@id\":\"https:\/\/www.erresse-shop.it\/de\/#website\",\"url\":\"https:\/\/www.erresse-shop.it\/de\/\",\"name\":\"Erresse Shop\",\"description\":\"Articoli di qualit\u00e0 per la casa\",\"potentialAction\":[{\"@type\":\"SearchAction\",\"target\":{\"@type\":\"EntryPoint\",\"urlTemplate\":\"https:\/\/www.erresse-shop.it\/de\/?s={search_term_string}\"},\"query-input\":\"required name=search_term_string\"}],\"inLanguage\":\"de-DE\"}]}<\/script>\n<!-- \/ Yoast SEO Premium plugin. -->","yoast_head_json":{"title":"GLOBAL Messerblock f\u00fcr 8 Messer","description":"Entdecken Sie GLOBAL Messerblock f\u00fcr 8 Messer bei ErresseShop. Qualit\u00e4t, Stil und Funktionalit\u00e4t \u2013 jetzt online bestellen!","robots":{"index":"index","follow":"follow","max-snippet":"max-snippet:-1","max-image-preview":"max-image-preview:large","max-video-preview":"max-video-preview:-1"},"canonical":"https:\/\/www.erresse-shop.it\/de\/shop\/kuche\/messer\/global-messerblock-fur-8-messer\/","og_locale":"de_DE","og_type":"article","og_title":"GLOBAL Messerblock f\u00fcr 8 Messer","og_description":"Entdecken Sie GLOBAL Messerblock f\u00fcr 8 Messer bei ErresseShop. Qualit\u00e4t, Stil und Funktionalit\u00e4t \u2013 jetzt online bestellen!","og_url":"https:\/\/www.erresse-shop.it\/de\/shop\/kuche\/messer\/global-messerblock-fur-8-messer\/","og_site_name":"Erresse Shop","article_modified_time":"2025-01-17T06:25:11+00:00","og_image":[{"width":800,"height":800,"url":"https:\/\/www.erresse-shop.it\/wp-content\/uploads\/2023\/03\/GLOBAL-Ceppo-per-8-Coltelli.jpg","type":"image\/jpeg"}],"twitter_card":"summary_large_image","schema":{"@context":"https:\/\/schema.org","@graph":[{"@type":"WebPage","@id":"https:\/\/www.erresse-shop.it\/de\/shop\/kuche\/messer\/global-messerblock-fur-8-messer\/","url":"https:\/\/www.erresse-shop.it\/de\/shop\/kuche\/messer\/global-messerblock-fur-8-messer\/","name":"GLOBAL Messerblock f\u00fcr 8 Messer","isPartOf":{"@id":"https:\/\/www.erresse-shop.it\/de\/#website"},"datePublished":"2023-03-16T10:24:28+00:00","dateModified":"2025-01-17T06:25:11+00:00","description":"Entdecken Sie GLOBAL Messerblock f\u00fcr 8 Messer bei ErresseShop. Qualit\u00e4t, Stil und Funktionalit\u00e4t \u2013 jetzt online bestellen!","breadcrumb":{"@id":"https:\/\/www.erresse-shop.it\/de\/shop\/kuche\/messer\/global-messerblock-fur-8-messer\/#breadcrumb"},"inLanguage":"de-DE","potentialAction":[{"@type":"ReadAction","target":["https:\/\/www.erresse-shop.it\/de\/shop\/kuche\/messer\/global-messerblock-fur-8-messer\/"]}]},{"@type":"BreadcrumbList","@id":"https:\/\/www.erresse-shop.it\/de\/shop\/kuche\/messer\/global-messerblock-fur-8-messer\/#breadcrumb","itemListElement":[{"@type":"ListItem","position":1,"name":"Home","item":"https:\/\/www.erresse-shop.it\/de\/"},{"@type":"ListItem","position":2,"name":"Shop","item":"https:\/\/www.erresse-shop.it\/de\/shop\/"},{"@type":"ListItem","position":3,"name":"GLOBAL Messerblock f\u00fcr 8 Messer"}]},{"@type":"WebSite","@id":"https:\/\/www.erresse-shop.it\/de\/#website","url":"https:\/\/www.erresse-shop.it\/de\/","name":"Erresse Shop","description":"Articoli di qualit\u00e0 per la casa","potentialAction":[{"@type":"SearchAction","target":{"@type":"EntryPoint","urlTemplate":"https:\/\/www.erresse-shop.it\/de\/?s={search_term_string}"},"query-input":"required name=search_term_string"}],"inLanguage":"de-DE"}]}},"df_price":199.95,"df_sale_price":199.95,"df_regular_price":269,"df_image_link":"https:\/\/www.erresse-shop.it\/wp-content\/uploads\/2023\/03\/GLOBAL-Ceppo-per-8-Coltelli-300x300.jpg","_links":{"self":[{"href":"https:\/\/www.erresse-shop.it\/de\/wp-json\/wp\/v2\/product\/252090"}],"collection":[{"href":"https:\/\/www.erresse-shop.it\/de\/wp-json\/wp\/v2\/product"}],"about":[{"href":"https:\/\/www.erresse-shop.it\/de\/wp-json\/wp\/v2\/types\/product"}],"wp:featuredmedia":[{"embeddable":true,"href":"https:\/\/www.erresse-shop.it\/de\/wp-json\/wp\/v2\/media\/252106"}],"wp:attachment":[{"href":"https:\/\/www.erresse-shop.it\/de\/wp-json\/wp\/v2\/media?parent=252090"}],"wp:term":[{"taxonomy":"product_cat","embeddable":true,"href":"https:\/\/www.erresse-shop.it\/de\/wp-json\/wp\/v2\/product_cat?post=252090"},{"taxonomy":"product_tag","embeddable":true,"href":"https:\/\/www.erresse-shop.it\/de\/wp-json\/wp\/v2\/product_tag?post=252090"}],"curies":[{"name":"wp","href":"https:\/\/api.w.org\/{rel}","templated":true}]}}