{"id":252070,"date":"2023-03-16T09:55:32","date_gmt":"2023-03-16T09:55:34","guid":{"rendered":"https:\/\/www.erresse-shop.it\/?post_type=product&#038;p=252070"},"modified":"2025-01-17T06:25:11","modified_gmt":"2025-01-17T06:25:11","slug":"global-gemusemesser-5-cm","status":"publish","type":"product","link":"https:\/\/www.erresse-shop.it\/de\/shop\/kuche\/messer\/global-gemusemesser-5-cm\/","title":{"rendered":"GLOBAL Gem\u00fcsemesser 5 cm"},"content":{"rendered":"<p>Die GSF-Linie bietet einige der besten Messer der Welt, die mit jahrhundertealten Techniken hergestellt werden, um tadellose Qualit\u00e4t zu garantieren. Aus einem einzigen St\u00fcck rostfreiem Stahl gefertigt, sind diese sch\u00f6nen Werkzeuge leicht und kompakt, sowie unglaublich haltbar und in der Lage, f\u00fcr eine lange Zeit scharf zu bleiben.<\/p>\n<p>GSF-34 gebogenes Sch\u00e4lmesser mit langem Griff und 5 cm langer Klinge. Das GSF-34 geh\u00f6rt zur Global Small Forge-Kollektion, die aus rostfreiem Stahl mit hohem Kohlenstoffgehalt gefertigt ist und sich durch flache Griffe auszeichnet. Es ist klein und daher perfekt f\u00fcr eine Vielzahl von Anwendungen geeignet und bietet jederzeit ein einwandfreies und perfektes Schneiden, Sch\u00e4len und Schneiden. Jedes Teil der Kollektion ist auf Langlebigkeit ausgelegt und garantiert Pr\u00e4zision und Zuverl\u00e4ssigkeit. Hergestellt von Global<\/p>\n<ul>\n<li>Rostfreier Stahl Chromeva18<\/li>\n<li>Rockwell C56-58<\/li>\n<li>Nur von Hand abwaschbar<\/li>\n<li>Hergestellt in Japan<\/li>\n<\/ul>\n","protected":false},"excerpt":{"rendered":"<p>Die GSF-Linie bietet einige der besten Messer der Welt, die mit jahrhundertealten Techniken hergestellt werden, um tadellose Qualit\u00e4t zu garantieren.<\/p>\n","protected":false},"featured_media":252079,"template":"","meta":{"_acf_changed":false,"inline_featured_image":false},"product_cat":[6742,6706,14454],"product_tag":[24604,11473],"acf":[],"yoast_head":"<!-- This site is optimized with the Yoast SEO Premium plugin v18.6 (Yoast SEO v19.13) - https:\/\/yoast.com\/wordpress\/plugins\/seo\/ -->\n<title>GLOBAL Gem\u00fcsemesser 5 cm<\/title>\n<meta name=\"description\" content=\"Entdecken Sie GLOBAL Gem\u00fcsemesser 5 cm bei ErresseShop. Qualit\u00e4t, Stil und Funktionalit\u00e4t \u2013 jetzt online bestellen!\" \/>\n<meta name=\"robots\" content=\"index, follow, max-snippet:-1, max-image-preview:large, max-video-preview:-1\" \/>\n<link rel=\"canonical\" href=\"https:\/\/www.erresse-shop.it\/de\/shop\/kuche\/messer\/global-gemusemesser-5-cm\/\" \/>\n<meta property=\"og:locale\" content=\"de_DE\" \/>\n<meta property=\"og:type\" content=\"article\" \/>\n<meta property=\"og:title\" content=\"GLOBAL Gem\u00fcsemesser 5 cm\" \/>\n<meta property=\"og:description\" content=\"Entdecken Sie GLOBAL Gem\u00fcsemesser 5 cm bei ErresseShop. Qualit\u00e4t, Stil und Funktionalit\u00e4t \u2013 jetzt online bestellen!\" \/>\n<meta property=\"og:url\" content=\"https:\/\/www.erresse-shop.it\/de\/shop\/kuche\/messer\/global-gemusemesser-5-cm\/\" \/>\n<meta property=\"og:site_name\" content=\"Erresse Shop\" \/>\n<meta property=\"article:modified_time\" content=\"2025-01-17T06:25:11+00:00\" \/>\n<meta property=\"og:image\" content=\"https:\/\/www.erresse-shop.it\/wp-content\/uploads\/2023\/03\/GLOBAL-Spelucchino-5-cm.jpg\" \/>\n\t<meta property=\"og:image:width\" content=\"800\" \/>\n\t<meta property=\"og:image:height\" content=\"800\" \/>\n\t<meta property=\"og:image:type\" content=\"image\/jpeg\" \/>\n<meta name=\"twitter:card\" content=\"summary_large_image\" \/>\n<script type=\"application\/ld+json\" class=\"yoast-schema-graph\">{\"@context\":\"https:\/\/schema.org\",\"@graph\":[{\"@type\":\"WebPage\",\"@id\":\"https:\/\/www.erresse-shop.it\/de\/shop\/kuche\/messer\/global-gemusemesser-5-cm\/\",\"url\":\"https:\/\/www.erresse-shop.it\/de\/shop\/kuche\/messer\/global-gemusemesser-5-cm\/\",\"name\":\"GLOBAL Gem\u00fcsemesser 5 cm\",\"isPartOf\":{\"@id\":\"https:\/\/www.erresse-shop.it\/de\/#website\"},\"datePublished\":\"2023-03-16T09:55:34+00:00\",\"dateModified\":\"2025-01-17T06:25:11+00:00\",\"description\":\"Entdecken Sie GLOBAL Gem\u00fcsemesser 5 cm bei ErresseShop. Qualit\u00e4t, Stil und Funktionalit\u00e4t \u2013 jetzt online bestellen!\",\"breadcrumb\":{\"@id\":\"https:\/\/www.erresse-shop.it\/de\/shop\/kuche\/messer\/global-gemusemesser-5-cm\/#breadcrumb\"},\"inLanguage\":\"de-DE\",\"potentialAction\":[{\"@type\":\"ReadAction\",\"target\":[\"https:\/\/www.erresse-shop.it\/de\/shop\/kuche\/messer\/global-gemusemesser-5-cm\/\"]}]},{\"@type\":\"BreadcrumbList\",\"@id\":\"https:\/\/www.erresse-shop.it\/de\/shop\/kuche\/messer\/global-gemusemesser-5-cm\/#breadcrumb\",\"itemListElement\":[{\"@type\":\"ListItem\",\"position\":1,\"name\":\"Home\",\"item\":\"https:\/\/www.erresse-shop.it\/de\/\"},{\"@type\":\"ListItem\",\"position\":2,\"name\":\"Shop\",\"item\":\"https:\/\/www.erresse-shop.it\/de\/shop\/\"},{\"@type\":\"ListItem\",\"position\":3,\"name\":\"GLOBAL Gem\u00fcsemesser 5 cm\"}]},{\"@type\":\"WebSite\",\"@id\":\"https:\/\/www.erresse-shop.it\/de\/#website\",\"url\":\"https:\/\/www.erresse-shop.it\/de\/\",\"name\":\"Erresse Shop\",\"description\":\"Articoli di qualit\u00e0 per la casa\",\"potentialAction\":[{\"@type\":\"SearchAction\",\"target\":{\"@type\":\"EntryPoint\",\"urlTemplate\":\"https:\/\/www.erresse-shop.it\/de\/?s={search_term_string}\"},\"query-input\":\"required name=search_term_string\"}],\"inLanguage\":\"de-DE\"}]}<\/script>\n<!-- \/ Yoast SEO Premium plugin. -->","yoast_head_json":{"title":"GLOBAL Gem\u00fcsemesser 5 cm","description":"Entdecken Sie GLOBAL Gem\u00fcsemesser 5 cm bei ErresseShop. Qualit\u00e4t, Stil und Funktionalit\u00e4t \u2013 jetzt online bestellen!","robots":{"index":"index","follow":"follow","max-snippet":"max-snippet:-1","max-image-preview":"max-image-preview:large","max-video-preview":"max-video-preview:-1"},"canonical":"https:\/\/www.erresse-shop.it\/de\/shop\/kuche\/messer\/global-gemusemesser-5-cm\/","og_locale":"de_DE","og_type":"article","og_title":"GLOBAL Gem\u00fcsemesser 5 cm","og_description":"Entdecken Sie GLOBAL Gem\u00fcsemesser 5 cm bei ErresseShop. Qualit\u00e4t, Stil und Funktionalit\u00e4t \u2013 jetzt online bestellen!","og_url":"https:\/\/www.erresse-shop.it\/de\/shop\/kuche\/messer\/global-gemusemesser-5-cm\/","og_site_name":"Erresse Shop","article_modified_time":"2025-01-17T06:25:11+00:00","og_image":[{"width":800,"height":800,"url":"https:\/\/www.erresse-shop.it\/wp-content\/uploads\/2023\/03\/GLOBAL-Spelucchino-5-cm.jpg","type":"image\/jpeg"}],"twitter_card":"summary_large_image","schema":{"@context":"https:\/\/schema.org","@graph":[{"@type":"WebPage","@id":"https:\/\/www.erresse-shop.it\/de\/shop\/kuche\/messer\/global-gemusemesser-5-cm\/","url":"https:\/\/www.erresse-shop.it\/de\/shop\/kuche\/messer\/global-gemusemesser-5-cm\/","name":"GLOBAL Gem\u00fcsemesser 5 cm","isPartOf":{"@id":"https:\/\/www.erresse-shop.it\/de\/#website"},"datePublished":"2023-03-16T09:55:34+00:00","dateModified":"2025-01-17T06:25:11+00:00","description":"Entdecken Sie GLOBAL Gem\u00fcsemesser 5 cm bei ErresseShop. Qualit\u00e4t, Stil und Funktionalit\u00e4t \u2013 jetzt online bestellen!","breadcrumb":{"@id":"https:\/\/www.erresse-shop.it\/de\/shop\/kuche\/messer\/global-gemusemesser-5-cm\/#breadcrumb"},"inLanguage":"de-DE","potentialAction":[{"@type":"ReadAction","target":["https:\/\/www.erresse-shop.it\/de\/shop\/kuche\/messer\/global-gemusemesser-5-cm\/"]}]},{"@type":"BreadcrumbList","@id":"https:\/\/www.erresse-shop.it\/de\/shop\/kuche\/messer\/global-gemusemesser-5-cm\/#breadcrumb","itemListElement":[{"@type":"ListItem","position":1,"name":"Home","item":"https:\/\/www.erresse-shop.it\/de\/"},{"@type":"ListItem","position":2,"name":"Shop","item":"https:\/\/www.erresse-shop.it\/de\/shop\/"},{"@type":"ListItem","position":3,"name":"GLOBAL Gem\u00fcsemesser 5 cm"}]},{"@type":"WebSite","@id":"https:\/\/www.erresse-shop.it\/de\/#website","url":"https:\/\/www.erresse-shop.it\/de\/","name":"Erresse Shop","description":"Articoli di qualit\u00e0 per la casa","potentialAction":[{"@type":"SearchAction","target":{"@type":"EntryPoint","urlTemplate":"https:\/\/www.erresse-shop.it\/de\/?s={search_term_string}"},"query-input":"required name=search_term_string"}],"inLanguage":"de-DE"}]}},"df_price":44.269999999999996,"df_sale_price":44.269999999999996,"df_regular_price":46.6,"df_image_link":"https:\/\/www.erresse-shop.it\/wp-content\/uploads\/2023\/03\/GLOBAL-Spelucchino-5-cm-300x300.jpg","_links":{"self":[{"href":"https:\/\/www.erresse-shop.it\/de\/wp-json\/wp\/v2\/product\/252070"}],"collection":[{"href":"https:\/\/www.erresse-shop.it\/de\/wp-json\/wp\/v2\/product"}],"about":[{"href":"https:\/\/www.erresse-shop.it\/de\/wp-json\/wp\/v2\/types\/product"}],"wp:featuredmedia":[{"embeddable":true,"href":"https:\/\/www.erresse-shop.it\/de\/wp-json\/wp\/v2\/media\/252079"}],"wp:attachment":[{"href":"https:\/\/www.erresse-shop.it\/de\/wp-json\/wp\/v2\/media?parent=252070"}],"wp:term":[{"taxonomy":"product_cat","embeddable":true,"href":"https:\/\/www.erresse-shop.it\/de\/wp-json\/wp\/v2\/product_cat?post=252070"},{"taxonomy":"product_tag","embeddable":true,"href":"https:\/\/www.erresse-shop.it\/de\/wp-json\/wp\/v2\/product_tag?post=252070"}],"curies":[{"name":"wp","href":"https:\/\/api.w.org\/{rel}","templated":true}]}}