{"id":251988,"date":"2023-03-16T08:36:25","date_gmt":"2023-03-16T08:36:27","guid":{"rendered":"https:\/\/www.erresse-shop.it\/?post_type=product&#038;p=251988"},"modified":"2025-01-17T06:25:07","modified_gmt":"2025-01-17T06:25:07","slug":"global-grob-und-feinkorn-messerscharfstein-2-stuck-fuhrungsschiene","status":"publish","type":"product","link":"https:\/\/www.erresse-shop.it\/de\/shop\/kuche\/messer\/global-grob-und-feinkorn-messerscharfstein-2-stuck-fuhrungsschiene\/","title":{"rendered":"GLOBAL Grob- und Feinkorn-Messersch\u00e4rfstein + 2 St\u00fcck F\u00fchrungsschiene"},"content":{"rendered":"<p>Kleine, leicht zu bedienende Sch\u00e4rfger\u00e4te f\u00fcr Ihre Messer. Es gibt zwei Scheiben, eine grobe und eine mittlere, um Ihren Messern einen neuen Schliff zu geben. F\u00fcllen Sie einfach den Beh\u00e4lter mit Wasser und schieben Sie die Messer mit m\u00e4\u00dfigem Druck durch die Schlitze hin und her.<\/p>\n<p>Die Messerschlitze sind recht d\u00fcnn und eignen sich besonders f\u00fcr japanische Messer.<\/p>\n<ul>\n<li>MinoSharp Schleifscheiben- und Halterkombination<\/li>\n<li>Grobe K\u00f6rnung 220 und mittlere K\u00f6rnung 1000<\/li>\n<li>Der Kunststoffkoffer dient gleichzeitig als Halter f\u00fcr die Schleifscheibe<\/li>\n<li>Inklusive gro\u00dfer und kleiner F\u00fchrung<\/li>\n<li>Hergestellt in Japan<\/li>\n<\/ul>\n","protected":false},"excerpt":{"rendered":"<p>Kleine, leicht zu bedienende Sch\u00e4rfger\u00e4te f\u00fcr Ihre Messer. Es gibt zwei Scheiben, eine grobe und eine mittlere, um Ihren Messern<\/p>\n","protected":false},"featured_media":251997,"template":"","meta":{"_acf_changed":false,"inline_featured_image":false},"product_cat":[6742,6706,6718],"product_tag":[22460,22451,22465],"acf":[],"yoast_head":"<!-- This site is optimized with the Yoast SEO Premium plugin v18.6 (Yoast SEO v19.13) - https:\/\/yoast.com\/wordpress\/plugins\/seo\/ -->\n<title>GLOBAL Grob- und Feinkorn-Messersch\u00e4rfstein + 2 St\u00fcck F\u00fchrungsschiene<\/title>\n<meta name=\"description\" content=\"Entdecken Sie GLOBAL Grob- und Feinkorn-Messersch\u00e4rfstein + 2 St\u00fcck F\u00fchrungsschiene bei ErresseShop. Qualit\u00e4t, Stil und Funktionalit\u00e4t \u2013 jetzt online bestellen!\" \/>\n<meta name=\"robots\" content=\"index, follow, max-snippet:-1, max-image-preview:large, max-video-preview:-1\" \/>\n<link rel=\"canonical\" href=\"https:\/\/www.erresse-shop.it\/de\/shop\/kuche\/messer\/global-grob-und-feinkorn-messerscharfstein-2-stuck-fuhrungsschiene\/\" \/>\n<meta property=\"og:locale\" content=\"de_DE\" \/>\n<meta property=\"og:type\" content=\"article\" \/>\n<meta property=\"og:title\" content=\"GLOBAL Grob- und Feinkorn-Messersch\u00e4rfstein + 2 St\u00fcck F\u00fchrungsschiene\" \/>\n<meta property=\"og:description\" content=\"Entdecken Sie GLOBAL Grob- und Feinkorn-Messersch\u00e4rfstein + 2 St\u00fcck F\u00fchrungsschiene bei ErresseShop. Qualit\u00e4t, Stil und Funktionalit\u00e4t \u2013 jetzt online bestellen!\" \/>\n<meta property=\"og:url\" content=\"https:\/\/www.erresse-shop.it\/de\/shop\/kuche\/messer\/global-grob-und-feinkorn-messerscharfstein-2-stuck-fuhrungsschiene\/\" \/>\n<meta property=\"og:site_name\" content=\"Erresse Shop\" \/>\n<meta property=\"article:modified_time\" content=\"2025-01-17T06:25:07+00:00\" \/>\n<meta property=\"og:image\" content=\"https:\/\/www.erresse-shop.it\/wp-content\/uploads\/2023\/03\/GLOBAL-Pietra-Affilacoltelli-Grana-Grossa-e-Fine-2-pezzi-Binario-Guida.jpg\" \/>\n\t<meta property=\"og:image:width\" content=\"800\" \/>\n\t<meta property=\"og:image:height\" content=\"800\" \/>\n\t<meta property=\"og:image:type\" content=\"image\/jpeg\" \/>\n<meta name=\"twitter:card\" content=\"summary_large_image\" \/>\n<script type=\"application\/ld+json\" class=\"yoast-schema-graph\">{\"@context\":\"https:\/\/schema.org\",\"@graph\":[{\"@type\":\"WebPage\",\"@id\":\"https:\/\/www.erresse-shop.it\/de\/shop\/kuche\/messer\/global-grob-und-feinkorn-messerscharfstein-2-stuck-fuhrungsschiene\/\",\"url\":\"https:\/\/www.erresse-shop.it\/de\/shop\/kuche\/messer\/global-grob-und-feinkorn-messerscharfstein-2-stuck-fuhrungsschiene\/\",\"name\":\"GLOBAL Grob- und Feinkorn-Messersch\u00e4rfstein + 2 St\u00fcck F\u00fchrungsschiene\",\"isPartOf\":{\"@id\":\"https:\/\/www.erresse-shop.it\/de\/#website\"},\"datePublished\":\"2023-03-16T08:36:27+00:00\",\"dateModified\":\"2025-01-17T06:25:07+00:00\",\"description\":\"Entdecken Sie GLOBAL Grob- und Feinkorn-Messersch\u00e4rfstein + 2 St\u00fcck F\u00fchrungsschiene bei ErresseShop. Qualit\u00e4t, Stil und Funktionalit\u00e4t \u2013 jetzt online bestellen!\",\"breadcrumb\":{\"@id\":\"https:\/\/www.erresse-shop.it\/de\/shop\/kuche\/messer\/global-grob-und-feinkorn-messerscharfstein-2-stuck-fuhrungsschiene\/#breadcrumb\"},\"inLanguage\":\"de-DE\",\"potentialAction\":[{\"@type\":\"ReadAction\",\"target\":[\"https:\/\/www.erresse-shop.it\/de\/shop\/kuche\/messer\/global-grob-und-feinkorn-messerscharfstein-2-stuck-fuhrungsschiene\/\"]}]},{\"@type\":\"BreadcrumbList\",\"@id\":\"https:\/\/www.erresse-shop.it\/de\/shop\/kuche\/messer\/global-grob-und-feinkorn-messerscharfstein-2-stuck-fuhrungsschiene\/#breadcrumb\",\"itemListElement\":[{\"@type\":\"ListItem\",\"position\":1,\"name\":\"Home\",\"item\":\"https:\/\/www.erresse-shop.it\/de\/\"},{\"@type\":\"ListItem\",\"position\":2,\"name\":\"Shop\",\"item\":\"https:\/\/www.erresse-shop.it\/de\/shop\/\"},{\"@type\":\"ListItem\",\"position\":3,\"name\":\"GLOBAL Grob- und Feinkorn-Messersch\u00e4rfstein + 2 St\u00fcck F\u00fchrungsschiene\"}]},{\"@type\":\"WebSite\",\"@id\":\"https:\/\/www.erresse-shop.it\/de\/#website\",\"url\":\"https:\/\/www.erresse-shop.it\/de\/\",\"name\":\"Erresse Shop\",\"description\":\"Articoli di qualit\u00e0 per la casa\",\"potentialAction\":[{\"@type\":\"SearchAction\",\"target\":{\"@type\":\"EntryPoint\",\"urlTemplate\":\"https:\/\/www.erresse-shop.it\/de\/?s={search_term_string}\"},\"query-input\":\"required name=search_term_string\"}],\"inLanguage\":\"de-DE\"}]}<\/script>\n<!-- \/ Yoast SEO Premium plugin. -->","yoast_head_json":{"title":"GLOBAL Grob- und Feinkorn-Messersch\u00e4rfstein + 2 St\u00fcck F\u00fchrungsschiene","description":"Entdecken Sie GLOBAL Grob- und Feinkorn-Messersch\u00e4rfstein + 2 St\u00fcck F\u00fchrungsschiene bei ErresseShop. Qualit\u00e4t, Stil und Funktionalit\u00e4t \u2013 jetzt online bestellen!","robots":{"index":"index","follow":"follow","max-snippet":"max-snippet:-1","max-image-preview":"max-image-preview:large","max-video-preview":"max-video-preview:-1"},"canonical":"https:\/\/www.erresse-shop.it\/de\/shop\/kuche\/messer\/global-grob-und-feinkorn-messerscharfstein-2-stuck-fuhrungsschiene\/","og_locale":"de_DE","og_type":"article","og_title":"GLOBAL Grob- und Feinkorn-Messersch\u00e4rfstein + 2 St\u00fcck F\u00fchrungsschiene","og_description":"Entdecken Sie GLOBAL Grob- und Feinkorn-Messersch\u00e4rfstein + 2 St\u00fcck F\u00fchrungsschiene bei ErresseShop. Qualit\u00e4t, Stil und Funktionalit\u00e4t \u2013 jetzt online bestellen!","og_url":"https:\/\/www.erresse-shop.it\/de\/shop\/kuche\/messer\/global-grob-und-feinkorn-messerscharfstein-2-stuck-fuhrungsschiene\/","og_site_name":"Erresse Shop","article_modified_time":"2025-01-17T06:25:07+00:00","og_image":[{"width":800,"height":800,"url":"https:\/\/www.erresse-shop.it\/wp-content\/uploads\/2023\/03\/GLOBAL-Pietra-Affilacoltelli-Grana-Grossa-e-Fine-2-pezzi-Binario-Guida.jpg","type":"image\/jpeg"}],"twitter_card":"summary_large_image","schema":{"@context":"https:\/\/schema.org","@graph":[{"@type":"WebPage","@id":"https:\/\/www.erresse-shop.it\/de\/shop\/kuche\/messer\/global-grob-und-feinkorn-messerscharfstein-2-stuck-fuhrungsschiene\/","url":"https:\/\/www.erresse-shop.it\/de\/shop\/kuche\/messer\/global-grob-und-feinkorn-messerscharfstein-2-stuck-fuhrungsschiene\/","name":"GLOBAL Grob- und Feinkorn-Messersch\u00e4rfstein + 2 St\u00fcck F\u00fchrungsschiene","isPartOf":{"@id":"https:\/\/www.erresse-shop.it\/de\/#website"},"datePublished":"2023-03-16T08:36:27+00:00","dateModified":"2025-01-17T06:25:07+00:00","description":"Entdecken Sie GLOBAL Grob- und Feinkorn-Messersch\u00e4rfstein + 2 St\u00fcck F\u00fchrungsschiene bei ErresseShop. Qualit\u00e4t, Stil und Funktionalit\u00e4t \u2013 jetzt online bestellen!","breadcrumb":{"@id":"https:\/\/www.erresse-shop.it\/de\/shop\/kuche\/messer\/global-grob-und-feinkorn-messerscharfstein-2-stuck-fuhrungsschiene\/#breadcrumb"},"inLanguage":"de-DE","potentialAction":[{"@type":"ReadAction","target":["https:\/\/www.erresse-shop.it\/de\/shop\/kuche\/messer\/global-grob-und-feinkorn-messerscharfstein-2-stuck-fuhrungsschiene\/"]}]},{"@type":"BreadcrumbList","@id":"https:\/\/www.erresse-shop.it\/de\/shop\/kuche\/messer\/global-grob-und-feinkorn-messerscharfstein-2-stuck-fuhrungsschiene\/#breadcrumb","itemListElement":[{"@type":"ListItem","position":1,"name":"Home","item":"https:\/\/www.erresse-shop.it\/de\/"},{"@type":"ListItem","position":2,"name":"Shop","item":"https:\/\/www.erresse-shop.it\/de\/shop\/"},{"@type":"ListItem","position":3,"name":"GLOBAL Grob- und Feinkorn-Messersch\u00e4rfstein + 2 St\u00fcck F\u00fchrungsschiene"}]},{"@type":"WebSite","@id":"https:\/\/www.erresse-shop.it\/de\/#website","url":"https:\/\/www.erresse-shop.it\/de\/","name":"Erresse Shop","description":"Articoli di qualit\u00e0 per la casa","potentialAction":[{"@type":"SearchAction","target":{"@type":"EntryPoint","urlTemplate":"https:\/\/www.erresse-shop.it\/de\/?s={search_term_string}"},"query-input":"required name=search_term_string"}],"inLanguage":"de-DE"}]}},"df_price":129,"df_sale_price":129,"df_regular_price":155,"df_image_link":"https:\/\/www.erresse-shop.it\/wp-content\/uploads\/2023\/03\/GLOBAL-Pietra-Affilacoltelli-Grana-Grossa-e-Fine-2-pezzi-Binario-Guida-300x300.jpg","_links":{"self":[{"href":"https:\/\/www.erresse-shop.it\/de\/wp-json\/wp\/v2\/product\/251988"}],"collection":[{"href":"https:\/\/www.erresse-shop.it\/de\/wp-json\/wp\/v2\/product"}],"about":[{"href":"https:\/\/www.erresse-shop.it\/de\/wp-json\/wp\/v2\/types\/product"}],"wp:featuredmedia":[{"embeddable":true,"href":"https:\/\/www.erresse-shop.it\/de\/wp-json\/wp\/v2\/media\/251997"}],"wp:attachment":[{"href":"https:\/\/www.erresse-shop.it\/de\/wp-json\/wp\/v2\/media?parent=251988"}],"wp:term":[{"taxonomy":"product_cat","embeddable":true,"href":"https:\/\/www.erresse-shop.it\/de\/wp-json\/wp\/v2\/product_cat?post=251988"},{"taxonomy":"product_tag","embeddable":true,"href":"https:\/\/www.erresse-shop.it\/de\/wp-json\/wp\/v2\/product_tag?post=251988"}],"curies":[{"name":"wp","href":"https:\/\/api.w.org\/{rel}","templated":true}]}}