{"id":251981,"date":"2023-03-16T08:34:05","date_gmt":"2023-03-16T08:34:06","guid":{"rendered":"https:\/\/www.erresse-shop.it\/?post_type=product&#038;p=251981"},"modified":"2025-01-17T06:25:07","modified_gmt":"2025-01-17T06:25:07","slug":"global-fuhrungsschiene-zum-scharfen","status":"publish","type":"product","link":"https:\/\/www.erresse-shop.it\/de\/shop\/kuche\/messer\/global-fuhrungsschiene-zum-scharfen\/","title":{"rendered":"GLOBAL F\u00fchrungsschiene zum Sch\u00e4rfen"},"content":{"rendered":"<p>Zwei F\u00fchrungen f\u00fcr das Sch\u00e4rfen mit der Schleifscheibe. Diese F\u00fchrungen sind auf der R\u00fcckseite des Messers befestigt. Die gro\u00dfe F\u00fchrung f\u00fcr gro\u00dfe Messer und die kleine F\u00fchrung f\u00fcr kleine Messer. Einmal auf der R\u00fcckseite der Messer befestigt, stellen diese Clips den richtigen Schleifwinkel ein und halten ihn aufrecht. Diese F\u00fchrungen k\u00f6nnen f\u00fcr jede Messermarke verwendet werden und stellen den Messerwinkel auf 15 Grad ein, perfekt f\u00fcr Global-Messer.<\/p>\n<ul>\n<li>MinoSharp Paar F\u00fchrungsschienen<\/li>\n<li>Large f\u00fcr gro\u00dfe Messer (+15 cm)<\/li>\n<li>Klein f\u00fcr kleinere Messer (-15 cm)<\/li>\n<li>Kann mit jeder Messermarke verwendet werden<\/li>\n<li>Winkel auf 15 Grad eingestellt<\/li>\n<li>Hergestellt in Japan<\/li>\n<\/ul>\n","protected":false},"excerpt":{"rendered":"<p>Zwei F\u00fchrungen f\u00fcr das Sch\u00e4rfen mit der Schleifscheibe. Diese F\u00fchrungen sind auf der R\u00fcckseite des Messers befestigt. Die gro\u00dfe F\u00fchrung<\/p>\n","protected":false},"featured_media":252003,"template":"","meta":{"_acf_changed":false,"inline_featured_image":false},"product_cat":[6742,6706,6718],"product_tag":[],"acf":[],"yoast_head":"<!-- This site is optimized with the Yoast SEO Premium plugin v18.6 (Yoast SEO v19.13) - https:\/\/yoast.com\/wordpress\/plugins\/seo\/ -->\n<title>GLOBAL F\u00fchrungsschiene zum Sch\u00e4rfen<\/title>\n<meta name=\"description\" content=\"Entdecken Sie GLOBAL F\u00fchrungsschiene zum Sch\u00e4rfen bei ErresseShop. Qualit\u00e4t, Stil und Funktionalit\u00e4t \u2013 jetzt online bestellen!\" \/>\n<meta name=\"robots\" content=\"index, follow, max-snippet:-1, max-image-preview:large, max-video-preview:-1\" \/>\n<link rel=\"canonical\" href=\"https:\/\/www.erresse-shop.it\/de\/shop\/kuche\/messer\/global-fuhrungsschiene-zum-scharfen\/\" \/>\n<meta property=\"og:locale\" content=\"de_DE\" \/>\n<meta property=\"og:type\" content=\"article\" \/>\n<meta property=\"og:title\" content=\"GLOBAL F\u00fchrungsschiene zum Sch\u00e4rfen\" \/>\n<meta property=\"og:description\" content=\"Entdecken Sie GLOBAL F\u00fchrungsschiene zum Sch\u00e4rfen bei ErresseShop. Qualit\u00e4t, Stil und Funktionalit\u00e4t \u2013 jetzt online bestellen!\" \/>\n<meta property=\"og:url\" content=\"https:\/\/www.erresse-shop.it\/de\/shop\/kuche\/messer\/global-fuhrungsschiene-zum-scharfen\/\" \/>\n<meta property=\"og:site_name\" content=\"Erresse Shop\" \/>\n<meta property=\"article:modified_time\" content=\"2025-01-17T06:25:07+00:00\" \/>\n<meta property=\"og:image\" content=\"https:\/\/www.erresse-shop.it\/wp-content\/uploads\/2023\/03\/GLOBAL-Binario-Guida-per-Affilare.jpg\" \/>\n\t<meta property=\"og:image:width\" content=\"800\" \/>\n\t<meta property=\"og:image:height\" content=\"800\" \/>\n\t<meta property=\"og:image:type\" content=\"image\/jpeg\" \/>\n<meta name=\"twitter:card\" content=\"summary_large_image\" \/>\n<script type=\"application\/ld+json\" class=\"yoast-schema-graph\">{\"@context\":\"https:\/\/schema.org\",\"@graph\":[{\"@type\":\"WebPage\",\"@id\":\"https:\/\/www.erresse-shop.it\/de\/shop\/kuche\/messer\/global-fuhrungsschiene-zum-scharfen\/\",\"url\":\"https:\/\/www.erresse-shop.it\/de\/shop\/kuche\/messer\/global-fuhrungsschiene-zum-scharfen\/\",\"name\":\"GLOBAL F\u00fchrungsschiene zum Sch\u00e4rfen\",\"isPartOf\":{\"@id\":\"https:\/\/www.erresse-shop.it\/de\/#website\"},\"datePublished\":\"2023-03-16T08:34:06+00:00\",\"dateModified\":\"2025-01-17T06:25:07+00:00\",\"description\":\"Entdecken Sie GLOBAL F\u00fchrungsschiene zum Sch\u00e4rfen bei ErresseShop. Qualit\u00e4t, Stil und Funktionalit\u00e4t \u2013 jetzt online bestellen!\",\"breadcrumb\":{\"@id\":\"https:\/\/www.erresse-shop.it\/de\/shop\/kuche\/messer\/global-fuhrungsschiene-zum-scharfen\/#breadcrumb\"},\"inLanguage\":\"de-DE\",\"potentialAction\":[{\"@type\":\"ReadAction\",\"target\":[\"https:\/\/www.erresse-shop.it\/de\/shop\/kuche\/messer\/global-fuhrungsschiene-zum-scharfen\/\"]}]},{\"@type\":\"BreadcrumbList\",\"@id\":\"https:\/\/www.erresse-shop.it\/de\/shop\/kuche\/messer\/global-fuhrungsschiene-zum-scharfen\/#breadcrumb\",\"itemListElement\":[{\"@type\":\"ListItem\",\"position\":1,\"name\":\"Home\",\"item\":\"https:\/\/www.erresse-shop.it\/de\/\"},{\"@type\":\"ListItem\",\"position\":2,\"name\":\"Shop\",\"item\":\"https:\/\/www.erresse-shop.it\/de\/shop\/\"},{\"@type\":\"ListItem\",\"position\":3,\"name\":\"GLOBAL F\u00fchrungsschiene zum Sch\u00e4rfen\"}]},{\"@type\":\"WebSite\",\"@id\":\"https:\/\/www.erresse-shop.it\/de\/#website\",\"url\":\"https:\/\/www.erresse-shop.it\/de\/\",\"name\":\"Erresse Shop\",\"description\":\"Articoli di qualit\u00e0 per la casa\",\"potentialAction\":[{\"@type\":\"SearchAction\",\"target\":{\"@type\":\"EntryPoint\",\"urlTemplate\":\"https:\/\/www.erresse-shop.it\/de\/?s={search_term_string}\"},\"query-input\":\"required name=search_term_string\"}],\"inLanguage\":\"de-DE\"}]}<\/script>\n<!-- \/ Yoast SEO Premium plugin. -->","yoast_head_json":{"title":"GLOBAL F\u00fchrungsschiene zum Sch\u00e4rfen","description":"Entdecken Sie GLOBAL F\u00fchrungsschiene zum Sch\u00e4rfen bei ErresseShop. Qualit\u00e4t, Stil und Funktionalit\u00e4t \u2013 jetzt online bestellen!","robots":{"index":"index","follow":"follow","max-snippet":"max-snippet:-1","max-image-preview":"max-image-preview:large","max-video-preview":"max-video-preview:-1"},"canonical":"https:\/\/www.erresse-shop.it\/de\/shop\/kuche\/messer\/global-fuhrungsschiene-zum-scharfen\/","og_locale":"de_DE","og_type":"article","og_title":"GLOBAL F\u00fchrungsschiene zum Sch\u00e4rfen","og_description":"Entdecken Sie GLOBAL F\u00fchrungsschiene zum Sch\u00e4rfen bei ErresseShop. Qualit\u00e4t, Stil und Funktionalit\u00e4t \u2013 jetzt online bestellen!","og_url":"https:\/\/www.erresse-shop.it\/de\/shop\/kuche\/messer\/global-fuhrungsschiene-zum-scharfen\/","og_site_name":"Erresse Shop","article_modified_time":"2025-01-17T06:25:07+00:00","og_image":[{"width":800,"height":800,"url":"https:\/\/www.erresse-shop.it\/wp-content\/uploads\/2023\/03\/GLOBAL-Binario-Guida-per-Affilare.jpg","type":"image\/jpeg"}],"twitter_card":"summary_large_image","schema":{"@context":"https:\/\/schema.org","@graph":[{"@type":"WebPage","@id":"https:\/\/www.erresse-shop.it\/de\/shop\/kuche\/messer\/global-fuhrungsschiene-zum-scharfen\/","url":"https:\/\/www.erresse-shop.it\/de\/shop\/kuche\/messer\/global-fuhrungsschiene-zum-scharfen\/","name":"GLOBAL F\u00fchrungsschiene zum Sch\u00e4rfen","isPartOf":{"@id":"https:\/\/www.erresse-shop.it\/de\/#website"},"datePublished":"2023-03-16T08:34:06+00:00","dateModified":"2025-01-17T06:25:07+00:00","description":"Entdecken Sie GLOBAL F\u00fchrungsschiene zum Sch\u00e4rfen bei ErresseShop. Qualit\u00e4t, Stil und Funktionalit\u00e4t \u2013 jetzt online bestellen!","breadcrumb":{"@id":"https:\/\/www.erresse-shop.it\/de\/shop\/kuche\/messer\/global-fuhrungsschiene-zum-scharfen\/#breadcrumb"},"inLanguage":"de-DE","potentialAction":[{"@type":"ReadAction","target":["https:\/\/www.erresse-shop.it\/de\/shop\/kuche\/messer\/global-fuhrungsschiene-zum-scharfen\/"]}]},{"@type":"BreadcrumbList","@id":"https:\/\/www.erresse-shop.it\/de\/shop\/kuche\/messer\/global-fuhrungsschiene-zum-scharfen\/#breadcrumb","itemListElement":[{"@type":"ListItem","position":1,"name":"Home","item":"https:\/\/www.erresse-shop.it\/de\/"},{"@type":"ListItem","position":2,"name":"Shop","item":"https:\/\/www.erresse-shop.it\/de\/shop\/"},{"@type":"ListItem","position":3,"name":"GLOBAL F\u00fchrungsschiene zum Sch\u00e4rfen"}]},{"@type":"WebSite","@id":"https:\/\/www.erresse-shop.it\/de\/#website","url":"https:\/\/www.erresse-shop.it\/de\/","name":"Erresse Shop","description":"Articoli di qualit\u00e0 per la casa","potentialAction":[{"@type":"SearchAction","target":{"@type":"EntryPoint","urlTemplate":"https:\/\/www.erresse-shop.it\/de\/?s={search_term_string}"},"query-input":"required name=search_term_string"}],"inLanguage":"de-DE"}]}},"df_price":10.735,"df_sale_price":10.735,"df_regular_price":11.3,"df_image_link":"https:\/\/www.erresse-shop.it\/wp-content\/uploads\/2023\/03\/GLOBAL-Binario-Guida-per-Affilare-300x300.jpg","_links":{"self":[{"href":"https:\/\/www.erresse-shop.it\/de\/wp-json\/wp\/v2\/product\/251981"}],"collection":[{"href":"https:\/\/www.erresse-shop.it\/de\/wp-json\/wp\/v2\/product"}],"about":[{"href":"https:\/\/www.erresse-shop.it\/de\/wp-json\/wp\/v2\/types\/product"}],"wp:featuredmedia":[{"embeddable":true,"href":"https:\/\/www.erresse-shop.it\/de\/wp-json\/wp\/v2\/media\/252003"}],"wp:attachment":[{"href":"https:\/\/www.erresse-shop.it\/de\/wp-json\/wp\/v2\/media?parent=251981"}],"wp:term":[{"taxonomy":"product_cat","embeddable":true,"href":"https:\/\/www.erresse-shop.it\/de\/wp-json\/wp\/v2\/product_cat?post=251981"},{"taxonomy":"product_tag","embeddable":true,"href":"https:\/\/www.erresse-shop.it\/de\/wp-json\/wp\/v2\/product_tag?post=251981"}],"curies":[{"name":"wp","href":"https:\/\/api.w.org\/{rel}","templated":true}]}}