{"id":251840,"date":"2023-03-16T07:13:45","date_gmt":"2023-03-16T07:13:47","guid":{"rendered":"https:\/\/www.erresse-shop.it\/?post_type=product&#038;p=251840"},"modified":"2025-01-17T06:25:02","modified_gmt":"2025-01-17T06:25:02","slug":"global-kochmesser-universal-27-cm","status":"publish","type":"product","link":"https:\/\/www.erresse-shop.it\/de\/shop\/kuche\/messer\/global-kochmesser-universal-27-cm\/","title":{"rendered":"GLOBAL Kochmesser Universal 27 cm"},"content":{"rendered":"<p>Wenn Sie nur ein Messer f\u00fcr Ihre K\u00fcche brauchen, entscheiden Sie sich f\u00fcr ein hochwertiges Kochmesser, und wenn Sie sich f\u00fcr das G-2 entscheiden, kaufen Sie es. Das G-2 ist das meistverkaufte japanische Kochmesser aller Zeiten! Es kann schneiden, w\u00fcrfeln, hacken und wirklich alles tun. Es ist ein Allround-Mehrzweckmesser, das in fast jedem Messerset enthalten ist. Es hat im Laufe der Jahre Dutzende von Auszeichnungen gewonnen, ein Beweis f\u00fcr seine Beliebtheit. Global (vertreten durch das G-2) hat dreimal in Folge den Which? Best Knife Award gewonnen.<\/p>\n<p>Das G-16 und das G-17 sind die beiden gro\u00dfen Br\u00fcder der Global Koch-\/Kochserie, 24 bzw. 27 cm. Sie sind typische Kochmesser, geeignet f\u00fcr jeden Einsatz in der K\u00fcche. Aufgrund ihrer Gr\u00f6\u00dfe sind diese Messer eher f\u00fcr Profik\u00f6che in Gro\u00dfk\u00fcchen geeignet. F\u00fcr den Hausgebrauch empfehlen wir die Modelle ab G-2 aufw\u00e4rts. Zus\u00e4tzlich zur L\u00e4nge der Klinge haben diese Messer gr\u00f6\u00dfere, zylindrische Griffe und einen ausgepr\u00e4gteren Kropf f\u00fcr mehr Schutz.<\/p>\n<ul>\n<li>Rostfreier Stahl Cromova18<\/li>\n<li>Rockwell C56-58<\/li>\n<li>15 Grad spitze Schneide<\/li>\n<li>Entworfen von Komin Yamada<\/li>\n<li>Nur von Hand abwaschbar<\/li>\n<li>Hergestellt in Japan<\/li>\n<\/ul>\n","protected":false},"excerpt":{"rendered":"<p>Wenn Sie nur ein Messer f\u00fcr Ihre K\u00fcche brauchen, entscheiden Sie sich f\u00fcr ein hochwertiges Kochmesser, und wenn Sie sich<\/p>\n","protected":false},"featured_media":251855,"template":"","meta":{"_acf_changed":false,"inline_featured_image":false},"product_cat":[6742,6706,14454],"product_tag":[11702,11529],"acf":[],"yoast_head":"<!-- This site is optimized with the Yoast SEO Premium plugin v18.6 (Yoast SEO v19.13) - https:\/\/yoast.com\/wordpress\/plugins\/seo\/ -->\n<title>GLOBAL Kochmesser Universal 27 cm<\/title>\n<meta name=\"description\" content=\"Entdecken Sie GLOBAL Kochmesser Universal 27 cm bei ErresseShop. Qualit\u00e4t, Stil und Funktionalit\u00e4t \u2013 jetzt online bestellen!\" \/>\n<meta name=\"robots\" content=\"index, follow, max-snippet:-1, max-image-preview:large, max-video-preview:-1\" \/>\n<link rel=\"canonical\" href=\"https:\/\/www.erresse-shop.it\/de\/shop\/kuche\/messer\/global-kochmesser-universal-27-cm\/\" \/>\n<meta property=\"og:locale\" content=\"de_DE\" \/>\n<meta property=\"og:type\" content=\"article\" \/>\n<meta property=\"og:title\" content=\"GLOBAL Kochmesser Universal 27 cm\" \/>\n<meta property=\"og:description\" content=\"Entdecken Sie GLOBAL Kochmesser Universal 27 cm bei ErresseShop. Qualit\u00e4t, Stil und Funktionalit\u00e4t \u2013 jetzt online bestellen!\" \/>\n<meta property=\"og:url\" content=\"https:\/\/www.erresse-shop.it\/de\/shop\/kuche\/messer\/global-kochmesser-universal-27-cm\/\" \/>\n<meta property=\"og:site_name\" content=\"Erresse Shop\" \/>\n<meta property=\"article:modified_time\" content=\"2025-01-17T06:25:02+00:00\" \/>\n<meta property=\"og:image\" content=\"https:\/\/www.erresse-shop.it\/wp-content\/uploads\/2023\/03\/GLOBAL-Coltello-Cuoco-Universale-27-cm.jpg\" \/>\n\t<meta property=\"og:image:width\" content=\"800\" \/>\n\t<meta property=\"og:image:height\" content=\"800\" \/>\n\t<meta property=\"og:image:type\" content=\"image\/jpeg\" \/>\n<meta name=\"twitter:card\" content=\"summary_large_image\" \/>\n<script type=\"application\/ld+json\" class=\"yoast-schema-graph\">{\"@context\":\"https:\/\/schema.org\",\"@graph\":[{\"@type\":\"WebPage\",\"@id\":\"https:\/\/www.erresse-shop.it\/de\/shop\/kuche\/messer\/global-kochmesser-universal-27-cm\/\",\"url\":\"https:\/\/www.erresse-shop.it\/de\/shop\/kuche\/messer\/global-kochmesser-universal-27-cm\/\",\"name\":\"GLOBAL Kochmesser Universal 27 cm\",\"isPartOf\":{\"@id\":\"https:\/\/www.erresse-shop.it\/de\/#website\"},\"datePublished\":\"2023-03-16T07:13:47+00:00\",\"dateModified\":\"2025-01-17T06:25:02+00:00\",\"description\":\"Entdecken Sie GLOBAL Kochmesser Universal 27 cm bei ErresseShop. Qualit\u00e4t, Stil und Funktionalit\u00e4t \u2013 jetzt online bestellen!\",\"breadcrumb\":{\"@id\":\"https:\/\/www.erresse-shop.it\/de\/shop\/kuche\/messer\/global-kochmesser-universal-27-cm\/#breadcrumb\"},\"inLanguage\":\"de-DE\",\"potentialAction\":[{\"@type\":\"ReadAction\",\"target\":[\"https:\/\/www.erresse-shop.it\/de\/shop\/kuche\/messer\/global-kochmesser-universal-27-cm\/\"]}]},{\"@type\":\"BreadcrumbList\",\"@id\":\"https:\/\/www.erresse-shop.it\/de\/shop\/kuche\/messer\/global-kochmesser-universal-27-cm\/#breadcrumb\",\"itemListElement\":[{\"@type\":\"ListItem\",\"position\":1,\"name\":\"Home\",\"item\":\"https:\/\/www.erresse-shop.it\/de\/\"},{\"@type\":\"ListItem\",\"position\":2,\"name\":\"Shop\",\"item\":\"https:\/\/www.erresse-shop.it\/de\/shop\/\"},{\"@type\":\"ListItem\",\"position\":3,\"name\":\"GLOBAL Kochmesser Universal 27 cm\"}]},{\"@type\":\"WebSite\",\"@id\":\"https:\/\/www.erresse-shop.it\/de\/#website\",\"url\":\"https:\/\/www.erresse-shop.it\/de\/\",\"name\":\"Erresse Shop\",\"description\":\"Articoli di qualit\u00e0 per la casa\",\"potentialAction\":[{\"@type\":\"SearchAction\",\"target\":{\"@type\":\"EntryPoint\",\"urlTemplate\":\"https:\/\/www.erresse-shop.it\/de\/?s={search_term_string}\"},\"query-input\":\"required name=search_term_string\"}],\"inLanguage\":\"de-DE\"}]}<\/script>\n<!-- \/ Yoast SEO Premium plugin. -->","yoast_head_json":{"title":"GLOBAL Kochmesser Universal 27 cm","description":"Entdecken Sie GLOBAL Kochmesser Universal 27 cm bei ErresseShop. Qualit\u00e4t, Stil und Funktionalit\u00e4t \u2013 jetzt online bestellen!","robots":{"index":"index","follow":"follow","max-snippet":"max-snippet:-1","max-image-preview":"max-image-preview:large","max-video-preview":"max-video-preview:-1"},"canonical":"https:\/\/www.erresse-shop.it\/de\/shop\/kuche\/messer\/global-kochmesser-universal-27-cm\/","og_locale":"de_DE","og_type":"article","og_title":"GLOBAL Kochmesser Universal 27 cm","og_description":"Entdecken Sie GLOBAL Kochmesser Universal 27 cm bei ErresseShop. Qualit\u00e4t, Stil und Funktionalit\u00e4t \u2013 jetzt online bestellen!","og_url":"https:\/\/www.erresse-shop.it\/de\/shop\/kuche\/messer\/global-kochmesser-universal-27-cm\/","og_site_name":"Erresse Shop","article_modified_time":"2025-01-17T06:25:02+00:00","og_image":[{"width":800,"height":800,"url":"https:\/\/www.erresse-shop.it\/wp-content\/uploads\/2023\/03\/GLOBAL-Coltello-Cuoco-Universale-27-cm.jpg","type":"image\/jpeg"}],"twitter_card":"summary_large_image","schema":{"@context":"https:\/\/schema.org","@graph":[{"@type":"WebPage","@id":"https:\/\/www.erresse-shop.it\/de\/shop\/kuche\/messer\/global-kochmesser-universal-27-cm\/","url":"https:\/\/www.erresse-shop.it\/de\/shop\/kuche\/messer\/global-kochmesser-universal-27-cm\/","name":"GLOBAL Kochmesser Universal 27 cm","isPartOf":{"@id":"https:\/\/www.erresse-shop.it\/de\/#website"},"datePublished":"2023-03-16T07:13:47+00:00","dateModified":"2025-01-17T06:25:02+00:00","description":"Entdecken Sie GLOBAL Kochmesser Universal 27 cm bei ErresseShop. Qualit\u00e4t, Stil und Funktionalit\u00e4t \u2013 jetzt online bestellen!","breadcrumb":{"@id":"https:\/\/www.erresse-shop.it\/de\/shop\/kuche\/messer\/global-kochmesser-universal-27-cm\/#breadcrumb"},"inLanguage":"de-DE","potentialAction":[{"@type":"ReadAction","target":["https:\/\/www.erresse-shop.it\/de\/shop\/kuche\/messer\/global-kochmesser-universal-27-cm\/"]}]},{"@type":"BreadcrumbList","@id":"https:\/\/www.erresse-shop.it\/de\/shop\/kuche\/messer\/global-kochmesser-universal-27-cm\/#breadcrumb","itemListElement":[{"@type":"ListItem","position":1,"name":"Home","item":"https:\/\/www.erresse-shop.it\/de\/"},{"@type":"ListItem","position":2,"name":"Shop","item":"https:\/\/www.erresse-shop.it\/de\/shop\/"},{"@type":"ListItem","position":3,"name":"GLOBAL Kochmesser Universal 27 cm"}]},{"@type":"WebSite","@id":"https:\/\/www.erresse-shop.it\/de\/#website","url":"https:\/\/www.erresse-shop.it\/de\/","name":"Erresse Shop","description":"Articoli di qualit\u00e0 per la casa","potentialAction":[{"@type":"SearchAction","target":{"@type":"EntryPoint","urlTemplate":"https:\/\/www.erresse-shop.it\/de\/?s={search_term_string}"},"query-input":"required name=search_term_string"}],"inLanguage":"de-DE"}]}},"df_price":168.15,"df_sale_price":168.15,"df_regular_price":177,"df_image_link":"https:\/\/www.erresse-shop.it\/wp-content\/uploads\/2023\/03\/GLOBAL-Coltello-Cuoco-Universale-27-cm-300x300.jpg","_links":{"self":[{"href":"https:\/\/www.erresse-shop.it\/de\/wp-json\/wp\/v2\/product\/251840"}],"collection":[{"href":"https:\/\/www.erresse-shop.it\/de\/wp-json\/wp\/v2\/product"}],"about":[{"href":"https:\/\/www.erresse-shop.it\/de\/wp-json\/wp\/v2\/types\/product"}],"wp:featuredmedia":[{"embeddable":true,"href":"https:\/\/www.erresse-shop.it\/de\/wp-json\/wp\/v2\/media\/251855"}],"wp:attachment":[{"href":"https:\/\/www.erresse-shop.it\/de\/wp-json\/wp\/v2\/media?parent=251840"}],"wp:term":[{"taxonomy":"product_cat","embeddable":true,"href":"https:\/\/www.erresse-shop.it\/de\/wp-json\/wp\/v2\/product_cat?post=251840"},{"taxonomy":"product_tag","embeddable":true,"href":"https:\/\/www.erresse-shop.it\/de\/wp-json\/wp\/v2\/product_tag?post=251840"}],"curies":[{"name":"wp","href":"https:\/\/api.w.org\/{rel}","templated":true}]}}