{"id":251576,"date":"2023-03-15T14:50:52","date_gmt":"2023-03-15T14:50:53","guid":{"rendered":"https:\/\/www.erresse-shop.it\/?post_type=product&#038;p=251576"},"modified":"2025-01-17T06:25:00","modified_gmt":"2025-01-17T06:25:00","slug":"global-gemusemesser-18-cm","status":"publish","type":"product","link":"https:\/\/www.erresse-shop.it\/de\/shop\/kuche\/messer\/global-gemusemesser-18-cm\/","title":{"rendered":"GLOBAL Gem\u00fcsemesser 18 cm"},"content":{"rendered":"<p>Das G-5 ist seit langem ein Kundenliebling und eines der meistverkauften Messer der urspr\u00fcnglichen <strong>Global<\/strong>-Serie. Eine lange, flache, rechteckige Klinge mit leichtem Messerschliff. Das G-5 Gem\u00fcsemesser mit 18 cm langer Klinge ist von den traditionellen japanischen Usaba-Messern inspiriert, die bei Profik\u00f6chen im Raum Tokio beliebt und auf Gem\u00fcse spezialisiert sind. Die Form der Klinge soll eine Auf- und Abw\u00e4rtsbewegung beim Schneiden f\u00f6rdern, bei der die gesamte Klinge mit dem Schneidebrett in Kontakt kommt und das gesamte Gem\u00fcse durchdringt. Es ist nicht n\u00f6tig, das Messer w\u00e4hrend der Schneidebewegung horizontal zu schieben und zu ziehen.<\/p>\n<p>In der europ\u00e4ischen K\u00fcche wird in der Regel viel mehr gehacktes Gem\u00fcse verwendet als in der japanischen K\u00fcche, weshalb dieses Messer in den Sets von Global immer bevorzugt wurde. Es gibt mehrere Varianten dieses Messers im Global-Sortiment.<\/p>\n<ul>\n<li>Chromeva18 Rostfreier Stahl<\/li>\n<li>Rockwell C56-58<\/li>\n<li>15 Grad spitze Schneide<\/li>\n<li>Entworfen von Komin Yamada<\/li>\n<li>Nur von Hand abwaschbar<\/li>\n<li>Hergestellt in Japan<\/li>\n<\/ul>\n","protected":false},"excerpt":{"rendered":"<p>Das G-5 ist seit langem ein Kundenliebling und eines der meistverkauften Messer der urspr\u00fcnglichen Global-Serie. Eine lange, flache, rechteckige Klinge<\/p>\n","protected":false},"featured_media":251615,"template":"","meta":{"_acf_changed":false,"inline_featured_image":false},"product_cat":[6742,6706,14454],"product_tag":[11529],"acf":[],"yoast_head":"<!-- This site is optimized with the Yoast SEO Premium plugin v18.6 (Yoast SEO v19.13) - https:\/\/yoast.com\/wordpress\/plugins\/seo\/ -->\n<title>GLOBAL Gem\u00fcsemesser 18 cm<\/title>\n<meta name=\"description\" content=\"Entdecken Sie GLOBAL Gem\u00fcsemesser 18 cm bei ErresseShop. Qualit\u00e4t, Stil und Funktionalit\u00e4t \u2013 jetzt online bestellen!\" \/>\n<meta name=\"robots\" content=\"index, follow, max-snippet:-1, max-image-preview:large, max-video-preview:-1\" \/>\n<link rel=\"canonical\" href=\"https:\/\/www.erresse-shop.it\/de\/shop\/kuche\/messer\/global-gemusemesser-18-cm\/\" \/>\n<meta property=\"og:locale\" content=\"de_DE\" \/>\n<meta property=\"og:type\" content=\"article\" \/>\n<meta property=\"og:title\" content=\"GLOBAL Gem\u00fcsemesser 18 cm\" \/>\n<meta property=\"og:description\" content=\"Entdecken Sie GLOBAL Gem\u00fcsemesser 18 cm bei ErresseShop. Qualit\u00e4t, Stil und Funktionalit\u00e4t \u2013 jetzt online bestellen!\" \/>\n<meta property=\"og:url\" content=\"https:\/\/www.erresse-shop.it\/de\/shop\/kuche\/messer\/global-gemusemesser-18-cm\/\" \/>\n<meta property=\"og:site_name\" content=\"Erresse Shop\" \/>\n<meta property=\"article:modified_time\" content=\"2025-01-17T06:25:00+00:00\" \/>\n<meta property=\"og:image\" content=\"https:\/\/www.erresse-shop.it\/wp-content\/uploads\/2023\/03\/GLOBAL-Coltello-Verdure-18-cm.jpg\" \/>\n\t<meta property=\"og:image:width\" content=\"800\" \/>\n\t<meta property=\"og:image:height\" content=\"800\" \/>\n\t<meta property=\"og:image:type\" content=\"image\/jpeg\" \/>\n<meta name=\"twitter:card\" content=\"summary_large_image\" \/>\n<script type=\"application\/ld+json\" class=\"yoast-schema-graph\">{\"@context\":\"https:\/\/schema.org\",\"@graph\":[{\"@type\":\"WebPage\",\"@id\":\"https:\/\/www.erresse-shop.it\/de\/shop\/kuche\/messer\/global-gemusemesser-18-cm\/\",\"url\":\"https:\/\/www.erresse-shop.it\/de\/shop\/kuche\/messer\/global-gemusemesser-18-cm\/\",\"name\":\"GLOBAL Gem\u00fcsemesser 18 cm\",\"isPartOf\":{\"@id\":\"https:\/\/www.erresse-shop.it\/de\/#website\"},\"datePublished\":\"2023-03-15T14:50:53+00:00\",\"dateModified\":\"2025-01-17T06:25:00+00:00\",\"description\":\"Entdecken Sie GLOBAL Gem\u00fcsemesser 18 cm bei ErresseShop. Qualit\u00e4t, Stil und Funktionalit\u00e4t \u2013 jetzt online bestellen!\",\"breadcrumb\":{\"@id\":\"https:\/\/www.erresse-shop.it\/de\/shop\/kuche\/messer\/global-gemusemesser-18-cm\/#breadcrumb\"},\"inLanguage\":\"de-DE\",\"potentialAction\":[{\"@type\":\"ReadAction\",\"target\":[\"https:\/\/www.erresse-shop.it\/de\/shop\/kuche\/messer\/global-gemusemesser-18-cm\/\"]}]},{\"@type\":\"BreadcrumbList\",\"@id\":\"https:\/\/www.erresse-shop.it\/de\/shop\/kuche\/messer\/global-gemusemesser-18-cm\/#breadcrumb\",\"itemListElement\":[{\"@type\":\"ListItem\",\"position\":1,\"name\":\"Home\",\"item\":\"https:\/\/www.erresse-shop.it\/de\/\"},{\"@type\":\"ListItem\",\"position\":2,\"name\":\"Shop\",\"item\":\"https:\/\/www.erresse-shop.it\/de\/shop\/\"},{\"@type\":\"ListItem\",\"position\":3,\"name\":\"GLOBAL Gem\u00fcsemesser 18 cm\"}]},{\"@type\":\"WebSite\",\"@id\":\"https:\/\/www.erresse-shop.it\/de\/#website\",\"url\":\"https:\/\/www.erresse-shop.it\/de\/\",\"name\":\"Erresse Shop\",\"description\":\"Articoli di qualit\u00e0 per la casa\",\"potentialAction\":[{\"@type\":\"SearchAction\",\"target\":{\"@type\":\"EntryPoint\",\"urlTemplate\":\"https:\/\/www.erresse-shop.it\/de\/?s={search_term_string}\"},\"query-input\":\"required name=search_term_string\"}],\"inLanguage\":\"de-DE\"}]}<\/script>\n<!-- \/ Yoast SEO Premium plugin. -->","yoast_head_json":{"title":"GLOBAL Gem\u00fcsemesser 18 cm","description":"Entdecken Sie GLOBAL Gem\u00fcsemesser 18 cm bei ErresseShop. Qualit\u00e4t, Stil und Funktionalit\u00e4t \u2013 jetzt online bestellen!","robots":{"index":"index","follow":"follow","max-snippet":"max-snippet:-1","max-image-preview":"max-image-preview:large","max-video-preview":"max-video-preview:-1"},"canonical":"https:\/\/www.erresse-shop.it\/de\/shop\/kuche\/messer\/global-gemusemesser-18-cm\/","og_locale":"de_DE","og_type":"article","og_title":"GLOBAL Gem\u00fcsemesser 18 cm","og_description":"Entdecken Sie GLOBAL Gem\u00fcsemesser 18 cm bei ErresseShop. Qualit\u00e4t, Stil und Funktionalit\u00e4t \u2013 jetzt online bestellen!","og_url":"https:\/\/www.erresse-shop.it\/de\/shop\/kuche\/messer\/global-gemusemesser-18-cm\/","og_site_name":"Erresse Shop","article_modified_time":"2025-01-17T06:25:00+00:00","og_image":[{"width":800,"height":800,"url":"https:\/\/www.erresse-shop.it\/wp-content\/uploads\/2023\/03\/GLOBAL-Coltello-Verdure-18-cm.jpg","type":"image\/jpeg"}],"twitter_card":"summary_large_image","schema":{"@context":"https:\/\/schema.org","@graph":[{"@type":"WebPage","@id":"https:\/\/www.erresse-shop.it\/de\/shop\/kuche\/messer\/global-gemusemesser-18-cm\/","url":"https:\/\/www.erresse-shop.it\/de\/shop\/kuche\/messer\/global-gemusemesser-18-cm\/","name":"GLOBAL Gem\u00fcsemesser 18 cm","isPartOf":{"@id":"https:\/\/www.erresse-shop.it\/de\/#website"},"datePublished":"2023-03-15T14:50:53+00:00","dateModified":"2025-01-17T06:25:00+00:00","description":"Entdecken Sie GLOBAL Gem\u00fcsemesser 18 cm bei ErresseShop. Qualit\u00e4t, Stil und Funktionalit\u00e4t \u2013 jetzt online bestellen!","breadcrumb":{"@id":"https:\/\/www.erresse-shop.it\/de\/shop\/kuche\/messer\/global-gemusemesser-18-cm\/#breadcrumb"},"inLanguage":"de-DE","potentialAction":[{"@type":"ReadAction","target":["https:\/\/www.erresse-shop.it\/de\/shop\/kuche\/messer\/global-gemusemesser-18-cm\/"]}]},{"@type":"BreadcrumbList","@id":"https:\/\/www.erresse-shop.it\/de\/shop\/kuche\/messer\/global-gemusemesser-18-cm\/#breadcrumb","itemListElement":[{"@type":"ListItem","position":1,"name":"Home","item":"https:\/\/www.erresse-shop.it\/de\/"},{"@type":"ListItem","position":2,"name":"Shop","item":"https:\/\/www.erresse-shop.it\/de\/shop\/"},{"@type":"ListItem","position":3,"name":"GLOBAL Gem\u00fcsemesser 18 cm"}]},{"@type":"WebSite","@id":"https:\/\/www.erresse-shop.it\/de\/#website","url":"https:\/\/www.erresse-shop.it\/de\/","name":"Erresse Shop","description":"Articoli di qualit\u00e0 per la casa","potentialAction":[{"@type":"SearchAction","target":{"@type":"EntryPoint","urlTemplate":"https:\/\/www.erresse-shop.it\/de\/?s={search_term_string}"},"query-input":"required name=search_term_string"}],"inLanguage":"de-DE"}]}},"df_price":99.75,"df_sale_price":99.75,"df_regular_price":105,"df_image_link":"https:\/\/www.erresse-shop.it\/wp-content\/uploads\/2023\/03\/GLOBAL-Coltello-Verdure-18-cm-300x300.jpg","_links":{"self":[{"href":"https:\/\/www.erresse-shop.it\/de\/wp-json\/wp\/v2\/product\/251576"}],"collection":[{"href":"https:\/\/www.erresse-shop.it\/de\/wp-json\/wp\/v2\/product"}],"about":[{"href":"https:\/\/www.erresse-shop.it\/de\/wp-json\/wp\/v2\/types\/product"}],"wp:featuredmedia":[{"embeddable":true,"href":"https:\/\/www.erresse-shop.it\/de\/wp-json\/wp\/v2\/media\/251615"}],"wp:attachment":[{"href":"https:\/\/www.erresse-shop.it\/de\/wp-json\/wp\/v2\/media?parent=251576"}],"wp:term":[{"taxonomy":"product_cat","embeddable":true,"href":"https:\/\/www.erresse-shop.it\/de\/wp-json\/wp\/v2\/product_cat?post=251576"},{"taxonomy":"product_tag","embeddable":true,"href":"https:\/\/www.erresse-shop.it\/de\/wp-json\/wp\/v2\/product_tag?post=251576"}],"curies":[{"name":"wp","href":"https:\/\/api.w.org\/{rel}","templated":true}]}}