{"id":251519,"date":"2023-03-15T14:05:04","date_gmt":"2023-03-15T14:05:05","guid":{"rendered":"https:\/\/www.erresse-shop.it\/?post_type=product&#038;p=251519"},"modified":"2025-01-17T06:24:59","modified_gmt":"2025-01-17T06:24:59","slug":"global-orientalisch-kochmesser-18-cm","status":"publish","type":"product","link":"https:\/\/www.erresse-shop.it\/de\/shop\/kuche\/messer\/global-orientalisch-kochmesser-18-cm\/","title":{"rendered":"GLOBAL Orientalisch Kochmesser 18 cm"},"content":{"rendered":"<p>Als Kochmesser eignet sich das G-4 f\u00fcr die meisten Aufgaben in der K\u00fcche, zum Schneiden, Hacken und Zerkleinern. Der Leistungsunterschied zwischen dem G-4 und dem klassischen Kochmesser, dem G-2, ist minimal. Der Unterschied ist \u00e4sthetischer Natur, n\u00e4mlich die Faltung der Klinge. Sie verleiht dem Messer einen &#8220;orientalischen&#8221; Stil, hat aber keine Bedeutung f\u00fcr die Funktion des Messers. Es ist nicht speziell f\u00fcr orientalische Speisen oder orientalische Verwendungsweisen des Messers konzipiert, sondern einfach eine andere Form des K\u00fcchenmessers. Die Klinge ist sch\u00f6n nach oben gebogen, so dass sie beim Schneiden auf dem Schneidebrett auf und ab schwingt, \u00e4hnlich wie ein Halbmond.<\/p>\n<ul>\n<li>Chromeva18 Rostfreier Stahl<\/li>\n<li>Rockwell C56-58<\/li>\n<li>15 Grad spitze Schneide<\/li>\n<li>Entworfen von Komin Yamada<\/li>\n<li>Nur von Hand abwaschbar<\/li>\n<li>Hergestellt in Japan<\/li>\n<\/ul>\n","protected":false},"excerpt":{"rendered":"<p>Als Kochmesser eignet sich das G-4 f\u00fcr die meisten Aufgaben in der K\u00fcche, zum Schneiden, Hacken und Zerkleinern. Der Leistungsunterschied<\/p>\n","protected":false},"featured_media":251570,"template":"","meta":{"_acf_changed":false,"inline_featured_image":false},"product_cat":[6742,6706,14454],"product_tag":[11702,11529,21264,22421],"acf":[],"yoast_head":"<!-- This site is optimized with the Yoast SEO Premium plugin v18.6 (Yoast SEO v19.13) - https:\/\/yoast.com\/wordpress\/plugins\/seo\/ -->\n<title>GLOBAL Orientalisch Kochmesser 18 cm<\/title>\n<meta name=\"description\" content=\"Entdecken Sie GLOBAL Orientalisch Kochmesser 18 cm bei ErresseShop. Qualit\u00e4t, Stil und Funktionalit\u00e4t \u2013 jetzt online bestellen!\" \/>\n<meta name=\"robots\" content=\"index, follow, max-snippet:-1, max-image-preview:large, max-video-preview:-1\" \/>\n<link rel=\"canonical\" href=\"https:\/\/www.erresse-shop.it\/de\/shop\/kuche\/messer\/global-orientalisch-kochmesser-18-cm\/\" \/>\n<meta property=\"og:locale\" content=\"de_DE\" \/>\n<meta property=\"og:type\" content=\"article\" \/>\n<meta property=\"og:title\" content=\"GLOBAL Orientalisch Kochmesser 18 cm\" \/>\n<meta property=\"og:description\" content=\"Entdecken Sie GLOBAL Orientalisch Kochmesser 18 cm bei ErresseShop. Qualit\u00e4t, Stil und Funktionalit\u00e4t \u2013 jetzt online bestellen!\" \/>\n<meta property=\"og:url\" content=\"https:\/\/www.erresse-shop.it\/de\/shop\/kuche\/messer\/global-orientalisch-kochmesser-18-cm\/\" \/>\n<meta property=\"og:site_name\" content=\"Erresse Shop\" \/>\n<meta property=\"article:modified_time\" content=\"2025-01-17T06:24:59+00:00\" \/>\n<meta property=\"og:image\" content=\"https:\/\/www.erresse-shop.it\/wp-content\/uploads\/2023\/03\/GLOBAL-Coltello-Cuoco-Oriental-18-cm.jpg\" \/>\n\t<meta property=\"og:image:width\" content=\"800\" \/>\n\t<meta property=\"og:image:height\" content=\"800\" \/>\n\t<meta property=\"og:image:type\" content=\"image\/jpeg\" \/>\n<meta name=\"twitter:card\" content=\"summary_large_image\" \/>\n<script type=\"application\/ld+json\" class=\"yoast-schema-graph\">{\"@context\":\"https:\/\/schema.org\",\"@graph\":[{\"@type\":\"WebPage\",\"@id\":\"https:\/\/www.erresse-shop.it\/de\/shop\/kuche\/messer\/global-orientalisch-kochmesser-18-cm\/\",\"url\":\"https:\/\/www.erresse-shop.it\/de\/shop\/kuche\/messer\/global-orientalisch-kochmesser-18-cm\/\",\"name\":\"GLOBAL Orientalisch Kochmesser 18 cm\",\"isPartOf\":{\"@id\":\"https:\/\/www.erresse-shop.it\/de\/#website\"},\"datePublished\":\"2023-03-15T14:05:05+00:00\",\"dateModified\":\"2025-01-17T06:24:59+00:00\",\"description\":\"Entdecken Sie GLOBAL Orientalisch Kochmesser 18 cm bei ErresseShop. Qualit\u00e4t, Stil und Funktionalit\u00e4t \u2013 jetzt online bestellen!\",\"breadcrumb\":{\"@id\":\"https:\/\/www.erresse-shop.it\/de\/shop\/kuche\/messer\/global-orientalisch-kochmesser-18-cm\/#breadcrumb\"},\"inLanguage\":\"de-DE\",\"potentialAction\":[{\"@type\":\"ReadAction\",\"target\":[\"https:\/\/www.erresse-shop.it\/de\/shop\/kuche\/messer\/global-orientalisch-kochmesser-18-cm\/\"]}]},{\"@type\":\"BreadcrumbList\",\"@id\":\"https:\/\/www.erresse-shop.it\/de\/shop\/kuche\/messer\/global-orientalisch-kochmesser-18-cm\/#breadcrumb\",\"itemListElement\":[{\"@type\":\"ListItem\",\"position\":1,\"name\":\"Home\",\"item\":\"https:\/\/www.erresse-shop.it\/de\/\"},{\"@type\":\"ListItem\",\"position\":2,\"name\":\"Shop\",\"item\":\"https:\/\/www.erresse-shop.it\/de\/shop\/\"},{\"@type\":\"ListItem\",\"position\":3,\"name\":\"GLOBAL Orientalisch Kochmesser 18 cm\"}]},{\"@type\":\"WebSite\",\"@id\":\"https:\/\/www.erresse-shop.it\/de\/#website\",\"url\":\"https:\/\/www.erresse-shop.it\/de\/\",\"name\":\"Erresse Shop\",\"description\":\"Articoli di qualit\u00e0 per la casa\",\"potentialAction\":[{\"@type\":\"SearchAction\",\"target\":{\"@type\":\"EntryPoint\",\"urlTemplate\":\"https:\/\/www.erresse-shop.it\/de\/?s={search_term_string}\"},\"query-input\":\"required name=search_term_string\"}],\"inLanguage\":\"de-DE\"}]}<\/script>\n<!-- \/ Yoast SEO Premium plugin. -->","yoast_head_json":{"title":"GLOBAL Orientalisch Kochmesser 18 cm","description":"Entdecken Sie GLOBAL Orientalisch Kochmesser 18 cm bei ErresseShop. Qualit\u00e4t, Stil und Funktionalit\u00e4t \u2013 jetzt online bestellen!","robots":{"index":"index","follow":"follow","max-snippet":"max-snippet:-1","max-image-preview":"max-image-preview:large","max-video-preview":"max-video-preview:-1"},"canonical":"https:\/\/www.erresse-shop.it\/de\/shop\/kuche\/messer\/global-orientalisch-kochmesser-18-cm\/","og_locale":"de_DE","og_type":"article","og_title":"GLOBAL Orientalisch Kochmesser 18 cm","og_description":"Entdecken Sie GLOBAL Orientalisch Kochmesser 18 cm bei ErresseShop. Qualit\u00e4t, Stil und Funktionalit\u00e4t \u2013 jetzt online bestellen!","og_url":"https:\/\/www.erresse-shop.it\/de\/shop\/kuche\/messer\/global-orientalisch-kochmesser-18-cm\/","og_site_name":"Erresse Shop","article_modified_time":"2025-01-17T06:24:59+00:00","og_image":[{"width":800,"height":800,"url":"https:\/\/www.erresse-shop.it\/wp-content\/uploads\/2023\/03\/GLOBAL-Coltello-Cuoco-Oriental-18-cm.jpg","type":"image\/jpeg"}],"twitter_card":"summary_large_image","schema":{"@context":"https:\/\/schema.org","@graph":[{"@type":"WebPage","@id":"https:\/\/www.erresse-shop.it\/de\/shop\/kuche\/messer\/global-orientalisch-kochmesser-18-cm\/","url":"https:\/\/www.erresse-shop.it\/de\/shop\/kuche\/messer\/global-orientalisch-kochmesser-18-cm\/","name":"GLOBAL Orientalisch Kochmesser 18 cm","isPartOf":{"@id":"https:\/\/www.erresse-shop.it\/de\/#website"},"datePublished":"2023-03-15T14:05:05+00:00","dateModified":"2025-01-17T06:24:59+00:00","description":"Entdecken Sie GLOBAL Orientalisch Kochmesser 18 cm bei ErresseShop. Qualit\u00e4t, Stil und Funktionalit\u00e4t \u2013 jetzt online bestellen!","breadcrumb":{"@id":"https:\/\/www.erresse-shop.it\/de\/shop\/kuche\/messer\/global-orientalisch-kochmesser-18-cm\/#breadcrumb"},"inLanguage":"de-DE","potentialAction":[{"@type":"ReadAction","target":["https:\/\/www.erresse-shop.it\/de\/shop\/kuche\/messer\/global-orientalisch-kochmesser-18-cm\/"]}]},{"@type":"BreadcrumbList","@id":"https:\/\/www.erresse-shop.it\/de\/shop\/kuche\/messer\/global-orientalisch-kochmesser-18-cm\/#breadcrumb","itemListElement":[{"@type":"ListItem","position":1,"name":"Home","item":"https:\/\/www.erresse-shop.it\/de\/"},{"@type":"ListItem","position":2,"name":"Shop","item":"https:\/\/www.erresse-shop.it\/de\/shop\/"},{"@type":"ListItem","position":3,"name":"GLOBAL Orientalisch Kochmesser 18 cm"}]},{"@type":"WebSite","@id":"https:\/\/www.erresse-shop.it\/de\/#website","url":"https:\/\/www.erresse-shop.it\/de\/","name":"Erresse Shop","description":"Articoli di qualit\u00e0 per la casa","potentialAction":[{"@type":"SearchAction","target":{"@type":"EntryPoint","urlTemplate":"https:\/\/www.erresse-shop.it\/de\/?s={search_term_string}"},"query-input":"required name=search_term_string"}],"inLanguage":"de-DE"}]}},"df_price":99.75,"df_sale_price":99.75,"df_regular_price":105,"df_image_link":"https:\/\/www.erresse-shop.it\/wp-content\/uploads\/2023\/03\/GLOBAL-Coltello-Cuoco-Oriental-18-cm-300x300.jpg","_links":{"self":[{"href":"https:\/\/www.erresse-shop.it\/de\/wp-json\/wp\/v2\/product\/251519"}],"collection":[{"href":"https:\/\/www.erresse-shop.it\/de\/wp-json\/wp\/v2\/product"}],"about":[{"href":"https:\/\/www.erresse-shop.it\/de\/wp-json\/wp\/v2\/types\/product"}],"wp:featuredmedia":[{"embeddable":true,"href":"https:\/\/www.erresse-shop.it\/de\/wp-json\/wp\/v2\/media\/251570"}],"wp:attachment":[{"href":"https:\/\/www.erresse-shop.it\/de\/wp-json\/wp\/v2\/media?parent=251519"}],"wp:term":[{"taxonomy":"product_cat","embeddable":true,"href":"https:\/\/www.erresse-shop.it\/de\/wp-json\/wp\/v2\/product_cat?post=251519"},{"taxonomy":"product_tag","embeddable":true,"href":"https:\/\/www.erresse-shop.it\/de\/wp-json\/wp\/v2\/product_tag?post=251519"}],"curies":[{"name":"wp","href":"https:\/\/api.w.org\/{rel}","templated":true}]}}