{"id":251421,"date":"2023-03-15T13:23:12","date_gmt":"2023-03-15T13:23:13","guid":{"rendered":"https:\/\/www.erresse-shop.it\/?post_type=product&#038;p=251421"},"modified":"2025-01-17T06:24:58","modified_gmt":"2025-01-17T06:24:58","slug":"global-kochmesser-20-cm","status":"publish","type":"product","link":"https:\/\/www.erresse-shop.it\/de\/shop\/kuche\/messer\/global-kochmesser-20-cm\/","title":{"rendered":"GLOBAL Kochmesser 20 cm"},"content":{"rendered":"<p>Das G-2 ist das meistverkaufte <strong>japanische<\/strong> K\u00fcchenmesser aller Zeiten! Es kann schneiden, w\u00fcrfeln, hacken und wirklich alles tun. Es verf\u00fcgt \u00fcber den kultigen, mit Sand gef\u00fcllten, gepunkteten Griff, um ein ergonomisches, komfortables und vielseitiges K\u00fcchenmesser zu bieten, das man gerne benutzt.<\/p>\n<p>Eine fantastische Mehrzweckklinge, die in fast jedem Messerset von <strong>Global<\/strong> enthalten ist. Als Gewinner zahlreicher Auszeichnungen, darunter Which Best Knife und der Housewares ICON Award, hat das G-2 seinen Platz in der Ruhmeshalle der K\u00fcchenutensilien gefestigt.<\/p>\n<ul>\n<li>Rostfreier Stahl Cromova18<\/li>\n<li>Rockwell C56-58<\/li>\n<li>15 Grad spitze Schneide<\/li>\n<li>Entworfen von Komin Yamada<\/li>\n<li>Nur von Hand abwaschbar<\/li>\n<li>Hergestellt in Japan<\/li>\n<\/ul>\n","protected":false},"excerpt":{"rendered":"<p>Das G-2 ist das meistverkaufte japanische K\u00fcchenmesser aller Zeiten! Es kann schneiden, w\u00fcrfeln, hacken und wirklich alles tun. Es verf\u00fcgt<\/p>\n","protected":false},"featured_media":251472,"template":"","meta":{"_acf_changed":false,"inline_featured_image":false},"product_cat":[6742,6706,14454],"product_tag":[11702,11529,21264],"acf":[],"yoast_head":"<!-- This site is optimized with the Yoast SEO Premium plugin v18.6 (Yoast SEO v19.13) - https:\/\/yoast.com\/wordpress\/plugins\/seo\/ -->\n<title>GLOBAL Kochmesser 20 cm<\/title>\n<meta name=\"description\" content=\"Entdecken Sie GLOBAL Kochmesser 20 cm bei ErresseShop. Qualit\u00e4t, Stil und Funktionalit\u00e4t \u2013 jetzt online bestellen!\" \/>\n<meta name=\"robots\" content=\"index, follow, max-snippet:-1, max-image-preview:large, max-video-preview:-1\" \/>\n<link rel=\"canonical\" href=\"https:\/\/www.erresse-shop.it\/de\/shop\/kuche\/messer\/global-kochmesser-20-cm\/\" \/>\n<meta property=\"og:locale\" content=\"de_DE\" \/>\n<meta property=\"og:type\" content=\"article\" \/>\n<meta property=\"og:title\" content=\"GLOBAL Kochmesser 20 cm\" \/>\n<meta property=\"og:description\" content=\"Entdecken Sie GLOBAL Kochmesser 20 cm bei ErresseShop. Qualit\u00e4t, Stil und Funktionalit\u00e4t \u2013 jetzt online bestellen!\" \/>\n<meta property=\"og:url\" content=\"https:\/\/www.erresse-shop.it\/de\/shop\/kuche\/messer\/global-kochmesser-20-cm\/\" \/>\n<meta property=\"og:site_name\" content=\"Erresse Shop\" \/>\n<meta property=\"article:modified_time\" content=\"2025-01-17T06:24:58+00:00\" \/>\n<meta property=\"og:image\" content=\"https:\/\/www.erresse-shop.it\/wp-content\/uploads\/2023\/03\/GLOBAL-Coltello-Chef-20-cm.jpg\" \/>\n\t<meta property=\"og:image:width\" content=\"800\" \/>\n\t<meta property=\"og:image:height\" content=\"800\" \/>\n\t<meta property=\"og:image:type\" content=\"image\/jpeg\" \/>\n<meta name=\"twitter:card\" content=\"summary_large_image\" \/>\n<script type=\"application\/ld+json\" class=\"yoast-schema-graph\">{\"@context\":\"https:\/\/schema.org\",\"@graph\":[{\"@type\":\"WebPage\",\"@id\":\"https:\/\/www.erresse-shop.it\/de\/shop\/kuche\/messer\/global-kochmesser-20-cm\/\",\"url\":\"https:\/\/www.erresse-shop.it\/de\/shop\/kuche\/messer\/global-kochmesser-20-cm\/\",\"name\":\"GLOBAL Kochmesser 20 cm\",\"isPartOf\":{\"@id\":\"https:\/\/www.erresse-shop.it\/de\/#website\"},\"datePublished\":\"2023-03-15T13:23:13+00:00\",\"dateModified\":\"2025-01-17T06:24:58+00:00\",\"description\":\"Entdecken Sie GLOBAL Kochmesser 20 cm bei ErresseShop. Qualit\u00e4t, Stil und Funktionalit\u00e4t \u2013 jetzt online bestellen!\",\"breadcrumb\":{\"@id\":\"https:\/\/www.erresse-shop.it\/de\/shop\/kuche\/messer\/global-kochmesser-20-cm\/#breadcrumb\"},\"inLanguage\":\"de-DE\",\"potentialAction\":[{\"@type\":\"ReadAction\",\"target\":[\"https:\/\/www.erresse-shop.it\/de\/shop\/kuche\/messer\/global-kochmesser-20-cm\/\"]}]},{\"@type\":\"BreadcrumbList\",\"@id\":\"https:\/\/www.erresse-shop.it\/de\/shop\/kuche\/messer\/global-kochmesser-20-cm\/#breadcrumb\",\"itemListElement\":[{\"@type\":\"ListItem\",\"position\":1,\"name\":\"Home\",\"item\":\"https:\/\/www.erresse-shop.it\/de\/\"},{\"@type\":\"ListItem\",\"position\":2,\"name\":\"Shop\",\"item\":\"https:\/\/www.erresse-shop.it\/de\/shop\/\"},{\"@type\":\"ListItem\",\"position\":3,\"name\":\"GLOBAL Kochmesser 20 cm\"}]},{\"@type\":\"WebSite\",\"@id\":\"https:\/\/www.erresse-shop.it\/de\/#website\",\"url\":\"https:\/\/www.erresse-shop.it\/de\/\",\"name\":\"Erresse Shop\",\"description\":\"Articoli di qualit\u00e0 per la casa\",\"potentialAction\":[{\"@type\":\"SearchAction\",\"target\":{\"@type\":\"EntryPoint\",\"urlTemplate\":\"https:\/\/www.erresse-shop.it\/de\/?s={search_term_string}\"},\"query-input\":\"required name=search_term_string\"}],\"inLanguage\":\"de-DE\"}]}<\/script>\n<!-- \/ Yoast SEO Premium plugin. -->","yoast_head_json":{"title":"GLOBAL Kochmesser 20 cm","description":"Entdecken Sie GLOBAL Kochmesser 20 cm bei ErresseShop. Qualit\u00e4t, Stil und Funktionalit\u00e4t \u2013 jetzt online bestellen!","robots":{"index":"index","follow":"follow","max-snippet":"max-snippet:-1","max-image-preview":"max-image-preview:large","max-video-preview":"max-video-preview:-1"},"canonical":"https:\/\/www.erresse-shop.it\/de\/shop\/kuche\/messer\/global-kochmesser-20-cm\/","og_locale":"de_DE","og_type":"article","og_title":"GLOBAL Kochmesser 20 cm","og_description":"Entdecken Sie GLOBAL Kochmesser 20 cm bei ErresseShop. Qualit\u00e4t, Stil und Funktionalit\u00e4t \u2013 jetzt online bestellen!","og_url":"https:\/\/www.erresse-shop.it\/de\/shop\/kuche\/messer\/global-kochmesser-20-cm\/","og_site_name":"Erresse Shop","article_modified_time":"2025-01-17T06:24:58+00:00","og_image":[{"width":800,"height":800,"url":"https:\/\/www.erresse-shop.it\/wp-content\/uploads\/2023\/03\/GLOBAL-Coltello-Chef-20-cm.jpg","type":"image\/jpeg"}],"twitter_card":"summary_large_image","schema":{"@context":"https:\/\/schema.org","@graph":[{"@type":"WebPage","@id":"https:\/\/www.erresse-shop.it\/de\/shop\/kuche\/messer\/global-kochmesser-20-cm\/","url":"https:\/\/www.erresse-shop.it\/de\/shop\/kuche\/messer\/global-kochmesser-20-cm\/","name":"GLOBAL Kochmesser 20 cm","isPartOf":{"@id":"https:\/\/www.erresse-shop.it\/de\/#website"},"datePublished":"2023-03-15T13:23:13+00:00","dateModified":"2025-01-17T06:24:58+00:00","description":"Entdecken Sie GLOBAL Kochmesser 20 cm bei ErresseShop. Qualit\u00e4t, Stil und Funktionalit\u00e4t \u2013 jetzt online bestellen!","breadcrumb":{"@id":"https:\/\/www.erresse-shop.it\/de\/shop\/kuche\/messer\/global-kochmesser-20-cm\/#breadcrumb"},"inLanguage":"de-DE","potentialAction":[{"@type":"ReadAction","target":["https:\/\/www.erresse-shop.it\/de\/shop\/kuche\/messer\/global-kochmesser-20-cm\/"]}]},{"@type":"BreadcrumbList","@id":"https:\/\/www.erresse-shop.it\/de\/shop\/kuche\/messer\/global-kochmesser-20-cm\/#breadcrumb","itemListElement":[{"@type":"ListItem","position":1,"name":"Home","item":"https:\/\/www.erresse-shop.it\/de\/"},{"@type":"ListItem","position":2,"name":"Shop","item":"https:\/\/www.erresse-shop.it\/de\/shop\/"},{"@type":"ListItem","position":3,"name":"GLOBAL Kochmesser 20 cm"}]},{"@type":"WebSite","@id":"https:\/\/www.erresse-shop.it\/de\/#website","url":"https:\/\/www.erresse-shop.it\/de\/","name":"Erresse Shop","description":"Articoli di qualit\u00e0 per la casa","potentialAction":[{"@type":"SearchAction","target":{"@type":"EntryPoint","urlTemplate":"https:\/\/www.erresse-shop.it\/de\/?s={search_term_string}"},"query-input":"required name=search_term_string"}],"inLanguage":"de-DE"}]}},"df_price":99.75,"df_sale_price":99.75,"df_regular_price":105,"df_image_link":"https:\/\/www.erresse-shop.it\/wp-content\/uploads\/2023\/03\/GLOBAL-Coltello-Chef-20-cm-300x300.jpg","_links":{"self":[{"href":"https:\/\/www.erresse-shop.it\/de\/wp-json\/wp\/v2\/product\/251421"}],"collection":[{"href":"https:\/\/www.erresse-shop.it\/de\/wp-json\/wp\/v2\/product"}],"about":[{"href":"https:\/\/www.erresse-shop.it\/de\/wp-json\/wp\/v2\/types\/product"}],"wp:featuredmedia":[{"embeddable":true,"href":"https:\/\/www.erresse-shop.it\/de\/wp-json\/wp\/v2\/media\/251472"}],"wp:attachment":[{"href":"https:\/\/www.erresse-shop.it\/de\/wp-json\/wp\/v2\/media?parent=251421"}],"wp:term":[{"taxonomy":"product_cat","embeddable":true,"href":"https:\/\/www.erresse-shop.it\/de\/wp-json\/wp\/v2\/product_cat?post=251421"},{"taxonomy":"product_tag","embeddable":true,"href":"https:\/\/www.erresse-shop.it\/de\/wp-json\/wp\/v2\/product_tag?post=251421"}],"curies":[{"name":"wp","href":"https:\/\/api.w.org\/{rel}","templated":true}]}}