{"id":249814,"date":"2023-03-13T15:03:13","date_gmt":"2023-03-13T15:03:14","guid":{"rendered":"https:\/\/www.erresse-shop.it\/?post_type=product&#038;p=249814"},"modified":"2025-01-16T08:02:24","modified_gmt":"2025-01-16T08:02:24","slug":"berkel-teknica-schinkenmesser-28-cm-schwarz","status":"publish","type":"product","link":"https:\/\/www.erresse-shop.it\/de\/shop\/kuche\/messer\/berkel-teknica-schinkenmesser-28-cm-schwarz\/","title":{"rendered":"BERKEL Teknica Schinkenmesser 28 cm Schwarz"},"content":{"rendered":"<p>Das Herzst\u00fcck des <strong>Teknica<\/strong> ist der Griff, der dank des direkten Griffs sowohl funktional als auch ergonomisch einen korrekten Griff beg\u00fcnstigt.<\/p>\n<p>Die Klinge aus 1.4116-X50 Cr Mo V15-<strong>Stahl<\/strong> aus 3 mm starkem Blech sorgt f\u00fcr einen pr\u00e4zisen Schnitt, w\u00e4hrend die beiden Metallzwingen Solidit\u00e4t und Gleichgewicht garantieren und gleichzeitig die \u00c4sthetik dieser Messer unterstreichen.<\/p>\n<p>Die ganze Erfahrung von <strong>Berkel<\/strong> im Dienste derer, die auch in der heimischen K\u00fcche professionelle Leistung suchen.<\/p>\n<p>Ergonomie und Schnittleistung sind die Basis unserer Teknica-Serie, die jetzt in der neuen Version mit <strong>schwarzem<\/strong> Griff erh\u00e4ltlich ist.<\/p>\n<p>Flexibles und handliches Messer. Dank seiner langen, flexiblen Klinge erm\u00f6glicht es das d\u00fcnne Schneiden aller Arten von Wurst und Wurstwaren und beg\u00fcnstigt eine gleichm\u00e4\u00dfige Dicke.<\/p>\n<p><strong>MERKMALE<\/strong><br \/>\n<strong>Gewicht:<\/strong> 207 gr<br \/>\n<strong>Klingengr\u00f6\u00dfe:<\/strong> 28 cm<br \/>\n<strong>Gesamtl\u00e4nge:<\/strong> 42 cm<br \/>\n<strong>Klingenmaterial:<\/strong> Geschmiedet aus rostfreiem Stahl 1.4116-X50 Cr Mo V15; H\u00e4rte nach T.T: 59 HRC; Catra-Zertifikat: Sehr gut<br \/>\n<strong>Griff:<\/strong> Kunstharz mit satinierter Oberfl\u00e4che<br \/>\n<strong>Verwendung und Pflege:<\/strong> Wir empfehlen dringend, das Produkt von Hand in warmem Wasser zu waschen, um seine Integrit\u00e4t und Haltbarkeit zu gew\u00e4hrleisten. In jedem Fall empfehlen wir, das Messer nach jedem Waschen zu trocknen. Verwenden Sie keine scheuernden Stoffe oder Schw\u00e4mme.<\/p>\n","protected":false},"excerpt":{"rendered":"<p>Das Herzst\u00fcck des Teknica ist der Griff, der dank des direkten Griffs sowohl funktional als auch ergonomisch einen korrekten Griff<\/p>\n","protected":false},"featured_media":249885,"template":"","meta":{"_acf_changed":false,"inline_featured_image":false},"product_cat":[6742,6706,14454],"product_tag":[23911,23691,11529,11718,17281,18619],"acf":[],"yoast_head":"<!-- This site is optimized with the Yoast SEO Premium plugin v18.6 (Yoast SEO v19.13) - https:\/\/yoast.com\/wordpress\/plugins\/seo\/ -->\n<title>BERKEL Teknica Schinkenmesser 28 cm Schwarz<\/title>\n<meta name=\"description\" content=\"Entdecken Sie BERKEL Teknica Schinkenmesser 28 cm Schwarz bei ErresseShop. Qualit\u00e4t, Stil und Funktionalit\u00e4t \u2013 jetzt online bestellen!\" \/>\n<meta name=\"robots\" content=\"index, follow, max-snippet:-1, max-image-preview:large, max-video-preview:-1\" \/>\n<link rel=\"canonical\" href=\"https:\/\/www.erresse-shop.it\/de\/shop\/kuche\/messer\/berkel-teknica-schinkenmesser-28-cm-schwarz\/\" \/>\n<meta property=\"og:locale\" content=\"de_DE\" \/>\n<meta property=\"og:type\" content=\"article\" \/>\n<meta property=\"og:title\" content=\"BERKEL Teknica Schinkenmesser 28 cm Schwarz\" \/>\n<meta property=\"og:description\" content=\"Entdecken Sie BERKEL Teknica Schinkenmesser 28 cm Schwarz bei ErresseShop. Qualit\u00e4t, Stil und Funktionalit\u00e4t \u2013 jetzt online bestellen!\" \/>\n<meta property=\"og:url\" content=\"https:\/\/www.erresse-shop.it\/de\/shop\/kuche\/messer\/berkel-teknica-schinkenmesser-28-cm-schwarz\/\" \/>\n<meta property=\"og:site_name\" content=\"Erresse Shop\" \/>\n<meta property=\"article:modified_time\" content=\"2025-01-16T08:02:24+00:00\" \/>\n<meta property=\"og:image\" content=\"https:\/\/www.erresse-shop.it\/wp-content\/uploads\/2023\/03\/BERKEL-Teknica-Coltello-per-Prosciutto-28-cm-Nero.jpg\" \/>\n\t<meta property=\"og:image:width\" content=\"800\" \/>\n\t<meta property=\"og:image:height\" content=\"800\" \/>\n\t<meta property=\"og:image:type\" content=\"image\/jpeg\" \/>\n<meta name=\"twitter:card\" content=\"summary_large_image\" \/>\n<script type=\"application\/ld+json\" class=\"yoast-schema-graph\">{\"@context\":\"https:\/\/schema.org\",\"@graph\":[{\"@type\":\"WebPage\",\"@id\":\"https:\/\/www.erresse-shop.it\/de\/shop\/kuche\/messer\/berkel-teknica-schinkenmesser-28-cm-schwarz\/\",\"url\":\"https:\/\/www.erresse-shop.it\/de\/shop\/kuche\/messer\/berkel-teknica-schinkenmesser-28-cm-schwarz\/\",\"name\":\"BERKEL Teknica Schinkenmesser 28 cm Schwarz\",\"isPartOf\":{\"@id\":\"https:\/\/www.erresse-shop.it\/de\/#website\"},\"datePublished\":\"2023-03-13T15:03:14+00:00\",\"dateModified\":\"2025-01-16T08:02:24+00:00\",\"description\":\"Entdecken Sie BERKEL Teknica Schinkenmesser 28 cm Schwarz bei ErresseShop. Qualit\u00e4t, Stil und Funktionalit\u00e4t \u2013 jetzt online bestellen!\",\"breadcrumb\":{\"@id\":\"https:\/\/www.erresse-shop.it\/de\/shop\/kuche\/messer\/berkel-teknica-schinkenmesser-28-cm-schwarz\/#breadcrumb\"},\"inLanguage\":\"de-DE\",\"potentialAction\":[{\"@type\":\"ReadAction\",\"target\":[\"https:\/\/www.erresse-shop.it\/de\/shop\/kuche\/messer\/berkel-teknica-schinkenmesser-28-cm-schwarz\/\"]}]},{\"@type\":\"BreadcrumbList\",\"@id\":\"https:\/\/www.erresse-shop.it\/de\/shop\/kuche\/messer\/berkel-teknica-schinkenmesser-28-cm-schwarz\/#breadcrumb\",\"itemListElement\":[{\"@type\":\"ListItem\",\"position\":1,\"name\":\"Home\",\"item\":\"https:\/\/www.erresse-shop.it\/de\/\"},{\"@type\":\"ListItem\",\"position\":2,\"name\":\"Shop\",\"item\":\"https:\/\/www.erresse-shop.it\/de\/shop\/\"},{\"@type\":\"ListItem\",\"position\":3,\"name\":\"BERKEL Teknica Schinkenmesser 28 cm Schwarz\"}]},{\"@type\":\"WebSite\",\"@id\":\"https:\/\/www.erresse-shop.it\/de\/#website\",\"url\":\"https:\/\/www.erresse-shop.it\/de\/\",\"name\":\"Erresse Shop\",\"description\":\"Articoli di qualit\u00e0 per la casa\",\"potentialAction\":[{\"@type\":\"SearchAction\",\"target\":{\"@type\":\"EntryPoint\",\"urlTemplate\":\"https:\/\/www.erresse-shop.it\/de\/?s={search_term_string}\"},\"query-input\":\"required name=search_term_string\"}],\"inLanguage\":\"de-DE\"}]}<\/script>\n<!-- \/ Yoast SEO Premium plugin. -->","yoast_head_json":{"title":"BERKEL Teknica Schinkenmesser 28 cm Schwarz","description":"Entdecken Sie BERKEL Teknica Schinkenmesser 28 cm Schwarz bei ErresseShop. Qualit\u00e4t, Stil und Funktionalit\u00e4t \u2013 jetzt online bestellen!","robots":{"index":"index","follow":"follow","max-snippet":"max-snippet:-1","max-image-preview":"max-image-preview:large","max-video-preview":"max-video-preview:-1"},"canonical":"https:\/\/www.erresse-shop.it\/de\/shop\/kuche\/messer\/berkel-teknica-schinkenmesser-28-cm-schwarz\/","og_locale":"de_DE","og_type":"article","og_title":"BERKEL Teknica Schinkenmesser 28 cm Schwarz","og_description":"Entdecken Sie BERKEL Teknica Schinkenmesser 28 cm Schwarz bei ErresseShop. Qualit\u00e4t, Stil und Funktionalit\u00e4t \u2013 jetzt online bestellen!","og_url":"https:\/\/www.erresse-shop.it\/de\/shop\/kuche\/messer\/berkel-teknica-schinkenmesser-28-cm-schwarz\/","og_site_name":"Erresse Shop","article_modified_time":"2025-01-16T08:02:24+00:00","og_image":[{"width":800,"height":800,"url":"https:\/\/www.erresse-shop.it\/wp-content\/uploads\/2023\/03\/BERKEL-Teknica-Coltello-per-Prosciutto-28-cm-Nero.jpg","type":"image\/jpeg"}],"twitter_card":"summary_large_image","schema":{"@context":"https:\/\/schema.org","@graph":[{"@type":"WebPage","@id":"https:\/\/www.erresse-shop.it\/de\/shop\/kuche\/messer\/berkel-teknica-schinkenmesser-28-cm-schwarz\/","url":"https:\/\/www.erresse-shop.it\/de\/shop\/kuche\/messer\/berkel-teknica-schinkenmesser-28-cm-schwarz\/","name":"BERKEL Teknica Schinkenmesser 28 cm Schwarz","isPartOf":{"@id":"https:\/\/www.erresse-shop.it\/de\/#website"},"datePublished":"2023-03-13T15:03:14+00:00","dateModified":"2025-01-16T08:02:24+00:00","description":"Entdecken Sie BERKEL Teknica Schinkenmesser 28 cm Schwarz bei ErresseShop. Qualit\u00e4t, Stil und Funktionalit\u00e4t \u2013 jetzt online bestellen!","breadcrumb":{"@id":"https:\/\/www.erresse-shop.it\/de\/shop\/kuche\/messer\/berkel-teknica-schinkenmesser-28-cm-schwarz\/#breadcrumb"},"inLanguage":"de-DE","potentialAction":[{"@type":"ReadAction","target":["https:\/\/www.erresse-shop.it\/de\/shop\/kuche\/messer\/berkel-teknica-schinkenmesser-28-cm-schwarz\/"]}]},{"@type":"BreadcrumbList","@id":"https:\/\/www.erresse-shop.it\/de\/shop\/kuche\/messer\/berkel-teknica-schinkenmesser-28-cm-schwarz\/#breadcrumb","itemListElement":[{"@type":"ListItem","position":1,"name":"Home","item":"https:\/\/www.erresse-shop.it\/de\/"},{"@type":"ListItem","position":2,"name":"Shop","item":"https:\/\/www.erresse-shop.it\/de\/shop\/"},{"@type":"ListItem","position":3,"name":"BERKEL Teknica Schinkenmesser 28 cm Schwarz"}]},{"@type":"WebSite","@id":"https:\/\/www.erresse-shop.it\/de\/#website","url":"https:\/\/www.erresse-shop.it\/de\/","name":"Erresse Shop","description":"Articoli di qualit\u00e0 per la casa","potentialAction":[{"@type":"SearchAction","target":{"@type":"EntryPoint","urlTemplate":"https:\/\/www.erresse-shop.it\/de\/?s={search_term_string}"},"query-input":"required name=search_term_string"}],"inLanguage":"de-DE"}]}},"df_price":79.95,"df_sale_price":79.95,"df_regular_price":109,"df_image_link":"https:\/\/www.erresse-shop.it\/wp-content\/uploads\/2023\/03\/BERKEL-Teknica-Coltello-per-Prosciutto-28-cm-Nero-300x300.jpg","_links":{"self":[{"href":"https:\/\/www.erresse-shop.it\/de\/wp-json\/wp\/v2\/product\/249814"}],"collection":[{"href":"https:\/\/www.erresse-shop.it\/de\/wp-json\/wp\/v2\/product"}],"about":[{"href":"https:\/\/www.erresse-shop.it\/de\/wp-json\/wp\/v2\/types\/product"}],"wp:featuredmedia":[{"embeddable":true,"href":"https:\/\/www.erresse-shop.it\/de\/wp-json\/wp\/v2\/media\/249885"}],"wp:attachment":[{"href":"https:\/\/www.erresse-shop.it\/de\/wp-json\/wp\/v2\/media?parent=249814"}],"wp:term":[{"taxonomy":"product_cat","embeddable":true,"href":"https:\/\/www.erresse-shop.it\/de\/wp-json\/wp\/v2\/product_cat?post=249814"},{"taxonomy":"product_tag","embeddable":true,"href":"https:\/\/www.erresse-shop.it\/de\/wp-json\/wp\/v2\/product_tag?post=249814"}],"curies":[{"name":"wp","href":"https:\/\/api.w.org\/{rel}","templated":true}]}}