{"id":24775,"date":"2018-02-15T09:32:46","date_gmt":"2018-02-15T09:32:46","guid":{"rendered":"https:\/\/www.erresse-shop.it\/?post_type=product&#038;p=24775"},"modified":"2025-08-30T16:30:08","modified_gmt":"2025-08-30T16:30:08","slug":"staub-wok-mit-glassdeckel-30-cm-graphit-grau","status":"publish","type":"product","link":"https:\/\/www.erresse-shop.it\/de\/shop\/toepfe-pfannen\/wok-topf-pfanne\/staub-wok-mit-glassdeckel-30-cm-graphit-grau\/","title":{"rendered":"STAUB Wok mit Glassdeckel 30 cm Graphit-Grau"},"content":{"rendered":"<p>Der kleine Wok ist rund und graphitgrau. Durch sein dezentes Design f\u00fcgt er sich harmonisch in die Tischdekoration ein und kann deshalb auch zum Servieren verwendet werden. Das gusseiserne Kochgeschirr macht scharfes Anbraten und sanftes Garen m\u00f6glich, sodass Fleisch saftig bleibt und Gem\u00fcse frisch und knackig auf den Tisch kommt. Doch auch zum Frittieren und Schmoren eignet sich der Wok mit 30 cm Durchmesser hervorragend. Das gusseiserne Kochgeschirr von Staub k\u00f6nnen Sie auf jedem Herd verwenden, auch auf einem Induktionsherd. Zum Weitergaren oder zum Warmhalten seines Inhalts k\u00f6nnen Sie ihn sogar an den beiden seitlichen Griffen greifen und in den Backofen stellen. Der Deckel aus Glas erm\u00f6glicht ein energieeffizientes, wasserarmes Garen und Sie haben immer einen Blick auf den Zustand des Garguts. An einem praktischen Knopf nehmen Sie ihn hoch und r\u00fchren um \u2013 die kratzfeste Oberfl\u00e4che macht einiges mit! Nicht nur Anf\u00e4nger und Hobbyk\u00f6che sind von der einfachen Handhabung des gusseisernen Kochgeschirrs von Staub begeistert, auch renommierte K\u00f6che schw\u00f6ren auf die hochwertigen St\u00fccke. Die effektive W\u00e4rmespeicherung und die langsame, stetige W\u00e4rmeabgabe erm\u00f6glichen angenehmes Kochen mit Geschirr, auf das Verlass ist: Leckere asiatische und Gerichte aus anderen L\u00e4ndern lassen sich im Wok von Staub vitaminreich und fettarm zubereiten.<\/p>\n<p>&#8211; Vielseitig einsetzbar zum kurzen Anbraten, Schmoren oder D\u00e4mpfen<br \/>\n&#8211; Kompakt und leicht &#8211; F\u00fcr den t\u00e4glichen Einsatz<br \/>\n&#8211; Die schwarzmatte Innenemaillierung eignet sich zum besonders krossen Anbraten und ist besonders strapazierf\u00e4hig<br \/>\n&#8211; F\u00fcr alle Herdarten inkl. Induktion geeignet, auch im Backofen\/Grill einsetzbar<\/p>\n<p><strong>Eigenschaften<\/strong><br \/>\n&#8211; Material: Gusseisen<br \/>\n&#8211; Griffart: Seitengriff<br \/>\n&#8211; Deckel vorhanden: Ja<br \/>\n&#8211; Induktion: Ja<br \/>\n&#8211; Backofen geeignet: Ja<br \/>\n&#8211; Mikrowelle geeignet: Ja<br \/>\n&#8211; Gefrierschrank geeignet: Ja<br \/>\n&#8211; Herdplatten geeignet: Ja<br \/>\n&#8211; sp\u00fclmaschinengeeignet: Ja<\/p>\n<p><strong>Abmessungen<\/strong><br \/>\n&#8211; Gewicht netto: 4,27 kg<br \/>\n&#8211; Volumen: 4,19 l<br \/>\n&#8211; Produktl\u00e4nge: 38,50 cm<br \/>\n&#8211; Produktbreite: 30,00 cm<br \/>\n&#8211; Produkth\u00f6he: 12,00 cm<br \/>\n&#8211; Produkth\u00f6he ohne Deckel: 8,50 cm<br \/>\n&#8211; Oberer Durchmesser: 30,00 cm<br \/>\n&#8211; Bodendurchmesser: 15,50 cm<\/p>\n","protected":false},"excerpt":{"rendered":"<p>Der kleine Wok ist rund und graphitgrau. Durch sein dezentes Design f\u00fcgt er sich harmonisch in die Tischdekoration ein und<\/p>\n","protected":false},"featured_media":506833,"template":"","meta":{"_acf_changed":false,"inline_featured_image":false},"product_cat":[6709,6781],"product_tag":[25088,11383,11385,12315,25022,12205],"acf":[],"yoast_head":"<!-- This site is optimized with the Yoast SEO Premium plugin v18.6 (Yoast SEO v19.13) - https:\/\/yoast.com\/wordpress\/plugins\/seo\/ -->\n<title>STAUB Wok mit Glassdeckel 30 cm Graphit-Grau<\/title>\n<meta name=\"description\" content=\"Entdecken Sie STAUB Wok mit Glassdeckel 30 cm Graphit-Grau bei ErresseShop. Qualit\u00e4t, Stil und Funktionalit\u00e4t \u2013 jetzt online bestellen!\" \/>\n<meta name=\"robots\" content=\"index, follow, max-snippet:-1, max-image-preview:large, max-video-preview:-1\" \/>\n<link rel=\"canonical\" href=\"https:\/\/www.erresse-shop.it\/de\/shop\/toepfe-pfannen\/wok-topf-pfanne\/staub-wok-mit-glassdeckel-30-cm-graphit-grau\/\" \/>\n<meta property=\"og:locale\" content=\"de_DE\" \/>\n<meta property=\"og:type\" content=\"article\" \/>\n<meta property=\"og:title\" content=\"STAUB Wok mit Glassdeckel 30 cm Graphit-Grau\" \/>\n<meta property=\"og:description\" content=\"Entdecken Sie STAUB Wok mit Glassdeckel 30 cm Graphit-Grau bei ErresseShop. Qualit\u00e4t, Stil und Funktionalit\u00e4t \u2013 jetzt online bestellen!\" \/>\n<meta property=\"og:url\" content=\"https:\/\/www.erresse-shop.it\/de\/shop\/toepfe-pfannen\/wok-topf-pfanne\/staub-wok-mit-glassdeckel-30-cm-graphit-grau\/\" \/>\n<meta property=\"og:site_name\" content=\"Erresse Shop\" \/>\n<meta property=\"article:modified_time\" content=\"2025-08-30T16:30:08+00:00\" \/>\n<meta property=\"og:image\" content=\"https:\/\/www.erresse-shop.it\/wp-content\/uploads\/2018\/04\/products-wok-30-grey-2.jpg\" \/>\n\t<meta property=\"og:image:width\" content=\"986\" \/>\n\t<meta property=\"og:image:height\" content=\"545\" \/>\n\t<meta property=\"og:image:type\" content=\"image\/jpeg\" \/>\n<meta name=\"twitter:card\" content=\"summary_large_image\" \/>\n<script type=\"application\/ld+json\" class=\"yoast-schema-graph\">{\"@context\":\"https:\/\/schema.org\",\"@graph\":[{\"@type\":\"WebPage\",\"@id\":\"https:\/\/www.erresse-shop.it\/de\/shop\/toepfe-pfannen\/wok-topf-pfanne\/staub-wok-mit-glassdeckel-30-cm-graphit-grau\/\",\"url\":\"https:\/\/www.erresse-shop.it\/de\/shop\/toepfe-pfannen\/wok-topf-pfanne\/staub-wok-mit-glassdeckel-30-cm-graphit-grau\/\",\"name\":\"STAUB Wok mit Glassdeckel 30 cm Graphit-Grau\",\"isPartOf\":{\"@id\":\"https:\/\/www.erresse-shop.it\/de\/#website\"},\"datePublished\":\"2018-02-15T09:32:46+00:00\",\"dateModified\":\"2025-08-30T16:30:08+00:00\",\"description\":\"Entdecken Sie STAUB Wok mit Glassdeckel 30 cm Graphit-Grau bei ErresseShop. Qualit\u00e4t, Stil und Funktionalit\u00e4t \u2013 jetzt online bestellen!\",\"breadcrumb\":{\"@id\":\"https:\/\/www.erresse-shop.it\/de\/shop\/toepfe-pfannen\/wok-topf-pfanne\/staub-wok-mit-glassdeckel-30-cm-graphit-grau\/#breadcrumb\"},\"inLanguage\":\"de-DE\",\"potentialAction\":[{\"@type\":\"ReadAction\",\"target\":[\"https:\/\/www.erresse-shop.it\/de\/shop\/toepfe-pfannen\/wok-topf-pfanne\/staub-wok-mit-glassdeckel-30-cm-graphit-grau\/\"]}]},{\"@type\":\"BreadcrumbList\",\"@id\":\"https:\/\/www.erresse-shop.it\/de\/shop\/toepfe-pfannen\/wok-topf-pfanne\/staub-wok-mit-glassdeckel-30-cm-graphit-grau\/#breadcrumb\",\"itemListElement\":[{\"@type\":\"ListItem\",\"position\":1,\"name\":\"Home\",\"item\":\"https:\/\/www.erresse-shop.it\/de\/\"},{\"@type\":\"ListItem\",\"position\":2,\"name\":\"Shop\",\"item\":\"https:\/\/www.erresse-shop.it\/de\/shop\/\"},{\"@type\":\"ListItem\",\"position\":3,\"name\":\"STAUB Wok mit Glassdeckel 30 cm Graphit-Grau\"}]},{\"@type\":\"WebSite\",\"@id\":\"https:\/\/www.erresse-shop.it\/de\/#website\",\"url\":\"https:\/\/www.erresse-shop.it\/de\/\",\"name\":\"Erresse Shop\",\"description\":\"Articoli di qualit\u00e0 per la casa\",\"potentialAction\":[{\"@type\":\"SearchAction\",\"target\":{\"@type\":\"EntryPoint\",\"urlTemplate\":\"https:\/\/www.erresse-shop.it\/de\/?s={search_term_string}\"},\"query-input\":\"required name=search_term_string\"}],\"inLanguage\":\"de-DE\"}]}<\/script>\n<!-- \/ Yoast SEO Premium plugin. -->","yoast_head_json":{"title":"STAUB Wok mit Glassdeckel 30 cm Graphit-Grau","description":"Entdecken Sie STAUB Wok mit Glassdeckel 30 cm Graphit-Grau bei ErresseShop. Qualit\u00e4t, Stil und Funktionalit\u00e4t \u2013 jetzt online bestellen!","robots":{"index":"index","follow":"follow","max-snippet":"max-snippet:-1","max-image-preview":"max-image-preview:large","max-video-preview":"max-video-preview:-1"},"canonical":"https:\/\/www.erresse-shop.it\/de\/shop\/toepfe-pfannen\/wok-topf-pfanne\/staub-wok-mit-glassdeckel-30-cm-graphit-grau\/","og_locale":"de_DE","og_type":"article","og_title":"STAUB Wok mit Glassdeckel 30 cm Graphit-Grau","og_description":"Entdecken Sie STAUB Wok mit Glassdeckel 30 cm Graphit-Grau bei ErresseShop. Qualit\u00e4t, Stil und Funktionalit\u00e4t \u2013 jetzt online bestellen!","og_url":"https:\/\/www.erresse-shop.it\/de\/shop\/toepfe-pfannen\/wok-topf-pfanne\/staub-wok-mit-glassdeckel-30-cm-graphit-grau\/","og_site_name":"Erresse Shop","article_modified_time":"2025-08-30T16:30:08+00:00","og_image":[{"width":"986","height":"545","url":"https:\/\/www.erresse-shop.it\/wp-content\/uploads\/2018\/04\/products-wok-30-grey-2.jpg","type":"image\/jpeg"}],"twitter_card":"summary_large_image","schema":{"@context":"https:\/\/schema.org","@graph":[{"@type":"WebPage","@id":"https:\/\/www.erresse-shop.it\/de\/shop\/toepfe-pfannen\/wok-topf-pfanne\/staub-wok-mit-glassdeckel-30-cm-graphit-grau\/","url":"https:\/\/www.erresse-shop.it\/de\/shop\/toepfe-pfannen\/wok-topf-pfanne\/staub-wok-mit-glassdeckel-30-cm-graphit-grau\/","name":"STAUB Wok mit Glassdeckel 30 cm Graphit-Grau","isPartOf":{"@id":"https:\/\/www.erresse-shop.it\/de\/#website"},"datePublished":"2018-02-15T09:32:46+00:00","dateModified":"2025-08-30T16:30:08+00:00","description":"Entdecken Sie STAUB Wok mit Glassdeckel 30 cm Graphit-Grau bei ErresseShop. Qualit\u00e4t, Stil und Funktionalit\u00e4t \u2013 jetzt online bestellen!","breadcrumb":{"@id":"https:\/\/www.erresse-shop.it\/de\/shop\/toepfe-pfannen\/wok-topf-pfanne\/staub-wok-mit-glassdeckel-30-cm-graphit-grau\/#breadcrumb"},"inLanguage":"de-DE","potentialAction":[{"@type":"ReadAction","target":["https:\/\/www.erresse-shop.it\/de\/shop\/toepfe-pfannen\/wok-topf-pfanne\/staub-wok-mit-glassdeckel-30-cm-graphit-grau\/"]}]},{"@type":"BreadcrumbList","@id":"https:\/\/www.erresse-shop.it\/de\/shop\/toepfe-pfannen\/wok-topf-pfanne\/staub-wok-mit-glassdeckel-30-cm-graphit-grau\/#breadcrumb","itemListElement":[{"@type":"ListItem","position":1,"name":"Home","item":"https:\/\/www.erresse-shop.it\/de\/"},{"@type":"ListItem","position":2,"name":"Shop","item":"https:\/\/www.erresse-shop.it\/de\/shop\/"},{"@type":"ListItem","position":3,"name":"STAUB Wok mit Glassdeckel 30 cm Graphit-Grau"}]},{"@type":"WebSite","@id":"https:\/\/www.erresse-shop.it\/de\/#website","url":"https:\/\/www.erresse-shop.it\/de\/","name":"Erresse Shop","description":"Articoli di qualit\u00e0 per la casa","potentialAction":[{"@type":"SearchAction","target":{"@type":"EntryPoint","urlTemplate":"https:\/\/www.erresse-shop.it\/de\/?s={search_term_string}"},"query-input":"required name=search_term_string"}],"inLanguage":"de-DE"}]}},"df_price":134.95,"df_sale_price":134.95,"df_regular_price":209,"df_image_link":"https:\/\/www.erresse-shop.it\/wp-content\/uploads\/2018\/02\/STAUB-Wok-con-Coperchio-in-Vetro-30-cm-Nero-1-1-300x300.jpg","_links":{"self":[{"href":"https:\/\/www.erresse-shop.it\/de\/wp-json\/wp\/v2\/product\/24775"}],"collection":[{"href":"https:\/\/www.erresse-shop.it\/de\/wp-json\/wp\/v2\/product"}],"about":[{"href":"https:\/\/www.erresse-shop.it\/de\/wp-json\/wp\/v2\/types\/product"}],"wp:featuredmedia":[{"embeddable":true,"href":"https:\/\/www.erresse-shop.it\/de\/wp-json\/wp\/v2\/media\/506833"}],"wp:attachment":[{"href":"https:\/\/www.erresse-shop.it\/de\/wp-json\/wp\/v2\/media?parent=24775"}],"wp:term":[{"taxonomy":"product_cat","embeddable":true,"href":"https:\/\/www.erresse-shop.it\/de\/wp-json\/wp\/v2\/product_cat?post=24775"},{"taxonomy":"product_tag","embeddable":true,"href":"https:\/\/www.erresse-shop.it\/de\/wp-json\/wp\/v2\/product_tag?post=24775"}],"curies":[{"name":"wp","href":"https:\/\/api.w.org\/{rel}","templated":true}]}}