{"id":246688,"date":"2023-03-03T14:22:39","date_gmt":"2023-03-03T14:22:41","guid":{"rendered":"https:\/\/www.erresse-shop.it\/?post_type=product&#038;p=246688"},"modified":"2025-01-17T17:50:50","modified_gmt":"2025-01-17T17:50:50","slug":"steamery-pilo-2-rasierapparat-salbei","status":"publish","type":"product","link":"https:\/\/www.erresse-shop.it\/de\/shop\/einrichtung-haus\/buegelbretter\/steamery-pilo-2-rasierapparat-salbei\/","title":{"rendered":"STEAMERY Pilo 2 Rasierapparat Salbei"},"content":{"rendered":"<p>Er stellt das ideale Gleichgewicht zwischen Funktionalit\u00e4t und \u00c4sthetik dar. Der Pilo 2 Fabric Shaver Charcoal ist sanft, aber effektiv und entfernt Fusseln und Kn\u00f6tchen aus allen Arten von Stoffen. Mit sechs Pr\u00e4zisionsklingen und einer gro\u00dfen Rasierfl\u00e4che ist der Pilo 2 Fabric Shaver langlebiger und effizienter als andere Stoffrasierer auf dem Markt.<\/p>\n<p>Wie er funktioniert<\/p>\n<p>Viele Menschen sind der Meinung, dass Kleidung oder Stoffe im Haushalt aufgrund von Flusen und Kn\u00f6tchenbildung abgenutzt sind. Aber durch einfaches Abrasieren der Flusen mit einem Textilrasierer sehen Ihre Textilien wieder wie neu aus. Um Kleidung schnell von Fusseln und Kn\u00f6tchen zu befreien, legen Sie das Kleidungsst\u00fcck auf eine flache Oberfl\u00e4che und fahren Sie mit der D\u00fcse vorsichtig \u00fcber den Stoff.<\/p>\n<p>Der Pilo 2 Stoffrasierer eignet sich perfekt f\u00fcr Kleidung und Heimtextilien, wie Pullover, M\u00e4ntel, Schals, Socken, Sofas, Armlehnen und Decken. Er eignet sich f\u00fcr alle Arten von Stoffen, auch f\u00fcr die empfindlichsten, und ist mit einer neuen L\u00f6sung ausgestattet, die das Reinigen des Ger\u00e4ts von Fusseln erleichtert.<\/p>\n<p>Eigenschaften<\/p>\n<ul>\n<li>Unser effizientester Stoffrasierer<\/li>\n<li>Leicht von Fusseln zu reinigen<\/li>\n<li>K\u00fcrzere Ladezeit und die M\u00f6glichkeit, w\u00e4hrend des Ladens zu rasieren<\/li>\n<li>Sorgf\u00e4ltig ausgew\u00e4hltes Design mit zwei Standpositionen, das perfekt in Ihrer Hand liegt<\/li>\n<\/ul>\n<p>Technische Merkmale<\/p>\n<ul>\n<li>Rasierzeit: 2 Stunden<\/li>\n<li>Akku-Ladezeit: 2,5 Stunden<\/li>\n<li>Motorgeschwindigkeit: 9000 Umdrehungen\/min<\/li>\n<li>Garantie: 1 Jahr<\/li>\n<li>Gewicht: 152 g<\/li>\n<li>Abmessungen: 67x67x93 mm<\/li>\n<li>Leistung: 5W<\/li>\n<\/ul>\n<p>Im Lieferumfang enthalten<\/p>\n<ul>\n<li>Pilo 2 Elektrorasierer<\/li>\n<li>USB-C-Ladekabel<\/li>\n<li>Reinigungsb\u00fcrste<\/li>\n<li>Handbuch<\/li>\n<\/ul>\n","protected":false},"excerpt":{"rendered":"<p>Er stellt das ideale Gleichgewicht zwischen Funktionalit\u00e4t und \u00c4sthetik dar. Der Pilo 2 Fabric Shaver Charcoal ist sanft, aber effektiv<\/p>\n","protected":false},"featured_media":246659,"template":"","meta":{"_acf_changed":false,"inline_featured_image":false},"product_cat":[6817,18096],"product_tag":[21664,22275],"acf":[],"yoast_head":"<!-- This site is optimized with the Yoast SEO Premium plugin v18.6 (Yoast SEO v19.13) - https:\/\/yoast.com\/wordpress\/plugins\/seo\/ -->\n<title>STEAMERY Pilo 2 Rasierapparat Salbei<\/title>\n<meta name=\"description\" content=\"Entdecken Sie STEAMERY Pilo 2 Rasierapparat Salbei bei ErresseShop. Qualit\u00e4t, Stil und Funktionalit\u00e4t \u2013 jetzt online bestellen!\" \/>\n<meta name=\"robots\" content=\"index, follow, max-snippet:-1, max-image-preview:large, max-video-preview:-1\" \/>\n<link rel=\"canonical\" href=\"https:\/\/www.erresse-shop.it\/de\/shop\/einrichtung-haus\/buegelbretter\/steamery-pilo-2-rasierapparat-salbei\/\" \/>\n<meta property=\"og:locale\" content=\"de_DE\" \/>\n<meta property=\"og:type\" content=\"article\" \/>\n<meta property=\"og:title\" content=\"STEAMERY Pilo 2 Rasierapparat Salbei\" \/>\n<meta property=\"og:description\" content=\"Entdecken Sie STEAMERY Pilo 2 Rasierapparat Salbei bei ErresseShop. Qualit\u00e4t, Stil und Funktionalit\u00e4t \u2013 jetzt online bestellen!\" \/>\n<meta property=\"og:url\" content=\"https:\/\/www.erresse-shop.it\/de\/shop\/einrichtung-haus\/buegelbretter\/steamery-pilo-2-rasierapparat-salbei\/\" \/>\n<meta property=\"og:site_name\" content=\"Erresse Shop\" \/>\n<meta property=\"article:modified_time\" content=\"2025-01-17T17:50:50+00:00\" \/>\n<meta property=\"og:image\" content=\"https:\/\/www.erresse-shop.it\/wp-content\/uploads\/2023\/03\/Steamery-pilo-2-sage.jpg\" \/>\n\t<meta property=\"og:image:width\" content=\"800\" \/>\n\t<meta property=\"og:image:height\" content=\"800\" \/>\n\t<meta property=\"og:image:type\" content=\"image\/jpeg\" \/>\n<meta name=\"twitter:card\" content=\"summary_large_image\" \/>\n<script type=\"application\/ld+json\" class=\"yoast-schema-graph\">{\"@context\":\"https:\/\/schema.org\",\"@graph\":[{\"@type\":\"WebPage\",\"@id\":\"https:\/\/www.erresse-shop.it\/de\/shop\/einrichtung-haus\/buegelbretter\/steamery-pilo-2-rasierapparat-salbei\/\",\"url\":\"https:\/\/www.erresse-shop.it\/de\/shop\/einrichtung-haus\/buegelbretter\/steamery-pilo-2-rasierapparat-salbei\/\",\"name\":\"STEAMERY Pilo 2 Rasierapparat Salbei\",\"isPartOf\":{\"@id\":\"https:\/\/www.erresse-shop.it\/de\/#website\"},\"datePublished\":\"2023-03-03T14:22:41+00:00\",\"dateModified\":\"2025-01-17T17:50:50+00:00\",\"description\":\"Entdecken Sie STEAMERY Pilo 2 Rasierapparat Salbei bei ErresseShop. Qualit\u00e4t, Stil und Funktionalit\u00e4t \u2013 jetzt online bestellen!\",\"breadcrumb\":{\"@id\":\"https:\/\/www.erresse-shop.it\/de\/shop\/einrichtung-haus\/buegelbretter\/steamery-pilo-2-rasierapparat-salbei\/#breadcrumb\"},\"inLanguage\":\"de-DE\",\"potentialAction\":[{\"@type\":\"ReadAction\",\"target\":[\"https:\/\/www.erresse-shop.it\/de\/shop\/einrichtung-haus\/buegelbretter\/steamery-pilo-2-rasierapparat-salbei\/\"]}]},{\"@type\":\"BreadcrumbList\",\"@id\":\"https:\/\/www.erresse-shop.it\/de\/shop\/einrichtung-haus\/buegelbretter\/steamery-pilo-2-rasierapparat-salbei\/#breadcrumb\",\"itemListElement\":[{\"@type\":\"ListItem\",\"position\":1,\"name\":\"Home\",\"item\":\"https:\/\/www.erresse-shop.it\/de\/\"},{\"@type\":\"ListItem\",\"position\":2,\"name\":\"Shop\",\"item\":\"https:\/\/www.erresse-shop.it\/de\/shop\/\"},{\"@type\":\"ListItem\",\"position\":3,\"name\":\"STEAMERY Pilo 2 Rasierapparat Salbei\"}]},{\"@type\":\"WebSite\",\"@id\":\"https:\/\/www.erresse-shop.it\/de\/#website\",\"url\":\"https:\/\/www.erresse-shop.it\/de\/\",\"name\":\"Erresse Shop\",\"description\":\"Articoli di qualit\u00e0 per la casa\",\"potentialAction\":[{\"@type\":\"SearchAction\",\"target\":{\"@type\":\"EntryPoint\",\"urlTemplate\":\"https:\/\/www.erresse-shop.it\/de\/?s={search_term_string}\"},\"query-input\":\"required name=search_term_string\"}],\"inLanguage\":\"de-DE\"}]}<\/script>\n<!-- \/ Yoast SEO Premium plugin. -->","yoast_head_json":{"title":"STEAMERY Pilo 2 Rasierapparat Salbei","description":"Entdecken Sie STEAMERY Pilo 2 Rasierapparat Salbei bei ErresseShop. Qualit\u00e4t, Stil und Funktionalit\u00e4t \u2013 jetzt online bestellen!","robots":{"index":"index","follow":"follow","max-snippet":"max-snippet:-1","max-image-preview":"max-image-preview:large","max-video-preview":"max-video-preview:-1"},"canonical":"https:\/\/www.erresse-shop.it\/de\/shop\/einrichtung-haus\/buegelbretter\/steamery-pilo-2-rasierapparat-salbei\/","og_locale":"de_DE","og_type":"article","og_title":"STEAMERY Pilo 2 Rasierapparat Salbei","og_description":"Entdecken Sie STEAMERY Pilo 2 Rasierapparat Salbei bei ErresseShop. Qualit\u00e4t, Stil und Funktionalit\u00e4t \u2013 jetzt online bestellen!","og_url":"https:\/\/www.erresse-shop.it\/de\/shop\/einrichtung-haus\/buegelbretter\/steamery-pilo-2-rasierapparat-salbei\/","og_site_name":"Erresse Shop","article_modified_time":"2025-01-17T17:50:50+00:00","og_image":[{"width":800,"height":800,"url":"https:\/\/www.erresse-shop.it\/wp-content\/uploads\/2023\/03\/Steamery-pilo-2-sage.jpg","type":"image\/jpeg"}],"twitter_card":"summary_large_image","schema":{"@context":"https:\/\/schema.org","@graph":[{"@type":"WebPage","@id":"https:\/\/www.erresse-shop.it\/de\/shop\/einrichtung-haus\/buegelbretter\/steamery-pilo-2-rasierapparat-salbei\/","url":"https:\/\/www.erresse-shop.it\/de\/shop\/einrichtung-haus\/buegelbretter\/steamery-pilo-2-rasierapparat-salbei\/","name":"STEAMERY Pilo 2 Rasierapparat Salbei","isPartOf":{"@id":"https:\/\/www.erresse-shop.it\/de\/#website"},"datePublished":"2023-03-03T14:22:41+00:00","dateModified":"2025-01-17T17:50:50+00:00","description":"Entdecken Sie STEAMERY Pilo 2 Rasierapparat Salbei bei ErresseShop. Qualit\u00e4t, Stil und Funktionalit\u00e4t \u2013 jetzt online bestellen!","breadcrumb":{"@id":"https:\/\/www.erresse-shop.it\/de\/shop\/einrichtung-haus\/buegelbretter\/steamery-pilo-2-rasierapparat-salbei\/#breadcrumb"},"inLanguage":"de-DE","potentialAction":[{"@type":"ReadAction","target":["https:\/\/www.erresse-shop.it\/de\/shop\/einrichtung-haus\/buegelbretter\/steamery-pilo-2-rasierapparat-salbei\/"]}]},{"@type":"BreadcrumbList","@id":"https:\/\/www.erresse-shop.it\/de\/shop\/einrichtung-haus\/buegelbretter\/steamery-pilo-2-rasierapparat-salbei\/#breadcrumb","itemListElement":[{"@type":"ListItem","position":1,"name":"Home","item":"https:\/\/www.erresse-shop.it\/de\/"},{"@type":"ListItem","position":2,"name":"Shop","item":"https:\/\/www.erresse-shop.it\/de\/shop\/"},{"@type":"ListItem","position":3,"name":"STEAMERY Pilo 2 Rasierapparat Salbei"}]},{"@type":"WebSite","@id":"https:\/\/www.erresse-shop.it\/de\/#website","url":"https:\/\/www.erresse-shop.it\/de\/","name":"Erresse Shop","description":"Articoli di qualit\u00e0 per la casa","potentialAction":[{"@type":"SearchAction","target":{"@type":"EntryPoint","urlTemplate":"https:\/\/www.erresse-shop.it\/de\/?s={search_term_string}"},"query-input":"required name=search_term_string"}],"inLanguage":"de-DE"}]}},"df_price":35.75,"df_sale_price":35.75,"df_regular_price":65,"df_image_link":"https:\/\/www.erresse-shop.it\/wp-content\/uploads\/2023\/03\/Steamery-pilo-2-sage-300x300.jpg","_links":{"self":[{"href":"https:\/\/www.erresse-shop.it\/de\/wp-json\/wp\/v2\/product\/246688"}],"collection":[{"href":"https:\/\/www.erresse-shop.it\/de\/wp-json\/wp\/v2\/product"}],"about":[{"href":"https:\/\/www.erresse-shop.it\/de\/wp-json\/wp\/v2\/types\/product"}],"wp:featuredmedia":[{"embeddable":true,"href":"https:\/\/www.erresse-shop.it\/de\/wp-json\/wp\/v2\/media\/246659"}],"wp:attachment":[{"href":"https:\/\/www.erresse-shop.it\/de\/wp-json\/wp\/v2\/media?parent=246688"}],"wp:term":[{"taxonomy":"product_cat","embeddable":true,"href":"https:\/\/www.erresse-shop.it\/de\/wp-json\/wp\/v2\/product_cat?post=246688"},{"taxonomy":"product_tag","embeddable":true,"href":"https:\/\/www.erresse-shop.it\/de\/wp-json\/wp\/v2\/product_tag?post=246688"}],"curies":[{"name":"wp","href":"https:\/\/api.w.org\/{rel}","templated":true}]}}