{"id":246552,"date":"2023-03-03T10:55:53","date_gmt":"2023-03-03T10:55:54","guid":{"rendered":"https:\/\/www.erresse-shop.it\/?post_type=product&#038;p=246552"},"modified":"2025-01-17T17:50:48","modified_gmt":"2025-01-17T17:50:48","slug":"steamery-cirrus-2-tragbarer-dampfgarer-blau","status":"publish","type":"product","link":"https:\/\/www.erresse-shop.it\/de\/shop\/einrichtung-haus\/buegelbretter\/steamery-cirrus-2-tragbarer-dampfgarer-blau\/","title":{"rendered":"STEAMERY Cirrus 2 Tragbarer Dampfgarer Blau"},"content":{"rendered":"<p>Der tragbare Steamer Cirrus 2 ist eine nachhaltige und effiziente Alternative zum B\u00fcgeln und Waschen. Ihre Kleidung wird im Handumdrehen knitterfrei, glatt und frisch sein. Der hei\u00dfe Dampf reduziert au\u00dferdem Ger\u00fcche, Oberfl\u00e4chenschmutz und Bakterien.<\/p>\n<p>Der hei\u00dfe Dampf eines tragbaren D\u00e4mpfers hebt die Textilfasern an &#8211; anstatt sie wie ein B\u00fcgeleisen zusammenzudr\u00fccken &#8211; und l\u00e4sst sie aufquellen und wieder in ihre nat\u00fcrliche Form bringen. D\u00e4mpfen ist \u00e4hnlich wie das L\u00fcften von Kleidung. Der hei\u00dfe Dampf entfernt die Spuren eines nie getragenen Kleidungsst\u00fccks, wie Ger\u00fcche, Oberfl\u00e4chenschmutz und Bakterien.<\/p>\n<p>MERKMALE<\/p>\n<ul>\n<li>Knitterfreie, frische und vorzeigbare Kleidung<\/li>\n<li>Weniger W\u00e4sche &#8211; weniger Energie- und Wasserverbrauch<\/li>\n<li>Leicht zu tragen am Wochenende und auf Gesch\u00e4ftsreisen<\/li>\n<li>Zeitsparend und f\u00fcr alle Haushalte geeignet<\/li>\n<li>Funktioniert auf allen Materialien au\u00dfer Leder und Wildleder Schonend f\u00fcr Seide<\/li>\n<\/ul>\n<p>SPEZIFIKATIONEN<\/p>\n<ul>\n<li>Wassertank: 90 ml<\/li>\n<li>Garantie: 1 Jahr<\/li>\n<li>Geflochtenes Seil: 1,9 m<\/li>\n<li>Gewicht: 0,75-0,78 kg<\/li>\n<li>Abmessungen: 33x15x9,5 cm<\/li>\n<li>Spannung und Frequenz: 220-240 V\/50-60 Hz<\/li>\n<li>Leistung: 1500W<\/li>\n<\/ul>\n<p>IM LIEFERUMFANG ENTHALTEN<\/p>\n<ul>\n<li>Tragbarer Dampfgarer Cirrus 2<\/li>\n<li>Hitzeschutztasche<\/li>\n<li>Benutzerhandbuch<\/li>\n<\/ul>\n","protected":false},"excerpt":{"rendered":"<p>Der tragbare Steamer Cirrus 2 ist eine nachhaltige und effiziente Alternative zum B\u00fcgeln und Waschen. Ihre Kleidung wird im Handumdrehen<\/p>\n","protected":false},"featured_media":246479,"template":"","meta":{"_acf_changed":false,"inline_featured_image":false},"product_cat":[6817,18096],"product_tag":[21664,22275],"acf":[],"yoast_head":"<!-- This site is optimized with the Yoast SEO Premium plugin v18.6 (Yoast SEO v19.13) - https:\/\/yoast.com\/wordpress\/plugins\/seo\/ -->\n<title>STEAMERY Cirrus 2 Tragbarer Dampfgarer Blau<\/title>\n<meta name=\"description\" content=\"Entdecken Sie STEAMERY Cirrus 2 Tragbarer Dampfgarer Blau bei ErresseShop. Qualit\u00e4t, Stil und Funktionalit\u00e4t \u2013 jetzt online bestellen!\" \/>\n<meta name=\"robots\" content=\"index, follow, max-snippet:-1, max-image-preview:large, max-video-preview:-1\" \/>\n<link rel=\"canonical\" href=\"https:\/\/www.erresse-shop.it\/de\/shop\/einrichtung-haus\/buegelbretter\/steamery-cirrus-2-tragbarer-dampfgarer-blau\/\" \/>\n<meta property=\"og:locale\" content=\"de_DE\" \/>\n<meta property=\"og:type\" content=\"article\" \/>\n<meta property=\"og:title\" content=\"STEAMERY Cirrus 2 Tragbarer Dampfgarer Blau\" \/>\n<meta property=\"og:description\" content=\"Entdecken Sie STEAMERY Cirrus 2 Tragbarer Dampfgarer Blau bei ErresseShop. Qualit\u00e4t, Stil und Funktionalit\u00e4t \u2013 jetzt online bestellen!\" \/>\n<meta property=\"og:url\" content=\"https:\/\/www.erresse-shop.it\/de\/shop\/einrichtung-haus\/buegelbretter\/steamery-cirrus-2-tragbarer-dampfgarer-blau\/\" \/>\n<meta property=\"og:site_name\" content=\"Erresse Shop\" \/>\n<meta property=\"article:modified_time\" content=\"2025-01-17T17:50:48+00:00\" \/>\n<meta property=\"og:image\" content=\"https:\/\/www.erresse-shop.it\/wp-content\/uploads\/2023\/03\/Steamery-Cirrus-2-Piroscafo-portatile-Grigio.jpg\" \/>\n\t<meta property=\"og:image:width\" content=\"800\" \/>\n\t<meta property=\"og:image:height\" content=\"800\" \/>\n\t<meta property=\"og:image:type\" content=\"image\/jpeg\" \/>\n<meta name=\"twitter:card\" content=\"summary_large_image\" \/>\n<script type=\"application\/ld+json\" class=\"yoast-schema-graph\">{\"@context\":\"https:\/\/schema.org\",\"@graph\":[{\"@type\":\"WebPage\",\"@id\":\"https:\/\/www.erresse-shop.it\/de\/shop\/einrichtung-haus\/buegelbretter\/steamery-cirrus-2-tragbarer-dampfgarer-blau\/\",\"url\":\"https:\/\/www.erresse-shop.it\/de\/shop\/einrichtung-haus\/buegelbretter\/steamery-cirrus-2-tragbarer-dampfgarer-blau\/\",\"name\":\"STEAMERY Cirrus 2 Tragbarer Dampfgarer Blau\",\"isPartOf\":{\"@id\":\"https:\/\/www.erresse-shop.it\/de\/#website\"},\"datePublished\":\"2023-03-03T10:55:54+00:00\",\"dateModified\":\"2025-01-17T17:50:48+00:00\",\"description\":\"Entdecken Sie STEAMERY Cirrus 2 Tragbarer Dampfgarer Blau bei ErresseShop. Qualit\u00e4t, Stil und Funktionalit\u00e4t \u2013 jetzt online bestellen!\",\"breadcrumb\":{\"@id\":\"https:\/\/www.erresse-shop.it\/de\/shop\/einrichtung-haus\/buegelbretter\/steamery-cirrus-2-tragbarer-dampfgarer-blau\/#breadcrumb\"},\"inLanguage\":\"de-DE\",\"potentialAction\":[{\"@type\":\"ReadAction\",\"target\":[\"https:\/\/www.erresse-shop.it\/de\/shop\/einrichtung-haus\/buegelbretter\/steamery-cirrus-2-tragbarer-dampfgarer-blau\/\"]}]},{\"@type\":\"BreadcrumbList\",\"@id\":\"https:\/\/www.erresse-shop.it\/de\/shop\/einrichtung-haus\/buegelbretter\/steamery-cirrus-2-tragbarer-dampfgarer-blau\/#breadcrumb\",\"itemListElement\":[{\"@type\":\"ListItem\",\"position\":1,\"name\":\"Home\",\"item\":\"https:\/\/www.erresse-shop.it\/de\/\"},{\"@type\":\"ListItem\",\"position\":2,\"name\":\"Shop\",\"item\":\"https:\/\/www.erresse-shop.it\/de\/shop\/\"},{\"@type\":\"ListItem\",\"position\":3,\"name\":\"STEAMERY Cirrus 2 Tragbarer Dampfgarer Blau\"}]},{\"@type\":\"WebSite\",\"@id\":\"https:\/\/www.erresse-shop.it\/de\/#website\",\"url\":\"https:\/\/www.erresse-shop.it\/de\/\",\"name\":\"Erresse Shop\",\"description\":\"Articoli di qualit\u00e0 per la casa\",\"potentialAction\":[{\"@type\":\"SearchAction\",\"target\":{\"@type\":\"EntryPoint\",\"urlTemplate\":\"https:\/\/www.erresse-shop.it\/de\/?s={search_term_string}\"},\"query-input\":\"required name=search_term_string\"}],\"inLanguage\":\"de-DE\"}]}<\/script>\n<!-- \/ Yoast SEO Premium plugin. -->","yoast_head_json":{"title":"STEAMERY Cirrus 2 Tragbarer Dampfgarer Blau","description":"Entdecken Sie STEAMERY Cirrus 2 Tragbarer Dampfgarer Blau bei ErresseShop. Qualit\u00e4t, Stil und Funktionalit\u00e4t \u2013 jetzt online bestellen!","robots":{"index":"index","follow":"follow","max-snippet":"max-snippet:-1","max-image-preview":"max-image-preview:large","max-video-preview":"max-video-preview:-1"},"canonical":"https:\/\/www.erresse-shop.it\/de\/shop\/einrichtung-haus\/buegelbretter\/steamery-cirrus-2-tragbarer-dampfgarer-blau\/","og_locale":"de_DE","og_type":"article","og_title":"STEAMERY Cirrus 2 Tragbarer Dampfgarer Blau","og_description":"Entdecken Sie STEAMERY Cirrus 2 Tragbarer Dampfgarer Blau bei ErresseShop. Qualit\u00e4t, Stil und Funktionalit\u00e4t \u2013 jetzt online bestellen!","og_url":"https:\/\/www.erresse-shop.it\/de\/shop\/einrichtung-haus\/buegelbretter\/steamery-cirrus-2-tragbarer-dampfgarer-blau\/","og_site_name":"Erresse Shop","article_modified_time":"2025-01-17T17:50:48+00:00","og_image":[{"width":800,"height":800,"url":"https:\/\/www.erresse-shop.it\/wp-content\/uploads\/2023\/03\/Steamery-Cirrus-2-Piroscafo-portatile-Grigio.jpg","type":"image\/jpeg"}],"twitter_card":"summary_large_image","schema":{"@context":"https:\/\/schema.org","@graph":[{"@type":"WebPage","@id":"https:\/\/www.erresse-shop.it\/de\/shop\/einrichtung-haus\/buegelbretter\/steamery-cirrus-2-tragbarer-dampfgarer-blau\/","url":"https:\/\/www.erresse-shop.it\/de\/shop\/einrichtung-haus\/buegelbretter\/steamery-cirrus-2-tragbarer-dampfgarer-blau\/","name":"STEAMERY Cirrus 2 Tragbarer Dampfgarer Blau","isPartOf":{"@id":"https:\/\/www.erresse-shop.it\/de\/#website"},"datePublished":"2023-03-03T10:55:54+00:00","dateModified":"2025-01-17T17:50:48+00:00","description":"Entdecken Sie STEAMERY Cirrus 2 Tragbarer Dampfgarer Blau bei ErresseShop. Qualit\u00e4t, Stil und Funktionalit\u00e4t \u2013 jetzt online bestellen!","breadcrumb":{"@id":"https:\/\/www.erresse-shop.it\/de\/shop\/einrichtung-haus\/buegelbretter\/steamery-cirrus-2-tragbarer-dampfgarer-blau\/#breadcrumb"},"inLanguage":"de-DE","potentialAction":[{"@type":"ReadAction","target":["https:\/\/www.erresse-shop.it\/de\/shop\/einrichtung-haus\/buegelbretter\/steamery-cirrus-2-tragbarer-dampfgarer-blau\/"]}]},{"@type":"BreadcrumbList","@id":"https:\/\/www.erresse-shop.it\/de\/shop\/einrichtung-haus\/buegelbretter\/steamery-cirrus-2-tragbarer-dampfgarer-blau\/#breadcrumb","itemListElement":[{"@type":"ListItem","position":1,"name":"Home","item":"https:\/\/www.erresse-shop.it\/de\/"},{"@type":"ListItem","position":2,"name":"Shop","item":"https:\/\/www.erresse-shop.it\/de\/shop\/"},{"@type":"ListItem","position":3,"name":"STEAMERY Cirrus 2 Tragbarer Dampfgarer Blau"}]},{"@type":"WebSite","@id":"https:\/\/www.erresse-shop.it\/de\/#website","url":"https:\/\/www.erresse-shop.it\/de\/","name":"Erresse Shop","description":"Articoli di qualit\u00e0 per la casa","potentialAction":[{"@type":"SearchAction","target":{"@type":"EntryPoint","urlTemplate":"https:\/\/www.erresse-shop.it\/de\/?s={search_term_string}"},"query-input":"required name=search_term_string"}],"inLanguage":"de-DE"}]}},"df_price":71.5,"df_sale_price":71.5,"df_regular_price":130,"df_image_link":"https:\/\/www.erresse-shop.it\/wp-content\/uploads\/2023\/03\/Steamery-Cirrus-2-Piroscafo-portatile-Grigio-300x300.jpg","_links":{"self":[{"href":"https:\/\/www.erresse-shop.it\/de\/wp-json\/wp\/v2\/product\/246552"}],"collection":[{"href":"https:\/\/www.erresse-shop.it\/de\/wp-json\/wp\/v2\/product"}],"about":[{"href":"https:\/\/www.erresse-shop.it\/de\/wp-json\/wp\/v2\/types\/product"}],"wp:featuredmedia":[{"embeddable":true,"href":"https:\/\/www.erresse-shop.it\/de\/wp-json\/wp\/v2\/media\/246479"}],"wp:attachment":[{"href":"https:\/\/www.erresse-shop.it\/de\/wp-json\/wp\/v2\/media?parent=246552"}],"wp:term":[{"taxonomy":"product_cat","embeddable":true,"href":"https:\/\/www.erresse-shop.it\/de\/wp-json\/wp\/v2\/product_cat?post=246552"},{"taxonomy":"product_tag","embeddable":true,"href":"https:\/\/www.erresse-shop.it\/de\/wp-json\/wp\/v2\/product_tag?post=246552"}],"curies":[{"name":"wp","href":"https:\/\/api.w.org\/{rel}","templated":true}]}}