{"id":246421,"date":"2023-03-03T09:49:58","date_gmt":"2023-03-03T09:49:59","guid":{"rendered":"https:\/\/www.erresse-shop.it\/?post_type=product&#038;p=246421"},"modified":"2025-01-16T16:00:03","modified_gmt":"2025-01-16T16:00:03","slug":"g3-ferrari-artiko","status":"publish","type":"product","link":"https:\/\/www.erresse-shop.it\/de\/shop\/kleine-elektrogeraete\/eismaschinen\/g3-ferrari-artiko\/","title":{"rendered":"G3 FERRARI Artiko"},"content":{"rendered":"<p>Die Bereitstellung von kalten Getr\u00e4nken in gro\u00dfen Mengen und in kurzer Zeit oder die Aufbewahrung von Lebensmitteln auf einem kalten Bett sind keine unl\u00f6sbaren Probleme mehr: Mit <strong>ARTIKO<\/strong> haben Sie eine praktische und wirtschaftliche L\u00f6sung im Haus. Mit geringem Platzbedarf und niedrigem Energieverbrauch erf\u00fcllt dieser Eisbereiter problemlos die Bed\u00fcrfnisse von Haushalten, aber auch von kleinen Unternehmen und Gemeinden.<\/p>\n<p>In 24 Stunden k\u00f6nnen ca. 1400 Hohlw\u00fcrfel hergestellt werden, ein immer verf\u00fcgbarer Vorrat zu jeder Jahreszeit und bei jeder Temperatur, mit nat\u00fcrlichem oder trinkbarem Leitungswasser.<\/p>\n<p><strong>Technische Daten<\/strong><\/p>\n<ul>\n<li>M\u00f6glichkeit der Einstellung von 2 W\u00fcrfelgr\u00f6\u00dfen: klein und gro\u00df<\/li>\n<li>Produktionskapazit\u00e4t: 12 kg in 24 Stunden (ca. 1400 W\u00fcrfel)<\/li>\n<li>Fassungsverm\u00f6gen des Wasserbeh\u00e4lters: 1,2 l<\/li>\n<li>Fassungsverm\u00f6gen des Eisbeh\u00e4lters: ca. 600g<\/li>\n<li>Automatische Abschaltung bei leerem Wasserbeh\u00e4lter oder vollem Eisbeh\u00e4lter<\/li>\n<li>Automatischer und leiser Betrieb<\/li>\n<li>Hochmoderner Kompressor mit umweltfreundlichem Gas<\/li>\n<li>\u00d6kologisches Gas R600a, 22g<\/li>\n<li>Zubeh\u00f6r: Eisschale, Schaufel<\/li>\n<li>Stromversorgung: AC 230V ~ 50Hz<\/li>\n<li>Abmessungen (B x H x T): 22 x 29 x 28,5 cm<\/li>\n<li>Gewicht: 6,2 kg<\/li>\n<\/ul>\n<p><strong>Nicht zum Verkauf au\u00dferhalb Europas<\/strong><\/p>\n","protected":false},"excerpt":{"rendered":"<p>Die Bereitstellung von kalten Getr\u00e4nken in gro\u00dfen Mengen und in kurzer Zeit oder die Aufbewahrung von Lebensmitteln auf einem kalten<\/p>\n","protected":false},"featured_media":246466,"template":"","meta":{"_acf_changed":false,"inline_featured_image":false},"product_cat":[6739,6703],"product_tag":[23911,23691,21822],"acf":[],"yoast_head":"<!-- This site is optimized with the Yoast SEO Premium plugin v18.6 (Yoast SEO v19.13) - https:\/\/yoast.com\/wordpress\/plugins\/seo\/ -->\n<title>G3 FERRARI Artiko<\/title>\n<meta name=\"description\" content=\"Entdecken Sie G3 FERRARI Artiko bei ErresseShop. Qualit\u00e4t, Stil und Funktionalit\u00e4t \u2013 jetzt online bestellen!\" \/>\n<meta name=\"robots\" content=\"index, follow, max-snippet:-1, max-image-preview:large, max-video-preview:-1\" \/>\n<link rel=\"canonical\" href=\"https:\/\/www.erresse-shop.it\/de\/shop\/kleine-elektrogeraete\/eismaschinen\/g3-ferrari-artiko\/\" \/>\n<meta property=\"og:locale\" content=\"de_DE\" \/>\n<meta property=\"og:type\" content=\"article\" \/>\n<meta property=\"og:title\" content=\"G3 FERRARI Artiko\" \/>\n<meta property=\"og:description\" content=\"Entdecken Sie G3 FERRARI Artiko bei ErresseShop. Qualit\u00e4t, Stil und Funktionalit\u00e4t \u2013 jetzt online bestellen!\" \/>\n<meta property=\"og:url\" content=\"https:\/\/www.erresse-shop.it\/de\/shop\/kleine-elektrogeraete\/eismaschinen\/g3-ferrari-artiko\/\" \/>\n<meta property=\"og:site_name\" content=\"Erresse Shop\" \/>\n<meta property=\"article:modified_time\" content=\"2025-01-16T16:00:03+00:00\" \/>\n<meta property=\"og:image\" content=\"https:\/\/www.erresse-shop.it\/wp-content\/uploads\/2023\/03\/G3-FERRARI-Artiko.jpg\" \/>\n\t<meta property=\"og:image:width\" content=\"800\" \/>\n\t<meta property=\"og:image:height\" content=\"800\" \/>\n\t<meta property=\"og:image:type\" content=\"image\/jpeg\" \/>\n<meta name=\"twitter:card\" content=\"summary_large_image\" \/>\n<script type=\"application\/ld+json\" class=\"yoast-schema-graph\">{\"@context\":\"https:\/\/schema.org\",\"@graph\":[{\"@type\":\"WebPage\",\"@id\":\"https:\/\/www.erresse-shop.it\/de\/shop\/kleine-elektrogeraete\/eismaschinen\/g3-ferrari-artiko\/\",\"url\":\"https:\/\/www.erresse-shop.it\/de\/shop\/kleine-elektrogeraete\/eismaschinen\/g3-ferrari-artiko\/\",\"name\":\"G3 FERRARI Artiko\",\"isPartOf\":{\"@id\":\"https:\/\/www.erresse-shop.it\/de\/#website\"},\"datePublished\":\"2023-03-03T09:49:59+00:00\",\"dateModified\":\"2025-01-16T16:00:03+00:00\",\"description\":\"Entdecken Sie G3 FERRARI Artiko bei ErresseShop. Qualit\u00e4t, Stil und Funktionalit\u00e4t \u2013 jetzt online bestellen!\",\"breadcrumb\":{\"@id\":\"https:\/\/www.erresse-shop.it\/de\/shop\/kleine-elektrogeraete\/eismaschinen\/g3-ferrari-artiko\/#breadcrumb\"},\"inLanguage\":\"de-DE\",\"potentialAction\":[{\"@type\":\"ReadAction\",\"target\":[\"https:\/\/www.erresse-shop.it\/de\/shop\/kleine-elektrogeraete\/eismaschinen\/g3-ferrari-artiko\/\"]}]},{\"@type\":\"BreadcrumbList\",\"@id\":\"https:\/\/www.erresse-shop.it\/de\/shop\/kleine-elektrogeraete\/eismaschinen\/g3-ferrari-artiko\/#breadcrumb\",\"itemListElement\":[{\"@type\":\"ListItem\",\"position\":1,\"name\":\"Home\",\"item\":\"https:\/\/www.erresse-shop.it\/de\/\"},{\"@type\":\"ListItem\",\"position\":2,\"name\":\"Shop\",\"item\":\"https:\/\/www.erresse-shop.it\/de\/shop\/\"},{\"@type\":\"ListItem\",\"position\":3,\"name\":\"G3 FERRARI Artiko\"}]},{\"@type\":\"WebSite\",\"@id\":\"https:\/\/www.erresse-shop.it\/de\/#website\",\"url\":\"https:\/\/www.erresse-shop.it\/de\/\",\"name\":\"Erresse Shop\",\"description\":\"Articoli di qualit\u00e0 per la casa\",\"potentialAction\":[{\"@type\":\"SearchAction\",\"target\":{\"@type\":\"EntryPoint\",\"urlTemplate\":\"https:\/\/www.erresse-shop.it\/de\/?s={search_term_string}\"},\"query-input\":\"required name=search_term_string\"}],\"inLanguage\":\"de-DE\"}]}<\/script>\n<!-- \/ Yoast SEO Premium plugin. -->","yoast_head_json":{"title":"G3 FERRARI Artiko","description":"Entdecken Sie G3 FERRARI Artiko bei ErresseShop. Qualit\u00e4t, Stil und Funktionalit\u00e4t \u2013 jetzt online bestellen!","robots":{"index":"index","follow":"follow","max-snippet":"max-snippet:-1","max-image-preview":"max-image-preview:large","max-video-preview":"max-video-preview:-1"},"canonical":"https:\/\/www.erresse-shop.it\/de\/shop\/kleine-elektrogeraete\/eismaschinen\/g3-ferrari-artiko\/","og_locale":"de_DE","og_type":"article","og_title":"G3 FERRARI Artiko","og_description":"Entdecken Sie G3 FERRARI Artiko bei ErresseShop. Qualit\u00e4t, Stil und Funktionalit\u00e4t \u2013 jetzt online bestellen!","og_url":"https:\/\/www.erresse-shop.it\/de\/shop\/kleine-elektrogeraete\/eismaschinen\/g3-ferrari-artiko\/","og_site_name":"Erresse Shop","article_modified_time":"2025-01-16T16:00:03+00:00","og_image":[{"width":800,"height":800,"url":"https:\/\/www.erresse-shop.it\/wp-content\/uploads\/2023\/03\/G3-FERRARI-Artiko.jpg","type":"image\/jpeg"}],"twitter_card":"summary_large_image","schema":{"@context":"https:\/\/schema.org","@graph":[{"@type":"WebPage","@id":"https:\/\/www.erresse-shop.it\/de\/shop\/kleine-elektrogeraete\/eismaschinen\/g3-ferrari-artiko\/","url":"https:\/\/www.erresse-shop.it\/de\/shop\/kleine-elektrogeraete\/eismaschinen\/g3-ferrari-artiko\/","name":"G3 FERRARI Artiko","isPartOf":{"@id":"https:\/\/www.erresse-shop.it\/de\/#website"},"datePublished":"2023-03-03T09:49:59+00:00","dateModified":"2025-01-16T16:00:03+00:00","description":"Entdecken Sie G3 FERRARI Artiko bei ErresseShop. Qualit\u00e4t, Stil und Funktionalit\u00e4t \u2013 jetzt online bestellen!","breadcrumb":{"@id":"https:\/\/www.erresse-shop.it\/de\/shop\/kleine-elektrogeraete\/eismaschinen\/g3-ferrari-artiko\/#breadcrumb"},"inLanguage":"de-DE","potentialAction":[{"@type":"ReadAction","target":["https:\/\/www.erresse-shop.it\/de\/shop\/kleine-elektrogeraete\/eismaschinen\/g3-ferrari-artiko\/"]}]},{"@type":"BreadcrumbList","@id":"https:\/\/www.erresse-shop.it\/de\/shop\/kleine-elektrogeraete\/eismaschinen\/g3-ferrari-artiko\/#breadcrumb","itemListElement":[{"@type":"ListItem","position":1,"name":"Home","item":"https:\/\/www.erresse-shop.it\/de\/"},{"@type":"ListItem","position":2,"name":"Shop","item":"https:\/\/www.erresse-shop.it\/de\/shop\/"},{"@type":"ListItem","position":3,"name":"G3 FERRARI Artiko"}]},{"@type":"WebSite","@id":"https:\/\/www.erresse-shop.it\/de\/#website","url":"https:\/\/www.erresse-shop.it\/de\/","name":"Erresse Shop","description":"Articoli di qualit\u00e0 per la casa","potentialAction":[{"@type":"SearchAction","target":{"@type":"EntryPoint","urlTemplate":"https:\/\/www.erresse-shop.it\/de\/?s={search_term_string}"},"query-input":"required name=search_term_string"}],"inLanguage":"de-DE"}]}},"df_price":184.9,"df_sale_price":184.9,"df_regular_price":184.9,"df_image_link":"https:\/\/www.erresse-shop.it\/wp-content\/uploads\/2023\/03\/G3-FERRARI-Artiko-300x300.jpg","_links":{"self":[{"href":"https:\/\/www.erresse-shop.it\/de\/wp-json\/wp\/v2\/product\/246421"}],"collection":[{"href":"https:\/\/www.erresse-shop.it\/de\/wp-json\/wp\/v2\/product"}],"about":[{"href":"https:\/\/www.erresse-shop.it\/de\/wp-json\/wp\/v2\/types\/product"}],"wp:featuredmedia":[{"embeddable":true,"href":"https:\/\/www.erresse-shop.it\/de\/wp-json\/wp\/v2\/media\/246466"}],"wp:attachment":[{"href":"https:\/\/www.erresse-shop.it\/de\/wp-json\/wp\/v2\/media?parent=246421"}],"wp:term":[{"taxonomy":"product_cat","embeddable":true,"href":"https:\/\/www.erresse-shop.it\/de\/wp-json\/wp\/v2\/product_cat?post=246421"},{"taxonomy":"product_tag","embeddable":true,"href":"https:\/\/www.erresse-shop.it\/de\/wp-json\/wp\/v2\/product_tag?post=246421"}],"curies":[{"name":"wp","href":"https:\/\/api.w.org\/{rel}","templated":true}]}}