{"id":246259,"date":"2020-09-22T10:15:26","date_gmt":"2020-09-22T10:15:26","guid":{"rendered":"https:\/\/www.erresse-shop.it\/shop\/unkategorisiert\/emile-henry-geschnittenes-brot-grand-cru\/"},"modified":"2025-05-15T16:38:11","modified_gmt":"2025-05-15T16:38:11","slug":"emile-henry-geschnittenes-brot-grand-cru","status":"publish","type":"product","link":"https:\/\/www.erresse-shop.it\/de\/shop\/toepfe-pfannen\/brotbackofen\/emile-henry-geschnittenes-brot-grand-cru\/","title":{"rendered":"EMILE HENRY Geschnittenes Brot Grand Cru"},"content":{"rendered":"<p>Emile Henry wurde 1850 gegr\u00fcndet.<br \/>\nDie Keramik von Emile Henry erm\u00f6glicht eine allm\u00e4hliche W\u00e4rmeverteilung zum Garen von Speisen bei geringer Hitze, um den Geschmack und das Aroma sowie die in den Speisen vorhandenen nat\u00fcrlichen Elemente unver\u00e4ndert zu erhalten.<br \/>\nDas gesunde Garen der Emile Henry-Keramik bei niedrigen Temperaturen bewahrt den Geschmack, bewahrt Vitamine und N\u00e4hrwerte.<br \/>\nDie Produkte von Emile Henry werden aus nat\u00fcrlichen Komponenten hergestellt: unbehandelter Ton f\u00fcr die Mischung, Sand, gefiltertes Wasser, nat\u00fcrliche Mineraloxide f\u00fcr die Farben. Gesundheitssch\u00e4dliche Schwermetalle kommen in den Produkten von Emile Henry nicht vor: blei-, cadmium- und nickelfrei.<br \/>\nEmile Henry-Produkte sind sto\u00dffest und k\u00f6nnen bei gro\u00dfen Temperaturschwankungen verwendet werden. Sie k\u00f6nnen in der Sp\u00fclmaschine verwendet werden.<\/p>\n<p>Mit dem Brotbackautomaten von Emile Henry k\u00f6nnen Sie gro\u00dfe, gro\u00dfz\u00fcgige Brote (bis zu 1,5 kg) backen, die sich leicht in gleich gro\u00dfe Scheiben schneiden lassen.<\/p>\n<p>Um den Geschmack und die Konsistenz von Brot (glutenfreies Brot, Roggenbrot usw.) zu variieren, k\u00f6nnen Sie verschiedene Mehle miteinander mischen.<\/p>\n<p>Dank des gew\u00f6lbten Deckels aus feuerfester Keramik schafft der Brotbackofen die gleichen Bedingungen wie ein herk\u00f6mmlicher Brotbackofen, mit der richtigen Luftfeuchtigkeit beim Backen, um eine goldene und knusprige Kruste mit einem weichen und luftigen Innenraum zu erhalten.<\/p>\n<p>Die Rippen an der Unterseite verhindern ein Ankleben des Brotes und die kleinen Griffe erm\u00f6glichen eine einfache Handhabung, auch wenn es hei\u00df ist.<\/p>\n<p>Der Sockel passt zur einfachen Aufbewahrung auch in den Deckel. Italienisches Brot, k\u00f6rniges Zopfbrot oder mit Zwiebeln, mit dem Brotbackautomaten k\u00f6nnen Sie die unterschiedlichsten Rezepte backen!<\/p>\n<p>L\u00e4nge \/ Durchmesser &#8211; 39 cm<br \/>\nBreite: 16,5 cm<br \/>\nH\u00f6he: 15 cm<br \/>\nInnenl\u00e4nge \/ Durchmesser &#8211; 33,5 cm<br \/>\nInnenbreite: 13 cm<br \/>\nInnenh\u00f6he: 14 cm<br \/>\nNutzinhalt &#8211; 2,3 l<br \/>\nFassungsverm\u00f6gen: 4,5 Liter<br \/>\nGewicht &#8211; KG 3<br \/>\nMaximale Temperatur &#8211; \u00b0C 270 \u00b0C<br \/>\nMindesttemperatur &#8211; \u00b0C -20 \u00b0C<\/p>\n","protected":false},"excerpt":{"rendered":"<p>Emile Henry wurde 1850 gegr\u00fcndet. Die Keramik von Emile Henry erm\u00f6glicht eine allm\u00e4hliche W\u00e4rmeverteilung zum Garen von Speisen bei geringer<\/p>\n","protected":false},"featured_media":75664,"template":"","meta":{"_acf_changed":false,"inline_featured_image":false},"product_cat":[6709,26048],"product_tag":[],"acf":[],"yoast_head":"<!-- This site is optimized with the Yoast SEO Premium plugin v18.6 (Yoast SEO v19.13) - https:\/\/yoast.com\/wordpress\/plugins\/seo\/ -->\n<title>EMILE HENRY Geschnittenes Brot EH349504 Grand Cru<\/title>\n<meta name=\"description\" content=\"Entdecken Sie EMILE HENRY Geschnittenes Brot EH349504 Grand Cru bei ErresseShop. Qualit\u00e4t, Stil und Funktionalit\u00e4t \u2013 jetzt online bestellen!\" \/>\n<meta name=\"robots\" content=\"index, follow, max-snippet:-1, max-image-preview:large, max-video-preview:-1\" \/>\n<link rel=\"canonical\" href=\"https:\/\/www.erresse-shop.it\/de\/shop\/toepfe-pfannen\/brotbackofen\/emile-henry-geschnittenes-brot-grand-cru\/\" \/>\n<meta property=\"og:locale\" content=\"de_DE\" \/>\n<meta property=\"og:type\" content=\"article\" \/>\n<meta property=\"og:title\" content=\"EMILE HENRY Geschnittenes Brot Grand Cru\" \/>\n<meta property=\"og:description\" content=\"Entdecken Sie EMILE HENRY Geschnittenes Brot EH349504 Grand Cru bei ErresseShop. Qualit\u00e4t, Stil und Funktionalit\u00e4t \u2013 jetzt online bestellen!\" \/>\n<meta property=\"og:url\" content=\"https:\/\/www.erresse-shop.it\/de\/shop\/toepfe-pfannen\/brotbackofen\/emile-henry-geschnittenes-brot-grand-cru\/\" \/>\n<meta property=\"og:site_name\" content=\"Erresse Shop\" \/>\n<meta property=\"article:modified_time\" content=\"2025-05-15T16:38:11+00:00\" \/>\n<meta property=\"og:image\" content=\"https:\/\/www.erresse-shop.it\/wp-content\/uploads\/2020\/09\/EH349503.jpg\" \/>\n\t<meta property=\"og:image:width\" content=\"800\" \/>\n\t<meta property=\"og:image:height\" content=\"800\" \/>\n\t<meta property=\"og:image:type\" content=\"image\/jpeg\" \/>\n<meta name=\"twitter:card\" content=\"summary_large_image\" \/>\n<script type=\"application\/ld+json\" class=\"yoast-schema-graph\">{\"@context\":\"https:\/\/schema.org\",\"@graph\":[{\"@type\":\"WebPage\",\"@id\":\"https:\/\/www.erresse-shop.it\/de\/shop\/toepfe-pfannen\/brotbackofen\/emile-henry-geschnittenes-brot-grand-cru\/\",\"url\":\"https:\/\/www.erresse-shop.it\/de\/shop\/toepfe-pfannen\/brotbackofen\/emile-henry-geschnittenes-brot-grand-cru\/\",\"name\":\"EMILE HENRY Geschnittenes Brot EH349504 Grand Cru\",\"isPartOf\":{\"@id\":\"https:\/\/www.erresse-shop.it\/de\/#website\"},\"datePublished\":\"2020-09-22T10:15:26+00:00\",\"dateModified\":\"2025-05-15T16:38:11+00:00\",\"description\":\"Entdecken Sie EMILE HENRY Geschnittenes Brot EH349504 Grand Cru bei ErresseShop. Qualit\u00e4t, Stil und Funktionalit\u00e4t \u2013 jetzt online bestellen!\",\"breadcrumb\":{\"@id\":\"https:\/\/www.erresse-shop.it\/de\/shop\/toepfe-pfannen\/brotbackofen\/emile-henry-geschnittenes-brot-grand-cru\/#breadcrumb\"},\"inLanguage\":\"de-DE\",\"potentialAction\":[{\"@type\":\"ReadAction\",\"target\":[\"https:\/\/www.erresse-shop.it\/de\/shop\/toepfe-pfannen\/brotbackofen\/emile-henry-geschnittenes-brot-grand-cru\/\"]}]},{\"@type\":\"BreadcrumbList\",\"@id\":\"https:\/\/www.erresse-shop.it\/de\/shop\/toepfe-pfannen\/brotbackofen\/emile-henry-geschnittenes-brot-grand-cru\/#breadcrumb\",\"itemListElement\":[{\"@type\":\"ListItem\",\"position\":1,\"name\":\"Home\",\"item\":\"https:\/\/www.erresse-shop.it\/de\/\"},{\"@type\":\"ListItem\",\"position\":2,\"name\":\"Shop\",\"item\":\"https:\/\/www.erresse-shop.it\/de\/shop\/\"},{\"@type\":\"ListItem\",\"position\":3,\"name\":\"EMILE HENRY Geschnittenes Brot Grand Cru\"}]},{\"@type\":\"WebSite\",\"@id\":\"https:\/\/www.erresse-shop.it\/de\/#website\",\"url\":\"https:\/\/www.erresse-shop.it\/de\/\",\"name\":\"Erresse Shop\",\"description\":\"Articoli di qualit\u00e0 per la casa\",\"potentialAction\":[{\"@type\":\"SearchAction\",\"target\":{\"@type\":\"EntryPoint\",\"urlTemplate\":\"https:\/\/www.erresse-shop.it\/de\/?s={search_term_string}\"},\"query-input\":\"required name=search_term_string\"}],\"inLanguage\":\"de-DE\"}]}<\/script>\n<!-- \/ Yoast SEO Premium plugin. -->","yoast_head_json":{"title":"EMILE HENRY Geschnittenes Brot EH349504 Grand Cru","description":"Entdecken Sie EMILE HENRY Geschnittenes Brot EH349504 Grand Cru bei ErresseShop. Qualit\u00e4t, Stil und Funktionalit\u00e4t \u2013 jetzt online bestellen!","robots":{"index":"index","follow":"follow","max-snippet":"max-snippet:-1","max-image-preview":"max-image-preview:large","max-video-preview":"max-video-preview:-1"},"canonical":"https:\/\/www.erresse-shop.it\/de\/shop\/toepfe-pfannen\/brotbackofen\/emile-henry-geschnittenes-brot-grand-cru\/","og_locale":"de_DE","og_type":"article","og_title":"EMILE HENRY Geschnittenes Brot Grand Cru","og_description":"Entdecken Sie EMILE HENRY Geschnittenes Brot EH349504 Grand Cru bei ErresseShop. Qualit\u00e4t, Stil und Funktionalit\u00e4t \u2013 jetzt online bestellen!","og_url":"https:\/\/www.erresse-shop.it\/de\/shop\/toepfe-pfannen\/brotbackofen\/emile-henry-geschnittenes-brot-grand-cru\/","og_site_name":"Erresse Shop","article_modified_time":"2025-05-15T16:38:11+00:00","og_image":[{"width":800,"height":800,"url":"https:\/\/www.erresse-shop.it\/wp-content\/uploads\/2020\/09\/EH349503.jpg","type":"image\/jpeg"}],"twitter_card":"summary_large_image","schema":{"@context":"https:\/\/schema.org","@graph":[{"@type":"WebPage","@id":"https:\/\/www.erresse-shop.it\/de\/shop\/toepfe-pfannen\/brotbackofen\/emile-henry-geschnittenes-brot-grand-cru\/","url":"https:\/\/www.erresse-shop.it\/de\/shop\/toepfe-pfannen\/brotbackofen\/emile-henry-geschnittenes-brot-grand-cru\/","name":"EMILE HENRY Geschnittenes Brot EH349504 Grand Cru","isPartOf":{"@id":"https:\/\/www.erresse-shop.it\/de\/#website"},"datePublished":"2020-09-22T10:15:26+00:00","dateModified":"2025-05-15T16:38:11+00:00","description":"Entdecken Sie EMILE HENRY Geschnittenes Brot EH349504 Grand Cru bei ErresseShop. Qualit\u00e4t, Stil und Funktionalit\u00e4t \u2013 jetzt online bestellen!","breadcrumb":{"@id":"https:\/\/www.erresse-shop.it\/de\/shop\/toepfe-pfannen\/brotbackofen\/emile-henry-geschnittenes-brot-grand-cru\/#breadcrumb"},"inLanguage":"de-DE","potentialAction":[{"@type":"ReadAction","target":["https:\/\/www.erresse-shop.it\/de\/shop\/toepfe-pfannen\/brotbackofen\/emile-henry-geschnittenes-brot-grand-cru\/"]}]},{"@type":"BreadcrumbList","@id":"https:\/\/www.erresse-shop.it\/de\/shop\/toepfe-pfannen\/brotbackofen\/emile-henry-geschnittenes-brot-grand-cru\/#breadcrumb","itemListElement":[{"@type":"ListItem","position":1,"name":"Home","item":"https:\/\/www.erresse-shop.it\/de\/"},{"@type":"ListItem","position":2,"name":"Shop","item":"https:\/\/www.erresse-shop.it\/de\/shop\/"},{"@type":"ListItem","position":3,"name":"EMILE HENRY Geschnittenes Brot Grand Cru"}]},{"@type":"WebSite","@id":"https:\/\/www.erresse-shop.it\/de\/#website","url":"https:\/\/www.erresse-shop.it\/de\/","name":"Erresse Shop","description":"Articoli di qualit\u00e0 per la casa","potentialAction":[{"@type":"SearchAction","target":{"@type":"EntryPoint","urlTemplate":"https:\/\/www.erresse-shop.it\/de\/?s={search_term_string}"},"query-input":"required name=search_term_string"}],"inLanguage":"de-DE"}]}},"df_price":99.76200000000001,"df_sale_price":99.76200000000001,"df_regular_price":127.9,"df_image_link":"https:\/\/www.erresse-shop.it\/wp-content\/uploads\/2020\/09\/EH349503-300x300.jpg","_links":{"self":[{"href":"https:\/\/www.erresse-shop.it\/de\/wp-json\/wp\/v2\/product\/246259"}],"collection":[{"href":"https:\/\/www.erresse-shop.it\/de\/wp-json\/wp\/v2\/product"}],"about":[{"href":"https:\/\/www.erresse-shop.it\/de\/wp-json\/wp\/v2\/types\/product"}],"wp:featuredmedia":[{"embeddable":true,"href":"https:\/\/www.erresse-shop.it\/de\/wp-json\/wp\/v2\/media\/75664"}],"wp:attachment":[{"href":"https:\/\/www.erresse-shop.it\/de\/wp-json\/wp\/v2\/media?parent=246259"}],"wp:term":[{"taxonomy":"product_cat","embeddable":true,"href":"https:\/\/www.erresse-shop.it\/de\/wp-json\/wp\/v2\/product_cat?post=246259"},{"taxonomy":"product_tag","embeddable":true,"href":"https:\/\/www.erresse-shop.it\/de\/wp-json\/wp\/v2\/product_tag?post=246259"}],"curies":[{"name":"wp","href":"https:\/\/api.w.org\/{rel}","templated":true}]}}