{"id":244675,"date":"2023-02-28T15:50:44","date_gmt":"2023-02-28T15:50:45","guid":{"rendered":"https:\/\/www.erresse-shop.it\/?post_type=product&#038;p=244675"},"modified":"2025-01-16T16:00:01","modified_gmt":"2025-01-16T16:00:01","slug":"g3-ferrari-pastaio-elegance","status":"publish","type":"product","link":"https:\/\/www.erresse-shop.it\/de\/shop\/kleine-elektrogeraete\/knetmaschinen\/g3-ferrari-pastaio-elegance\/","title":{"rendered":"G3 FERRARI Pastaio Elegance"},"content":{"rendered":"<p><strong>TOP-DESIGN UND LEISTUNG IN EINEM PRODUKT<\/strong><br \/>\nPastaio Elegance ist ein Standmixer mit innovativem und elegantem Design, der dank des Metallgeh\u00e4uses und des Getriebes gleichzeitig solide und zuverl\u00e4ssig ist. Die Struktur des Direktantriebs ohne Riemen erm\u00f6glicht es, die gesamte Kraft des Motors auf das Planetengetriebe zu \u00fcbertragen, um mehr Teig in k\u00fcrzerer Zeit zu kneten.<\/p>\n<p>Ausgestattet mit einer gro\u00dfen 8-Liter-Sch\u00fcssel, einem intuitiven Touchscreen-Display mit 10 Geschwindigkeitsstufen und einem Timer ist die <strong>Pastaio Elegance<\/strong> vielseitig einsetzbar und eine gro\u00dfe Hilfe f\u00fcr zu Hause: Sie garantiert hervorragende Ergebnisse mit all ihren Zubeh\u00f6rteilen: dem Knethaken zum Kneten, dem Mixerzubeh\u00f6r f\u00fcr weiche Teige und dem R\u00fchrbesen zum Aufschlagen.<\/p>\n<p><strong>Technische Daten<\/strong><br \/>\n&#8211; Leistung: 1800W (2300W Max)<br \/>\n&#8211; Touchscreen-Display<br \/>\n&#8211; 10 Geschwindigkeiten und Timer<br \/>\n&#8211; Direct Force: direkter Antrieb des Motors, f\u00fcr maximale Effizienz und Zuverl\u00e4ssigkeit<br \/>\n&#8211; 8-Liter-Edelstahlsch\u00fcssel mit Deckel<br \/>\n&#8211; Kann bis zu 3,5 kg Zutaten verarbeiten<br \/>\n&#8211; Metallgeh\u00e4use<br \/>\n&#8211; Antirutschf\u00fc\u00dfe und Sicherheitsschalter<br \/>\n&#8211; Zubeh\u00f6r: Knethaken und Mixer f\u00fcr weichen Teig aus Aluminium, R\u00fchrbesen aus Edelstahl, Deckel aus transparentem Kunststoff<br \/>\n&#8211; Stromanschluss: AC 220-240V ~ 50-60Hz<\/p>\n","protected":false},"excerpt":{"rendered":"<p>TOP-DESIGN UND LEISTUNG IN EINEM PRODUKT Pastaio Elegance ist ein Standmixer mit innovativem und elegantem Design, der dank des Metallgeh\u00e4uses<\/p>\n","protected":false},"featured_media":457963,"template":"","meta":{"_acf_changed":false,"inline_featured_image":false},"product_cat":[6703,14475],"product_tag":[23691,12358,14837],"acf":[],"yoast_head":"<!-- This site is optimized with the Yoast SEO Premium plugin v18.6 (Yoast SEO v19.13) - https:\/\/yoast.com\/wordpress\/plugins\/seo\/ -->\n<title>G3 FERRARI Pastaio Elegance<\/title>\n<meta name=\"description\" content=\"Entdecken Sie G3 FERRARI Pastaio Elegance bei ErresseShop. Qualit\u00e4t, Stil und Funktionalit\u00e4t \u2013 jetzt online bestellen!\" \/>\n<meta name=\"robots\" content=\"index, follow, max-snippet:-1, max-image-preview:large, max-video-preview:-1\" \/>\n<link rel=\"canonical\" href=\"https:\/\/www.erresse-shop.it\/de\/shop\/kleine-elektrogeraete\/knetmaschinen\/g3-ferrari-pastaio-elegance\/\" \/>\n<meta property=\"og:locale\" content=\"de_DE\" \/>\n<meta property=\"og:type\" content=\"article\" \/>\n<meta property=\"og:title\" content=\"G3 FERRARI Pastaio Elegance\" \/>\n<meta property=\"og:description\" content=\"Entdecken Sie G3 FERRARI Pastaio Elegance bei ErresseShop. Qualit\u00e4t, Stil und Funktionalit\u00e4t \u2013 jetzt online bestellen!\" \/>\n<meta property=\"og:url\" content=\"https:\/\/www.erresse-shop.it\/de\/shop\/kleine-elektrogeraete\/knetmaschinen\/g3-ferrari-pastaio-elegance\/\" \/>\n<meta property=\"og:site_name\" content=\"Erresse Shop\" \/>\n<meta property=\"article:modified_time\" content=\"2025-01-16T16:00:01+00:00\" \/>\n<meta property=\"og:image\" content=\"https:\/\/www.erresse-shop.it\/wp-content\/uploads\/2023\/02\/G3-FERRARI-Pastaio-Elegance.jpg\" \/>\n\t<meta property=\"og:image:width\" content=\"1200\" \/>\n\t<meta property=\"og:image:height\" content=\"1200\" \/>\n\t<meta property=\"og:image:type\" content=\"image\/jpeg\" \/>\n<meta name=\"twitter:card\" content=\"summary_large_image\" \/>\n<script type=\"application\/ld+json\" class=\"yoast-schema-graph\">{\"@context\":\"https:\/\/schema.org\",\"@graph\":[{\"@type\":\"WebPage\",\"@id\":\"https:\/\/www.erresse-shop.it\/de\/shop\/kleine-elektrogeraete\/knetmaschinen\/g3-ferrari-pastaio-elegance\/\",\"url\":\"https:\/\/www.erresse-shop.it\/de\/shop\/kleine-elektrogeraete\/knetmaschinen\/g3-ferrari-pastaio-elegance\/\",\"name\":\"G3 FERRARI Pastaio Elegance\",\"isPartOf\":{\"@id\":\"https:\/\/www.erresse-shop.it\/de\/#website\"},\"datePublished\":\"2023-02-28T15:50:45+00:00\",\"dateModified\":\"2025-01-16T16:00:01+00:00\",\"description\":\"Entdecken Sie G3 FERRARI Pastaio Elegance bei ErresseShop. Qualit\u00e4t, Stil und Funktionalit\u00e4t \u2013 jetzt online bestellen!\",\"breadcrumb\":{\"@id\":\"https:\/\/www.erresse-shop.it\/de\/shop\/kleine-elektrogeraete\/knetmaschinen\/g3-ferrari-pastaio-elegance\/#breadcrumb\"},\"inLanguage\":\"de-DE\",\"potentialAction\":[{\"@type\":\"ReadAction\",\"target\":[\"https:\/\/www.erresse-shop.it\/de\/shop\/kleine-elektrogeraete\/knetmaschinen\/g3-ferrari-pastaio-elegance\/\"]}]},{\"@type\":\"BreadcrumbList\",\"@id\":\"https:\/\/www.erresse-shop.it\/de\/shop\/kleine-elektrogeraete\/knetmaschinen\/g3-ferrari-pastaio-elegance\/#breadcrumb\",\"itemListElement\":[{\"@type\":\"ListItem\",\"position\":1,\"name\":\"Home\",\"item\":\"https:\/\/www.erresse-shop.it\/de\/\"},{\"@type\":\"ListItem\",\"position\":2,\"name\":\"Shop\",\"item\":\"https:\/\/www.erresse-shop.it\/de\/shop\/\"},{\"@type\":\"ListItem\",\"position\":3,\"name\":\"G3 FERRARI Pastaio Elegance\"}]},{\"@type\":\"WebSite\",\"@id\":\"https:\/\/www.erresse-shop.it\/de\/#website\",\"url\":\"https:\/\/www.erresse-shop.it\/de\/\",\"name\":\"Erresse Shop\",\"description\":\"Articoli di qualit\u00e0 per la casa\",\"potentialAction\":[{\"@type\":\"SearchAction\",\"target\":{\"@type\":\"EntryPoint\",\"urlTemplate\":\"https:\/\/www.erresse-shop.it\/de\/?s={search_term_string}\"},\"query-input\":\"required name=search_term_string\"}],\"inLanguage\":\"de-DE\"}]}<\/script>\n<!-- \/ Yoast SEO Premium plugin. -->","yoast_head_json":{"title":"G3 FERRARI Pastaio Elegance","description":"Entdecken Sie G3 FERRARI Pastaio Elegance bei ErresseShop. Qualit\u00e4t, Stil und Funktionalit\u00e4t \u2013 jetzt online bestellen!","robots":{"index":"index","follow":"follow","max-snippet":"max-snippet:-1","max-image-preview":"max-image-preview:large","max-video-preview":"max-video-preview:-1"},"canonical":"https:\/\/www.erresse-shop.it\/de\/shop\/kleine-elektrogeraete\/knetmaschinen\/g3-ferrari-pastaio-elegance\/","og_locale":"de_DE","og_type":"article","og_title":"G3 FERRARI Pastaio Elegance","og_description":"Entdecken Sie G3 FERRARI Pastaio Elegance bei ErresseShop. Qualit\u00e4t, Stil und Funktionalit\u00e4t \u2013 jetzt online bestellen!","og_url":"https:\/\/www.erresse-shop.it\/de\/shop\/kleine-elektrogeraete\/knetmaschinen\/g3-ferrari-pastaio-elegance\/","og_site_name":"Erresse Shop","article_modified_time":"2025-01-16T16:00:01+00:00","og_image":[{"width":1200,"height":1200,"url":"https:\/\/www.erresse-shop.it\/wp-content\/uploads\/2023\/02\/G3-FERRARI-Pastaio-Elegance.jpg","type":"image\/jpeg"}],"twitter_card":"summary_large_image","schema":{"@context":"https:\/\/schema.org","@graph":[{"@type":"WebPage","@id":"https:\/\/www.erresse-shop.it\/de\/shop\/kleine-elektrogeraete\/knetmaschinen\/g3-ferrari-pastaio-elegance\/","url":"https:\/\/www.erresse-shop.it\/de\/shop\/kleine-elektrogeraete\/knetmaschinen\/g3-ferrari-pastaio-elegance\/","name":"G3 FERRARI Pastaio Elegance","isPartOf":{"@id":"https:\/\/www.erresse-shop.it\/de\/#website"},"datePublished":"2023-02-28T15:50:45+00:00","dateModified":"2025-01-16T16:00:01+00:00","description":"Entdecken Sie G3 FERRARI Pastaio Elegance bei ErresseShop. Qualit\u00e4t, Stil und Funktionalit\u00e4t \u2013 jetzt online bestellen!","breadcrumb":{"@id":"https:\/\/www.erresse-shop.it\/de\/shop\/kleine-elektrogeraete\/knetmaschinen\/g3-ferrari-pastaio-elegance\/#breadcrumb"},"inLanguage":"de-DE","potentialAction":[{"@type":"ReadAction","target":["https:\/\/www.erresse-shop.it\/de\/shop\/kleine-elektrogeraete\/knetmaschinen\/g3-ferrari-pastaio-elegance\/"]}]},{"@type":"BreadcrumbList","@id":"https:\/\/www.erresse-shop.it\/de\/shop\/kleine-elektrogeraete\/knetmaschinen\/g3-ferrari-pastaio-elegance\/#breadcrumb","itemListElement":[{"@type":"ListItem","position":1,"name":"Home","item":"https:\/\/www.erresse-shop.it\/de\/"},{"@type":"ListItem","position":2,"name":"Shop","item":"https:\/\/www.erresse-shop.it\/de\/shop\/"},{"@type":"ListItem","position":3,"name":"G3 FERRARI Pastaio Elegance"}]},{"@type":"WebSite","@id":"https:\/\/www.erresse-shop.it\/de\/#website","url":"https:\/\/www.erresse-shop.it\/de\/","name":"Erresse Shop","description":"Articoli di qualit\u00e0 per la casa","potentialAction":[{"@type":"SearchAction","target":{"@type":"EntryPoint","urlTemplate":"https:\/\/www.erresse-shop.it\/de\/?s={search_term_string}"},"query-input":"required name=search_term_string"}],"inLanguage":"de-DE"}]}},"df_price":379.9,"df_sale_price":379.9,"df_regular_price":379.9,"df_image_link":"https:\/\/www.erresse-shop.it\/wp-content\/uploads\/2023\/02\/G3-FERRARI-Pastaio-Elegance-300x300.jpg","_links":{"self":[{"href":"https:\/\/www.erresse-shop.it\/de\/wp-json\/wp\/v2\/product\/244675"}],"collection":[{"href":"https:\/\/www.erresse-shop.it\/de\/wp-json\/wp\/v2\/product"}],"about":[{"href":"https:\/\/www.erresse-shop.it\/de\/wp-json\/wp\/v2\/types\/product"}],"wp:featuredmedia":[{"embeddable":true,"href":"https:\/\/www.erresse-shop.it\/de\/wp-json\/wp\/v2\/media\/457963"}],"wp:attachment":[{"href":"https:\/\/www.erresse-shop.it\/de\/wp-json\/wp\/v2\/media?parent=244675"}],"wp:term":[{"taxonomy":"product_cat","embeddable":true,"href":"https:\/\/www.erresse-shop.it\/de\/wp-json\/wp\/v2\/product_cat?post=244675"},{"taxonomy":"product_tag","embeddable":true,"href":"https:\/\/www.erresse-shop.it\/de\/wp-json\/wp\/v2\/product_tag?post=244675"}],"curies":[{"name":"wp","href":"https:\/\/api.w.org\/{rel}","templated":true}]}}