{"id":244569,"date":"2023-02-28T14:51:10","date_gmt":"2023-02-28T14:51:11","guid":{"rendered":"https:\/\/www.erresse-shop.it\/?post_type=product&#038;p=244569"},"modified":"2025-01-16T15:59:59","modified_gmt":"2025-01-16T15:59:59","slug":"g3-ferrari-friggisano-22-l","status":"publish","type":"product","link":"https:\/\/www.erresse-shop.it\/de\/shop\/kleine-elektrogeraete\/oefen\/g3-ferrari-friggisano-22-l\/","title":{"rendered":"G3 FERRARI Friggisano 22 L"},"content":{"rendered":"<p><strong>Friggisano<\/strong> 22L ist ein Multifunktionsger\u00e4t, mit dem Sie gesund kochen k\u00f6nnen, ohne auf Geschmack zu verzichten und Energie zu sparen.<\/p>\n<p>Es ist die Weiterentwicklung der Luftfritteuse und erm\u00f6glicht die Zubereitung von schmackhaften und knusprig frittierten Speisen mit bis zu 80 % weniger Fett: Die schnelle Luftzirkulationstechnologie in Verbindung mit der hohen Temperatur (bis zu 230 \u00b0C) erm\u00f6glicht es Ihnen, auch ohne \u00d6l gesunde und leckere Speisen zuzubereiten, ohne auf die Knusprigkeit traditioneller frittierter Speisen zu verzichten. Der Frittierkorb aus rostfreiem Stahl eignet sich perfekt f\u00fcr die Zubereitung leckerer Pommes frites und vieles mehr.<\/p>\n<p>Aber nicht nur&#8230; Der Friggisano 22L ist auch ein Elektrobackofen mit mehreren Funktionen. Sie k\u00f6nnen alle Arten von Lebensmitteln <strong>braten, backen, r\u00f6sten, toasten, auftauen, dehydrieren und aufw\u00e4rmen<\/strong>. Sie haben 6 Kochfunktionen, um die 6 Heizelemente und den leistungsstarken Ventilator zu steuern, eine Innenbeleuchtung, um das Garen der Speisen zu kontrollieren, und die M\u00f6glichkeit, auf 3 verschiedenen Stufen zu kochen, um Zeit und Energie zu sparen.<\/p>\n<p>Der Friggisano ist mit leicht zu reinigenden Innenw\u00e4nden und einer herausnehmbaren Fettauffangschale ausgestattet: selbst die Reinigung ist ein Kinderspiel!<\/p>\n<p><strong>Technische Daten<\/strong><br \/>\n&#8211; Leistung 1700 W<br \/>\n&#8211; 22 Liter Fassungsverm\u00f6gen, mit Innenbeleuchtung<br \/>\n&#8211; Hei\u00dfluftfritteuse und Multifunktionsbackofen: Fritteuse, Backofen, Konvektionsofen, Grill, Konvektionsgrill, Dehydrator<br \/>\n&#8211; Gro\u00dfer Ventilator f\u00fcr die Air Fryer Funktion<br \/>\n&#8211; 6 Heizelemente<br \/>\n&#8211; 6 Kochfunktionen<br \/>\n&#8211; Einstellbare Gartemperatur (bis zu 230\u00b0C) &#8211; 60 Minuten Timer<br \/>\n&#8211; Zubeh\u00f6r: Tablett, Rost, Frittierkorb, Fettauffangschale, Griff<br \/>\n&#8211; Stromanschluss: AC 230V ~ 50\/60 Hz<\/p>\n","protected":false},"excerpt":{"rendered":"<p>Friggisano 22L ist ein Multifunktionsger\u00e4t, mit dem Sie gesund kochen k\u00f6nnen, ohne auf Geschmack zu verzichten und Energie zu sparen.<\/p>\n","protected":false},"featured_media":457832,"template":"","meta":{"_acf_changed":false,"inline_featured_image":false},"product_cat":[6703,25388,15659],"product_tag":[23691,11415,11555,13399,22112,12210,22113,22100],"acf":[],"yoast_head":"<!-- This site is optimized with the Yoast SEO Premium plugin v18.6 (Yoast SEO v19.13) - https:\/\/yoast.com\/wordpress\/plugins\/seo\/ -->\n<title>G3 FERRARI Friggisano 22 L<\/title>\n<meta name=\"description\" content=\"Entdecken Sie G3 FERRARI Friggisano 22 L bei ErresseShop. Qualit\u00e4t, Stil und Funktionalit\u00e4t \u2013 jetzt online bestellen!\" \/>\n<meta name=\"robots\" content=\"index, follow, max-snippet:-1, max-image-preview:large, max-video-preview:-1\" \/>\n<link rel=\"canonical\" href=\"https:\/\/www.erresse-shop.it\/de\/shop\/kleine-elektrogeraete\/oefen\/g3-ferrari-friggisano-22-l\/\" \/>\n<meta property=\"og:locale\" content=\"de_DE\" \/>\n<meta property=\"og:type\" content=\"article\" \/>\n<meta property=\"og:title\" content=\"G3 FERRARI Friggisano 22 L\" \/>\n<meta property=\"og:description\" content=\"Entdecken Sie G3 FERRARI Friggisano 22 L bei ErresseShop. Qualit\u00e4t, Stil und Funktionalit\u00e4t \u2013 jetzt online bestellen!\" \/>\n<meta property=\"og:url\" content=\"https:\/\/www.erresse-shop.it\/de\/shop\/kleine-elektrogeraete\/oefen\/g3-ferrari-friggisano-22-l\/\" \/>\n<meta property=\"og:site_name\" content=\"Erresse Shop\" \/>\n<meta property=\"article:modified_time\" content=\"2025-01-16T15:59:59+00:00\" \/>\n<meta property=\"og:image\" content=\"https:\/\/www.erresse-shop.it\/wp-content\/uploads\/2023\/02\/G3-FERRARI-Friggisano-22-L.jpg\" \/>\n\t<meta property=\"og:image:width\" content=\"1200\" \/>\n\t<meta property=\"og:image:height\" content=\"1200\" \/>\n\t<meta property=\"og:image:type\" content=\"image\/jpeg\" \/>\n<meta name=\"twitter:card\" content=\"summary_large_image\" \/>\n<script type=\"application\/ld+json\" class=\"yoast-schema-graph\">{\"@context\":\"https:\/\/schema.org\",\"@graph\":[{\"@type\":\"WebPage\",\"@id\":\"https:\/\/www.erresse-shop.it\/de\/shop\/kleine-elektrogeraete\/oefen\/g3-ferrari-friggisano-22-l\/\",\"url\":\"https:\/\/www.erresse-shop.it\/de\/shop\/kleine-elektrogeraete\/oefen\/g3-ferrari-friggisano-22-l\/\",\"name\":\"G3 FERRARI Friggisano 22 L\",\"isPartOf\":{\"@id\":\"https:\/\/www.erresse-shop.it\/de\/#website\"},\"datePublished\":\"2023-02-28T14:51:11+00:00\",\"dateModified\":\"2025-01-16T15:59:59+00:00\",\"description\":\"Entdecken Sie G3 FERRARI Friggisano 22 L bei ErresseShop. Qualit\u00e4t, Stil und Funktionalit\u00e4t \u2013 jetzt online bestellen!\",\"breadcrumb\":{\"@id\":\"https:\/\/www.erresse-shop.it\/de\/shop\/kleine-elektrogeraete\/oefen\/g3-ferrari-friggisano-22-l\/#breadcrumb\"},\"inLanguage\":\"de-DE\",\"potentialAction\":[{\"@type\":\"ReadAction\",\"target\":[\"https:\/\/www.erresse-shop.it\/de\/shop\/kleine-elektrogeraete\/oefen\/g3-ferrari-friggisano-22-l\/\"]}]},{\"@type\":\"BreadcrumbList\",\"@id\":\"https:\/\/www.erresse-shop.it\/de\/shop\/kleine-elektrogeraete\/oefen\/g3-ferrari-friggisano-22-l\/#breadcrumb\",\"itemListElement\":[{\"@type\":\"ListItem\",\"position\":1,\"name\":\"Home\",\"item\":\"https:\/\/www.erresse-shop.it\/de\/\"},{\"@type\":\"ListItem\",\"position\":2,\"name\":\"Shop\",\"item\":\"https:\/\/www.erresse-shop.it\/de\/shop\/\"},{\"@type\":\"ListItem\",\"position\":3,\"name\":\"G3 FERRARI Friggisano 22 L\"}]},{\"@type\":\"WebSite\",\"@id\":\"https:\/\/www.erresse-shop.it\/de\/#website\",\"url\":\"https:\/\/www.erresse-shop.it\/de\/\",\"name\":\"Erresse Shop\",\"description\":\"Articoli di qualit\u00e0 per la casa\",\"potentialAction\":[{\"@type\":\"SearchAction\",\"target\":{\"@type\":\"EntryPoint\",\"urlTemplate\":\"https:\/\/www.erresse-shop.it\/de\/?s={search_term_string}\"},\"query-input\":\"required name=search_term_string\"}],\"inLanguage\":\"de-DE\"}]}<\/script>\n<!-- \/ Yoast SEO Premium plugin. -->","yoast_head_json":{"title":"G3 FERRARI Friggisano 22 L","description":"Entdecken Sie G3 FERRARI Friggisano 22 L bei ErresseShop. Qualit\u00e4t, Stil und Funktionalit\u00e4t \u2013 jetzt online bestellen!","robots":{"index":"index","follow":"follow","max-snippet":"max-snippet:-1","max-image-preview":"max-image-preview:large","max-video-preview":"max-video-preview:-1"},"canonical":"https:\/\/www.erresse-shop.it\/de\/shop\/kleine-elektrogeraete\/oefen\/g3-ferrari-friggisano-22-l\/","og_locale":"de_DE","og_type":"article","og_title":"G3 FERRARI Friggisano 22 L","og_description":"Entdecken Sie G3 FERRARI Friggisano 22 L bei ErresseShop. Qualit\u00e4t, Stil und Funktionalit\u00e4t \u2013 jetzt online bestellen!","og_url":"https:\/\/www.erresse-shop.it\/de\/shop\/kleine-elektrogeraete\/oefen\/g3-ferrari-friggisano-22-l\/","og_site_name":"Erresse Shop","article_modified_time":"2025-01-16T15:59:59+00:00","og_image":[{"width":1200,"height":1200,"url":"https:\/\/www.erresse-shop.it\/wp-content\/uploads\/2023\/02\/G3-FERRARI-Friggisano-22-L.jpg","type":"image\/jpeg"}],"twitter_card":"summary_large_image","schema":{"@context":"https:\/\/schema.org","@graph":[{"@type":"WebPage","@id":"https:\/\/www.erresse-shop.it\/de\/shop\/kleine-elektrogeraete\/oefen\/g3-ferrari-friggisano-22-l\/","url":"https:\/\/www.erresse-shop.it\/de\/shop\/kleine-elektrogeraete\/oefen\/g3-ferrari-friggisano-22-l\/","name":"G3 FERRARI Friggisano 22 L","isPartOf":{"@id":"https:\/\/www.erresse-shop.it\/de\/#website"},"datePublished":"2023-02-28T14:51:11+00:00","dateModified":"2025-01-16T15:59:59+00:00","description":"Entdecken Sie G3 FERRARI Friggisano 22 L bei ErresseShop. Qualit\u00e4t, Stil und Funktionalit\u00e4t \u2013 jetzt online bestellen!","breadcrumb":{"@id":"https:\/\/www.erresse-shop.it\/de\/shop\/kleine-elektrogeraete\/oefen\/g3-ferrari-friggisano-22-l\/#breadcrumb"},"inLanguage":"de-DE","potentialAction":[{"@type":"ReadAction","target":["https:\/\/www.erresse-shop.it\/de\/shop\/kleine-elektrogeraete\/oefen\/g3-ferrari-friggisano-22-l\/"]}]},{"@type":"BreadcrumbList","@id":"https:\/\/www.erresse-shop.it\/de\/shop\/kleine-elektrogeraete\/oefen\/g3-ferrari-friggisano-22-l\/#breadcrumb","itemListElement":[{"@type":"ListItem","position":1,"name":"Home","item":"https:\/\/www.erresse-shop.it\/de\/"},{"@type":"ListItem","position":2,"name":"Shop","item":"https:\/\/www.erresse-shop.it\/de\/shop\/"},{"@type":"ListItem","position":3,"name":"G3 FERRARI Friggisano 22 L"}]},{"@type":"WebSite","@id":"https:\/\/www.erresse-shop.it\/de\/#website","url":"https:\/\/www.erresse-shop.it\/de\/","name":"Erresse Shop","description":"Articoli di qualit\u00e0 per la casa","potentialAction":[{"@type":"SearchAction","target":{"@type":"EntryPoint","urlTemplate":"https:\/\/www.erresse-shop.it\/de\/?s={search_term_string}"},"query-input":"required name=search_term_string"}],"inLanguage":"de-DE"}]}},"df_price":189.9,"df_sale_price":189.9,"df_regular_price":189.9,"df_image_link":"https:\/\/www.erresse-shop.it\/wp-content\/uploads\/2023\/02\/G3-FERRARI-Friggisano-22-L-300x300.jpg","_links":{"self":[{"href":"https:\/\/www.erresse-shop.it\/de\/wp-json\/wp\/v2\/product\/244569"}],"collection":[{"href":"https:\/\/www.erresse-shop.it\/de\/wp-json\/wp\/v2\/product"}],"about":[{"href":"https:\/\/www.erresse-shop.it\/de\/wp-json\/wp\/v2\/types\/product"}],"wp:featuredmedia":[{"embeddable":true,"href":"https:\/\/www.erresse-shop.it\/de\/wp-json\/wp\/v2\/media\/457832"}],"wp:attachment":[{"href":"https:\/\/www.erresse-shop.it\/de\/wp-json\/wp\/v2\/media?parent=244569"}],"wp:term":[{"taxonomy":"product_cat","embeddable":true,"href":"https:\/\/www.erresse-shop.it\/de\/wp-json\/wp\/v2\/product_cat?post=244569"},{"taxonomy":"product_tag","embeddable":true,"href":"https:\/\/www.erresse-shop.it\/de\/wp-json\/wp\/v2\/product_tag?post=244569"}],"curies":[{"name":"wp","href":"https:\/\/api.w.org\/{rel}","templated":true}]}}