{"id":244557,"date":"2023-02-28T14:37:11","date_gmt":"2023-02-28T14:37:13","guid":{"rendered":"https:\/\/www.erresse-shop.it\/?post_type=product&#038;p=244557"},"modified":"2025-01-16T15:59:58","modified_gmt":"2025-01-16T15:59:58","slug":"g3-ferrari-rosto-37-l","status":"publish","type":"product","link":"https:\/\/www.erresse-shop.it\/de\/shop\/kleine-elektrogeraete\/oefen\/g3-ferrari-rosto-37-l\/","title":{"rendered":"G3 FERRARI Rost\u00f2 37 L"},"content":{"rendered":"<p>Der <strong>Rost\u00f2 37<\/strong> ist einfach zu bedienen und mit seinem 37-Liter-Hohlraum sehr ger\u00e4umig. Es ist m\u00f6glich, 2 Gerichte gleichzeitig zu kochen, und dank des geringen Stromverbrauchs ist er ein wertvolles K\u00fcchenhilfsger\u00e4t. Die Umluftfunktion bietet die M\u00f6glichkeit, Speisen in k\u00fcrzerer Zeit zu garen. Er ist leicht zu transportieren und in vielen verschiedenen Situationen sowohl drinnen als auch drau\u00dfen n\u00fctzlich. Die hohe Innentemperatur, die mehr als 300 Grad erreichen kann, und das spezielle runde Blech machen diesen Ofen auch sehr gut f\u00fcr das Kochen von Pizza und \u00e4hnlichen Gerichten.<\/p>\n<p><strong>Technische Daten<\/strong><br \/>\n&#8211; Leistung: 1500W<br \/>\n&#8211; Fassungsverm\u00f6gen: 37 Lt<br \/>\n&#8211; Konvektion und Innenbeleuchtung<br \/>\n&#8211; Geeignet f\u00fcr Teller mit 38cm Durchmesser<br \/>\n&#8211; Doppelglas f\u00fcr W\u00e4rmed\u00e4mmung<br \/>\n&#8211; Timer: 90 Minuten mit akustischem Signal<br \/>\n&#8211; Einstellbarer Thermostat: von 40\u00b0C bis 300\u00b0C<br \/>\n&#8211; Heizelemente aus Stahl<br \/>\n&#8211; Kochfunktionen: doppelte Hitze, Boden und Grill<br \/>\n&#8211; Rotes Licht f\u00fcr den Betrieb<br \/>\n&#8211; Leicht zu reinigen: Emaillierte Innenw\u00e4nde.<br \/>\n&#8211; Zubeh\u00f6r: 1 Rost, 1 rechteckiges Tablett, 1 rundes Tablett \u00d837cm<br \/>\n&#8211; Stromanschluss: AC 230V ~ 50-60Hz<\/p>\n","protected":false},"excerpt":{"rendered":"<p>Der Rost\u00f2 37 ist einfach zu bedienen und mit seinem 37-Liter-Hohlraum sehr ger\u00e4umig. Es ist m\u00f6glich, 2 Gerichte gleichzeitig zu<\/p>\n","protected":false},"featured_media":244553,"template":"","meta":{"_acf_changed":false,"inline_featured_image":false},"product_cat":[6703,15659],"product_tag":[23691,11415,11555],"acf":[],"yoast_head":"<!-- This site is optimized with the Yoast SEO Premium plugin v18.6 (Yoast SEO v19.13) - https:\/\/yoast.com\/wordpress\/plugins\/seo\/ -->\n<title>G3 FERRARI Rost\u00f2 37 L<\/title>\n<meta name=\"description\" content=\"Entdecken Sie G3 FERRARI Rost\u00f2 37 L bei ErresseShop. Qualit\u00e4t, Stil und Funktionalit\u00e4t \u2013 jetzt online bestellen!\" \/>\n<meta name=\"robots\" content=\"index, follow, max-snippet:-1, max-image-preview:large, max-video-preview:-1\" \/>\n<link rel=\"canonical\" href=\"https:\/\/www.erresse-shop.it\/de\/shop\/kleine-elektrogeraete\/oefen\/g3-ferrari-rosto-37-l\/\" \/>\n<meta property=\"og:locale\" content=\"de_DE\" \/>\n<meta property=\"og:type\" content=\"article\" \/>\n<meta property=\"og:title\" content=\"G3 FERRARI Rost\u00f2 37 L\" \/>\n<meta property=\"og:description\" content=\"Entdecken Sie G3 FERRARI Rost\u00f2 37 L bei ErresseShop. Qualit\u00e4t, Stil und Funktionalit\u00e4t \u2013 jetzt online bestellen!\" \/>\n<meta property=\"og:url\" content=\"https:\/\/www.erresse-shop.it\/de\/shop\/kleine-elektrogeraete\/oefen\/g3-ferrari-rosto-37-l\/\" \/>\n<meta property=\"og:site_name\" content=\"Erresse Shop\" \/>\n<meta property=\"article:modified_time\" content=\"2025-01-16T15:59:58+00:00\" \/>\n<meta property=\"og:image\" content=\"https:\/\/www.erresse-shop.it\/wp-content\/uploads\/2023\/02\/G3-FERRARI-Forno-Rosto-45-L-9.jpg\" \/>\n\t<meta property=\"og:image:width\" content=\"2500\" \/>\n\t<meta property=\"og:image:height\" content=\"2199\" \/>\n\t<meta property=\"og:image:type\" content=\"image\/jpeg\" \/>\n<meta name=\"twitter:card\" content=\"summary_large_image\" \/>\n<script type=\"application\/ld+json\" class=\"yoast-schema-graph\">{\"@context\":\"https:\/\/schema.org\",\"@graph\":[{\"@type\":\"WebPage\",\"@id\":\"https:\/\/www.erresse-shop.it\/de\/shop\/kleine-elektrogeraete\/oefen\/g3-ferrari-rosto-37-l\/\",\"url\":\"https:\/\/www.erresse-shop.it\/de\/shop\/kleine-elektrogeraete\/oefen\/g3-ferrari-rosto-37-l\/\",\"name\":\"G3 FERRARI Rost\u00f2 37 L\",\"isPartOf\":{\"@id\":\"https:\/\/www.erresse-shop.it\/de\/#website\"},\"datePublished\":\"2023-02-28T14:37:13+00:00\",\"dateModified\":\"2025-01-16T15:59:58+00:00\",\"description\":\"Entdecken Sie G3 FERRARI Rost\u00f2 37 L bei ErresseShop. Qualit\u00e4t, Stil und Funktionalit\u00e4t \u2013 jetzt online bestellen!\",\"breadcrumb\":{\"@id\":\"https:\/\/www.erresse-shop.it\/de\/shop\/kleine-elektrogeraete\/oefen\/g3-ferrari-rosto-37-l\/#breadcrumb\"},\"inLanguage\":\"de-DE\",\"potentialAction\":[{\"@type\":\"ReadAction\",\"target\":[\"https:\/\/www.erresse-shop.it\/de\/shop\/kleine-elektrogeraete\/oefen\/g3-ferrari-rosto-37-l\/\"]}]},{\"@type\":\"BreadcrumbList\",\"@id\":\"https:\/\/www.erresse-shop.it\/de\/shop\/kleine-elektrogeraete\/oefen\/g3-ferrari-rosto-37-l\/#breadcrumb\",\"itemListElement\":[{\"@type\":\"ListItem\",\"position\":1,\"name\":\"Home\",\"item\":\"https:\/\/www.erresse-shop.it\/de\/\"},{\"@type\":\"ListItem\",\"position\":2,\"name\":\"Shop\",\"item\":\"https:\/\/www.erresse-shop.it\/de\/shop\/\"},{\"@type\":\"ListItem\",\"position\":3,\"name\":\"G3 FERRARI Rost\u00f2 37 L\"}]},{\"@type\":\"WebSite\",\"@id\":\"https:\/\/www.erresse-shop.it\/de\/#website\",\"url\":\"https:\/\/www.erresse-shop.it\/de\/\",\"name\":\"Erresse Shop\",\"description\":\"Articoli di qualit\u00e0 per la casa\",\"potentialAction\":[{\"@type\":\"SearchAction\",\"target\":{\"@type\":\"EntryPoint\",\"urlTemplate\":\"https:\/\/www.erresse-shop.it\/de\/?s={search_term_string}\"},\"query-input\":\"required name=search_term_string\"}],\"inLanguage\":\"de-DE\"}]}<\/script>\n<!-- \/ Yoast SEO Premium plugin. -->","yoast_head_json":{"title":"G3 FERRARI Rost\u00f2 37 L","description":"Entdecken Sie G3 FERRARI Rost\u00f2 37 L bei ErresseShop. Qualit\u00e4t, Stil und Funktionalit\u00e4t \u2013 jetzt online bestellen!","robots":{"index":"index","follow":"follow","max-snippet":"max-snippet:-1","max-image-preview":"max-image-preview:large","max-video-preview":"max-video-preview:-1"},"canonical":"https:\/\/www.erresse-shop.it\/de\/shop\/kleine-elektrogeraete\/oefen\/g3-ferrari-rosto-37-l\/","og_locale":"de_DE","og_type":"article","og_title":"G3 FERRARI Rost\u00f2 37 L","og_description":"Entdecken Sie G3 FERRARI Rost\u00f2 37 L bei ErresseShop. Qualit\u00e4t, Stil und Funktionalit\u00e4t \u2013 jetzt online bestellen!","og_url":"https:\/\/www.erresse-shop.it\/de\/shop\/kleine-elektrogeraete\/oefen\/g3-ferrari-rosto-37-l\/","og_site_name":"Erresse Shop","article_modified_time":"2025-01-16T15:59:58+00:00","og_image":[{"width":2500,"height":2199,"url":"https:\/\/www.erresse-shop.it\/wp-content\/uploads\/2023\/02\/G3-FERRARI-Forno-Rosto-45-L-9.jpg","type":"image\/jpeg"}],"twitter_card":"summary_large_image","schema":{"@context":"https:\/\/schema.org","@graph":[{"@type":"WebPage","@id":"https:\/\/www.erresse-shop.it\/de\/shop\/kleine-elektrogeraete\/oefen\/g3-ferrari-rosto-37-l\/","url":"https:\/\/www.erresse-shop.it\/de\/shop\/kleine-elektrogeraete\/oefen\/g3-ferrari-rosto-37-l\/","name":"G3 FERRARI Rost\u00f2 37 L","isPartOf":{"@id":"https:\/\/www.erresse-shop.it\/de\/#website"},"datePublished":"2023-02-28T14:37:13+00:00","dateModified":"2025-01-16T15:59:58+00:00","description":"Entdecken Sie G3 FERRARI Rost\u00f2 37 L bei ErresseShop. Qualit\u00e4t, Stil und Funktionalit\u00e4t \u2013 jetzt online bestellen!","breadcrumb":{"@id":"https:\/\/www.erresse-shop.it\/de\/shop\/kleine-elektrogeraete\/oefen\/g3-ferrari-rosto-37-l\/#breadcrumb"},"inLanguage":"de-DE","potentialAction":[{"@type":"ReadAction","target":["https:\/\/www.erresse-shop.it\/de\/shop\/kleine-elektrogeraete\/oefen\/g3-ferrari-rosto-37-l\/"]}]},{"@type":"BreadcrumbList","@id":"https:\/\/www.erresse-shop.it\/de\/shop\/kleine-elektrogeraete\/oefen\/g3-ferrari-rosto-37-l\/#breadcrumb","itemListElement":[{"@type":"ListItem","position":1,"name":"Home","item":"https:\/\/www.erresse-shop.it\/de\/"},{"@type":"ListItem","position":2,"name":"Shop","item":"https:\/\/www.erresse-shop.it\/de\/shop\/"},{"@type":"ListItem","position":3,"name":"G3 FERRARI Rost\u00f2 37 L"}]},{"@type":"WebSite","@id":"https:\/\/www.erresse-shop.it\/de\/#website","url":"https:\/\/www.erresse-shop.it\/de\/","name":"Erresse Shop","description":"Articoli di qualit\u00e0 per la casa","potentialAction":[{"@type":"SearchAction","target":{"@type":"EntryPoint","urlTemplate":"https:\/\/www.erresse-shop.it\/de\/?s={search_term_string}"},"query-input":"required name=search_term_string"}],"inLanguage":"de-DE"}]}},"df_price":159.9,"df_sale_price":159.9,"df_regular_price":159.9,"df_image_link":"https:\/\/www.erresse-shop.it\/wp-content\/uploads\/2023\/02\/G3-FERRARI-Forno-Rosto-45-L-9-300x264.jpg","_links":{"self":[{"href":"https:\/\/www.erresse-shop.it\/de\/wp-json\/wp\/v2\/product\/244557"}],"collection":[{"href":"https:\/\/www.erresse-shop.it\/de\/wp-json\/wp\/v2\/product"}],"about":[{"href":"https:\/\/www.erresse-shop.it\/de\/wp-json\/wp\/v2\/types\/product"}],"wp:featuredmedia":[{"embeddable":true,"href":"https:\/\/www.erresse-shop.it\/de\/wp-json\/wp\/v2\/media\/244553"}],"wp:attachment":[{"href":"https:\/\/www.erresse-shop.it\/de\/wp-json\/wp\/v2\/media?parent=244557"}],"wp:term":[{"taxonomy":"product_cat","embeddable":true,"href":"https:\/\/www.erresse-shop.it\/de\/wp-json\/wp\/v2\/product_cat?post=244557"},{"taxonomy":"product_tag","embeddable":true,"href":"https:\/\/www.erresse-shop.it\/de\/wp-json\/wp\/v2\/product_tag?post=244557"}],"curies":[{"name":"wp","href":"https:\/\/api.w.org\/{rel}","templated":true}]}}