{"id":244329,"date":"2023-02-28T13:24:52","date_gmt":"2023-02-28T13:24:53","guid":{"rendered":"https:\/\/www.erresse-shop.it\/?post_type=product&#038;p=244329"},"modified":"2025-01-16T15:59:57","modified_gmt":"2025-01-16T15:59:57","slug":"g3-ferrari-pizza-ofen-delizia-evo-schwarz","status":"publish","type":"product","link":"https:\/\/www.erresse-shop.it\/de\/shop\/kleine-elektrogeraete\/oefen\/g3-ferrari-pizza-ofen-delizia-evo-schwarz\/","title":{"rendered":"G3 FERRARI Delizia Evo Schwarz"},"content":{"rendered":"<p>Mit dem Pizzaofen Delizia k\u00f6nnen Sie endlich die echte Pizza Napoletana in Ihrer K\u00fcche in nur 5 Minuten zubereiten, sie mit den von Ihnen bevorzugten Zutaten w\u00fcrzen und dabei jeden Tag neue leckere Rezepte erleben. Der Duft und der unnachahmliche Geschmack der Pizza aus dem Ofen werden im <strong>Delizia-Ofen<\/strong> noch verst\u00e4rkt. Der Schl\u00fcssel zu einer guten Pizza ist eine sehr hohe Gartemperatur (400\u00b0 C) f\u00fcr einige Minuten: So kann man den Teig garen, ohne dass der Belag austrocknet. Die Haushalts\u00f6fen erreichen normalerweise nicht diese Temperaturen, aber der feuerfeste Stein von Delizia macht wirklich einen Unterschied und erreicht bis zu 400\u00b0 C, was das gleiche Ergebnis wie in den \u00d6fen der besten Pizzerien in Neapel garantiert. Ohne Kochrauch oder unangenehme Ger\u00fcche kann der Pizzaofen Delizia auch zum Backen von Kuchen, Torten, Wraps, Geb\u00e4ck und Maronen verwendet werden.<\/p>\n<p><strong>Technische Daten<\/strong><br \/>\n&#8211; Zeitschaltuhr: 5 Minuten mit Signal<br \/>\n&#8211; Einstellbarer Thermostat: bis zu 400\u00b0C<br \/>\n&#8211; Feuerfester Backstein (\u00f8 31 cm)<br \/>\n&#8211; Zwei Heizelemente aus rostfreiem Stahl<br \/>\n&#8211; Rotes Licht f\u00fcr den Betrieb<br \/>\n&#8211; Entspricht der EU-Verordnung EN 60335-2-9:A13\/2010<br \/>\n&#8211; Zubeh\u00f6r: Pizzableche aus Aluminium \u00d8 28 cm<br \/>\n&#8211; Stromanschluss: AC 230V ~ 50 Hz<br \/>\n&#8211; Leistung: 1200W<\/p>\n","protected":false},"excerpt":{"rendered":"<p>Mit dem Pizzaofen Delizia k\u00f6nnen Sie endlich die echte Pizza Napoletana in Ihrer K\u00fcche in nur 5 Minuten zubereiten, sie<\/p>\n","protected":false},"featured_media":458307,"template":"","meta":{"_acf_changed":false,"inline_featured_image":false},"product_cat":[6703,15659],"product_tag":[23691,22095,12210,12236,14639],"acf":[],"yoast_head":"<!-- This site is optimized with the Yoast SEO Premium plugin v18.6 (Yoast SEO v19.13) - https:\/\/yoast.com\/wordpress\/plugins\/seo\/ -->\n<title>G3 FERRARI Delizia Evo Schwarz<\/title>\n<meta name=\"description\" content=\"Entdecken Sie G3 FERRARI Delizia Evo Schwarz bei ErresseShop. Qualit\u00e4t, Stil und Funktionalit\u00e4t \u2013 jetzt online bestellen!\" \/>\n<meta name=\"robots\" content=\"index, follow, max-snippet:-1, max-image-preview:large, max-video-preview:-1\" \/>\n<link rel=\"canonical\" href=\"https:\/\/www.erresse-shop.it\/de\/shop\/kleine-elektrogeraete\/oefen\/g3-ferrari-pizza-ofen-delizia-evo-schwarz\/\" \/>\n<meta property=\"og:locale\" content=\"de_DE\" \/>\n<meta property=\"og:type\" content=\"article\" \/>\n<meta property=\"og:title\" content=\"G3 FERRARI Delizia Evo Schwarz\" \/>\n<meta property=\"og:description\" content=\"Entdecken Sie G3 FERRARI Delizia Evo Schwarz bei ErresseShop. Qualit\u00e4t, Stil und Funktionalit\u00e4t \u2013 jetzt online bestellen!\" \/>\n<meta property=\"og:url\" content=\"https:\/\/www.erresse-shop.it\/de\/shop\/kleine-elektrogeraete\/oefen\/g3-ferrari-pizza-ofen-delizia-evo-schwarz\/\" \/>\n<meta property=\"og:site_name\" content=\"Erresse Shop\" \/>\n<meta property=\"article:modified_time\" content=\"2025-01-16T15:59:57+00:00\" \/>\n<meta property=\"og:image\" content=\"https:\/\/www.erresse-shop.it\/wp-content\/uploads\/2023\/02\/G3-FERRARI-Delizia-Evo-Nero.jpg\" \/>\n\t<meta property=\"og:image:width\" content=\"1200\" \/>\n\t<meta property=\"og:image:height\" content=\"1200\" \/>\n\t<meta property=\"og:image:type\" content=\"image\/jpeg\" \/>\n<meta name=\"twitter:card\" content=\"summary_large_image\" \/>\n<script type=\"application\/ld+json\" class=\"yoast-schema-graph\">{\"@context\":\"https:\/\/schema.org\",\"@graph\":[{\"@type\":\"WebPage\",\"@id\":\"https:\/\/www.erresse-shop.it\/de\/shop\/kleine-elektrogeraete\/oefen\/g3-ferrari-pizza-ofen-delizia-evo-schwarz\/\",\"url\":\"https:\/\/www.erresse-shop.it\/de\/shop\/kleine-elektrogeraete\/oefen\/g3-ferrari-pizza-ofen-delizia-evo-schwarz\/\",\"name\":\"G3 FERRARI Delizia Evo Schwarz\",\"isPartOf\":{\"@id\":\"https:\/\/www.erresse-shop.it\/de\/#website\"},\"datePublished\":\"2023-02-28T13:24:53+00:00\",\"dateModified\":\"2025-01-16T15:59:57+00:00\",\"description\":\"Entdecken Sie G3 FERRARI Delizia Evo Schwarz bei ErresseShop. Qualit\u00e4t, Stil und Funktionalit\u00e4t \u2013 jetzt online bestellen!\",\"breadcrumb\":{\"@id\":\"https:\/\/www.erresse-shop.it\/de\/shop\/kleine-elektrogeraete\/oefen\/g3-ferrari-pizza-ofen-delizia-evo-schwarz\/#breadcrumb\"},\"inLanguage\":\"de-DE\",\"potentialAction\":[{\"@type\":\"ReadAction\",\"target\":[\"https:\/\/www.erresse-shop.it\/de\/shop\/kleine-elektrogeraete\/oefen\/g3-ferrari-pizza-ofen-delizia-evo-schwarz\/\"]}]},{\"@type\":\"BreadcrumbList\",\"@id\":\"https:\/\/www.erresse-shop.it\/de\/shop\/kleine-elektrogeraete\/oefen\/g3-ferrari-pizza-ofen-delizia-evo-schwarz\/#breadcrumb\",\"itemListElement\":[{\"@type\":\"ListItem\",\"position\":1,\"name\":\"Home\",\"item\":\"https:\/\/www.erresse-shop.it\/de\/\"},{\"@type\":\"ListItem\",\"position\":2,\"name\":\"Shop\",\"item\":\"https:\/\/www.erresse-shop.it\/de\/shop\/\"},{\"@type\":\"ListItem\",\"position\":3,\"name\":\"G3 FERRARI Delizia Evo Schwarz\"}]},{\"@type\":\"WebSite\",\"@id\":\"https:\/\/www.erresse-shop.it\/de\/#website\",\"url\":\"https:\/\/www.erresse-shop.it\/de\/\",\"name\":\"Erresse Shop\",\"description\":\"Articoli di qualit\u00e0 per la casa\",\"potentialAction\":[{\"@type\":\"SearchAction\",\"target\":{\"@type\":\"EntryPoint\",\"urlTemplate\":\"https:\/\/www.erresse-shop.it\/de\/?s={search_term_string}\"},\"query-input\":\"required name=search_term_string\"}],\"inLanguage\":\"de-DE\"}]}<\/script>\n<!-- \/ Yoast SEO Premium plugin. -->","yoast_head_json":{"title":"G3 FERRARI Delizia Evo Schwarz","description":"Entdecken Sie G3 FERRARI Delizia Evo Schwarz bei ErresseShop. Qualit\u00e4t, Stil und Funktionalit\u00e4t \u2013 jetzt online bestellen!","robots":{"index":"index","follow":"follow","max-snippet":"max-snippet:-1","max-image-preview":"max-image-preview:large","max-video-preview":"max-video-preview:-1"},"canonical":"https:\/\/www.erresse-shop.it\/de\/shop\/kleine-elektrogeraete\/oefen\/g3-ferrari-pizza-ofen-delizia-evo-schwarz\/","og_locale":"de_DE","og_type":"article","og_title":"G3 FERRARI Delizia Evo Schwarz","og_description":"Entdecken Sie G3 FERRARI Delizia Evo Schwarz bei ErresseShop. Qualit\u00e4t, Stil und Funktionalit\u00e4t \u2013 jetzt online bestellen!","og_url":"https:\/\/www.erresse-shop.it\/de\/shop\/kleine-elektrogeraete\/oefen\/g3-ferrari-pizza-ofen-delizia-evo-schwarz\/","og_site_name":"Erresse Shop","article_modified_time":"2025-01-16T15:59:57+00:00","og_image":[{"width":1200,"height":1200,"url":"https:\/\/www.erresse-shop.it\/wp-content\/uploads\/2023\/02\/G3-FERRARI-Delizia-Evo-Nero.jpg","type":"image\/jpeg"}],"twitter_card":"summary_large_image","schema":{"@context":"https:\/\/schema.org","@graph":[{"@type":"WebPage","@id":"https:\/\/www.erresse-shop.it\/de\/shop\/kleine-elektrogeraete\/oefen\/g3-ferrari-pizza-ofen-delizia-evo-schwarz\/","url":"https:\/\/www.erresse-shop.it\/de\/shop\/kleine-elektrogeraete\/oefen\/g3-ferrari-pizza-ofen-delizia-evo-schwarz\/","name":"G3 FERRARI Delizia Evo Schwarz","isPartOf":{"@id":"https:\/\/www.erresse-shop.it\/de\/#website"},"datePublished":"2023-02-28T13:24:53+00:00","dateModified":"2025-01-16T15:59:57+00:00","description":"Entdecken Sie G3 FERRARI Delizia Evo Schwarz bei ErresseShop. Qualit\u00e4t, Stil und Funktionalit\u00e4t \u2013 jetzt online bestellen!","breadcrumb":{"@id":"https:\/\/www.erresse-shop.it\/de\/shop\/kleine-elektrogeraete\/oefen\/g3-ferrari-pizza-ofen-delizia-evo-schwarz\/#breadcrumb"},"inLanguage":"de-DE","potentialAction":[{"@type":"ReadAction","target":["https:\/\/www.erresse-shop.it\/de\/shop\/kleine-elektrogeraete\/oefen\/g3-ferrari-pizza-ofen-delizia-evo-schwarz\/"]}]},{"@type":"BreadcrumbList","@id":"https:\/\/www.erresse-shop.it\/de\/shop\/kleine-elektrogeraete\/oefen\/g3-ferrari-pizza-ofen-delizia-evo-schwarz\/#breadcrumb","itemListElement":[{"@type":"ListItem","position":1,"name":"Home","item":"https:\/\/www.erresse-shop.it\/de\/"},{"@type":"ListItem","position":2,"name":"Shop","item":"https:\/\/www.erresse-shop.it\/de\/shop\/"},{"@type":"ListItem","position":3,"name":"G3 FERRARI Delizia Evo Schwarz"}]},{"@type":"WebSite","@id":"https:\/\/www.erresse-shop.it\/de\/#website","url":"https:\/\/www.erresse-shop.it\/de\/","name":"Erresse Shop","description":"Articoli di qualit\u00e0 per la casa","potentialAction":[{"@type":"SearchAction","target":{"@type":"EntryPoint","urlTemplate":"https:\/\/www.erresse-shop.it\/de\/?s={search_term_string}"},"query-input":"required name=search_term_string"}],"inLanguage":"de-DE"}]}},"df_price":114.9,"df_sale_price":114.9,"df_regular_price":114.9,"df_image_link":"https:\/\/www.erresse-shop.it\/wp-content\/uploads\/2023\/02\/G3-FERRARI-Delizia-Evo-Nero-300x300.jpg","_links":{"self":[{"href":"https:\/\/www.erresse-shop.it\/de\/wp-json\/wp\/v2\/product\/244329"}],"collection":[{"href":"https:\/\/www.erresse-shop.it\/de\/wp-json\/wp\/v2\/product"}],"about":[{"href":"https:\/\/www.erresse-shop.it\/de\/wp-json\/wp\/v2\/types\/product"}],"wp:featuredmedia":[{"embeddable":true,"href":"https:\/\/www.erresse-shop.it\/de\/wp-json\/wp\/v2\/media\/458307"}],"wp:attachment":[{"href":"https:\/\/www.erresse-shop.it\/de\/wp-json\/wp\/v2\/media?parent=244329"}],"wp:term":[{"taxonomy":"product_cat","embeddable":true,"href":"https:\/\/www.erresse-shop.it\/de\/wp-json\/wp\/v2\/product_cat?post=244329"},{"taxonomy":"product_tag","embeddable":true,"href":"https:\/\/www.erresse-shop.it\/de\/wp-json\/wp\/v2\/product_tag?post=244329"}],"curies":[{"name":"wp","href":"https:\/\/api.w.org\/{rel}","templated":true}]}}