{"id":243928,"date":"2023-02-27T15:54:29","date_gmt":"2023-02-27T15:54:30","guid":{"rendered":"https:\/\/www.erresse-shop.it\/?post_type=product&#038;p=243928"},"modified":"2025-02-02T12:10:07","modified_gmt":"2025-02-02T12:10:07","slug":"g3-ferrari-pizza-ofen-napoletana-rot","status":"publish","type":"product","link":"https:\/\/www.erresse-shop.it\/de\/shop\/kleine-elektrogeraete\/oefen\/g3-ferrari-pizza-ofen-napoletana-rot\/","title":{"rendered":"G3 FERRARI Napoletana Rot"},"content":{"rendered":"<p>Die traditionelle italienische Pizza in 5 Minuten! Der Duft und der Geschmack werden durch den einzigartigen Pizzaofen <strong>Pizzeria Snack NAPOLETANA<\/strong> verst\u00e4rkt. Dank der hohen Gartemperaturen (bis zu 400\u00b0C) ist dieser Ofen in der Lage, die Pizza zu backen, ohne die Sauce auszutrocknen, und garantiert somit das gleiche Ergebnis wie in den besten Pizzerien Neapels. NAPOLETANA, dank des EXKLUSIVEN Kochsystems mit 2 feuerfesten Steinplatten, kann f\u00fcr die Zubereitung von ausgezeichneten traditionellen Tigelle Emiliane oder Piadine Romagnole und f\u00fcr die Zubereitung von Toasts, Kuchen, Torten und k\u00f6stlichen Sandwiches verwendet werden. Inklusive Rezeptbuch.<\/p>\n<p><strong>Technische Daten<\/strong><br \/>\n&#8211; Einstellbarer Thermostat (max. 400\u00b0C)<br \/>\n&#8211; 5 Minuten Zeitschaltuhr<br \/>\n&#8211; 2 feuerfeste Steine (\u00d8 31 cm)<br \/>\n&#8211; Oberer feuerfester Stein abnehmbar<br \/>\n&#8211; 2 Heizelemente aus Stahl<br \/>\n&#8211; Betriebskontrollleuchte<br \/>\n&#8211; 2 Kochpositionen<br \/>\n&#8211; Zubeh\u00f6r: Pizzableche aus Aluminium \u00d8 28 cm<br \/>\n&#8211; Stromanschluss: AC 230V ~ 50Hz<br \/>\n&#8211; Leistung: 1200W<\/p>\n","protected":false},"excerpt":{"rendered":"<p>Die traditionelle italienische Pizza in 5 Minuten! Der Duft und der Geschmack werden durch den einzigartigen Pizzaofen Pizzeria Snack NAPOLETANA<\/p>\n","protected":false},"featured_media":457935,"template":"","meta":{"_acf_changed":false,"inline_featured_image":false},"product_cat":[6703,15659],"product_tag":[23691,12210,22088,12236,14639],"acf":[],"yoast_head":"<!-- This site is optimized with the Yoast SEO Premium plugin v18.6 (Yoast SEO v19.13) - https:\/\/yoast.com\/wordpress\/plugins\/seo\/ -->\n<title>G3 FERRARI Napoletana Rot<\/title>\n<meta name=\"description\" content=\"Entdecken Sie G3 FERRARI Napoletana Rot bei ErresseShop. Qualit\u00e4t, Stil und Funktionalit\u00e4t \u2013 jetzt online bestellen!\" \/>\n<meta name=\"robots\" content=\"index, follow, max-snippet:-1, max-image-preview:large, max-video-preview:-1\" \/>\n<link rel=\"canonical\" href=\"https:\/\/www.erresse-shop.it\/de\/shop\/kleine-elektrogeraete\/oefen\/g3-ferrari-pizza-ofen-napoletana-rot\/\" \/>\n<meta property=\"og:locale\" content=\"de_DE\" \/>\n<meta property=\"og:type\" content=\"article\" \/>\n<meta property=\"og:title\" content=\"G3 FERRARI Napoletana Rot\" \/>\n<meta property=\"og:description\" content=\"Entdecken Sie G3 FERRARI Napoletana Rot bei ErresseShop. Qualit\u00e4t, Stil und Funktionalit\u00e4t \u2013 jetzt online bestellen!\" \/>\n<meta property=\"og:url\" content=\"https:\/\/www.erresse-shop.it\/de\/shop\/kleine-elektrogeraete\/oefen\/g3-ferrari-pizza-ofen-napoletana-rot\/\" \/>\n<meta property=\"og:site_name\" content=\"Erresse Shop\" \/>\n<meta property=\"article:modified_time\" content=\"2025-02-02T12:10:07+00:00\" \/>\n<meta property=\"og:image\" content=\"https:\/\/www.erresse-shop.it\/wp-content\/uploads\/2023\/02\/G3-FERRARI-Napoletana-Rosso.jpg\" \/>\n\t<meta property=\"og:image:width\" content=\"1200\" \/>\n\t<meta property=\"og:image:height\" content=\"1200\" \/>\n\t<meta property=\"og:image:type\" content=\"image\/jpeg\" \/>\n<meta name=\"twitter:card\" content=\"summary_large_image\" \/>\n<script type=\"application\/ld+json\" class=\"yoast-schema-graph\">{\"@context\":\"https:\/\/schema.org\",\"@graph\":[{\"@type\":\"WebPage\",\"@id\":\"https:\/\/www.erresse-shop.it\/de\/shop\/kleine-elektrogeraete\/oefen\/g3-ferrari-pizza-ofen-napoletana-rot\/\",\"url\":\"https:\/\/www.erresse-shop.it\/de\/shop\/kleine-elektrogeraete\/oefen\/g3-ferrari-pizza-ofen-napoletana-rot\/\",\"name\":\"G3 FERRARI Napoletana Rot\",\"isPartOf\":{\"@id\":\"https:\/\/www.erresse-shop.it\/de\/#website\"},\"datePublished\":\"2023-02-27T15:54:30+00:00\",\"dateModified\":\"2025-02-02T12:10:07+00:00\",\"description\":\"Entdecken Sie G3 FERRARI Napoletana Rot bei ErresseShop. Qualit\u00e4t, Stil und Funktionalit\u00e4t \u2013 jetzt online bestellen!\",\"breadcrumb\":{\"@id\":\"https:\/\/www.erresse-shop.it\/de\/shop\/kleine-elektrogeraete\/oefen\/g3-ferrari-pizza-ofen-napoletana-rot\/#breadcrumb\"},\"inLanguage\":\"de-DE\",\"potentialAction\":[{\"@type\":\"ReadAction\",\"target\":[\"https:\/\/www.erresse-shop.it\/de\/shop\/kleine-elektrogeraete\/oefen\/g3-ferrari-pizza-ofen-napoletana-rot\/\"]}]},{\"@type\":\"BreadcrumbList\",\"@id\":\"https:\/\/www.erresse-shop.it\/de\/shop\/kleine-elektrogeraete\/oefen\/g3-ferrari-pizza-ofen-napoletana-rot\/#breadcrumb\",\"itemListElement\":[{\"@type\":\"ListItem\",\"position\":1,\"name\":\"Home\",\"item\":\"https:\/\/www.erresse-shop.it\/de\/\"},{\"@type\":\"ListItem\",\"position\":2,\"name\":\"Shop\",\"item\":\"https:\/\/www.erresse-shop.it\/de\/shop\/\"},{\"@type\":\"ListItem\",\"position\":3,\"name\":\"G3 FERRARI Napoletana Rot\"}]},{\"@type\":\"WebSite\",\"@id\":\"https:\/\/www.erresse-shop.it\/de\/#website\",\"url\":\"https:\/\/www.erresse-shop.it\/de\/\",\"name\":\"Erresse Shop\",\"description\":\"Articoli di qualit\u00e0 per la casa\",\"potentialAction\":[{\"@type\":\"SearchAction\",\"target\":{\"@type\":\"EntryPoint\",\"urlTemplate\":\"https:\/\/www.erresse-shop.it\/de\/?s={search_term_string}\"},\"query-input\":\"required name=search_term_string\"}],\"inLanguage\":\"de-DE\"}]}<\/script>\n<!-- \/ Yoast SEO Premium plugin. -->","yoast_head_json":{"title":"G3 FERRARI Napoletana Rot","description":"Entdecken Sie G3 FERRARI Napoletana Rot bei ErresseShop. Qualit\u00e4t, Stil und Funktionalit\u00e4t \u2013 jetzt online bestellen!","robots":{"index":"index","follow":"follow","max-snippet":"max-snippet:-1","max-image-preview":"max-image-preview:large","max-video-preview":"max-video-preview:-1"},"canonical":"https:\/\/www.erresse-shop.it\/de\/shop\/kleine-elektrogeraete\/oefen\/g3-ferrari-pizza-ofen-napoletana-rot\/","og_locale":"de_DE","og_type":"article","og_title":"G3 FERRARI Napoletana Rot","og_description":"Entdecken Sie G3 FERRARI Napoletana Rot bei ErresseShop. Qualit\u00e4t, Stil und Funktionalit\u00e4t \u2013 jetzt online bestellen!","og_url":"https:\/\/www.erresse-shop.it\/de\/shop\/kleine-elektrogeraete\/oefen\/g3-ferrari-pizza-ofen-napoletana-rot\/","og_site_name":"Erresse Shop","article_modified_time":"2025-02-02T12:10:07+00:00","og_image":[{"width":1200,"height":1200,"url":"https:\/\/www.erresse-shop.it\/wp-content\/uploads\/2023\/02\/G3-FERRARI-Napoletana-Rosso.jpg","type":"image\/jpeg"}],"twitter_card":"summary_large_image","schema":{"@context":"https:\/\/schema.org","@graph":[{"@type":"WebPage","@id":"https:\/\/www.erresse-shop.it\/de\/shop\/kleine-elektrogeraete\/oefen\/g3-ferrari-pizza-ofen-napoletana-rot\/","url":"https:\/\/www.erresse-shop.it\/de\/shop\/kleine-elektrogeraete\/oefen\/g3-ferrari-pizza-ofen-napoletana-rot\/","name":"G3 FERRARI Napoletana Rot","isPartOf":{"@id":"https:\/\/www.erresse-shop.it\/de\/#website"},"datePublished":"2023-02-27T15:54:30+00:00","dateModified":"2025-02-02T12:10:07+00:00","description":"Entdecken Sie G3 FERRARI Napoletana Rot bei ErresseShop. Qualit\u00e4t, Stil und Funktionalit\u00e4t \u2013 jetzt online bestellen!","breadcrumb":{"@id":"https:\/\/www.erresse-shop.it\/de\/shop\/kleine-elektrogeraete\/oefen\/g3-ferrari-pizza-ofen-napoletana-rot\/#breadcrumb"},"inLanguage":"de-DE","potentialAction":[{"@type":"ReadAction","target":["https:\/\/www.erresse-shop.it\/de\/shop\/kleine-elektrogeraete\/oefen\/g3-ferrari-pizza-ofen-napoletana-rot\/"]}]},{"@type":"BreadcrumbList","@id":"https:\/\/www.erresse-shop.it\/de\/shop\/kleine-elektrogeraete\/oefen\/g3-ferrari-pizza-ofen-napoletana-rot\/#breadcrumb","itemListElement":[{"@type":"ListItem","position":1,"name":"Home","item":"https:\/\/www.erresse-shop.it\/de\/"},{"@type":"ListItem","position":2,"name":"Shop","item":"https:\/\/www.erresse-shop.it\/de\/shop\/"},{"@type":"ListItem","position":3,"name":"G3 FERRARI Napoletana Rot"}]},{"@type":"WebSite","@id":"https:\/\/www.erresse-shop.it\/de\/#website","url":"https:\/\/www.erresse-shop.it\/de\/","name":"Erresse Shop","description":"Articoli di qualit\u00e0 per la casa","potentialAction":[{"@type":"SearchAction","target":{"@type":"EntryPoint","urlTemplate":"https:\/\/www.erresse-shop.it\/de\/?s={search_term_string}"},"query-input":"required name=search_term_string"}],"inLanguage":"de-DE"}]}},"df_price":159.9,"df_sale_price":159.9,"df_regular_price":159.9,"df_image_link":"https:\/\/www.erresse-shop.it\/wp-content\/uploads\/2023\/02\/G3-FERRARI-Napoletana-Rosso-300x300.jpg","_links":{"self":[{"href":"https:\/\/www.erresse-shop.it\/de\/wp-json\/wp\/v2\/product\/243928"}],"collection":[{"href":"https:\/\/www.erresse-shop.it\/de\/wp-json\/wp\/v2\/product"}],"about":[{"href":"https:\/\/www.erresse-shop.it\/de\/wp-json\/wp\/v2\/types\/product"}],"wp:featuredmedia":[{"embeddable":true,"href":"https:\/\/www.erresse-shop.it\/de\/wp-json\/wp\/v2\/media\/457935"}],"wp:attachment":[{"href":"https:\/\/www.erresse-shop.it\/de\/wp-json\/wp\/v2\/media?parent=243928"}],"wp:term":[{"taxonomy":"product_cat","embeddable":true,"href":"https:\/\/www.erresse-shop.it\/de\/wp-json\/wp\/v2\/product_cat?post=243928"},{"taxonomy":"product_tag","embeddable":true,"href":"https:\/\/www.erresse-shop.it\/de\/wp-json\/wp\/v2\/product_tag?post=243928"}],"curies":[{"name":"wp","href":"https:\/\/api.w.org\/{rel}","templated":true}]}}