{"id":243845,"date":"2023-02-27T14:23:13","date_gmt":"2023-02-27T14:23:14","guid":{"rendered":"https:\/\/www.erresse-shop.it\/?post_type=product&#038;p=243845"},"modified":"2024-06-11T00:03:00","modified_gmt":"2024-06-11T00:03:00","slug":"sage-the-no-mess-waffle","status":"publish","type":"product","link":"https:\/\/www.erresse-shop.it\/de\/shop\/kleine-elektrogeraete\/grills-und-barbecues\/sage-the-no-mess-waffle\/","title":{"rendered":"SAGE The No-mess Waffle"},"content":{"rendered":"<p><strong>Klassisches Waffeleisen.<\/strong><br \/>\nWir haben das Waffelbacken perfektioniert, indem wir eine L\u00f6sung f\u00fcr das Hauptproblem gefunden haben: \u00fcberlaufender Teig. Die Teig-Auffangrinne f\u00e4ngt \u00fcbersch\u00fcssigen Teig auf. Mit dem Br\u00e4unungsregler k\u00f6nnen Sie zwischen sieben Br\u00e4unungsgraden w\u00e4hlen.<\/p>\n<p><strong>BR\u00c4UNUNGSKONTROLLE<\/strong><br \/>\n7 Einstellungen zur wunschgerechten Br\u00e4unungsstufe von hell bis dunkel.<\/p>\n<p><strong>TEIG-AUFFANGRINNE<\/strong><br \/>\nDie Rundum-Auffangrinne f\u00e4ngt \u00fcbersch\u00fcssigen Teig auf und backt ihn zur einfachen Reinigung.<\/p>\n<p><strong>ANTIHAFTBESCHICHTUNG<\/strong><br \/>\nDer Waffelteig bleibt dank der hochwertigen Backelemente aus Aluminiumguss mit Antihaftbeschichtung nicht kleben.<\/p>\n<p><strong>GLEICHM\u00c4\u00dfIGE HITZE MIT THERMAL PRO\u2122<\/strong><br \/>\nThermisch gefertigte Heizelemente sorgen f\u00fcr eine gleichm\u00e4\u00dfige Hitzeverteilung und perfekte Backergebnisse.<\/p>\n<p><strong>&#8220;FERTIG&#8221;-LICHTANZEIGE<\/strong><br \/>\nEin kleines Licht erleuchtet, wenn die Waffel fertig gebacken ist.<\/p>\n<p><strong>Abmessungen (BxTxH)<\/strong><br \/>\n&#8211; 24.1 x 29.2 x 14.6 cm<\/p>\n<p><strong>Fertigungsmaterialien<\/strong><br \/>\n&#8211; Edelstahlgeh\u00e4use<br \/>\n&#8211; Aluminiumdruckguss-Backfl\u00e4chen<\/p>\n<p><strong>Kapazit\u00e4t<\/strong><br \/>\n&#8211; 1 klassiche Waffel<\/p>\n<p><strong>Einstellungen<\/strong><br \/>\n&#8211; W\u00e4hlschalter mit sieben Br\u00e4unungsgraden<\/p>\n<p><strong>Leistung<\/strong><br \/>\n&#8211; 900 Watts<\/p>\n<p><strong>Netzspannung<\/strong><br \/>\n&#8211; 220 &#8211; 240 V<\/p>\n<p><strong>Thermal Pro mit gleichm\u00e4\u00dfiger W\u00e4rme<\/strong><br \/>\n&#8211; Thermisch gefertigte Heizelemente sorgen f\u00fcr eine gleichm\u00e4\u00dfige Hitzeverteilung und perfekte Backeregnisse<\/p>\n<p><strong>Garantie<\/strong><br \/>\n&#8211; 2 Jahre Produktgarantie (Reparatur, Austausch oder Erstattung liegen im Ermessen von Sage Appliances)<\/p>\n<p>&nbsp;<\/p>\n<p><strong>Nicht zum Verkauf au\u00dferhalb Europas<\/strong><\/p>\n","protected":false},"excerpt":{"rendered":"<p><br data-mce-bogus=\"1\"><\/p>\n","protected":false},"featured_media":460629,"template":"","meta":{"_acf_changed":false,"inline_featured_image":false},"product_cat":[6703,13378],"product_tag":[22078,21023],"acf":[],"yoast_head":"<!-- This site is optimized with the Yoast SEO Premium plugin v18.6 (Yoast SEO v19.13) - https:\/\/yoast.com\/wordpress\/plugins\/seo\/ -->\n<title>SAGE The No-mess Waffle - Erresse Shop<\/title>\n<meta name=\"robots\" content=\"index, follow, max-snippet:-1, max-image-preview:large, max-video-preview:-1\" \/>\n<link rel=\"canonical\" href=\"https:\/\/www.erresse-shop.it\/de\/shop\/kleine-elektrogeraete\/grills-und-barbecues\/sage-the-no-mess-waffle\/\" \/>\n<meta property=\"og:locale\" content=\"de_DE\" \/>\n<meta property=\"og:type\" content=\"article\" \/>\n<meta property=\"og:title\" content=\"SAGE The No-mess Waffle\" \/>\n<meta property=\"og:url\" content=\"https:\/\/www.erresse-shop.it\/de\/shop\/kleine-elektrogeraete\/grills-und-barbecues\/sage-the-no-mess-waffle\/\" \/>\n<meta property=\"og:site_name\" content=\"Erresse Shop\" \/>\n<meta property=\"article:modified_time\" content=\"2024-06-11T00:03:00+00:00\" \/>\n<meta property=\"og:image\" content=\"https:\/\/www.erresse-shop.it\/wp-content\/uploads\/2023\/02\/SAGE-The-No-mess-Waffle.jpg\" \/>\n\t<meta property=\"og:image:width\" content=\"1300\" \/>\n\t<meta property=\"og:image:height\" content=\"1300\" \/>\n\t<meta property=\"og:image:type\" content=\"image\/jpeg\" \/>\n<meta name=\"twitter:card\" content=\"summary_large_image\" \/>\n<script type=\"application\/ld+json\" class=\"yoast-schema-graph\">{\"@context\":\"https:\/\/schema.org\",\"@graph\":[{\"@type\":\"WebPage\",\"@id\":\"https:\/\/www.erresse-shop.it\/de\/shop\/kleine-elektrogeraete\/grills-und-barbecues\/sage-the-no-mess-waffle\/\",\"url\":\"https:\/\/www.erresse-shop.it\/de\/shop\/kleine-elektrogeraete\/grills-und-barbecues\/sage-the-no-mess-waffle\/\",\"name\":\"SAGE The No-mess Waffle - Erresse Shop\",\"isPartOf\":{\"@id\":\"https:\/\/www.erresse-shop.it\/de\/#website\"},\"datePublished\":\"2023-02-27T14:23:14+00:00\",\"dateModified\":\"2024-06-11T00:03:00+00:00\",\"breadcrumb\":{\"@id\":\"https:\/\/www.erresse-shop.it\/de\/shop\/kleine-elektrogeraete\/grills-und-barbecues\/sage-the-no-mess-waffle\/#breadcrumb\"},\"inLanguage\":\"de-DE\",\"potentialAction\":[{\"@type\":\"ReadAction\",\"target\":[\"https:\/\/www.erresse-shop.it\/de\/shop\/kleine-elektrogeraete\/grills-und-barbecues\/sage-the-no-mess-waffle\/\"]}]},{\"@type\":\"BreadcrumbList\",\"@id\":\"https:\/\/www.erresse-shop.it\/de\/shop\/kleine-elektrogeraete\/grills-und-barbecues\/sage-the-no-mess-waffle\/#breadcrumb\",\"itemListElement\":[{\"@type\":\"ListItem\",\"position\":1,\"name\":\"Home\",\"item\":\"https:\/\/www.erresse-shop.it\/de\/\"},{\"@type\":\"ListItem\",\"position\":2,\"name\":\"Shop\",\"item\":\"https:\/\/www.erresse-shop.it\/de\/shop\/\"},{\"@type\":\"ListItem\",\"position\":3,\"name\":\"SAGE The No-mess Waffle\"}]},{\"@type\":\"WebSite\",\"@id\":\"https:\/\/www.erresse-shop.it\/de\/#website\",\"url\":\"https:\/\/www.erresse-shop.it\/de\/\",\"name\":\"Erresse Shop\",\"description\":\"Articoli di qualit\u00e0 per la casa\",\"potentialAction\":[{\"@type\":\"SearchAction\",\"target\":{\"@type\":\"EntryPoint\",\"urlTemplate\":\"https:\/\/www.erresse-shop.it\/de\/?s={search_term_string}\"},\"query-input\":\"required name=search_term_string\"}],\"inLanguage\":\"de-DE\"}]}<\/script>\n<!-- \/ Yoast SEO Premium plugin. -->","yoast_head_json":{"title":"SAGE The No-mess Waffle - Erresse Shop","robots":{"index":"index","follow":"follow","max-snippet":"max-snippet:-1","max-image-preview":"max-image-preview:large","max-video-preview":"max-video-preview:-1"},"canonical":"https:\/\/www.erresse-shop.it\/de\/shop\/kleine-elektrogeraete\/grills-und-barbecues\/sage-the-no-mess-waffle\/","og_locale":"de_DE","og_type":"article","og_title":"SAGE The No-mess Waffle","og_url":"https:\/\/www.erresse-shop.it\/de\/shop\/kleine-elektrogeraete\/grills-und-barbecues\/sage-the-no-mess-waffle\/","og_site_name":"Erresse Shop","article_modified_time":"2024-06-11T00:03:00+00:00","og_image":[{"width":1300,"height":1300,"url":"https:\/\/www.erresse-shop.it\/wp-content\/uploads\/2023\/02\/SAGE-The-No-mess-Waffle.jpg","type":"image\/jpeg"}],"twitter_card":"summary_large_image","schema":{"@context":"https:\/\/schema.org","@graph":[{"@type":"WebPage","@id":"https:\/\/www.erresse-shop.it\/de\/shop\/kleine-elektrogeraete\/grills-und-barbecues\/sage-the-no-mess-waffle\/","url":"https:\/\/www.erresse-shop.it\/de\/shop\/kleine-elektrogeraete\/grills-und-barbecues\/sage-the-no-mess-waffle\/","name":"SAGE The No-mess Waffle - Erresse Shop","isPartOf":{"@id":"https:\/\/www.erresse-shop.it\/de\/#website"},"datePublished":"2023-02-27T14:23:14+00:00","dateModified":"2024-06-11T00:03:00+00:00","breadcrumb":{"@id":"https:\/\/www.erresse-shop.it\/de\/shop\/kleine-elektrogeraete\/grills-und-barbecues\/sage-the-no-mess-waffle\/#breadcrumb"},"inLanguage":"de-DE","potentialAction":[{"@type":"ReadAction","target":["https:\/\/www.erresse-shop.it\/de\/shop\/kleine-elektrogeraete\/grills-und-barbecues\/sage-the-no-mess-waffle\/"]}]},{"@type":"BreadcrumbList","@id":"https:\/\/www.erresse-shop.it\/de\/shop\/kleine-elektrogeraete\/grills-und-barbecues\/sage-the-no-mess-waffle\/#breadcrumb","itemListElement":[{"@type":"ListItem","position":1,"name":"Home","item":"https:\/\/www.erresse-shop.it\/de\/"},{"@type":"ListItem","position":2,"name":"Shop","item":"https:\/\/www.erresse-shop.it\/de\/shop\/"},{"@type":"ListItem","position":3,"name":"SAGE The No-mess Waffle"}]},{"@type":"WebSite","@id":"https:\/\/www.erresse-shop.it\/de\/#website","url":"https:\/\/www.erresse-shop.it\/de\/","name":"Erresse Shop","description":"Articoli di qualit\u00e0 per la casa","potentialAction":[{"@type":"SearchAction","target":{"@type":"EntryPoint","urlTemplate":"https:\/\/www.erresse-shop.it\/de\/?s={search_term_string}"},"query-input":"required name=search_term_string"}],"inLanguage":"de-DE"}]}},"df_price":149.95,"df_sale_price":149.95,"df_regular_price":169.9,"df_image_link":"https:\/\/www.erresse-shop.it\/wp-content\/uploads\/2023\/02\/SAGE-The-No-mess-Waffle-1-300x300.jpg","_links":{"self":[{"href":"https:\/\/www.erresse-shop.it\/de\/wp-json\/wp\/v2\/product\/243845"}],"collection":[{"href":"https:\/\/www.erresse-shop.it\/de\/wp-json\/wp\/v2\/product"}],"about":[{"href":"https:\/\/www.erresse-shop.it\/de\/wp-json\/wp\/v2\/types\/product"}],"wp:featuredmedia":[{"embeddable":true,"href":"https:\/\/www.erresse-shop.it\/de\/wp-json\/wp\/v2\/media\/460629"}],"wp:attachment":[{"href":"https:\/\/www.erresse-shop.it\/de\/wp-json\/wp\/v2\/media?parent=243845"}],"wp:term":[{"taxonomy":"product_cat","embeddable":true,"href":"https:\/\/www.erresse-shop.it\/de\/wp-json\/wp\/v2\/product_cat?post=243845"},{"taxonomy":"product_tag","embeddable":true,"href":"https:\/\/www.erresse-shop.it\/de\/wp-json\/wp\/v2\/product_tag?post=243845"}],"curies":[{"name":"wp","href":"https:\/\/api.w.org\/{rel}","templated":true}]}}