{"id":243800,"date":"2023-02-27T13:39:25","date_gmt":"2023-02-27T13:39:26","guid":{"rendered":"https:\/\/www.erresse-shop.it\/?post_type=product&#038;p=243800"},"modified":"2024-06-11T00:02:57","modified_gmt":"2024-06-11T00:02:57","slug":"sage-the-bbq-e-press-grill","status":"publish","type":"product","link":"https:\/\/www.erresse-shop.it\/de\/shop\/kleine-elektrogeraete\/grills-und-barbecues\/sage-the-bbq-e-press-grill\/","title":{"rendered":"SAGE The BBQ e Press Grill"},"content":{"rendered":"<p><strong>Perfekte Paninis, Burger und Steaks.<\/strong><br \/>\nGrillen wie im Freien mit dem offenen BBQ-Modus und der dadurch entstehenden doppelten Grillfl\u00e4che.<\/p>\n<p><strong>One-touch-voreinstellungen<\/strong><br \/>\nMit Abk\u00fcrzungen schneller ans Ziel: voreingestellte One-Touch-Funktionen f\u00fcr die Zubereitung von Paninis, Burgern und Steaks sorgen f\u00fcr ideale Zubereitungsbedingungen und perfekte Ergebnisse Ihrer liebsten Speisen.<\/p>\n<p><strong>Offener BBQ-modus<\/strong><br \/>\n\u00d6ffnen Sie den Grill vollst\u00e4ndig, um eine gr\u00f6\u00dfere geriffelte Grilloberfl\u00e4che zu erhalten. So wird das Grillen von Steaks, Burgern oder Meeresfr\u00fcchten zum Kinderspiel und auch perfekt gebratene Eier oder Pfannkuchen sind kein Problem mehr. Die abnehmbare Abtropfschale f\u00e4ngt das Fett w\u00e4hrend des Kochvorgangs sowohl im BBQ- als auch im Kontaktmodus auf. Genie\u00dfen Sie die Vorteile des Grillens im Freien ab jetzt direkt in Ihrer K\u00fcche.<\/p>\n<p><strong>Unabh\u00e4ngige plattentemperaturregelung<\/strong><br \/>\nMit der unabh\u00e4ngigen elektronischen Temperaturregelung jeder Platte haben Sie stets die Kontrolle \u00fcber die Zubereitung Ihrer Speisen. Im ge\u00f6ffnetem BBQ-Modus ist es Ihnen jetzt m\u00f6glich, eine gr\u00f6\u00dfere Vielfalt an Lebensmitteln zuzubereiten, die jeweils eine andere Temperatur ben\u00f6tigen \u2013 und dank der unz\u00e4hligen m\u00f6glichen Kombinationen wird Ihnen dabei auch nie langweilig.<\/p>\n<p><strong>Wendbare keramikplatten mit glatter und geriffelter oberfl\u00e4che<\/strong><br \/>\nBraten Sie Speck und Eier zum Fr\u00fchst\u00fcck, toasten Sie Paninis zum Mittagessen, kochen Sie Steaks zum Abendessen und backen Sie Waffeln zum Nachtisch \u2013 die nat\u00fcrliche Antihaftbeschichtung auf beiden Seiten erm\u00f6glicht ein besonders einfaches Zubereiten von Speisen. Bei h\u00f6heren Temperaturen sorgen die PFOA- und PTFE-freien Keramikplatten f\u00fcr mehr Br\u00e4une und eine bessere Kruste.<\/p>\n<p><strong>Kompatibel mit waffeleisenplatten<\/strong><br \/>\nErweitern Sie Ihren Grill mit hochwertigen, antihaftbeschichteten Waffeleisenplatten aus Keramik. Die \u00dcberlaufschutzrinne f\u00e4ngt Waffelteig auf, damit dieser sich nicht auf Ihrer Arbeitsfl\u00e4che verteilt. Die Platten sind sp\u00fclmaschinenfest.<\/p>\n<p><strong>Einfache reinigung<\/strong><br \/>\nDie PTFE- und PFOA-freien Keramikplatten mit glatter und geriffelter Oberfl\u00e4che lassen sich leicht per Hand s\u00e4ubern oder k\u00f6nnen einfach entfernt und im Geschirrsp\u00fcler gereinigt werden.<\/p>\n<p><strong>Abmessungen (BxTxH)<\/strong><br \/>\n&#8211; 35.1 x 37.5 x 21.5 cm<\/p>\n<p><strong>Fertigungsmaterialien<\/strong><br \/>\n&#8211; Geb\u00fcrsteter Edelstahl<br \/>\n&#8211; Antihaftbeschichtete Keramikplatten<\/p>\n<p><strong>Kapazit\u00e4t<\/strong><br \/>\n&#8211; 1500 cm\u00b2<\/p>\n<p><strong>Einstellungen<\/strong><br \/>\n&#8211; F\u00fcr Paninis, Burger und Steaks<\/p>\n<p><strong>Leistung<\/strong><br \/>\n&#8211; 1510-1800 W<\/p>\n<p><strong>Netzspannung<\/strong><br \/>\n&#8211; 220-240 V<\/p>\n<p><strong>Einstellbarer Neigungswinkel der Platte<\/strong><br \/>\n&#8211; Ver\u00e4ndert den Winkel der Grundplatte, um Fett abzulassen oder die Platte f\u00fcr Eier, Pfannkuchen und getoastete Sandwiches absolut gerade auszurichten<\/p>\n<p><strong>Plattendesign<\/strong><br \/>\n&#8211; Antihaftbeschichtete, PTFE- und PFOA-freie Keramikplatten in Premium-Qualit\u00e4t zur einfachen Reinigung<\/p>\n<p><strong>Anpassbare H\u00f6heneinstellung<\/strong><br \/>\n&#8211; Bei niedrigeren H\u00f6heneinstellungen wird das Gewicht f\u00fcr empfindlichere Lebensmittel reduziert und dem Herauspressen von Sandwichbel\u00e4gen vorgebeugt<\/p>\n<p><strong>Garantie<\/strong><br \/>\n&#8211; 2 Jahre Ersatz oder Reparatur<\/p>\n<p>&nbsp;<\/p>\n<p><strong>Nicht zum Verkauf au\u00dferhalb Europas<\/strong><\/p>\n","protected":false},"excerpt":{"rendered":"<p><br data-mce-bogus=\"1\"><\/p>\n","protected":false},"featured_media":462584,"template":"","meta":{"_acf_changed":false,"inline_featured_image":false},"product_cat":[6703,13378],"product_tag":[22071,22070,21008],"acf":[],"yoast_head":"<!-- This site is optimized with the Yoast SEO Premium plugin v18.6 (Yoast SEO v19.13) - https:\/\/yoast.com\/wordpress\/plugins\/seo\/ -->\n<title>SAGE The BBQ e Press Grill - Erresse Shop<\/title>\n<meta name=\"robots\" content=\"index, follow, max-snippet:-1, max-image-preview:large, max-video-preview:-1\" \/>\n<link rel=\"canonical\" href=\"https:\/\/www.erresse-shop.it\/de\/shop\/kleine-elektrogeraete\/grills-und-barbecues\/sage-the-bbq-e-press-grill\/\" \/>\n<meta property=\"og:locale\" content=\"de_DE\" \/>\n<meta property=\"og:type\" content=\"article\" \/>\n<meta property=\"og:title\" content=\"SAGE The BBQ e Press Grill\" \/>\n<meta property=\"og:url\" content=\"https:\/\/www.erresse-shop.it\/de\/shop\/kleine-elektrogeraete\/grills-und-barbecues\/sage-the-bbq-e-press-grill\/\" \/>\n<meta property=\"og:site_name\" content=\"Erresse Shop\" \/>\n<meta property=\"article:modified_time\" content=\"2024-06-11T00:02:57+00:00\" \/>\n<meta property=\"og:image\" content=\"https:\/\/www.erresse-shop.it\/wp-content\/uploads\/2023\/02\/SAGE-The-BBQ-e-Press-Grill-1.jpg\" \/>\n\t<meta property=\"og:image:width\" content=\"1300\" \/>\n\t<meta property=\"og:image:height\" content=\"1300\" \/>\n\t<meta property=\"og:image:type\" content=\"image\/jpeg\" \/>\n<meta name=\"twitter:card\" content=\"summary_large_image\" \/>\n<script type=\"application\/ld+json\" class=\"yoast-schema-graph\">{\"@context\":\"https:\/\/schema.org\",\"@graph\":[{\"@type\":\"WebPage\",\"@id\":\"https:\/\/www.erresse-shop.it\/de\/shop\/kleine-elektrogeraete\/grills-und-barbecues\/sage-the-bbq-e-press-grill\/\",\"url\":\"https:\/\/www.erresse-shop.it\/de\/shop\/kleine-elektrogeraete\/grills-und-barbecues\/sage-the-bbq-e-press-grill\/\",\"name\":\"SAGE The BBQ e Press Grill - Erresse Shop\",\"isPartOf\":{\"@id\":\"https:\/\/www.erresse-shop.it\/de\/#website\"},\"datePublished\":\"2023-02-27T13:39:26+00:00\",\"dateModified\":\"2024-06-11T00:02:57+00:00\",\"breadcrumb\":{\"@id\":\"https:\/\/www.erresse-shop.it\/de\/shop\/kleine-elektrogeraete\/grills-und-barbecues\/sage-the-bbq-e-press-grill\/#breadcrumb\"},\"inLanguage\":\"de-DE\",\"potentialAction\":[{\"@type\":\"ReadAction\",\"target\":[\"https:\/\/www.erresse-shop.it\/de\/shop\/kleine-elektrogeraete\/grills-und-barbecues\/sage-the-bbq-e-press-grill\/\"]}]},{\"@type\":\"BreadcrumbList\",\"@id\":\"https:\/\/www.erresse-shop.it\/de\/shop\/kleine-elektrogeraete\/grills-und-barbecues\/sage-the-bbq-e-press-grill\/#breadcrumb\",\"itemListElement\":[{\"@type\":\"ListItem\",\"position\":1,\"name\":\"Home\",\"item\":\"https:\/\/www.erresse-shop.it\/de\/\"},{\"@type\":\"ListItem\",\"position\":2,\"name\":\"Shop\",\"item\":\"https:\/\/www.erresse-shop.it\/de\/shop\/\"},{\"@type\":\"ListItem\",\"position\":3,\"name\":\"SAGE The BBQ e Press Grill\"}]},{\"@type\":\"WebSite\",\"@id\":\"https:\/\/www.erresse-shop.it\/de\/#website\",\"url\":\"https:\/\/www.erresse-shop.it\/de\/\",\"name\":\"Erresse Shop\",\"description\":\"Articoli di qualit\u00e0 per la casa\",\"potentialAction\":[{\"@type\":\"SearchAction\",\"target\":{\"@type\":\"EntryPoint\",\"urlTemplate\":\"https:\/\/www.erresse-shop.it\/de\/?s={search_term_string}\"},\"query-input\":\"required name=search_term_string\"}],\"inLanguage\":\"de-DE\"}]}<\/script>\n<!-- \/ Yoast SEO Premium plugin. -->","yoast_head_json":{"title":"SAGE The BBQ e Press Grill - Erresse Shop","robots":{"index":"index","follow":"follow","max-snippet":"max-snippet:-1","max-image-preview":"max-image-preview:large","max-video-preview":"max-video-preview:-1"},"canonical":"https:\/\/www.erresse-shop.it\/de\/shop\/kleine-elektrogeraete\/grills-und-barbecues\/sage-the-bbq-e-press-grill\/","og_locale":"de_DE","og_type":"article","og_title":"SAGE The BBQ e Press Grill","og_url":"https:\/\/www.erresse-shop.it\/de\/shop\/kleine-elektrogeraete\/grills-und-barbecues\/sage-the-bbq-e-press-grill\/","og_site_name":"Erresse Shop","article_modified_time":"2024-06-11T00:02:57+00:00","og_image":[{"width":1300,"height":1300,"url":"https:\/\/www.erresse-shop.it\/wp-content\/uploads\/2023\/02\/SAGE-The-BBQ-e-Press-Grill-1.jpg","type":"image\/jpeg"}],"twitter_card":"summary_large_image","schema":{"@context":"https:\/\/schema.org","@graph":[{"@type":"WebPage","@id":"https:\/\/www.erresse-shop.it\/de\/shop\/kleine-elektrogeraete\/grills-und-barbecues\/sage-the-bbq-e-press-grill\/","url":"https:\/\/www.erresse-shop.it\/de\/shop\/kleine-elektrogeraete\/grills-und-barbecues\/sage-the-bbq-e-press-grill\/","name":"SAGE The BBQ e Press Grill - Erresse Shop","isPartOf":{"@id":"https:\/\/www.erresse-shop.it\/de\/#website"},"datePublished":"2023-02-27T13:39:26+00:00","dateModified":"2024-06-11T00:02:57+00:00","breadcrumb":{"@id":"https:\/\/www.erresse-shop.it\/de\/shop\/kleine-elektrogeraete\/grills-und-barbecues\/sage-the-bbq-e-press-grill\/#breadcrumb"},"inLanguage":"de-DE","potentialAction":[{"@type":"ReadAction","target":["https:\/\/www.erresse-shop.it\/de\/shop\/kleine-elektrogeraete\/grills-und-barbecues\/sage-the-bbq-e-press-grill\/"]}]},{"@type":"BreadcrumbList","@id":"https:\/\/www.erresse-shop.it\/de\/shop\/kleine-elektrogeraete\/grills-und-barbecues\/sage-the-bbq-e-press-grill\/#breadcrumb","itemListElement":[{"@type":"ListItem","position":1,"name":"Home","item":"https:\/\/www.erresse-shop.it\/de\/"},{"@type":"ListItem","position":2,"name":"Shop","item":"https:\/\/www.erresse-shop.it\/de\/shop\/"},{"@type":"ListItem","position":3,"name":"SAGE The BBQ e Press Grill"}]},{"@type":"WebSite","@id":"https:\/\/www.erresse-shop.it\/de\/#website","url":"https:\/\/www.erresse-shop.it\/de\/","name":"Erresse Shop","description":"Articoli di qualit\u00e0 per la casa","potentialAction":[{"@type":"SearchAction","target":{"@type":"EntryPoint","urlTemplate":"https:\/\/www.erresse-shop.it\/de\/?s={search_term_string}"},"query-input":"required name=search_term_string"}],"inLanguage":"de-DE"}]}},"df_price":239.95,"df_sale_price":239.95,"df_regular_price":279.9,"df_image_link":"https:\/\/www.erresse-shop.it\/wp-content\/uploads\/2023\/02\/SAGE-The-BBQ-Press-Grill-300x300.jpg","_links":{"self":[{"href":"https:\/\/www.erresse-shop.it\/de\/wp-json\/wp\/v2\/product\/243800"}],"collection":[{"href":"https:\/\/www.erresse-shop.it\/de\/wp-json\/wp\/v2\/product"}],"about":[{"href":"https:\/\/www.erresse-shop.it\/de\/wp-json\/wp\/v2\/types\/product"}],"wp:featuredmedia":[{"embeddable":true,"href":"https:\/\/www.erresse-shop.it\/de\/wp-json\/wp\/v2\/media\/462584"}],"wp:attachment":[{"href":"https:\/\/www.erresse-shop.it\/de\/wp-json\/wp\/v2\/media?parent=243800"}],"wp:term":[{"taxonomy":"product_cat","embeddable":true,"href":"https:\/\/www.erresse-shop.it\/de\/wp-json\/wp\/v2\/product_cat?post=243800"},{"taxonomy":"product_tag","embeddable":true,"href":"https:\/\/www.erresse-shop.it\/de\/wp-json\/wp\/v2\/product_tag?post=243800"}],"curies":[{"name":"wp","href":"https:\/\/api.w.org\/{rel}","templated":true}]}}