{"id":243745,"date":"2023-02-27T13:05:46","date_gmt":"2023-02-27T13:05:47","guid":{"rendered":"https:\/\/www.erresse-shop.it\/?post_type=product&#038;p=243745"},"modified":"2024-10-23T19:32:21","modified_gmt":"2024-10-23T19:32:21","slug":"sage-the-perfect-press","status":"publish","type":"product","link":"https:\/\/www.erresse-shop.it\/de\/shop\/kleine-elektrogeraete\/grills-und-barbecues\/sage-the-perfect-press\/","title":{"rendered":"SAGE The Perfect Press"},"content":{"rendered":"<p><strong>Mit Druckkontroll-Scharnier mit Gegengewicht<\/strong><br \/>\nDas innovative Crush-Control-Scharnierdesign der Perfect Press sorgt daf\u00fcr, dass gerade so viel Gewicht angewendet wird, dass die Au\u00dfenseite knusprig getoastet wird ohne die Innenseite zu zerdr\u00fccken, f\u00fcr ein knuspriges, fluffiges Sandwich.<\/p>\n<p><strong>Anpassbare h\u00f6heneinstellung<\/strong><br \/>\nDie anpassbare H\u00f6heneinstellung h\u00e4lt die obere Platte genau auf der H\u00f6he, um alle Sandwichgr\u00f6\u00dfen zu schmelzen und zu br\u00e4unen \u2013 von Croissants bis hin zu Fladenbroten.<\/p>\n<p><strong>Druckkontroll-scharnier<\/strong><br \/>\nDas langlebige Druckkontroll-Scharnier \u00fcbt weniger als ein halbes Kilo an Druck aus, um perfekt zu toasten \u2013 ohne das Innere zu zerdr\u00fccken. Kombiniert mit einem schwebenden Design \u00fcbt der Deckel den idealen Druck auf Ihr Sandwich aus.<\/p>\n<p><strong>Einfache reinigung<\/strong><br \/>\nDie Grillplatten sind mit breiten Oberfl\u00e4chenw\u00f6lbungen versehen, um sicherzustellen, dass es keine schwer zu erreichenden Stellen gibt, sowie mit einer PFOA-freien Antihaftbeschichtung, die leicht zu reinigen sind.<\/p>\n<p><strong>Platzsparend<\/strong><br \/>\nDieses kompakte Ger\u00e4t liefert maximalen Geschmack bei minimalem Platzbedarf auf der K\u00fcchentheke.<\/p>\n<p><strong>Platzsparende aufbewahrung<\/strong><br \/>\nDer robuste Verschlussclip h\u00e4lt die Platten sicher zusammen und der hintere Fu\u00df erm\u00f6glicht eine einfache Lagerung in aufrechter Position.<\/p>\n<p><strong>Abmessungen (BxTxH)<\/strong><br \/>\n&#8211; 13 x 32 x 29 cm<\/p>\n<p><strong>Fertigungsmaterialien<\/strong><br \/>\n&#8211; Geb\u00fcrstetes Edelstahlgeh\u00e4use<\/p>\n<p><strong>Kapazit\u00e4t<\/strong><br \/>\n&#8211; 2 Scheiben<\/p>\n<p><strong>Einstellungen<\/strong><br \/>\n&#8211; Ein\/Aus<\/p>\n<p><strong>Leistung<\/strong><br \/>\n&#8211; 1500 Watts<\/p>\n<p><strong>Netzspannung<\/strong><br \/>\n&#8211; 220\u2013240 V<\/p>\n<p><strong>Plattendesign<\/strong><br \/>\n&#8211; Flache untere und obere Platten mit Antihaftbeschichtung<\/p>\n<p><strong>Anpassbare H\u00f6heneinstellung<\/strong><br \/>\n&#8211; Mit Druckkontrolle und Positionen zum \u00dcberbacken<\/p>\n<p><strong>Antihaftbeschichtete Platte<\/strong><br \/>\n&#8211; Hochwertige, PFOA-freie Antihaftbeschichtung f\u00fcr einfache Reinigung<\/p>\n<p><strong>Garantie<\/strong><br \/>\n&#8211; 2 Jahre Reparatur- oder Ersatzgarantie<\/p>\n<p>&nbsp;<\/p>\n<p><strong>Nicht zum Verkauf au\u00dferhalb Europas<\/strong><\/p>\n","protected":false},"excerpt":{"rendered":"<p><br data-mce-bogus=\"1\"><\/p>\n","protected":false},"featured_media":466869,"template":"","meta":{"_acf_changed":false,"inline_featured_image":false},"product_cat":[6703,13378],"product_tag":[22071,22070,21008],"acf":[],"yoast_head":"<!-- This site is optimized with the Yoast SEO Premium plugin v18.6 (Yoast SEO v19.13) - https:\/\/yoast.com\/wordpress\/plugins\/seo\/ -->\n<title>SAGE The Perfect Press - Erresse Shop<\/title>\n<meta name=\"robots\" content=\"index, follow, max-snippet:-1, max-image-preview:large, max-video-preview:-1\" \/>\n<link rel=\"canonical\" href=\"https:\/\/www.erresse-shop.it\/de\/shop\/kleine-elektrogeraete\/grills-und-barbecues\/sage-the-perfect-press\/\" \/>\n<meta property=\"og:locale\" content=\"de_DE\" \/>\n<meta property=\"og:type\" content=\"article\" \/>\n<meta property=\"og:title\" content=\"SAGE The Perfect Press\" \/>\n<meta property=\"og:url\" content=\"https:\/\/www.erresse-shop.it\/de\/shop\/kleine-elektrogeraete\/grills-und-barbecues\/sage-the-perfect-press\/\" \/>\n<meta property=\"og:site_name\" content=\"Erresse Shop\" \/>\n<meta property=\"article:modified_time\" content=\"2024-10-23T19:32:21+00:00\" \/>\n<meta property=\"og:image\" content=\"https:\/\/www.erresse-shop.it\/wp-content\/uploads\/2023\/02\/SAGE-The-Perfect-Press.jpg\" \/>\n\t<meta property=\"og:image:width\" content=\"1300\" \/>\n\t<meta property=\"og:image:height\" content=\"1300\" \/>\n\t<meta property=\"og:image:type\" content=\"image\/jpeg\" \/>\n<meta name=\"twitter:card\" content=\"summary_large_image\" \/>\n<script type=\"application\/ld+json\" class=\"yoast-schema-graph\">{\"@context\":\"https:\/\/schema.org\",\"@graph\":[{\"@type\":\"WebPage\",\"@id\":\"https:\/\/www.erresse-shop.it\/de\/shop\/kleine-elektrogeraete\/grills-und-barbecues\/sage-the-perfect-press\/\",\"url\":\"https:\/\/www.erresse-shop.it\/de\/shop\/kleine-elektrogeraete\/grills-und-barbecues\/sage-the-perfect-press\/\",\"name\":\"SAGE The Perfect Press - Erresse Shop\",\"isPartOf\":{\"@id\":\"https:\/\/www.erresse-shop.it\/de\/#website\"},\"datePublished\":\"2023-02-27T13:05:47+00:00\",\"dateModified\":\"2024-10-23T19:32:21+00:00\",\"breadcrumb\":{\"@id\":\"https:\/\/www.erresse-shop.it\/de\/shop\/kleine-elektrogeraete\/grills-und-barbecues\/sage-the-perfect-press\/#breadcrumb\"},\"inLanguage\":\"de-DE\",\"potentialAction\":[{\"@type\":\"ReadAction\",\"target\":[\"https:\/\/www.erresse-shop.it\/de\/shop\/kleine-elektrogeraete\/grills-und-barbecues\/sage-the-perfect-press\/\"]}]},{\"@type\":\"BreadcrumbList\",\"@id\":\"https:\/\/www.erresse-shop.it\/de\/shop\/kleine-elektrogeraete\/grills-und-barbecues\/sage-the-perfect-press\/#breadcrumb\",\"itemListElement\":[{\"@type\":\"ListItem\",\"position\":1,\"name\":\"Home\",\"item\":\"https:\/\/www.erresse-shop.it\/de\/\"},{\"@type\":\"ListItem\",\"position\":2,\"name\":\"Shop\",\"item\":\"https:\/\/www.erresse-shop.it\/de\/shop\/\"},{\"@type\":\"ListItem\",\"position\":3,\"name\":\"SAGE The Perfect Press\"}]},{\"@type\":\"WebSite\",\"@id\":\"https:\/\/www.erresse-shop.it\/de\/#website\",\"url\":\"https:\/\/www.erresse-shop.it\/de\/\",\"name\":\"Erresse Shop\",\"description\":\"Articoli di qualit\u00e0 per la casa\",\"potentialAction\":[{\"@type\":\"SearchAction\",\"target\":{\"@type\":\"EntryPoint\",\"urlTemplate\":\"https:\/\/www.erresse-shop.it\/de\/?s={search_term_string}\"},\"query-input\":\"required name=search_term_string\"}],\"inLanguage\":\"de-DE\"}]}<\/script>\n<!-- \/ Yoast SEO Premium plugin. -->","yoast_head_json":{"title":"SAGE The Perfect Press - Erresse Shop","robots":{"index":"index","follow":"follow","max-snippet":"max-snippet:-1","max-image-preview":"max-image-preview:large","max-video-preview":"max-video-preview:-1"},"canonical":"https:\/\/www.erresse-shop.it\/de\/shop\/kleine-elektrogeraete\/grills-und-barbecues\/sage-the-perfect-press\/","og_locale":"de_DE","og_type":"article","og_title":"SAGE The Perfect Press","og_url":"https:\/\/www.erresse-shop.it\/de\/shop\/kleine-elektrogeraete\/grills-und-barbecues\/sage-the-perfect-press\/","og_site_name":"Erresse Shop","article_modified_time":"2024-10-23T19:32:21+00:00","og_image":[{"width":1300,"height":1300,"url":"https:\/\/www.erresse-shop.it\/wp-content\/uploads\/2023\/02\/SAGE-The-Perfect-Press.jpg","type":"image\/jpeg"}],"twitter_card":"summary_large_image","schema":{"@context":"https:\/\/schema.org","@graph":[{"@type":"WebPage","@id":"https:\/\/www.erresse-shop.it\/de\/shop\/kleine-elektrogeraete\/grills-und-barbecues\/sage-the-perfect-press\/","url":"https:\/\/www.erresse-shop.it\/de\/shop\/kleine-elektrogeraete\/grills-und-barbecues\/sage-the-perfect-press\/","name":"SAGE The Perfect Press - Erresse Shop","isPartOf":{"@id":"https:\/\/www.erresse-shop.it\/de\/#website"},"datePublished":"2023-02-27T13:05:47+00:00","dateModified":"2024-10-23T19:32:21+00:00","breadcrumb":{"@id":"https:\/\/www.erresse-shop.it\/de\/shop\/kleine-elektrogeraete\/grills-und-barbecues\/sage-the-perfect-press\/#breadcrumb"},"inLanguage":"de-DE","potentialAction":[{"@type":"ReadAction","target":["https:\/\/www.erresse-shop.it\/de\/shop\/kleine-elektrogeraete\/grills-und-barbecues\/sage-the-perfect-press\/"]}]},{"@type":"BreadcrumbList","@id":"https:\/\/www.erresse-shop.it\/de\/shop\/kleine-elektrogeraete\/grills-und-barbecues\/sage-the-perfect-press\/#breadcrumb","itemListElement":[{"@type":"ListItem","position":1,"name":"Home","item":"https:\/\/www.erresse-shop.it\/de\/"},{"@type":"ListItem","position":2,"name":"Shop","item":"https:\/\/www.erresse-shop.it\/de\/shop\/"},{"@type":"ListItem","position":3,"name":"SAGE The Perfect Press"}]},{"@type":"WebSite","@id":"https:\/\/www.erresse-shop.it\/de\/#website","url":"https:\/\/www.erresse-shop.it\/de\/","name":"Erresse Shop","description":"Articoli di qualit\u00e0 per la casa","potentialAction":[{"@type":"SearchAction","target":{"@type":"EntryPoint","urlTemplate":"https:\/\/www.erresse-shop.it\/de\/?s={search_term_string}"},"query-input":"required name=search_term_string"}],"inLanguage":"de-DE"}]}},"df_price":119.95,"df_sale_price":119.95,"df_regular_price":129,"df_image_link":"https:\/\/www.erresse-shop.it\/wp-content\/uploads\/2023\/02\/SAGE-The-Perfect-Press-300x300.jpg","_links":{"self":[{"href":"https:\/\/www.erresse-shop.it\/de\/wp-json\/wp\/v2\/product\/243745"}],"collection":[{"href":"https:\/\/www.erresse-shop.it\/de\/wp-json\/wp\/v2\/product"}],"about":[{"href":"https:\/\/www.erresse-shop.it\/de\/wp-json\/wp\/v2\/types\/product"}],"wp:featuredmedia":[{"embeddable":true,"href":"https:\/\/www.erresse-shop.it\/de\/wp-json\/wp\/v2\/media\/466869"}],"wp:attachment":[{"href":"https:\/\/www.erresse-shop.it\/de\/wp-json\/wp\/v2\/media?parent=243745"}],"wp:term":[{"taxonomy":"product_cat","embeddable":true,"href":"https:\/\/www.erresse-shop.it\/de\/wp-json\/wp\/v2\/product_cat?post=243745"},{"taxonomy":"product_tag","embeddable":true,"href":"https:\/\/www.erresse-shop.it\/de\/wp-json\/wp\/v2\/product_tag?post=243745"}],"curies":[{"name":"wp","href":"https:\/\/api.w.org\/{rel}","templated":true}]}}