{"id":243668,"date":"2023-02-27T11:31:08","date_gmt":"2023-02-27T11:31:09","guid":{"rendered":"https:\/\/www.erresse-shop.it\/?post_type=product&#038;p=243668"},"modified":"2023-07-17T00:04:00","modified_gmt":"2023-07-17T00:04:00","slug":"sage-the-citrus-press","status":"publish","type":"product","link":"https:\/\/www.erresse-shop.it\/de\/shop\/kleine-elektrogeraete\/zitruspressen\/sage-the-citrus-press\/","title":{"rendered":"SAGE The Citrus Press"},"content":{"rendered":"<p><strong>Eine Presse f\u00fcr alle Gr\u00f6\u00dfen.<\/strong><br \/>\nPressen Sie den letzten Tropfen Saft aus Ihren Zitrusfr\u00fcchten. Die einfache Einhandbedienung erlaubt es Ihnen, mit minimalem Aufwand leckeren Saft zuzubereiten. Um l\u00e4stiges Tropfen zu verhindern, drehen Sie nach dem Pressen den Saftauslauf einfach nach oben.<\/p>\n<p><strong>Entsafter-kegel, der immer passt<\/strong><br \/>\nUnser Entsafter-Kegel erm\u00f6glicht die maximale Extraktion von unterschiedlichen Zitrusfr\u00fcchten, unabg\u00e4ngig von der Gr\u00f6\u00dfe, und kann einfach in der Geschirrsp\u00fclmaschine gereinigt werden.<\/p>\n<p><strong>Presse mit sicherheitsschalter<\/strong><br \/>\nAlles, was Sie ben\u00f6tigten, ist ein freier Arm. Das einzigartige Design der Armpresse garantiert konstanten Druck nach unten w\u00e4hrend des gesamten Entsaftungsprozesses. Der Sicherheitsschalter stellt sicher, dass sich der Kegel erst dann dreht, wenn der Hebel hinuntergedr\u00fcckt und Druck auf die Spitze des Kegels ausge\u00fcbt wird.<\/p>\n<p><strong>Tropfstopp<\/strong><br \/>\nDas praktische und innovative Tropfstopp-System verhindert, dass Saft auf Ihre Arbeitsplatte tropft.<\/p>\n<p><strong>Magnetische fruchtkuppel<\/strong><br \/>\nDie Fruchtkuppel kann einfach entfernt und ersetzt werden, damit Sie die Presse problemlos reinigen und bedienen k\u00f6nnen.<\/p>\n<p><strong>Sp\u00fclmaschinensicher<\/strong><br \/>\nVerschwenden Sie keine Zeit mit Putzen. Das praktische und innovative Tropfstopp-System verhindert, dass Saft auf Ihre Arbeitsplatte tropft.<\/p>\n<p><strong>Abmessungen (BxTxH)<\/strong><br \/>\n&#8211; 33 x 20.3 x 45.7 cm<\/p>\n<p><strong>Fertigungsmaterialien<\/strong><br \/>\n&#8211; Edelstahl-Filterkorb<br \/>\n&#8211; Robustes Polymer-Geh\u00e4use<\/p>\n<p><strong>Einstellungen<\/strong><br \/>\n&#8211; An und Aus<\/p>\n<p><strong>Leistung<\/strong><br \/>\n&#8211; 110 Watt<\/p>\n<p><strong>Netzspannung<\/strong><br \/>\n&#8211; 220\u2013240 Volt<\/p>\n<p><strong>Extraktionssystem<\/strong><br \/>\n&#8211; Der Quadra-Fin\u2122 Kegel aus rostfreiem Stahl holt die maximale Saftmenge aus allen Zitrusfr\u00fcchten<\/p>\n<p><strong>Leistungsstarker Motor<\/strong><br \/>\n&#8211; Startet automatisch, wenn Druck auf den Entsaftungskegel ausge\u00fcbt wird<\/p>\n<p><strong>Motorunterst\u00fctzter Presshebel<\/strong><br \/>\n&#8211; Erm\u00f6glicht m\u00fcheloses und schnelles Entsaften<\/p>\n<p><strong>Doppelter Schutzschalter<\/strong><br \/>\n&#8211; Der patentierte Doppelschalter verhindert das Drehen des Kegels, bis der Arm abgesenkt ist und ausreichend Druck auf den Kegel ausge\u00fcbt wird<\/p>\n<p><strong>Garantie<\/strong><br \/>\n&#8211; 2 Jahre Produktgarantie (Reparatur, Austausch oder Erstattung liegen im Ermessen von Sage Appliances)<\/p>\n<p><strong>Nicht zum Verkauf au\u00dferhalb Europas<\/strong><\/p>\n","protected":false},"excerpt":{"rendered":"<p><br data-mce-bogus=\"1\"><\/p>\n","protected":false},"featured_media":487569,"template":"","meta":{"_acf_changed":false,"inline_featured_image":false},"product_cat":[6703,6889],"product_tag":[23973],"acf":[],"yoast_head":"<!-- This site is optimized with the Yoast SEO Premium plugin v18.6 (Yoast SEO v19.13) - https:\/\/yoast.com\/wordpress\/plugins\/seo\/ -->\n<title>SAGE The Citrus Press - Erresse Shop<\/title>\n<meta name=\"robots\" content=\"index, follow, max-snippet:-1, max-image-preview:large, max-video-preview:-1\" \/>\n<link rel=\"canonical\" href=\"https:\/\/www.erresse-shop.it\/de\/shop\/kleine-elektrogeraete\/zitruspressen\/sage-the-citrus-press\/\" \/>\n<meta property=\"og:locale\" content=\"de_DE\" \/>\n<meta property=\"og:type\" content=\"article\" \/>\n<meta property=\"og:title\" content=\"SAGE The Citrus Press\" \/>\n<meta property=\"og:url\" content=\"https:\/\/www.erresse-shop.it\/de\/shop\/kleine-elektrogeraete\/zitruspressen\/sage-the-citrus-press\/\" \/>\n<meta property=\"og:site_name\" content=\"Erresse Shop\" \/>\n<meta property=\"article:modified_time\" content=\"2023-07-17T00:04:00+00:00\" \/>\n<meta property=\"og:image\" content=\"https:\/\/www.erresse-shop.it\/wp-content\/uploads\/2023\/02\/SAGE-The-Citrus-Press.jpg\" \/>\n\t<meta property=\"og:image:width\" content=\"1300\" \/>\n\t<meta property=\"og:image:height\" content=\"1300\" \/>\n\t<meta property=\"og:image:type\" content=\"image\/jpeg\" \/>\n<meta name=\"twitter:card\" content=\"summary_large_image\" \/>\n<script type=\"application\/ld+json\" class=\"yoast-schema-graph\">{\"@context\":\"https:\/\/schema.org\",\"@graph\":[{\"@type\":\"WebPage\",\"@id\":\"https:\/\/www.erresse-shop.it\/de\/shop\/kleine-elektrogeraete\/zitruspressen\/sage-the-citrus-press\/\",\"url\":\"https:\/\/www.erresse-shop.it\/de\/shop\/kleine-elektrogeraete\/zitruspressen\/sage-the-citrus-press\/\",\"name\":\"SAGE The Citrus Press - Erresse Shop\",\"isPartOf\":{\"@id\":\"https:\/\/www.erresse-shop.it\/de\/#website\"},\"datePublished\":\"2023-02-27T11:31:09+00:00\",\"dateModified\":\"2023-07-17T00:04:00+00:00\",\"breadcrumb\":{\"@id\":\"https:\/\/www.erresse-shop.it\/de\/shop\/kleine-elektrogeraete\/zitruspressen\/sage-the-citrus-press\/#breadcrumb\"},\"inLanguage\":\"de-DE\",\"potentialAction\":[{\"@type\":\"ReadAction\",\"target\":[\"https:\/\/www.erresse-shop.it\/de\/shop\/kleine-elektrogeraete\/zitruspressen\/sage-the-citrus-press\/\"]}]},{\"@type\":\"BreadcrumbList\",\"@id\":\"https:\/\/www.erresse-shop.it\/de\/shop\/kleine-elektrogeraete\/zitruspressen\/sage-the-citrus-press\/#breadcrumb\",\"itemListElement\":[{\"@type\":\"ListItem\",\"position\":1,\"name\":\"Home\",\"item\":\"https:\/\/www.erresse-shop.it\/de\/\"},{\"@type\":\"ListItem\",\"position\":2,\"name\":\"Shop\",\"item\":\"https:\/\/www.erresse-shop.it\/de\/shop\/\"},{\"@type\":\"ListItem\",\"position\":3,\"name\":\"SAGE The Citrus Press\"}]},{\"@type\":\"WebSite\",\"@id\":\"https:\/\/www.erresse-shop.it\/de\/#website\",\"url\":\"https:\/\/www.erresse-shop.it\/de\/\",\"name\":\"Erresse Shop\",\"description\":\"Articoli di qualit\u00e0 per la casa\",\"potentialAction\":[{\"@type\":\"SearchAction\",\"target\":{\"@type\":\"EntryPoint\",\"urlTemplate\":\"https:\/\/www.erresse-shop.it\/de\/?s={search_term_string}\"},\"query-input\":\"required name=search_term_string\"}],\"inLanguage\":\"de-DE\"}]}<\/script>\n<!-- \/ Yoast SEO Premium plugin. -->","yoast_head_json":{"title":"SAGE The Citrus Press - Erresse Shop","robots":{"index":"index","follow":"follow","max-snippet":"max-snippet:-1","max-image-preview":"max-image-preview:large","max-video-preview":"max-video-preview:-1"},"canonical":"https:\/\/www.erresse-shop.it\/de\/shop\/kleine-elektrogeraete\/zitruspressen\/sage-the-citrus-press\/","og_locale":"de_DE","og_type":"article","og_title":"SAGE The Citrus Press","og_url":"https:\/\/www.erresse-shop.it\/de\/shop\/kleine-elektrogeraete\/zitruspressen\/sage-the-citrus-press\/","og_site_name":"Erresse Shop","article_modified_time":"2023-07-17T00:04:00+00:00","og_image":[{"width":1300,"height":1300,"url":"https:\/\/www.erresse-shop.it\/wp-content\/uploads\/2023\/02\/SAGE-The-Citrus-Press.jpg","type":"image\/jpeg"}],"twitter_card":"summary_large_image","schema":{"@context":"https:\/\/schema.org","@graph":[{"@type":"WebPage","@id":"https:\/\/www.erresse-shop.it\/de\/shop\/kleine-elektrogeraete\/zitruspressen\/sage-the-citrus-press\/","url":"https:\/\/www.erresse-shop.it\/de\/shop\/kleine-elektrogeraete\/zitruspressen\/sage-the-citrus-press\/","name":"SAGE The Citrus Press - Erresse Shop","isPartOf":{"@id":"https:\/\/www.erresse-shop.it\/de\/#website"},"datePublished":"2023-02-27T11:31:09+00:00","dateModified":"2023-07-17T00:04:00+00:00","breadcrumb":{"@id":"https:\/\/www.erresse-shop.it\/de\/shop\/kleine-elektrogeraete\/zitruspressen\/sage-the-citrus-press\/#breadcrumb"},"inLanguage":"de-DE","potentialAction":[{"@type":"ReadAction","target":["https:\/\/www.erresse-shop.it\/de\/shop\/kleine-elektrogeraete\/zitruspressen\/sage-the-citrus-press\/"]}]},{"@type":"BreadcrumbList","@id":"https:\/\/www.erresse-shop.it\/de\/shop\/kleine-elektrogeraete\/zitruspressen\/sage-the-citrus-press\/#breadcrumb","itemListElement":[{"@type":"ListItem","position":1,"name":"Home","item":"https:\/\/www.erresse-shop.it\/de\/"},{"@type":"ListItem","position":2,"name":"Shop","item":"https:\/\/www.erresse-shop.it\/de\/shop\/"},{"@type":"ListItem","position":3,"name":"SAGE The Citrus Press"}]},{"@type":"WebSite","@id":"https:\/\/www.erresse-shop.it\/de\/#website","url":"https:\/\/www.erresse-shop.it\/de\/","name":"Erresse Shop","description":"Articoli di qualit\u00e0 per la casa","potentialAction":[{"@type":"SearchAction","target":{"@type":"EntryPoint","urlTemplate":"https:\/\/www.erresse-shop.it\/de\/?s={search_term_string}"},"query-input":"required name=search_term_string"}],"inLanguage":"de-DE"}]}},"df_price":189.9,"df_sale_price":189.9,"df_regular_price":189.9,"df_image_link":"https:\/\/www.erresse-shop.it\/wp-content\/uploads\/2023\/02\/SAGE-The-Citrus-Press-300x300.jpg","_links":{"self":[{"href":"https:\/\/www.erresse-shop.it\/de\/wp-json\/wp\/v2\/product\/243668"}],"collection":[{"href":"https:\/\/www.erresse-shop.it\/de\/wp-json\/wp\/v2\/product"}],"about":[{"href":"https:\/\/www.erresse-shop.it\/de\/wp-json\/wp\/v2\/types\/product"}],"wp:featuredmedia":[{"embeddable":true,"href":"https:\/\/www.erresse-shop.it\/de\/wp-json\/wp\/v2\/media\/487569"}],"wp:attachment":[{"href":"https:\/\/www.erresse-shop.it\/de\/wp-json\/wp\/v2\/media?parent=243668"}],"wp:term":[{"taxonomy":"product_cat","embeddable":true,"href":"https:\/\/www.erresse-shop.it\/de\/wp-json\/wp\/v2\/product_cat?post=243668"},{"taxonomy":"product_tag","embeddable":true,"href":"https:\/\/www.erresse-shop.it\/de\/wp-json\/wp\/v2\/product_tag?post=243668"}],"curies":[{"name":"wp","href":"https:\/\/api.w.org\/{rel}","templated":true}]}}