{"id":243637,"date":"2023-02-27T11:02:44","date_gmt":"2023-02-27T11:02:45","guid":{"rendered":"https:\/\/www.erresse-shop.it\/?post_type=product&#038;p=243637"},"modified":"2024-06-11T00:02:55","modified_gmt":"2024-06-11T00:02:55","slug":"sage-the-smart-grinder-pro-schwarzer-truffel","status":"publish","type":"product","link":"https:\/\/www.erresse-shop.it\/de\/shop\/kleine-elektrogeraete\/kaffeemuehlen\/sage-the-smart-grinder-pro-schwarzer-truffel\/","title":{"rendered":"SAGE The Smart Grinder Pro Schwarzer Tr\u00fcffel"},"content":{"rendered":"<p>Mit ihren 60 einzigartigen Einstellungen verbessert diese programmierbare Kaffeem\u00fchle mit Kegelmahlwerk das Potenzial jeder Mischung. W\u00e4hlen Sie zwischen &#8220;Tassen&#8221; f\u00fcr die Zubereitung von Kolben- oder Filterkaffee und &#8220;Tassen&#8221; f\u00fcr die Zubereitung von Espresso, um die richtige Dosis f\u00fcr jede Art von Kaffee zu erhalten. Kann direkt im Filterhalter oder in einem luftdichten Beh\u00e4lter gemahlen werden.<\/p>\n<p><strong>Einfache Dosierung:<\/strong><br \/>\nMit der Smart Grinder Pro k\u00f6nnen Sie den Kaffee direkt im Portafilter, in einem luftdichten Beh\u00e4lter, im Goldfilter oder in Papierfiltern mahlen. Sie haben die Wahl.<\/p>\n<p><strong>LCD-Anzeige:<\/strong><br \/>\nDas praktische LCD-Display zeigt die Mahlgradeinstellung, die Mahldauer und die Anzahl der ausgew\u00e4hlten Tassen oder Becher an.<\/p>\n<p><strong>Vorprogrammierte Einstellungen:<\/strong><br \/>\nIntelligente Einstellungen f\u00fcr die Kaffeem\u00fchle helfen Ihnen, unabh\u00e4ngig vom gew\u00e4hlten Mahlgrad perfekte Ergebnisse zu erzielen.<\/p>\n<p><strong>60 Einstellungen f\u00fcr das Schleifen:<\/strong><br \/>\nMit der gro\u00dfen Auswahl an intuitiven Mahlgradeinstellungen k\u00f6nnen Sie den perfekten Kaffee zubereiten, vom Espresso bis zum Kolbenbr\u00fchen.<\/p>\n<p><strong>Mit Dosing IQ stimmt die Menge immer:<\/strong><br \/>\nMit der digitalen Pr\u00e4zisionszeitfunktion k\u00f6nnen Sie die Mahldauer in 0,2-Sekunden-Schritten einstellen und programmieren &#8211; f\u00fcr absolute Kontrolle und eine perfekte Dosis bei jedem Mahlvorgang.<\/p>\n<p>Stromversorgung: 165 Watt<br \/>\nFassungsverm\u00f6gen: 450 g Kaffeebohnen<br \/>\nAbmessungen (BxTxH): 21,5 x 16 x 38,9 cm<br \/>\nSpannung: 220-240 Volt<br \/>\nKonstruktionsmaterial: Geh\u00e4use aus rostfreiem Stahl + konische Mahlwerke aus rostfreiem Stahl<br \/>\nEinstellungen: 60 pr\u00e4zise Mahlgradeinstellungen von Espresso bis Kolbenkaffeemaschine<br \/>\nGarantie: 2 Jahre f\u00fcr Reparatur, Ersatz oder Erstattung (nach alleinigem Ermessen von Sage Appliances)<\/p>\n<p><strong>Zubeh\u00f6r:<\/strong><\/p>\n<ul>\n<li>Filterhaltergeh\u00e4use-klein 50-54 mm<\/li>\n<li>Filterhaltergeh\u00e4use-Gro\u00df 58 mm<\/li>\n<li>Beh\u00e4lter f\u00fcr gemahlenen Kaffee mit wasserdichtem Deckel<\/li>\n<li>Reinigungsb\u00fcrste f\u00fcr Kegelschleifer<\/li>\n<\/ul>\n<p><strong>Nicht zum Verkauf au\u00dferhalb Europas<\/strong><\/p>\n","protected":false},"excerpt":{"rendered":"<p><br data-mce-bogus=\"1\"><\/p>\n","protected":false},"featured_media":498731,"template":"","meta":{"_acf_changed":false,"inline_featured_image":false},"product_cat":[6703,25386],"product_tag":[23564],"acf":[],"yoast_head":"<!-- This site is optimized with the Yoast SEO Premium plugin v18.6 (Yoast SEO v19.13) - https:\/\/yoast.com\/wordpress\/plugins\/seo\/ -->\n<title>SAGE The Smart Grinder Pro Schwarzer Tr\u00fcffel - Erresse Shop<\/title>\n<meta name=\"robots\" content=\"index, follow, max-snippet:-1, max-image-preview:large, max-video-preview:-1\" \/>\n<link rel=\"canonical\" href=\"https:\/\/www.erresse-shop.it\/de\/shop\/kleine-elektrogeraete\/kaffeemuehlen\/sage-the-smart-grinder-pro-schwarzer-truffel\/\" \/>\n<meta property=\"og:locale\" content=\"de_DE\" \/>\n<meta property=\"og:type\" content=\"article\" \/>\n<meta property=\"og:title\" content=\"SAGE The Smart Grinder Pro Schwarzer Tr\u00fcffel\" \/>\n<meta property=\"og:url\" content=\"https:\/\/www.erresse-shop.it\/de\/shop\/kleine-elektrogeraete\/kaffeemuehlen\/sage-the-smart-grinder-pro-schwarzer-truffel\/\" \/>\n<meta property=\"og:site_name\" content=\"Erresse Shop\" \/>\n<meta property=\"article:modified_time\" content=\"2024-06-11T00:02:55+00:00\" \/>\n<meta property=\"og:image\" content=\"https:\/\/www.erresse-shop.it\/wp-content\/uploads\/2023\/02\/SAGE-The-Smart-Grinder-Pro-Black-Truffle.jpg\" \/>\n\t<meta property=\"og:image:width\" content=\"1300\" \/>\n\t<meta property=\"og:image:height\" content=\"1300\" \/>\n\t<meta property=\"og:image:type\" content=\"image\/jpeg\" \/>\n<meta name=\"twitter:card\" content=\"summary_large_image\" \/>\n<script type=\"application\/ld+json\" class=\"yoast-schema-graph\">{\"@context\":\"https:\/\/schema.org\",\"@graph\":[{\"@type\":\"WebPage\",\"@id\":\"https:\/\/www.erresse-shop.it\/de\/shop\/kleine-elektrogeraete\/kaffeemuehlen\/sage-the-smart-grinder-pro-schwarzer-truffel\/\",\"url\":\"https:\/\/www.erresse-shop.it\/de\/shop\/kleine-elektrogeraete\/kaffeemuehlen\/sage-the-smart-grinder-pro-schwarzer-truffel\/\",\"name\":\"SAGE The Smart Grinder Pro Schwarzer Tr\u00fcffel - Erresse Shop\",\"isPartOf\":{\"@id\":\"https:\/\/www.erresse-shop.it\/de\/#website\"},\"datePublished\":\"2023-02-27T11:02:45+00:00\",\"dateModified\":\"2024-06-11T00:02:55+00:00\",\"breadcrumb\":{\"@id\":\"https:\/\/www.erresse-shop.it\/de\/shop\/kleine-elektrogeraete\/kaffeemuehlen\/sage-the-smart-grinder-pro-schwarzer-truffel\/#breadcrumb\"},\"inLanguage\":\"de-DE\",\"potentialAction\":[{\"@type\":\"ReadAction\",\"target\":[\"https:\/\/www.erresse-shop.it\/de\/shop\/kleine-elektrogeraete\/kaffeemuehlen\/sage-the-smart-grinder-pro-schwarzer-truffel\/\"]}]},{\"@type\":\"BreadcrumbList\",\"@id\":\"https:\/\/www.erresse-shop.it\/de\/shop\/kleine-elektrogeraete\/kaffeemuehlen\/sage-the-smart-grinder-pro-schwarzer-truffel\/#breadcrumb\",\"itemListElement\":[{\"@type\":\"ListItem\",\"position\":1,\"name\":\"Home\",\"item\":\"https:\/\/www.erresse-shop.it\/de\/\"},{\"@type\":\"ListItem\",\"position\":2,\"name\":\"Shop\",\"item\":\"https:\/\/www.erresse-shop.it\/de\/shop\/\"},{\"@type\":\"ListItem\",\"position\":3,\"name\":\"SAGE The Smart Grinder Pro Schwarzer Tr\u00fcffel\"}]},{\"@type\":\"WebSite\",\"@id\":\"https:\/\/www.erresse-shop.it\/de\/#website\",\"url\":\"https:\/\/www.erresse-shop.it\/de\/\",\"name\":\"Erresse Shop\",\"description\":\"Articoli di qualit\u00e0 per la casa\",\"potentialAction\":[{\"@type\":\"SearchAction\",\"target\":{\"@type\":\"EntryPoint\",\"urlTemplate\":\"https:\/\/www.erresse-shop.it\/de\/?s={search_term_string}\"},\"query-input\":\"required name=search_term_string\"}],\"inLanguage\":\"de-DE\"}]}<\/script>\n<!-- \/ Yoast SEO Premium plugin. -->","yoast_head_json":{"title":"SAGE The Smart Grinder Pro Schwarzer Tr\u00fcffel - Erresse Shop","robots":{"index":"index","follow":"follow","max-snippet":"max-snippet:-1","max-image-preview":"max-image-preview:large","max-video-preview":"max-video-preview:-1"},"canonical":"https:\/\/www.erresse-shop.it\/de\/shop\/kleine-elektrogeraete\/kaffeemuehlen\/sage-the-smart-grinder-pro-schwarzer-truffel\/","og_locale":"de_DE","og_type":"article","og_title":"SAGE The Smart Grinder Pro Schwarzer Tr\u00fcffel","og_url":"https:\/\/www.erresse-shop.it\/de\/shop\/kleine-elektrogeraete\/kaffeemuehlen\/sage-the-smart-grinder-pro-schwarzer-truffel\/","og_site_name":"Erresse Shop","article_modified_time":"2024-06-11T00:02:55+00:00","og_image":[{"width":1300,"height":1300,"url":"https:\/\/www.erresse-shop.it\/wp-content\/uploads\/2023\/02\/SAGE-The-Smart-Grinder-Pro-Black-Truffle.jpg","type":"image\/jpeg"}],"twitter_card":"summary_large_image","schema":{"@context":"https:\/\/schema.org","@graph":[{"@type":"WebPage","@id":"https:\/\/www.erresse-shop.it\/de\/shop\/kleine-elektrogeraete\/kaffeemuehlen\/sage-the-smart-grinder-pro-schwarzer-truffel\/","url":"https:\/\/www.erresse-shop.it\/de\/shop\/kleine-elektrogeraete\/kaffeemuehlen\/sage-the-smart-grinder-pro-schwarzer-truffel\/","name":"SAGE The Smart Grinder Pro Schwarzer Tr\u00fcffel - Erresse Shop","isPartOf":{"@id":"https:\/\/www.erresse-shop.it\/de\/#website"},"datePublished":"2023-02-27T11:02:45+00:00","dateModified":"2024-06-11T00:02:55+00:00","breadcrumb":{"@id":"https:\/\/www.erresse-shop.it\/de\/shop\/kleine-elektrogeraete\/kaffeemuehlen\/sage-the-smart-grinder-pro-schwarzer-truffel\/#breadcrumb"},"inLanguage":"de-DE","potentialAction":[{"@type":"ReadAction","target":["https:\/\/www.erresse-shop.it\/de\/shop\/kleine-elektrogeraete\/kaffeemuehlen\/sage-the-smart-grinder-pro-schwarzer-truffel\/"]}]},{"@type":"BreadcrumbList","@id":"https:\/\/www.erresse-shop.it\/de\/shop\/kleine-elektrogeraete\/kaffeemuehlen\/sage-the-smart-grinder-pro-schwarzer-truffel\/#breadcrumb","itemListElement":[{"@type":"ListItem","position":1,"name":"Home","item":"https:\/\/www.erresse-shop.it\/de\/"},{"@type":"ListItem","position":2,"name":"Shop","item":"https:\/\/www.erresse-shop.it\/de\/shop\/"},{"@type":"ListItem","position":3,"name":"SAGE The Smart Grinder Pro Schwarzer Tr\u00fcffel"}]},{"@type":"WebSite","@id":"https:\/\/www.erresse-shop.it\/de\/#website","url":"https:\/\/www.erresse-shop.it\/de\/","name":"Erresse Shop","description":"Articoli di qualit\u00e0 per la casa","potentialAction":[{"@type":"SearchAction","target":{"@type":"EntryPoint","urlTemplate":"https:\/\/www.erresse-shop.it\/de\/?s={search_term_string}"},"query-input":"required name=search_term_string"}],"inLanguage":"de-DE"}]}},"df_price":259.9,"df_sale_price":259.9,"df_regular_price":259.9,"df_image_link":"https:\/\/www.erresse-shop.it\/wp-content\/uploads\/2023\/02\/SAGE-The-Smart-Grinder-Pro-Tartufo-Nero-300x300.jpg","_links":{"self":[{"href":"https:\/\/www.erresse-shop.it\/de\/wp-json\/wp\/v2\/product\/243637"}],"collection":[{"href":"https:\/\/www.erresse-shop.it\/de\/wp-json\/wp\/v2\/product"}],"about":[{"href":"https:\/\/www.erresse-shop.it\/de\/wp-json\/wp\/v2\/types\/product"}],"wp:featuredmedia":[{"embeddable":true,"href":"https:\/\/www.erresse-shop.it\/de\/wp-json\/wp\/v2\/media\/498731"}],"wp:attachment":[{"href":"https:\/\/www.erresse-shop.it\/de\/wp-json\/wp\/v2\/media?parent=243637"}],"wp:term":[{"taxonomy":"product_cat","embeddable":true,"href":"https:\/\/www.erresse-shop.it\/de\/wp-json\/wp\/v2\/product_cat?post=243637"},{"taxonomy":"product_tag","embeddable":true,"href":"https:\/\/www.erresse-shop.it\/de\/wp-json\/wp\/v2\/product_tag?post=243637"}],"curies":[{"name":"wp","href":"https:\/\/api.w.org\/{rel}","templated":true}]}}