{"id":243565,"date":"2023-02-27T10:25:18","date_gmt":"2023-02-27T10:25:19","guid":{"rendered":"https:\/\/www.erresse-shop.it\/?post_type=product&#038;p=243565"},"modified":"2024-01-16T17:09:22","modified_gmt":"2024-01-16T17:09:22","slug":"sage-the-puck-sucker","status":"publish","type":"product","link":"https:\/\/www.erresse-shop.it\/de\/shop\/kaffe\/zubehoer\/sage-the-puck-sucker\/","title":{"rendered":"SAGE The Puck Sucker"},"content":{"rendered":"<p><strong>Kompatibel mit den Sage Oracle- und Dual Boiler-serien<\/strong><br \/>\nGeeignet f\u00fcr 58-mm-Siebtr\u00e4ger von Sage.<\/p>\n<p><strong>Ger\u00e4uschlose, einfache vakuumextraktion<\/strong><br \/>\nEin automatisch aktivierter Saugnapf erzeugt ein Vakuum, mit dem der Espresso-Puck in einem Zug ger\u00e4uschlos und sanft aus dem Siebtr\u00e4ger gel\u00f6st wird.<\/p>\n<p><strong>Einfache reinigung<\/strong><br \/>\nDank Schnellverschlussdeckel l\u00e4sst sich der Puck leicht entfernen, und der sp\u00fclmaschinenfeste Tritan-Beh\u00e4lter erlaubt eine schnelle und unkomplizierte Reinigung.<\/p>\n<p><strong>Netzspannung<\/strong><br \/>\n&#8211; 9V-Batteriebetrieb (inbegriffen)<\/p>\n<p><strong>Weitere Funktionen<\/strong><br \/>\n&#8211; Automatische Aktivierung<br \/>\n&#8211; Kompatibel NUR mit 58-mm-Siebtr\u00e4gern von Sage<br \/>\n&#8211; Sp\u00fclmaschinenfester Tritan-Beh\u00e4lter<br \/>\n&#8211; Fassungsverm\u00f6gen von 10\u201312 Pucks<br \/>\n&#8211; Vakuumpumpe<br \/>\n&#8211; Einschlie\u00dflich 9V-Batterie<br \/>\n&#8211; Geriffeltes Design<br \/>\n&#8211; Rutschfester Gummiboden<br \/>\n&#8211; Durchsichtiges Gef\u00e4\u00df zur Kapazit\u00e4tskontrolle<\/p>\n","protected":false},"excerpt":{"rendered":"<p><br data-mce-bogus=\"1\"><\/p>\n","protected":false},"featured_media":489091,"template":"","meta":{"_acf_changed":false,"inline_featured_image":false},"product_cat":[6733,6703,25351,25356],"product_tag":[23564,23609],"acf":[],"yoast_head":"<!-- This site is optimized with the Yoast SEO Premium plugin v18.6 (Yoast SEO v19.13) - https:\/\/yoast.com\/wordpress\/plugins\/seo\/ -->\n<title>SAGE The Puck Sucker - Erresse Shop<\/title>\n<meta name=\"robots\" content=\"index, follow, max-snippet:-1, max-image-preview:large, max-video-preview:-1\" \/>\n<link rel=\"canonical\" href=\"https:\/\/www.erresse-shop.it\/de\/shop\/kaffe\/zubehoer\/sage-the-puck-sucker\/\" \/>\n<meta property=\"og:locale\" content=\"de_DE\" \/>\n<meta property=\"og:type\" content=\"article\" \/>\n<meta property=\"og:title\" content=\"SAGE The Puck Sucker\" \/>\n<meta property=\"og:url\" content=\"https:\/\/www.erresse-shop.it\/de\/shop\/kaffe\/zubehoer\/sage-the-puck-sucker\/\" \/>\n<meta property=\"og:site_name\" content=\"Erresse Shop\" \/>\n<meta property=\"article:modified_time\" content=\"2024-01-16T17:09:22+00:00\" \/>\n<meta property=\"og:image\" content=\"https:\/\/www.erresse-shop.it\/wp-content\/uploads\/2023\/02\/SAGE-The-Push-Sucker.jpg\" \/>\n\t<meta property=\"og:image:width\" content=\"1300\" \/>\n\t<meta property=\"og:image:height\" content=\"1300\" \/>\n\t<meta property=\"og:image:type\" content=\"image\/jpeg\" \/>\n<meta name=\"twitter:card\" content=\"summary_large_image\" \/>\n<script type=\"application\/ld+json\" class=\"yoast-schema-graph\">{\"@context\":\"https:\/\/schema.org\",\"@graph\":[{\"@type\":\"WebPage\",\"@id\":\"https:\/\/www.erresse-shop.it\/de\/shop\/kaffe\/zubehoer\/sage-the-puck-sucker\/\",\"url\":\"https:\/\/www.erresse-shop.it\/de\/shop\/kaffe\/zubehoer\/sage-the-puck-sucker\/\",\"name\":\"SAGE The Puck Sucker - Erresse Shop\",\"isPartOf\":{\"@id\":\"https:\/\/www.erresse-shop.it\/de\/#website\"},\"datePublished\":\"2023-02-27T10:25:19+00:00\",\"dateModified\":\"2024-01-16T17:09:22+00:00\",\"breadcrumb\":{\"@id\":\"https:\/\/www.erresse-shop.it\/de\/shop\/kaffe\/zubehoer\/sage-the-puck-sucker\/#breadcrumb\"},\"inLanguage\":\"de-DE\",\"potentialAction\":[{\"@type\":\"ReadAction\",\"target\":[\"https:\/\/www.erresse-shop.it\/de\/shop\/kaffe\/zubehoer\/sage-the-puck-sucker\/\"]}]},{\"@type\":\"BreadcrumbList\",\"@id\":\"https:\/\/www.erresse-shop.it\/de\/shop\/kaffe\/zubehoer\/sage-the-puck-sucker\/#breadcrumb\",\"itemListElement\":[{\"@type\":\"ListItem\",\"position\":1,\"name\":\"Home\",\"item\":\"https:\/\/www.erresse-shop.it\/de\/\"},{\"@type\":\"ListItem\",\"position\":2,\"name\":\"Shop\",\"item\":\"https:\/\/www.erresse-shop.it\/de\/shop\/\"},{\"@type\":\"ListItem\",\"position\":3,\"name\":\"SAGE The Puck Sucker\"}]},{\"@type\":\"WebSite\",\"@id\":\"https:\/\/www.erresse-shop.it\/de\/#website\",\"url\":\"https:\/\/www.erresse-shop.it\/de\/\",\"name\":\"Erresse Shop\",\"description\":\"Articoli di qualit\u00e0 per la casa\",\"potentialAction\":[{\"@type\":\"SearchAction\",\"target\":{\"@type\":\"EntryPoint\",\"urlTemplate\":\"https:\/\/www.erresse-shop.it\/de\/?s={search_term_string}\"},\"query-input\":\"required name=search_term_string\"}],\"inLanguage\":\"de-DE\"}]}<\/script>\n<!-- \/ Yoast SEO Premium plugin. -->","yoast_head_json":{"title":"SAGE The Puck Sucker - Erresse Shop","robots":{"index":"index","follow":"follow","max-snippet":"max-snippet:-1","max-image-preview":"max-image-preview:large","max-video-preview":"max-video-preview:-1"},"canonical":"https:\/\/www.erresse-shop.it\/de\/shop\/kaffe\/zubehoer\/sage-the-puck-sucker\/","og_locale":"de_DE","og_type":"article","og_title":"SAGE The Puck Sucker","og_url":"https:\/\/www.erresse-shop.it\/de\/shop\/kaffe\/zubehoer\/sage-the-puck-sucker\/","og_site_name":"Erresse Shop","article_modified_time":"2024-01-16T17:09:22+00:00","og_image":[{"width":1300,"height":1300,"url":"https:\/\/www.erresse-shop.it\/wp-content\/uploads\/2023\/02\/SAGE-The-Push-Sucker.jpg","type":"image\/jpeg"}],"twitter_card":"summary_large_image","schema":{"@context":"https:\/\/schema.org","@graph":[{"@type":"WebPage","@id":"https:\/\/www.erresse-shop.it\/de\/shop\/kaffe\/zubehoer\/sage-the-puck-sucker\/","url":"https:\/\/www.erresse-shop.it\/de\/shop\/kaffe\/zubehoer\/sage-the-puck-sucker\/","name":"SAGE The Puck Sucker - Erresse Shop","isPartOf":{"@id":"https:\/\/www.erresse-shop.it\/de\/#website"},"datePublished":"2023-02-27T10:25:19+00:00","dateModified":"2024-01-16T17:09:22+00:00","breadcrumb":{"@id":"https:\/\/www.erresse-shop.it\/de\/shop\/kaffe\/zubehoer\/sage-the-puck-sucker\/#breadcrumb"},"inLanguage":"de-DE","potentialAction":[{"@type":"ReadAction","target":["https:\/\/www.erresse-shop.it\/de\/shop\/kaffe\/zubehoer\/sage-the-puck-sucker\/"]}]},{"@type":"BreadcrumbList","@id":"https:\/\/www.erresse-shop.it\/de\/shop\/kaffe\/zubehoer\/sage-the-puck-sucker\/#breadcrumb","itemListElement":[{"@type":"ListItem","position":1,"name":"Home","item":"https:\/\/www.erresse-shop.it\/de\/"},{"@type":"ListItem","position":2,"name":"Shop","item":"https:\/\/www.erresse-shop.it\/de\/shop\/"},{"@type":"ListItem","position":3,"name":"SAGE The Puck Sucker"}]},{"@type":"WebSite","@id":"https:\/\/www.erresse-shop.it\/de\/#website","url":"https:\/\/www.erresse-shop.it\/de\/","name":"Erresse Shop","description":"Articoli di qualit\u00e0 per la casa","potentialAction":[{"@type":"SearchAction","target":{"@type":"EntryPoint","urlTemplate":"https:\/\/www.erresse-shop.it\/de\/?s={search_term_string}"},"query-input":"required name=search_term_string"}],"inLanguage":"de-DE"}]}},"df_price":89.9,"df_sale_price":89.9,"df_regular_price":89.9,"df_image_link":"https:\/\/www.erresse-shop.it\/wp-content\/uploads\/2023\/02\/SAGE-The-Puck-Sucker-300x300.jpg","_links":{"self":[{"href":"https:\/\/www.erresse-shop.it\/de\/wp-json\/wp\/v2\/product\/243565"}],"collection":[{"href":"https:\/\/www.erresse-shop.it\/de\/wp-json\/wp\/v2\/product"}],"about":[{"href":"https:\/\/www.erresse-shop.it\/de\/wp-json\/wp\/v2\/types\/product"}],"wp:featuredmedia":[{"embeddable":true,"href":"https:\/\/www.erresse-shop.it\/de\/wp-json\/wp\/v2\/media\/489091"}],"wp:attachment":[{"href":"https:\/\/www.erresse-shop.it\/de\/wp-json\/wp\/v2\/media?parent=243565"}],"wp:term":[{"taxonomy":"product_cat","embeddable":true,"href":"https:\/\/www.erresse-shop.it\/de\/wp-json\/wp\/v2\/product_cat?post=243565"},{"taxonomy":"product_tag","embeddable":true,"href":"https:\/\/www.erresse-shop.it\/de\/wp-json\/wp\/v2\/product_tag?post=243565"}],"curies":[{"name":"wp","href":"https:\/\/api.w.org\/{rel}","templated":true}]}}