{"id":243515,"date":"2023-02-27T10:03:49","date_gmt":"2023-02-27T10:03:50","guid":{"rendered":"https:\/\/www.erresse-shop.it\/?post_type=product&#038;p=243515"},"modified":"2024-04-18T13:34:56","modified_gmt":"2024-04-18T13:34:56","slug":"sage-the-oracle-schwarzer-truffel","status":"publish","type":"product","link":"https:\/\/www.erresse-shop.it\/de\/shop\/kleine-elektrogeraete\/kaffeemaschinen-espresso\/automatisch\/sage-the-oracle-schwarzer-truffel\/","title":{"rendered":"SAGE The Oracle Schwarzer Tr\u00fcffel"},"content":{"rendered":"<p>Wahrer Kaffeegenuss, ohne Barista. Die Oracle\u2122 br\u00fcht Barista-Qualit\u00e4tskaffee, der wie in Ihrem Lieblingscaf\u00e9 schmeckt. Die Oracle\u2122 bietet automatisches Mahlen, Dosieren, Tampern und automatische Milchtexturierung. Sie k\u00f6nnen einen Espresso extrahieren und dabei gleichzeitig Milch aufsch\u00e4umen \u2013 ganz schnell.<\/p>\n<p><strong>Automatisches Mahlen und Tampern<\/strong><br \/>\nDas integrierte kegelf\u00f6rmige Mahlwerk mahlt, dosiert und tampert 22 Gramm Kaffee automatisch in den Siebtr\u00e4ger hinein.<\/p>\n<p><strong>Pr\u00e4zise Espresso-Extraktion<\/strong><br \/>\nDer Dual Boiler aus Edelstahl sowie das Aufheizsystem, das mit Hilfe einer digitalen Temperaturkontrolle (PID) gesteuert wird, heizt Wasser bis zur perfekten Temperatur auf, um maximalen Geschmack zu garantieren.<\/p>\n<p>Abmessung (BxTxH) 40.9 x 37.3 x 45.3 cm<br \/>\nGarantie: 2 Jahre Produktgarantie (Reparatur, Austausch oder Erstattung liegen im Ermessen von Sage Appliances)<br \/>\nIntegriertes Kaffeemahlwerk: Kegelf\u00f6rmiges Mahlwerk aus Edelstahl.<br \/>\nF\u00fcllmenge Bohnenbeh\u00e4lter: 280 Gramm<br \/>\nF\u00fcllmenge Wassertank: 2,5 Liter<br \/>\nLeistung: 2400 Watts<br \/>\nMaterialien: Geb\u00fcrsteter Edelstahl au\u00dfen; Edelstahl-Dual-Boiler<br \/>\nPreinfusion: Befeuchtet das Kaffeepulver vor der eigentlichen Extraktion, wodurch die Aromen besser gel\u00f6st werden.<br \/>\nSpannung: 220\u2013240 Volts<br \/>\nTimer: Der Timer zeigt die Dauer der Extraktion an und garantiert somit eine genaue und konstante Extraktion.<br \/>\n\u00dcberdruck: W\u00e4hrend der Extraktion wird der Druck bis auf max. 15 Bar limitiert, um so bitteren Geschmacksaromen vorzubeugen.<\/p>\n<p><strong>Dreifaches Heizsystem:<\/strong><\/p>\n<ul>\n<li>Separater Dampfbeh\u00e4lter mit integriertem W\u00e4rmeaustausch f\u00fcr Temperaturstabilit\u00e4t<\/li>\n<li>Separater Espressobeh\u00e4lter mit digitaler PID Temperaturkontrolle<\/li>\n<li>Beheizte Br\u00fchgruppe: Eingebaute PID Kontrolle gew\u00e4hrlistet pr\u00e4zise Temperaturkontrolle.<\/li>\n<\/ul>\n<p><strong>Inklusive Zubeh\u00f6r:<\/strong><\/p>\n<ul>\n<li>Mini-M\u00fclleimer f\u00fcrs Mahlwerk<\/li>\n<li>58mm Edelstahl-Siebtr\u00e4ger<\/li>\n<li>1 Cup &amp; 2 Cup Korbfilter<\/li>\n<li>480mm Edelstahl-Milchkanne<\/li>\n<li>Milchaufsch\u00e4umer-Ersatzteile<\/li>\n<li>Reinigungsset<\/li>\n<li>Teststreifen f\u00fcr Wasserh\u00e4rte<\/li>\n<li>Wasserfilter inkl. Halter<\/li>\n<\/ul>\n<p><strong>Einstellungen:<\/strong><\/p>\n<ul>\n<li>Anpassbare Mahlwerk-Kontrolle<\/li>\n<li>Programmierbare Milchtemperatur und -textur<\/li>\n<li>Einfacher\/Doppelter Espresso<\/li>\n<li>Schwarzer Kaffee<\/li>\n<li>Hei\u00dfes Wasser<\/li>\n<\/ul>\n<p><strong>Nicht au\u00dferhalb Europas verkauft<\/strong><\/p>\n","protected":false},"excerpt":{"rendered":"<p><br data-mce-bogus=\"1\"><\/p>\n","protected":false},"featured_media":463155,"template":"","meta":{"_acf_changed":false,"inline_featured_image":false},"product_cat":[6733,6703,25361],"product_tag":[23564,11718],"acf":[],"yoast_head":"<!-- This site is optimized with the Yoast SEO Premium plugin v18.6 (Yoast SEO v19.13) - https:\/\/yoast.com\/wordpress\/plugins\/seo\/ -->\n<title>SAGE The Oracle Schwarzer Tr\u00fcffel - Erresse Shop<\/title>\n<meta name=\"robots\" content=\"index, follow, max-snippet:-1, max-image-preview:large, max-video-preview:-1\" \/>\n<link rel=\"canonical\" href=\"https:\/\/www.erresse-shop.it\/de\/shop\/kleine-elektrogeraete\/kaffeemaschinen-espresso\/automatisch\/sage-the-oracle-schwarzer-truffel\/\" \/>\n<meta property=\"og:locale\" content=\"de_DE\" \/>\n<meta property=\"og:type\" content=\"article\" \/>\n<meta property=\"og:title\" content=\"SAGE The Oracle Schwarzer Tr\u00fcffel\" \/>\n<meta property=\"og:url\" content=\"https:\/\/www.erresse-shop.it\/de\/shop\/kleine-elektrogeraete\/kaffeemaschinen-espresso\/automatisch\/sage-the-oracle-schwarzer-truffel\/\" \/>\n<meta property=\"og:site_name\" content=\"Erresse Shop\" \/>\n<meta property=\"article:modified_time\" content=\"2024-04-18T13:34:56+00:00\" \/>\n<meta property=\"og:image\" content=\"https:\/\/www.erresse-shop.it\/wp-content\/uploads\/2023\/02\/SAGE-The-Oracle-Tartufo-Nero.jpg\" \/>\n\t<meta property=\"og:image:width\" content=\"1200\" \/>\n\t<meta property=\"og:image:height\" content=\"1200\" \/>\n\t<meta property=\"og:image:type\" content=\"image\/jpeg\" \/>\n<meta name=\"twitter:card\" content=\"summary_large_image\" \/>\n<script type=\"application\/ld+json\" class=\"yoast-schema-graph\">{\"@context\":\"https:\/\/schema.org\",\"@graph\":[{\"@type\":\"WebPage\",\"@id\":\"https:\/\/www.erresse-shop.it\/de\/shop\/kleine-elektrogeraete\/kaffeemaschinen-espresso\/automatisch\/sage-the-oracle-schwarzer-truffel\/\",\"url\":\"https:\/\/www.erresse-shop.it\/de\/shop\/kleine-elektrogeraete\/kaffeemaschinen-espresso\/automatisch\/sage-the-oracle-schwarzer-truffel\/\",\"name\":\"SAGE The Oracle Schwarzer Tr\u00fcffel - Erresse Shop\",\"isPartOf\":{\"@id\":\"https:\/\/www.erresse-shop.it\/de\/#website\"},\"datePublished\":\"2023-02-27T10:03:50+00:00\",\"dateModified\":\"2024-04-18T13:34:56+00:00\",\"breadcrumb\":{\"@id\":\"https:\/\/www.erresse-shop.it\/de\/shop\/kleine-elektrogeraete\/kaffeemaschinen-espresso\/automatisch\/sage-the-oracle-schwarzer-truffel\/#breadcrumb\"},\"inLanguage\":\"de-DE\",\"potentialAction\":[{\"@type\":\"ReadAction\",\"target\":[\"https:\/\/www.erresse-shop.it\/de\/shop\/kleine-elektrogeraete\/kaffeemaschinen-espresso\/automatisch\/sage-the-oracle-schwarzer-truffel\/\"]}]},{\"@type\":\"BreadcrumbList\",\"@id\":\"https:\/\/www.erresse-shop.it\/de\/shop\/kleine-elektrogeraete\/kaffeemaschinen-espresso\/automatisch\/sage-the-oracle-schwarzer-truffel\/#breadcrumb\",\"itemListElement\":[{\"@type\":\"ListItem\",\"position\":1,\"name\":\"Home\",\"item\":\"https:\/\/www.erresse-shop.it\/de\/\"},{\"@type\":\"ListItem\",\"position\":2,\"name\":\"Shop\",\"item\":\"https:\/\/www.erresse-shop.it\/de\/shop\/\"},{\"@type\":\"ListItem\",\"position\":3,\"name\":\"SAGE The Oracle Schwarzer Tr\u00fcffel\"}]},{\"@type\":\"WebSite\",\"@id\":\"https:\/\/www.erresse-shop.it\/de\/#website\",\"url\":\"https:\/\/www.erresse-shop.it\/de\/\",\"name\":\"Erresse Shop\",\"description\":\"Articoli di qualit\u00e0 per la casa\",\"potentialAction\":[{\"@type\":\"SearchAction\",\"target\":{\"@type\":\"EntryPoint\",\"urlTemplate\":\"https:\/\/www.erresse-shop.it\/de\/?s={search_term_string}\"},\"query-input\":\"required name=search_term_string\"}],\"inLanguage\":\"de-DE\"}]}<\/script>\n<!-- \/ Yoast SEO Premium plugin. -->","yoast_head_json":{"title":"SAGE The Oracle Schwarzer Tr\u00fcffel - Erresse Shop","robots":{"index":"index","follow":"follow","max-snippet":"max-snippet:-1","max-image-preview":"max-image-preview:large","max-video-preview":"max-video-preview:-1"},"canonical":"https:\/\/www.erresse-shop.it\/de\/shop\/kleine-elektrogeraete\/kaffeemaschinen-espresso\/automatisch\/sage-the-oracle-schwarzer-truffel\/","og_locale":"de_DE","og_type":"article","og_title":"SAGE The Oracle Schwarzer Tr\u00fcffel","og_url":"https:\/\/www.erresse-shop.it\/de\/shop\/kleine-elektrogeraete\/kaffeemaschinen-espresso\/automatisch\/sage-the-oracle-schwarzer-truffel\/","og_site_name":"Erresse Shop","article_modified_time":"2024-04-18T13:34:56+00:00","og_image":[{"width":1200,"height":1200,"url":"https:\/\/www.erresse-shop.it\/wp-content\/uploads\/2023\/02\/SAGE-The-Oracle-Tartufo-Nero.jpg","type":"image\/jpeg"}],"twitter_card":"summary_large_image","schema":{"@context":"https:\/\/schema.org","@graph":[{"@type":"WebPage","@id":"https:\/\/www.erresse-shop.it\/de\/shop\/kleine-elektrogeraete\/kaffeemaschinen-espresso\/automatisch\/sage-the-oracle-schwarzer-truffel\/","url":"https:\/\/www.erresse-shop.it\/de\/shop\/kleine-elektrogeraete\/kaffeemaschinen-espresso\/automatisch\/sage-the-oracle-schwarzer-truffel\/","name":"SAGE The Oracle Schwarzer Tr\u00fcffel - Erresse Shop","isPartOf":{"@id":"https:\/\/www.erresse-shop.it\/de\/#website"},"datePublished":"2023-02-27T10:03:50+00:00","dateModified":"2024-04-18T13:34:56+00:00","breadcrumb":{"@id":"https:\/\/www.erresse-shop.it\/de\/shop\/kleine-elektrogeraete\/kaffeemaschinen-espresso\/automatisch\/sage-the-oracle-schwarzer-truffel\/#breadcrumb"},"inLanguage":"de-DE","potentialAction":[{"@type":"ReadAction","target":["https:\/\/www.erresse-shop.it\/de\/shop\/kleine-elektrogeraete\/kaffeemaschinen-espresso\/automatisch\/sage-the-oracle-schwarzer-truffel\/"]}]},{"@type":"BreadcrumbList","@id":"https:\/\/www.erresse-shop.it\/de\/shop\/kleine-elektrogeraete\/kaffeemaschinen-espresso\/automatisch\/sage-the-oracle-schwarzer-truffel\/#breadcrumb","itemListElement":[{"@type":"ListItem","position":1,"name":"Home","item":"https:\/\/www.erresse-shop.it\/de\/"},{"@type":"ListItem","position":2,"name":"Shop","item":"https:\/\/www.erresse-shop.it\/de\/shop\/"},{"@type":"ListItem","position":3,"name":"SAGE The Oracle Schwarzer Tr\u00fcffel"}]},{"@type":"WebSite","@id":"https:\/\/www.erresse-shop.it\/de\/#website","url":"https:\/\/www.erresse-shop.it\/de\/","name":"Erresse Shop","description":"Articoli di qualit\u00e0 per la casa","potentialAction":[{"@type":"SearchAction","target":{"@type":"EntryPoint","urlTemplate":"https:\/\/www.erresse-shop.it\/de\/?s={search_term_string}"},"query-input":"required name=search_term_string"}],"inLanguage":"de-DE"}]}},"df_price":1899,"df_sale_price":1899,"df_regular_price":2099.9,"df_image_link":"https:\/\/www.erresse-shop.it\/wp-content\/uploads\/2023\/02\/SAGE-The-Oracle-Tartufo-Nero-300x300.jpg","_links":{"self":[{"href":"https:\/\/www.erresse-shop.it\/de\/wp-json\/wp\/v2\/product\/243515"}],"collection":[{"href":"https:\/\/www.erresse-shop.it\/de\/wp-json\/wp\/v2\/product"}],"about":[{"href":"https:\/\/www.erresse-shop.it\/de\/wp-json\/wp\/v2\/types\/product"}],"wp:featuredmedia":[{"embeddable":true,"href":"https:\/\/www.erresse-shop.it\/de\/wp-json\/wp\/v2\/media\/463155"}],"wp:attachment":[{"href":"https:\/\/www.erresse-shop.it\/de\/wp-json\/wp\/v2\/media?parent=243515"}],"wp:term":[{"taxonomy":"product_cat","embeddable":true,"href":"https:\/\/www.erresse-shop.it\/de\/wp-json\/wp\/v2\/product_cat?post=243515"},{"taxonomy":"product_tag","embeddable":true,"href":"https:\/\/www.erresse-shop.it\/de\/wp-json\/wp\/v2\/product_tag?post=243515"}],"curies":[{"name":"wp","href":"https:\/\/api.w.org\/{rel}","templated":true}]}}